{"id":1383,"date":"2022-10-07T14:44:02","date_gmt":"2022-10-07T12:44:02","guid":{"rendered":"https:\/\/www.cbdohmax.fr\/product\/tutti-fruitti\/"},"modified":"2026-04-02T15:31:23","modified_gmt":"2026-04-02T13:31:23","slug":"tutti-fruitti","status":"publish","type":"product","link":"https:\/\/www.cbdohmax.fr\/?product=tutti-fruitti","title":{"rendered":"TUTTI FRUITTI"},"content":{"rendered":"<p><strong>Le CBD est reconnu pour ses vertus anti-stress, efficace contre l\u2019anxi\u00e9t\u00e9, am\u00e9liore la qualit\u00e9 du sommeil et anti-douleurs.<\/strong><\/p>\n<p>La Tutti Frutti poss\u00e8de de <strong>grosses Buds de fleurs tr\u00e8s compactes<\/strong> qui \u00e9mettent une odeur tr\u00e8s forte de fruits.<br \/>\nSi vous \u00eates un adepte des exp\u00e9riences fra\u00eeches et tropicales, alors vous ne serez pas d\u00e9\u00e7u du voyage !<\/p>\n<p>La Tutti Fruiti est une fleur<strong> cultiv\u00e9e en Indoor<\/strong>, avec <strong>un taux de CBD de 15%.<\/strong><br \/>\nLa fleur Tutti Fruiti fait partie des nouvelles fleurs haut de gamme \u00e0 0,3% de THC.<br \/>\n(Nouveau taux l\u00e9gal en France)<\/p>\n<p>Cette vari\u00e9t\u00e9 de CBD porte bien son nom gr\u00e2ce \u00e0 une combinaison de g\u00e9n\u00e9tique exceptionnelle lui apportant toute une palette des saveurs d\u00e9licates qui mettront en \u00e9veil les papilles.<br \/>\nEn effet, on lui pr\u00eate de puissants effets relaxants, qui permettent de soulager votre stress, vos douleurs ou tout simplement de trouver le sommeil lors de vos nuits agit\u00e9es.<\/p>\n<p>Conseil : consommez l\u00e0 en fin de journ\u00e9e pour pouvoir profiter des multiples bienfaits de cette fleur de CBD.<\/p>\n<p>La Tutti Fruitti CBD est une hybride puissante entre la famille des Sativa et des Indica.<br \/>\nCette fleur CBD plaira aux personnes recherchant une odeur forte et de caract\u00e8re.<\/p>\n<p>La vari\u00e9t\u00e9 Tutti Fruiti est <strong>une hybride issue d&#8217;un m\u00e9lange de Blue Haze, de Green Haze, de Thai Sativa, de Lowrider, de Haze et de Sour Diesel<\/strong>.<br \/>\nCe qui lui offre une plante <strong>hautement aromatique et stimulante<\/strong>.<\/p>\n<p>&nbsp;<\/p>\n<p><strong><a href=\"https:\/\/www.facebook.com\/cbd.oh.max\" target=\"_blank\" rel=\"noopener\">CBD OH MAX<\/a>\u00a0vous propose plusieurs m\u00e9thodes de consommation pour les fleurs et r\u00e9sines de CBD.<\/strong><\/p>\n<p><strong>Rappel<\/strong>\u00a0: Les fleurs et r\u00e9sines ne doivent en aucun cas \u00eatre fum\u00e9es. Risque important des pertes de terp\u00e8nes ainsi qu\u2019une perte de qualit\u00e9 du produit par cette effet de combustion (exemple : flamme d\u2019un briquet)<\/p>\n<p>Vous pourrez donc choisir entre les diff\u00e9rents modes de consommation cit\u00e9s ci-dessous.<\/p>\n<h4><a href=\"https:\/\/www.cbdohmax.fr\/?product_cat=thes-infusions-cbd\">En infusion :<\/a><\/h4>\n<p>Pour cela rien de plus simple !<br \/>\nIl vous suffit de vous pr\u00e9parer de l\u2019eau chaude, comme une tisane classique et y ajouter les fleurs de CBD (infus\u00e9 4 \u00e0 7 minutes) puis rajouter un corps gras comme du lait, de la cr\u00e8me, du beurre ou m\u00eame de l\u2019huile v\u00e9g\u00e9tale.<br \/>\nEn effet, n\u2019oublions pas que le CBD est une mol\u00e9cule lipophile et a de ce fait besoin d\u2019un corps gras pour lib\u00e9rer tous ses bienfaits.<br \/>\nL\u2019effet ressenti est : sur la dur\u00e9e.<\/p>\n<h4><a href=\"https:\/\/www.cbdohmax.fr\/?product_cat=vaporisateurs\">En vaporisation :<\/a><\/h4>\n<p>Si vous n\u2019\u00eates pas un adepte des infusions aux CBD, il existe une autre m\u00e9thode, la vaporisation.<br \/>\nUne autre solution pour b\u00e9n\u00e9ficier plus rapidement des effets de vos fleurs ou r\u00e9sines .<br \/>\nGr\u00e2ce \u00e0 ce vaporisateur, vous ne perdez pas de terp\u00e8nes ni la qualit\u00e9. Des ar\u00f4mes d\u2019un go\u00fbt exceptionnel.<br \/>\nC\u00f4t\u00e9 effets, la vaporisation permet de r\u00e9v\u00e9ler beaucoup plus rapidement (voire instantan\u00e9ment) les bienfaits des diff\u00e9rents cannabino\u00efdes composants les fleurs ou r\u00e9sines.<br \/>\nIl vous est conseill\u00e9 de r\u00e9gler votre vaporisateur \u00e0 180\u00b0C pour une fleur et jusqu\u2019\u00e0 210\u00b0C pour une r\u00e9sine.<\/p>\n<p>&nbsp;<\/p>\n<p>Des prix variables et d\u00e9gressifs \ud83d\udc4d<\/p>\n<p>Toutes les fleurs sont issues d\u2019une agriculture naturelle et respectent les normes en vigueur des pays membres de l\u2019Union Europ\u00e9enne. THC&lt;0,3%<\/p>\n","protected":false},"excerpt":{"rendered":"<p>TUTTI FRUITTI | 15% CBD | THC&lt;0,3%<\/p>\n<p>Le CBD est reconnu pour ses vertus anti-stress, efficace contre l\u2019anxi\u00e9t\u00e9, am\u00e9liore la qualit\u00e9 du sommeil et anti-douleurs.<\/p>\n<p>La Tutti Frutti poss\u00e8de de grosses Bud de fleurs tr\u00e8s compactes qui \u00e9mettent une odeur tr\u00e8s forte de fruits.<br \/>\nSi vous \u00eates un adepte des exp\u00e9riences fra\u00eeches et tropicales, alors vous ne serez pas d\u00e9\u00e7u du voyage !<\/p>\n<h3><strong><img decoding=\"async\" class=\"emoji\" role=\"img\" draggable=\"false\" src=\"https:\/\/s.w.org\/images\/core\/emoji\/17.0.2\/svg\/1f340.svg\" alt=\"\ud83c\udf40\" \/>\u00a0PROMOTIONS\u00a0<img decoding=\"async\" class=\"emoji\" role=\"img\" draggable=\"false\" src=\"https:\/\/s.w.org\/images\/core\/emoji\/17.0.2\/svg\/1f340.svg\" alt=\"\ud83c\udf40\" \/><\/strong><\/h3>\n<p><strong><img decoding=\"async\" class=\"emoji\" role=\"img\" draggable=\"false\" src=\"https:\/\/s.w.org\/images\/core\/emoji\/17.0.2\/svg\/1f340.svg\" alt=\"\ud83c\udf40\" \/>\u00a0SPECIAL OH MAX\u00a0<img decoding=\"async\" class=\"emoji\" role=\"img\" draggable=\"false\" src=\"https:\/\/s.w.org\/images\/core\/emoji\/17.0.2\/svg\/1f340.svg\" alt=\"\ud83c\udf40\" \/><\/strong><\/p>\n<p><strong>DISPONIBLES DE 1 Gr \u00c0 100 Gr<\/strong><\/p>\n","protected":false},"featured_media":4401,"comment_status":"open","ping_status":"closed","template":"","meta":{"om_disable_all_campaigns":false,"_monsterinsights_skip_tracking":false,"_monsterinsights_sitenote_active":false,"_monsterinsights_sitenote_note":"","_monsterinsights_sitenote_category":0},"product_brand":[],"product_cat":[128,17,73,134,163],"product_tag":[],"class_list":{"0":"post-1383","1":"product","2":"type-product","3":"status-publish","4":"has-post-thumbnail","6":"product_cat-cbd","7":"product_cat-fleurs-cbd","8":"product_cat-fleurs-interieures","9":"product_cat-promos","10":"product_cat-special-noel-oh-max","11":"product_shipping_class-envoisuivi","13":"first","14":"instock","15":"sale","16":"shipping-taxable","17":"purchasable","18":"product-type-variable","19":"has-default-attributes","20":"add-to-wishlist-before_add_to_cart"},"_links":{"self":[{"href":"https:\/\/www.cbdohmax.fr\/index.php?rest_route=\/wp\/v2\/product\/1383","targetHints":{"allow":["GET"]}}],"collection":[{"href":"https:\/\/www.cbdohmax.fr\/index.php?rest_route=\/wp\/v2\/product"}],"about":[{"href":"https:\/\/www.cbdohmax.fr\/index.php?rest_route=\/wp\/v2\/types\/product"}],"replies":[{"embeddable":true,"href":"https:\/\/www.cbdohmax.fr\/index.php?rest_route=%2Fwp%2Fv2%2Fcomments&post=1383"}],"wp:featuredmedia":[{"embeddable":true,"href":"https:\/\/www.cbdohmax.fr\/index.php?rest_route=\/wp\/v2\/media\/4401"}],"wp:attachment":[{"href":"https:\/\/www.cbdohmax.fr\/index.php?rest_route=%2Fwp%2Fv2%2Fmedia&parent=1383"}],"wp:term":[{"taxonomy":"product_brand","embeddable":true,"href":"https:\/\/www.cbdohmax.fr\/index.php?rest_route=%2Fwp%2Fv2%2Fproduct_brand&post=1383"},{"taxonomy":"product_cat","embeddable":true,"href":"https:\/\/www.cbdohmax.fr\/index.php?rest_route=%2Fwp%2Fv2%2Fproduct_cat&post=1383"},{"taxonomy":"product_tag","embeddable":true,"href":"https:\/\/www.cbdohmax.fr\/index.php?rest_route=%2Fwp%2Fv2%2Fproduct_tag&post=1383"}],"curies":[{"name":"wp","href":"https:\/\/api.w.org\/{rel}","templated":true}]}}