{"id":1596,"date":"2022-10-08T11:21:33","date_gmt":"2022-10-08T09:21:33","guid":{"rendered":"https:\/\/www.cbdohmax.fr\/product\/trim-0-3\/"},"modified":"2026-04-02T14:26:32","modified_gmt":"2026-04-02T12:26:32","slug":"trim-0-3","status":"publish","type":"product","link":"https:\/\/www.cbdohmax.fr\/?product=trim-0-3","title":{"rendered":"TRIM PREMIUM THC < 0,3 %"},"content":{"rendered":"<p><strong>Une TRIM PREMIUM THC&lt;0,3%<\/strong><br \/>\nLa Trim provient du taillage des fleurs s\u00e9ch\u00e9es de chanvre et se compose de petites feuilles, de <strong>cristaux<\/strong>, mais surtout de filaments et de trichomes.<br \/>\nLe tout est r\u00e9cup\u00e9r\u00e9 puis pass\u00e9 dans une broyeuse afin d\u2019obtenir la TRIM.<\/p>\n<p><strong>La TRIM PREMIUM + (ou THC&lt;0,3%) = Trim broy\u00e9e + fond de pot + petites t\u00eates<\/strong><br \/>\n<strong>Taux variables entre 9% &amp; 35% CBD<\/strong><\/p>\n<p>Elle offre une multitude de vari\u00e9t\u00e9s de parfums ( Fleurs CBD aux taux de THC en dessous 0,3 % )<br \/>\nLe CBD est connu pour ses vertus anti-stress, aide \u00e0 r\u00e9duire l&#8217;anxi\u00e9t\u00e9, am\u00e9liore la qualit\u00e9 du sommeil et anti-douleurs.<\/p>\n<p>&nbsp;<\/p>\n<p><a href=\"https:\/\/www.facebook.com\/cbd.oh.max\/\" target=\"_blank\" rel=\"noopener\">CBD OH MAX<\/a>\u00a0vous propose plusieurs m\u00e9thodes de consommations pour les fleurs et r\u00e9sines de CBD.<\/p>\n<p>Rappel : Les fleurs et r\u00e9sines ne doivent en aucun cas \u00eatre fum\u00e9es. Risque important des pertes de terp\u00e8nes ainsi qu\u2019une perte de qualit\u00e9 du produit par cette effet de combustion (exemple : flamme d\u2019un briquet)<\/p>\n<p>Vous pourrez donc choisir entre les diff\u00e9rents modes de consommation cit\u00e9s ci-dessous.<\/p>\n<p>&nbsp;<\/p>\n<p><a href=\"https:\/\/www.cbdohmax.fr\/?product_cat=thes-infusions-cbd\"><strong>En infusion :<\/strong><\/a><\/p>\n<p>Pour cela rien de plus simple !<br \/>\nIl vous suffit de vous pr\u00e9parer de l\u2019eau chaude, comme une tisane classique et y ajouter les fleurs de CBD (infus\u00e9 4 \u00e0 7 minutes) puis rajouter un corps gras comme du lait, de la cr\u00e8me, du beurre ou m\u00eame de l\u2019huile v\u00e9g\u00e9tale.<\/p>\n<p>En effet, n\u2019oublions pas que le CBD est une mol\u00e9cule lipophile et a de ce fait besoin d\u2019un corps gras pour lib\u00e9rer tous ses bienfaits.<\/p>\n<p>L\u2019effet ressenti est : sur la dur\u00e9e.<\/p>\n<p>&nbsp;<\/p>\n<p><a href=\"https:\/\/www.cbdohmax.fr\/?product_cat=vape-cbd\"><strong>En vaporisation :<\/strong><\/a><\/p>\n<p>Si vous n\u2019\u00eates pas un adepte des infusions aux CBD, il existe une autre m\u00e9thode, la vaporisation.<\/p>\n<p>Une autre solution pour b\u00e9n\u00e9ficier plus rapidement des effets de vos fleurs ou r\u00e9sines .<\/p>\n<p>Gr\u00e2ce \u00e0 ce vaporisateur, vous ne perdez pas de terp\u00e8nes ni la qualit\u00e9 des ar\u00f4mes.<\/p>\n<p>Un go\u00fbt exceptionnel.<\/p>\n<p>C\u00f4t\u00e9 effets, la vaporisation permet de r\u00e9v\u00e9ler beaucoup plus rapidement (voire instantan\u00e9ment) les bienfaits des diff\u00e9rents cannabino\u00efdes composants les fleurs ou r\u00e9sines.<\/p>\n<p>Il vous est conseill\u00e9 de r\u00e9gler votre vaporisateur \u00e0 180\u00b0C pour une fleur et jusqu\u2019\u00e0 210\u00b0C pour une r\u00e9sine.<\/p>\n<p>&nbsp;<\/p>\n<p>&nbsp;<\/p>\n<p><em>Des prix variables et d\u00e9gressifs \ud83d\udc4d<\/em><\/p>\n<p>&nbsp;<\/p>\n<p>Toutes les fleurs sont issues d\u2019une agriculture naturelle et respectent les normes en vigueur des pays membres de l\u2019Union Europ\u00e9enne. THC&lt;0,3%<\/p>\n","protected":false},"excerpt":{"rendered":"<p>Une TRIM PREMIUM THC&lt;0,3%<br \/>\nLa Trim provient du taillage des fleurs s\u00e9ch\u00e9es de chanvre et se compose de petites feuilles, de cristaux, mais surtout de filaments et de trichomes.<\/p>\n<p>&nbsp;<\/p>\n<h3 style=\"text-align: center;\"><strong>\ud83c\udf40 PROMOTIONS \ud83c\udf40<\/strong><\/h3>\n<p>&nbsp;<\/p>\n<p style=\"text-align: center;\"><strong>\ud83c\udf40 SPECIAL OH MAX \ud83c\udf40<\/strong><\/p>\n<p style=\"text-align: center;\"><strong>DISPONIBLES DE 1 Gr \u00c0 25 Gr<\/strong><\/p>\n<p>&nbsp;<\/p>\n<p style=\"text-align: center;\"><strong>\ud83c\udf40 GROS VOLUMES \ud83c\udf40<\/strong><\/p>\n<p style=\"text-align: center;\"><strong>DISPONIBLES EN\u00a0 50 Gr \u2013 100 Gr \u2013 250 Gr<\/strong><\/p>\n<p style=\"text-align: center;\"><strong>\u00c0 PARTIR DE 0,80 \u20ac \/ Gr<\/strong><\/p>\n","protected":false},"featured_media":2811,"comment_status":"open","ping_status":"closed","template":"","meta":{"om_disable_all_campaigns":false,"_monsterinsights_skip_tracking":false,"_monsterinsights_sitenote_active":false,"_monsterinsights_sitenote_note":"","_monsterinsights_sitenote_category":0},"product_brand":[],"product_cat":[128,17,93,134],"product_tag":[],"class_list":{"0":"post-1596","1":"product","2":"type-product","3":"status-publish","4":"has-post-thumbnail","6":"product_cat-cbd","7":"product_cat-fleurs-cbd","8":"product_cat-fleurs-trim","9":"product_cat-promos","11":"first","12":"instock","13":"sale","14":"shipping-taxable","15":"purchasable","16":"product-type-variable","17":"has-default-attributes","18":"add-to-wishlist-before_add_to_cart"},"_links":{"self":[{"href":"https:\/\/www.cbdohmax.fr\/index.php?rest_route=\/wp\/v2\/product\/1596","targetHints":{"allow":["GET"]}}],"collection":[{"href":"https:\/\/www.cbdohmax.fr\/index.php?rest_route=\/wp\/v2\/product"}],"about":[{"href":"https:\/\/www.cbdohmax.fr\/index.php?rest_route=\/wp\/v2\/types\/product"}],"replies":[{"embeddable":true,"href":"https:\/\/www.cbdohmax.fr\/index.php?rest_route=%2Fwp%2Fv2%2Fcomments&post=1596"}],"wp:featuredmedia":[{"embeddable":true,"href":"https:\/\/www.cbdohmax.fr\/index.php?rest_route=\/wp\/v2\/media\/2811"}],"wp:attachment":[{"href":"https:\/\/www.cbdohmax.fr\/index.php?rest_route=%2Fwp%2Fv2%2Fmedia&parent=1596"}],"wp:term":[{"taxonomy":"product_brand","embeddable":true,"href":"https:\/\/www.cbdohmax.fr\/index.php?rest_route=%2Fwp%2Fv2%2Fproduct_brand&post=1596"},{"taxonomy":"product_cat","embeddable":true,"href":"https:\/\/www.cbdohmax.fr\/index.php?rest_route=%2Fwp%2Fv2%2Fproduct_cat&post=1596"},{"taxonomy":"product_tag","embeddable":true,"href":"https:\/\/www.cbdohmax.fr\/index.php?rest_route=%2Fwp%2Fv2%2Fproduct_tag&post=1596"}],"curies":[{"name":"wp","href":"https:\/\/api.w.org\/{rel}","templated":true}]}}