{"id":1680,"date":"2022-10-08T13:54:48","date_gmt":"2022-10-08T11:54:48","guid":{"rendered":"https:\/\/www.cbdohmax.fr\/product\/hash-90-%ce%bcm\/"},"modified":"2024-11-24T21:29:47","modified_gmt":"2024-11-24T20:29:47","slug":"hash-90-%ce%bcm","status":"publish","type":"product","link":"https:\/\/www.cbdohmax.fr\/?product=hash-90-%ce%bcm","title":{"rendered":"R\u00c9SINE &#8211; HASH 90 \u00b5m 50% CBD"},"content":{"rendered":"<p><strong>D\u00e9couvrez le Hash filtr\u00e9 \u00e0 50% de CBD<\/strong><br \/>\n<em>Une extraction naturelle, et fabriqu\u00e9 en Savoie.<\/em><\/p>\n<p>Le hasch filtr\u00e9 r\u00e9sulte d\u2019une <strong>technique d\u2019extraction sans solvant \u00e0 sec<\/strong> et permet d\u2019obtenir un hash extr\u00eamement pur et aromatis\u00e9.<br \/>\nLa technique de l\u2019extraction filtr\u00e9e sert donc \u00e0 ne r\u00e9cup\u00e9rer que le meilleur de la r\u00e9sine, et obtenir un hash tr\u00e8s savoureux.<\/p>\n<p>La r\u00e9sine doit \u00eatre <strong>filtr\u00e9e gr\u00e2ce \u00e0 un tamis au maillage de 90 microns (\u03bcm)<\/strong>.<br \/>\nOn parle d\u2019un filtrage \u00e0 sec.<br \/>\nLa taille du microns d\u00e9finira la qualit\u00e9 de votre hash.<br \/>\n<strong>Plus, la taille du maillage est fin, plus la r\u00e9sine sera de meilleure qualit\u00e9.<\/strong><\/p>\n<p>En utilisant un sac d\u2019extraction de 90 microns, on isole les trichomes de r\u00e9sines.<br \/>\nCes trichomes seront ensuite press\u00e9s \u00e0 chaud, afin de cr\u00e9er une p\u00e2te r\u00e9sineuse, bien compacte et polleneuse.<\/p>\n<p>Une fois cette r\u00e9sine form\u00e9e et press\u00e9e, nous la conservons un mois \u00e0 temp\u00e9rature ambiante ce qui lui permettra d\u2019accentuer ses effets et ses ar\u00f4mes.<br \/>\n<strong>Une fois le curage du hash termin\u00e9, on obtient une r\u00e9sine assez dure et poudreuse, bien odorante, terreuse et fruit\u00e9e.<\/strong><\/p>\n<p>&nbsp;<\/p>\n<p>Conserver votre hash \u00e0 l\u2019abri de la lumi\u00e8re, et de pr\u00e9f\u00e9rence dans un endroit frais.<\/p>\n<p>&nbsp;<\/p>\n<p><a href=\"https:\/\/www.cbdohmax.fr\/?product=hash-90-%c2%b5m-50-cbg\"><strong>DISPONIBLE EN HASH 90\u00b5m 50% CBG<\/strong><\/a><\/p>\n<p>&nbsp;<\/p>\n<p><strong><a href=\"https:\/\/www.facebook.com\/cbd.oh.max\" target=\"_blank\" rel=\"noopener\">CBD OH MAX<\/a>\u00a0vous propose plusieurs m\u00e9thodes de consommation pour les fleurs et r\u00e9sines de CBD.<\/strong><\/p>\n<p><strong>Rappel<\/strong>\u00a0: Les fleurs et r\u00e9sines ne doivent en aucun cas \u00eatre fum\u00e9es. Risque important des pertes de terp\u00e8nes ainsi qu\u2019une perte de qualit\u00e9 du produit par cette effet de combustion (exemple : flamme d\u2019un briquet)<\/p>\n<p>Vous pourrez donc choisir entre les diff\u00e9rents modes de consommation cit\u00e9s ci-dessous.<\/p>\n<p><strong><a href=\"https:\/\/www.cbdohmax.fr\/?product_cat=thes-infusions-cbd\">En infusion :<\/a><\/strong><\/p>\n<p>Pour cela rien de plus simple !<br \/>\nIl vous suffit de vous pr\u00e9parer de l\u2019eau chaude, comme une tisane classique et y ajouter les fleurs de CBD (infus\u00e9 4 \u00e0 7 minutes) puis rajouter un corps gras comme du lait, de la cr\u00e8me, du beurre ou m\u00eame de l\u2019huile v\u00e9g\u00e9tale.<br \/>\nEn effet, n\u2019oublions pas que le CBD est une mol\u00e9cule lipophile et a de ce fait besoin d\u2019un corps gras pour lib\u00e9rer tous ses bienfaits.<br \/>\nL\u2019effet ressenti est : sur la dur\u00e9e.<\/p>\n<p><strong><a href=\"https:\/\/www.cbdohmax.fr\/?product_cat=vaporisateurs\">En vaporisation :<\/a><\/strong><\/p>\n<p>Si vous n\u2019\u00eates pas un adepte des infusions aux CBD, il existe une autre m\u00e9thode, la vaporisation.<br \/>\nUne autre solution pour b\u00e9n\u00e9ficier plus rapidement des effets de vos fleurs ou r\u00e9sines .<br \/>\nGr\u00e2ce \u00e0 ce vaporisateur, vous ne perdez pas de terp\u00e8nes ni la qualit\u00e9. Des ar\u00f4mes d\u2019un go\u00fbt exceptionnel.<br \/>\nC\u00f4t\u00e9 effets, la vaporisation permet de r\u00e9v\u00e9ler beaucoup plus rapidement (voire instantan\u00e9ment) les bienfaits des diff\u00e9rents cannabino\u00efdes composants les fleurs ou r\u00e9sines.<br \/>\nIl vous est conseill\u00e9 de r\u00e9gler votre vaporisateur \u00e0 180\u00b0C pour une fleur et jusqu\u2019\u00e0 210\u00b0C pour une r\u00e9sine.<\/p>\n<p>&nbsp;<\/p>\n<p>Des prix variables et d\u00e9gressifs \ud83d\udc4d<\/p>\n<p>&nbsp;<\/p>\n<p>Toutes les fleurs sont issues d\u2019une agriculture naturelle et respectent les normes en vigueur des pays membres de l\u2019Union Europ\u00e9enne. THC&lt;0,3%<\/p>\n","protected":false},"excerpt":{"rendered":"<div class=\"xdj266r x11i5rnm xat24cr x1mh8g0r x1vvkbs x126k92a\">\n<div dir=\"auto\"><strong>D\u00e9couvrez le Hash filtr\u00e9 \u00e0 50% de CBD<\/strong><\/div>\n<\/div>\n<div class=\"x11i5rnm xat24cr x1mh8g0r x1vvkbs xtlvy1s x126k92a\">\n<div dir=\"auto\">Une extraction naturelle, et fabriqu\u00e9 en Savoie.<\/div>\n<div dir=\"auto\"><\/div>\n<\/div>\n<div class=\"x11i5rnm xat24cr x1mh8g0r x1vvkbs xtlvy1s x126k92a\">\n<div dir=\"auto\">Le hasch filtr\u00e9 r\u00e9sulte d\u2019une <strong>technique d\u2019extraction sans solvant \u00e0 sec<\/strong> et permet d\u2019obtenir un hash extr\u00eamement pur et aromatis\u00e9.<\/div>\n<\/div>\n<div dir=\"auto\"><\/div>\n<div dir=\"auto\">\n<p><a href=\"https:\/\/www.cbdohmax.fr\/?product=hash-90-%c2%b5m-50-cbg\"><strong>DISPONIBLE EN HASH 90\u00b5m 50% CBG<\/strong><\/a><\/p>\n<\/div>\n","protected":false},"featured_media":1173,"comment_status":"open","ping_status":"closed","template":"","meta":{"om_disable_all_campaigns":false,"_monsterinsights_skip_tracking":false,"_monsterinsights_sitenote_active":false,"_monsterinsights_sitenote_note":"","_monsterinsights_sitenote_category":0},"product_brand":[],"product_cat":[128,19],"product_tag":[],"class_list":{"0":"post-1680","1":"product","2":"type-product","3":"status-publish","4":"has-post-thumbnail","6":"product_cat-cbd","7":"product_cat-resines-cbd","8":"product_shipping_class-envoisuivi","10":"first","11":"instock","12":"shipping-taxable","13":"purchasable","14":"product-type-variable","15":"has-default-attributes","16":"add-to-wishlist-before_add_to_cart"},"_links":{"self":[{"href":"https:\/\/www.cbdohmax.fr\/index.php?rest_route=\/wp\/v2\/product\/1680","targetHints":{"allow":["GET"]}}],"collection":[{"href":"https:\/\/www.cbdohmax.fr\/index.php?rest_route=\/wp\/v2\/product"}],"about":[{"href":"https:\/\/www.cbdohmax.fr\/index.php?rest_route=\/wp\/v2\/types\/product"}],"replies":[{"embeddable":true,"href":"https:\/\/www.cbdohmax.fr\/index.php?rest_route=%2Fwp%2Fv2%2Fcomments&post=1680"}],"wp:featuredmedia":[{"embeddable":true,"href":"https:\/\/www.cbdohmax.fr\/index.php?rest_route=\/wp\/v2\/media\/1173"}],"wp:attachment":[{"href":"https:\/\/www.cbdohmax.fr\/index.php?rest_route=%2Fwp%2Fv2%2Fmedia&parent=1680"}],"wp:term":[{"taxonomy":"product_brand","embeddable":true,"href":"https:\/\/www.cbdohmax.fr\/index.php?rest_route=%2Fwp%2Fv2%2Fproduct_brand&post=1680"},{"taxonomy":"product_cat","embeddable":true,"href":"https:\/\/www.cbdohmax.fr\/index.php?rest_route=%2Fwp%2Fv2%2Fproduct_cat&post=1680"},{"taxonomy":"product_tag","embeddable":true,"href":"https:\/\/www.cbdohmax.fr\/index.php?rest_route=%2Fwp%2Fv2%2Fproduct_tag&post=1680"}],"curies":[{"name":"wp","href":"https:\/\/api.w.org\/{rel}","templated":true}]}}