{"id":1895,"date":"2022-10-09T09:48:43","date_gmt":"2022-10-09T07:48:43","guid":{"rendered":"https:\/\/www.cbdohmax.fr\/?post_type=product&#038;p=1895"},"modified":"2024-04-01T12:33:35","modified_gmt":"2024-04-01T10:33:35","slug":"pack-decouverte-thc","status":"publish","type":"product","link":"https:\/\/www.cbdohmax.fr\/?product=pack-decouverte-thc","title":{"rendered":"PACK D\u00c9COUVERTE HYDRO"},"content":{"rendered":"<p>Un pack d\u00e9couverte fleurs sp\u00e9ciales <a href=\"https:\/\/www.cbdohmax.fr\/?product_cat=fleurs-hydro\" target=\"_blank\" rel=\"noopener\">HYDRO<\/a><\/p>\n<p>Un gramme de chaque fleur ! Le haut du panier<\/p>\n<p>Si vous souhaitez d\u00e9guster et comparer diff\u00e9rentes vari\u00e9t\u00e9s de fleurs CBD.<br \/>\nLe pack baptis\u00e9 <strong>HYDRO<\/strong> regroupe des fleurs de qualit\u00e9, chacune avec un caract\u00e8re diff\u00e9rent et des vertus compl\u00e9mentaires.<\/p>\n<p>&#8211; <a href=\"https:\/\/www.cbdohmax.fr\/?product=amnesia-hydro\" target=\"_blank\" rel=\"noopener\">AMN\u00c9SIA HAZE 20% CBD<\/a><br \/>\n&#8211; <a href=\"https:\/\/www.cbdohmax.fr\/?product=lemon-candy-kush\" target=\"_blank\" rel=\"noopener\">LEMON CANDY KUSH 20% CBD<\/a><br \/>\n&#8211; <a href=\"https:\/\/www.cbdohmax.fr\/?product=blue-dream-hydro\" target=\"_blank\" rel=\"noopener\">BLUE DREAM 20% CBD<\/a><br \/>\n&#8211; <a href=\"https:\/\/www.cbdohmax.fr\/?product=white-widow-hydro\" target=\"_blank\" rel=\"noopener\">WHITE WIDOW 20% CBD<\/a><br \/>\n&#8211; <a href=\"https:\/\/www.cbdohmax.fr\/?product=blueberry-2\" target=\"_blank\" rel=\"noopener\">BLUEBERRY 20% CBD<\/a><\/p>\n<p>45\u20ac AU LIEU DE 50\u20ac<\/p>\n<p>&nbsp;<\/p>\n<p><strong>Mode de consommation du pack d\u00e9couverte HYDRO<\/strong><\/p>\n<p><strong><a href=\"https:\/\/www.facebook.com\/cbd.oh.max\" target=\"_blank\" rel=\"noopener\">CBD OH MAX<\/a>\u00a0vous propose plusieurs m\u00e9thodes de consommation pour les fleurs et r\u00e9sines de CBD.<\/strong><\/p>\n<p><strong>Rappel<\/strong>\u00a0: Les fleurs et r\u00e9sines ne doivent en aucun cas \u00eatre fum\u00e9es. Risque important des pertes de terp\u00e8nes ainsi qu\u2019une perte de qualit\u00e9 du produit par cette effet de combustion (exemple : flamme d\u2019un briquet)<\/p>\n<p>Vous pourrez donc choisir entre les diff\u00e9rents modes de consommation cit\u00e9s ci-dessous.<\/p>\n<h4><a href=\"https:\/\/www.cbdohmax.fr\/?product_cat=thes-infusions-cbd\">En infusion :<\/a><\/h4>\n<p>Pour cela rien de plus simple !<br \/>\nIl vous suffit de vous pr\u00e9parer de l\u2019eau chaude, comme une tisane classique et y ajouter les fleurs de CBD (infus\u00e9 4 \u00e0 7 minutes) puis rajouter un corps gras comme du lait, de la cr\u00e8me, du beurre ou m\u00eame de l\u2019huile v\u00e9g\u00e9tale.<br \/>\nEn effet, n\u2019oublions pas que le CBD est une mol\u00e9cule lipophile et a de ce fait besoin d\u2019un corps gras pour lib\u00e9rer tous ses bienfaits.<br \/>\nL\u2019effet ressenti est : sur la dur\u00e9e.<\/p>\n<h4><a href=\"https:\/\/www.cbdohmax.fr\/?product_cat=vaporisateurs\">En vaporisation :<\/a><\/h4>\n<p>Si vous n\u2019\u00eates pas un adepte des infusions aux CBD, il existe une autre m\u00e9thode, la vaporisation.<br \/>\nUne autre solution pour b\u00e9n\u00e9ficier plus rapidement des effets de vos fleurs ou r\u00e9sines .<br \/>\nGr\u00e2ce \u00e0 ce vaporisateur, vous ne perdez pas de terp\u00e8nes ni la qualit\u00e9. Des ar\u00f4mes d\u2019un go\u00fbt exceptionnel.<br \/>\nC\u00f4t\u00e9 effets, la vaporisation permet de r\u00e9v\u00e9ler beaucoup plus rapidement (voire instantan\u00e9ment) les bienfaits des diff\u00e9rents cannabino\u00efdes composants les fleurs ou r\u00e9sines.<br \/>\nIl vous est conseill\u00e9 de r\u00e9gler votre vaporisateur \u00e0 180\u00b0C pour une fleur et jusqu\u2019\u00e0 210\u00b0C pour une r\u00e9sine.<\/p>\n<p>&nbsp;<\/p>\n<p>Des prix variables et d\u00e9gressifs \ud83d\udc4d<\/p>\n<p>&nbsp;<\/p>\n<p>Toutes les fleurs sont issues d\u2019une agriculture naturelle et respectent les normes en vigueur des pays membres de l\u2019Union Europ\u00e9enne. THC&lt;0,3%<\/p>\n","protected":false},"excerpt":{"rendered":"<p>Un gramme de chaque fleur ! Le haut du panier<\/p>\n<p>&#8211; <a href=\"https:\/\/www.cbdohmax.fr\/?product=amnesia-hydro\" target=\"_blank\" rel=\"noopener\">AMN\u00c9SIA HAZE 20% CBD<\/a><br \/>\n&#8211; <a href=\"https:\/\/www.cbdohmax.fr\/?product=lemon-candy-kush\" target=\"_blank\" rel=\"noopener\">LEMON CANDY KUSH 20% CBD<\/a><br \/>\n&#8211; <a href=\"https:\/\/www.cbdohmax.fr\/?product=blue-dream-hydro\" target=\"_blank\" rel=\"noopener\">BLUE DREAM 20% CBD<\/a><br \/>\n&#8211; <a href=\"https:\/\/www.cbdohmax.fr\/?product=white-widow-hydro\" target=\"_blank\" rel=\"noopener\">WHITE WIDOW 20% CBD<\/a><br \/>\n&#8211; <a href=\"https:\/\/www.cbdohmax.fr\/?product=blueberry-2\" target=\"_blank\" rel=\"noopener\">BLUEBERRY 20% CBD<\/a><\/p>\n<p>45\u20ac AU LIEU DE 50\u20ac<\/p>\n","protected":false},"featured_media":4449,"comment_status":"open","ping_status":"closed","template":"","meta":{"om_disable_all_campaigns":false,"_monsterinsights_skip_tracking":false,"_monsterinsights_sitenote_active":false,"_monsterinsights_sitenote_note":"","_monsterinsights_sitenote_category":0},"product_brand":[],"product_cat":[76,128,17,112],"product_tag":[],"class_list":{"0":"post-1895","1":"product","2":"type-product","3":"status-publish","4":"has-post-thumbnail","6":"product_cat-pack-decouverte","7":"product_cat-cbd","8":"product_cat-fleurs-cbd","9":"product_cat-fleurs-hydro","11":"first","12":"instock","13":"shipping-taxable","14":"purchasable","15":"product-type-simple","16":"add-to-wishlist-before_add_to_cart"},"_links":{"self":[{"href":"https:\/\/www.cbdohmax.fr\/index.php?rest_route=\/wp\/v2\/product\/1895","targetHints":{"allow":["GET"]}}],"collection":[{"href":"https:\/\/www.cbdohmax.fr\/index.php?rest_route=\/wp\/v2\/product"}],"about":[{"href":"https:\/\/www.cbdohmax.fr\/index.php?rest_route=\/wp\/v2\/types\/product"}],"replies":[{"embeddable":true,"href":"https:\/\/www.cbdohmax.fr\/index.php?rest_route=%2Fwp%2Fv2%2Fcomments&post=1895"}],"wp:featuredmedia":[{"embeddable":true,"href":"https:\/\/www.cbdohmax.fr\/index.php?rest_route=\/wp\/v2\/media\/4449"}],"wp:attachment":[{"href":"https:\/\/www.cbdohmax.fr\/index.php?rest_route=%2Fwp%2Fv2%2Fmedia&parent=1895"}],"wp:term":[{"taxonomy":"product_brand","embeddable":true,"href":"https:\/\/www.cbdohmax.fr\/index.php?rest_route=%2Fwp%2Fv2%2Fproduct_brand&post=1895"},{"taxonomy":"product_cat","embeddable":true,"href":"https:\/\/www.cbdohmax.fr\/index.php?rest_route=%2Fwp%2Fv2%2Fproduct_cat&post=1895"},{"taxonomy":"product_tag","embeddable":true,"href":"https:\/\/www.cbdohmax.fr\/index.php?rest_route=%2Fwp%2Fv2%2Fproduct_tag&post=1895"}],"curies":[{"name":"wp","href":"https:\/\/api.w.org\/{rel}","templated":true}]}}