{"id":2065,"date":"2022-10-09T17:53:20","date_gmt":"2022-10-09T15:53:20","guid":{"rendered":"https:\/\/www.cbdohmax.fr\/?post_type=product&#038;p=2065"},"modified":"2025-11-14T19:15:59","modified_gmt":"2025-11-14T18:15:59","slug":"parfum-femme","status":"publish","type":"product","link":"https:\/\/www.cbdohmax.fr\/?product=parfum-femme","title":{"rendered":"PARFUM FEMME AU CHANVRE"},"content":{"rendered":"<p>Mesdames, venez d\u00e9couvrir le parfum \u00e0 base de chanvre sp\u00e9cialement con\u00e7u pour vous !<\/p>\n<div class=\"x11i5rnm xat24cr x1mh8g0r x1vvkbs xtlvy1s x126k92a\">\n<div dir=\"auto\">Ce parfum f\u00e9minin se distingue par un <strong>ar\u00f4me floral avec des notes de chanvre<\/strong>.<\/div>\n<\/div>\n<div class=\"x11i5rnm xat24cr x1mh8g0r x1vvkbs xtlvy1s x126k92a\">\n<div dir=\"auto\">Avec ses d\u00e9licieuses senteurs, ce parfum permet d&#8217;impr\u00e9gner un v\u00eatement de son odeur <strong>pendant plusieurs heures<\/strong> et ne laissera sans aucun doute personne \u00eatre indiff\u00e9rent \u00e0 ses effluves.<\/div>\n<div dir=\"auto\"><\/div>\n<\/div>\n<div class=\"x11i5rnm xat24cr x1mh8g0r x1vvkbs xtlvy1s x126k92a\">\n<div dir=\"auto\">Il est un excellent choix personnel et est id\u00e9al pour un cadeau !<\/div>\n<div dir=\"auto\"><\/div>\n<\/div>\n<div class=\"x11i5rnm xat24cr x1mh8g0r x1vvkbs xtlvy1s x126k92a\">\n<div dir=\"auto\"><strong>Composition :<\/strong><\/div>\n<div dir=\"auto\">Le parfum India se compose d&#8217;un m\u00e9lange complexe et original de senteurs florales, sur une base <strong>tr\u00e8s aromatique d&#8217;essence de patchouli et de musc<\/strong> marqu\u00e9.<\/div>\n<div dir=\"auto\"><\/div>\n<\/div>\n<div class=\"x11i5rnm xat24cr x1mh8g0r x1vvkbs xtlvy1s x126k92a\">\n<div dir=\"auto\">Vous retrouverez donc les senteurs suivantes :<\/div>\n<div dir=\"auto\">&#8211; Herbe fra\u00eeche<\/div>\n<div dir=\"auto\">&#8211; P\u00eache<\/div>\n<div dir=\"auto\">&#8211; Pivoine<\/div>\n<div dir=\"auto\">&#8211; Rose<\/div>\n<div dir=\"auto\">&#8211; Encens<\/div>\n<div dir=\"auto\">&#8211; Chanvre<\/div>\n<div dir=\"auto\">&#8211; Musc<\/div>\n<div dir=\"auto\">&#8211; Patchouli<\/div>\n<\/div>\n<div dir=\"auto\"><\/div>\n<div dir=\"auto\"><strong>45 ml<\/strong><\/div>\n","protected":false},"excerpt":{"rendered":"<p>Mesdames,<br \/>\nVenez d\u00e9couvrir le parfum \u00e0 base de chanvre sp\u00e9cialement con\u00e7u pour vous ! Ce parfum f\u00e9minin se distingue par un ar\u00f4me floral avec des notes de chanvre.<\/p>\n","protected":false},"featured_media":1218,"comment_status":"open","ping_status":"closed","template":"","meta":{"om_disable_all_campaigns":false,"_monsterinsights_skip_tracking":false,"_monsterinsights_sitenote_active":false,"_monsterinsights_sitenote_note":"","_monsterinsights_sitenote_category":0},"product_brand":[],"product_cat":[98,68,134,163],"product_tag":[],"class_list":{"0":"post-2065","1":"product","2":"type-product","3":"status-publish","4":"has-post-thumbnail","6":"product_cat-parfums","7":"product_cat-cosmetiques","8":"product_cat-promos","9":"product_cat-special-noel-oh-max","11":"first","12":"instock","13":"sale","14":"shipping-taxable","15":"purchasable","16":"product-type-simple","17":"add-to-wishlist-before_add_to_cart"},"_links":{"self":[{"href":"https:\/\/www.cbdohmax.fr\/index.php?rest_route=\/wp\/v2\/product\/2065","targetHints":{"allow":["GET"]}}],"collection":[{"href":"https:\/\/www.cbdohmax.fr\/index.php?rest_route=\/wp\/v2\/product"}],"about":[{"href":"https:\/\/www.cbdohmax.fr\/index.php?rest_route=\/wp\/v2\/types\/product"}],"replies":[{"embeddable":true,"href":"https:\/\/www.cbdohmax.fr\/index.php?rest_route=%2Fwp%2Fv2%2Fcomments&post=2065"}],"wp:featuredmedia":[{"embeddable":true,"href":"https:\/\/www.cbdohmax.fr\/index.php?rest_route=\/wp\/v2\/media\/1218"}],"wp:attachment":[{"href":"https:\/\/www.cbdohmax.fr\/index.php?rest_route=%2Fwp%2Fv2%2Fmedia&parent=2065"}],"wp:term":[{"taxonomy":"product_brand","embeddable":true,"href":"https:\/\/www.cbdohmax.fr\/index.php?rest_route=%2Fwp%2Fv2%2Fproduct_brand&post=2065"},{"taxonomy":"product_cat","embeddable":true,"href":"https:\/\/www.cbdohmax.fr\/index.php?rest_route=%2Fwp%2Fv2%2Fproduct_cat&post=2065"},{"taxonomy":"product_tag","embeddable":true,"href":"https:\/\/www.cbdohmax.fr\/index.php?rest_route=%2Fwp%2Fv2%2Fproduct_tag&post=2065"}],"curies":[{"name":"wp","href":"https:\/\/api.w.org\/{rel}","templated":true}]}}