{"id":2068,"date":"2022-10-09T17:55:39","date_gmt":"2022-10-09T15:55:39","guid":{"rendered":"https:\/\/www.cbdohmax.fr\/?post_type=product&#038;p=2068"},"modified":"2025-11-14T19:17:02","modified_gmt":"2025-11-14T18:17:02","slug":"parfum-homme","status":"publish","type":"product","link":"https:\/\/www.cbdohmax.fr\/?product=parfum-homme","title":{"rendered":"PARFUM HOMME AU CHANVRE"},"content":{"rendered":"<div class=\"x11i5rnm xat24cr x1mh8g0r x1vvkbs xtlvy1s x126k92a\">\n<div dir=\"auto\">Messieurs, venez d\u00e9couvrir le parfum \u00e0 base de chanvre sp\u00e9cialement con\u00e7u pour vous !<\/div>\n<div dir=\"auto\"><\/div>\n<\/div>\n<div class=\"x11i5rnm xat24cr x1mh8g0r x1vvkbs xtlvy1s x126k92a\">\n<div dir=\"auto\">Cette eau de toilette se distingue par un <strong>ar\u00f4me v\u00e9g\u00e9tal avec des notes de chanvre<\/strong>.<\/div>\n<div dir=\"auto\">Avec ses d\u00e9licieuses senteurs, ce parfum permet d&#8217;impr\u00e9gner un v\u00eatement de son odeur <strong>pendant plusieurs heures<\/strong> et ne laissera sans aucun doute personne \u00eatre indiff\u00e9rent \u00e0 ses effluves.<\/div>\n<div dir=\"auto\"><\/div>\n<\/div>\n<div class=\"x11i5rnm xat24cr x1mh8g0r x1vvkbs xtlvy1s x126k92a\">\n<div dir=\"auto\">Il est id\u00e9al pour vous faire plaisir en encore pour offrir un cadeau !<\/div>\n<div dir=\"auto\"><\/div>\n<\/div>\n<div class=\"x11i5rnm xat24cr x1mh8g0r x1vvkbs xtlvy1s x126k92a\">\n<div dir=\"auto\"><strong>Ce parfum est compos\u00e9 de::<\/strong><\/div>\n<div dir=\"auto\">&#8211; Racines de gingembre<\/div>\n<div dir=\"auto\">&#8211; Cumin<\/div>\n<div dir=\"auto\">&#8211; Herbes<\/div>\n<div dir=\"auto\">&#8211; Encens<\/div>\n<div dir=\"auto\">&#8211; Chanvre<\/div>\n<div dir=\"auto\">&#8211; C\u00e9leri sauvage<\/div>\n<div dir=\"auto\">&#8211; Bois de c\u00e8dre<\/div>\n<div dir=\"auto\">&#8211; Patchouli<\/div>\n<\/div>\n<div dir=\"auto\"><\/div>\n<div dir=\"auto\"><strong>100 ml<\/strong><\/div>\n","protected":false},"excerpt":{"rendered":"<p>Messieurs,<br \/>\nVenez d\u00e9couvrir le parfum \u00e0 base de chanvre sp\u00e9cialement con\u00e7u pour vous ! Cette eau de toilette se distingue par un ar\u00f4me v\u00e9g\u00e9tal avec des notes de chanvre. Il est id\u00e9al pour vous faire plaisir ou encore pour offrir en cadeau !<\/p>\n","protected":false},"featured_media":2167,"comment_status":"open","ping_status":"closed","template":"","meta":{"om_disable_all_campaigns":false,"_monsterinsights_skip_tracking":false,"_monsterinsights_sitenote_active":false,"_monsterinsights_sitenote_note":"","_monsterinsights_sitenote_category":0},"product_brand":[],"product_cat":[98,68,134,163],"product_tag":[],"class_list":{"0":"post-2068","1":"product","2":"type-product","3":"status-publish","4":"has-post-thumbnail","6":"product_cat-parfums","7":"product_cat-cosmetiques","8":"product_cat-promos","9":"product_cat-special-noel-oh-max","11":"first","12":"instock","13":"sale","14":"shipping-taxable","15":"purchasable","16":"product-type-simple","17":"add-to-wishlist-before_add_to_cart"},"_links":{"self":[{"href":"https:\/\/www.cbdohmax.fr\/index.php?rest_route=\/wp\/v2\/product\/2068","targetHints":{"allow":["GET"]}}],"collection":[{"href":"https:\/\/www.cbdohmax.fr\/index.php?rest_route=\/wp\/v2\/product"}],"about":[{"href":"https:\/\/www.cbdohmax.fr\/index.php?rest_route=\/wp\/v2\/types\/product"}],"replies":[{"embeddable":true,"href":"https:\/\/www.cbdohmax.fr\/index.php?rest_route=%2Fwp%2Fv2%2Fcomments&post=2068"}],"wp:featuredmedia":[{"embeddable":true,"href":"https:\/\/www.cbdohmax.fr\/index.php?rest_route=\/wp\/v2\/media\/2167"}],"wp:attachment":[{"href":"https:\/\/www.cbdohmax.fr\/index.php?rest_route=%2Fwp%2Fv2%2Fmedia&parent=2068"}],"wp:term":[{"taxonomy":"product_brand","embeddable":true,"href":"https:\/\/www.cbdohmax.fr\/index.php?rest_route=%2Fwp%2Fv2%2Fproduct_brand&post=2068"},{"taxonomy":"product_cat","embeddable":true,"href":"https:\/\/www.cbdohmax.fr\/index.php?rest_route=%2Fwp%2Fv2%2Fproduct_cat&post=2068"},{"taxonomy":"product_tag","embeddable":true,"href":"https:\/\/www.cbdohmax.fr\/index.php?rest_route=%2Fwp%2Fv2%2Fproduct_tag&post=2068"}],"curies":[{"name":"wp","href":"https:\/\/api.w.org\/{rel}","templated":true}]}}