{"id":2264,"date":"2022-11-09T13:15:48","date_gmt":"2022-11-09T12:15:48","guid":{"rendered":"https:\/\/www.cbdohmax.fr\/?post_type=product&#038;p=2264"},"modified":"2026-02-03T18:38:59","modified_gmt":"2026-02-03T17:38:59","slug":"bubblegum-cbd","status":"publish","type":"product","link":"https:\/\/www.cbdohmax.fr\/?product=bubblegum-cbd","title":{"rendered":"BUBBLEGUM HYDRO"},"content":{"rendered":"<p>Une culture hydropique pour une meilleure qualit\u00e9 \ud83d\udc4d \ud83c\udf40<\/p>\n<p>La Bubblegum CBD est une fleur de culture hydroponique afin d\u2019obtenir la meilleure qualit\u00e9 de fleur de CBD possible : trichomes multipli\u00e9s, terp\u00e8nes d\u00e9cupl\u00e9s et taux de CBD tr\u00e8s \u00e9lev\u00e9s.<\/p>\n<p>Sa particularit\u00e9 est sa couleur verte fluorescente, et son odeur de fleurs acidul\u00e9es et sucr\u00e9es tr\u00e8s puissante.<\/p>\n<p>Elle contient des grosses buds lourdes tr\u00e8s concentr\u00e9es pour un excellent moment de d\u00e9tente et de relaxation.<\/p>\n<p>Par son mode de culture ultra technique hydroponique, la Bubblegum CBD conjugue ar\u00f4mes de cannabis sucr\u00e9s, citronn\u00e9s et fruit\u00e9s et texture collante et r\u00e9sineuse.<\/p>\n<p>Elle rassemble toutes les caract\u00e9ristiques d\u2019une fleur de CBD de grande qualit\u00e9.<\/p>\n<p>Son mode de culture, permet de contr\u00f4ler son exposition \u00e0 la lumi\u00e8re, de lui assurer une bonne protection des insectes et de permettre \u00e0 la fleur une bonne croissance et des fleurs volumineuses et riches en terp\u00e8nes.<\/p>\n<p>Sa saveur reste authentique puisqu\u2019aucun engrais ou fongicides chimiques sont utilis\u00e9s.<\/p>\n<p>CBD OH MAX propose des fleurs de CBD uniquement biologiques et naturelles.<\/p>\n<p>Une dominante Sativa, qui favorisera une excellente relaxation, apaisera certaines douleurs musculaires<\/p>\n<p>Bubblegum CBD est la meilleure qualit\u00e9 de fleur CBD OH MAX.<\/p>\n<p>Il s\u2019agit d\u2019une des fleurs les plus premiums sur le march\u00e9, une vari\u00e9t\u00e9 extr\u00eamement travaill\u00e9e pour les amateurs de CBD.<\/p>\n<p>Retrouver les r\u00e9elles saveurs du cannabis, sans les effets psychotropes et les cons\u00e9quences qu\u2019elles peuvent avoir.<\/p>\n<p>Un produit pur, au taux de CBD tr\u00e8s \u00e9lev\u00e9 de 20% afin de vous faire profiter pleinement des bienfaits de la plante.<\/p>\n<h4>Un syst\u00e8me de culture hydroponique :<\/h4>\n<p>La plante est enfouie dans un pot \u00e0 r\u00e9serve d\u2019eau avec engrais naturel et autres nutriments durant toute sa p\u00e9riode de croissance.<br \/>\nIl s&#8217;agit d&#8217;un des meilleurs syst\u00e8mes de culture pour le cannabis.<br \/>\nElle nous permet de r\u00e9colter des fleurs bien construites, aux profils terp\u00e9niques ultra-complets.<br \/>\nGr\u00e2ce \u00e0 cette m\u00e9thode de culture hydroponique, elle arbore des bourgeons de fleurs plus gros et plus denses.<br \/>\nLes trichomes sont d\u00e9cupl\u00e9s et offrent un aspect cristallin \u00e0 la fleur.<\/p>\n<p><strong>CBD OH MAX vous propose plusieurs m\u00e9thodes de consommation pour les fleurs et r\u00e9sines de CBD.<\/strong><\/p>\n<p><strong>Rappel<\/strong> : Les fleurs et r\u00e9sines ne doivent en aucun cas \u00eatre fum\u00e9es. Risque important des pertes de terp\u00e8nes ainsi qu\u2019une perte de qualit\u00e9 du produit par cette effet de combustion (exemple : flamme d\u2019un briquet)<\/p>\n<p>Vous pourrez donc choisir entre les diff\u00e9rents modes de consommation cit\u00e9s ci-dessous.<\/p>\n<h4>En infusion :<\/h4>\n<p>Pour cela rien de plus simple !<br \/>\nIl vous suffit de vous pr\u00e9parer de l\u2019eau chaude, comme une tisane classique et y ajouter les fleurs de CBD (infus\u00e9 4 \u00e0 7 minutes) puis rajouter un corps gras comme du lait, de la cr\u00e8me, du beurre ou m\u00eame de l&#8217;huile v\u00e9g\u00e9tale.<br \/>\nEn effet, n\u2019oublions pas que le CBD est une mol\u00e9cule lipophile et a de ce fait besoin d&#8217;un corps gras pour lib\u00e9rer tous ses bienfaits.<br \/>\nL\u2019effet ressenti est : sur la dur\u00e9e.<\/p>\n<h4>En vaporisation :<\/h4>\n<p>Si vous n\u2019\u00eates pas un adepte des infusions aux CBD, il existe une autre m\u00e9thode, la vaporisation.<br \/>\nUne autre solution pour b\u00e9n\u00e9ficier plus rapidement des effets de vos fleurs ou r\u00e9sines .<br \/>\nGr\u00e2ce \u00e0 ce vaporisateur, vous ne perdez pas de terp\u00e8nes ni la qualit\u00e9. Des ar\u00f4mes d\u2019un go\u00fbt exceptionnel.<br \/>\nC\u00f4t\u00e9 effets, la vaporisation permet de r\u00e9v\u00e9ler beaucoup plus rapidement (voire instantan\u00e9ment) les bienfaits des diff\u00e9rents cannabino\u00efdes composants les fleurs ou r\u00e9sines.<br \/>\nIl vous est conseill\u00e9 de r\u00e9gler votre vaporisateur \u00e0 180\u00b0C pour une fleur et jusqu\u2019\u00e0 210\u00b0C pour une r\u00e9sine.<\/p>\n<h4>En cuisine :<\/h4>\n<p>Multiples Recette disponible en boutique<\/p>\n<p>Toutes les fleurs sont issues d\u2019une agriculture naturelle et respectent les normes en vigueur des pays membres de l\u2019Union Europ\u00e9enne. THC&lt;0,3%<\/p>\n","protected":false},"excerpt":{"rendered":"<p>Une culture hydropique pour une meilleure qualit\u00e9 \ud83d\udc4d \ud83c\udf40<\/p>\n<p>La Bubblegum CBD est une fleur de culture hydroponique afin d\u2019obtenir la meilleure qualit\u00e9 de fleur de CBD possible : trichomes multipli\u00e9s, terp\u00e8nes d\u00e9cupl\u00e9s et taux de CBD tr\u00e8s \u00e9lev\u00e9s.<\/p>\n<p>Sa particularit\u00e9 est sa couleur verte fluorescente, et son odeur de fleurs acidul\u00e9es et sucr\u00e9es tr\u00e8s puissante.<\/p>\n","protected":false},"featured_media":2270,"comment_status":"open","ping_status":"closed","template":"","meta":{"om_disable_all_campaigns":false,"_monsterinsights_skip_tracking":false,"_monsterinsights_sitenote_active":false,"_monsterinsights_sitenote_note":"","_monsterinsights_sitenote_category":0},"product_brand":[],"product_cat":[128,17,112,134,163],"product_tag":[],"class_list":{"0":"post-2264","1":"product","2":"type-product","3":"status-publish","4":"has-post-thumbnail","6":"product_cat-cbd","7":"product_cat-fleurs-cbd","8":"product_cat-fleurs-hydro","9":"product_cat-promos","10":"product_cat-special-noel-oh-max","12":"first","13":"instock","14":"sale","15":"shipping-taxable","16":"purchasable","17":"product-type-variable","18":"has-default-attributes","19":"add-to-wishlist-before_add_to_cart"},"_links":{"self":[{"href":"https:\/\/www.cbdohmax.fr\/index.php?rest_route=\/wp\/v2\/product\/2264","targetHints":{"allow":["GET"]}}],"collection":[{"href":"https:\/\/www.cbdohmax.fr\/index.php?rest_route=\/wp\/v2\/product"}],"about":[{"href":"https:\/\/www.cbdohmax.fr\/index.php?rest_route=\/wp\/v2\/types\/product"}],"replies":[{"embeddable":true,"href":"https:\/\/www.cbdohmax.fr\/index.php?rest_route=%2Fwp%2Fv2%2Fcomments&post=2264"}],"wp:featuredmedia":[{"embeddable":true,"href":"https:\/\/www.cbdohmax.fr\/index.php?rest_route=\/wp\/v2\/media\/2270"}],"wp:attachment":[{"href":"https:\/\/www.cbdohmax.fr\/index.php?rest_route=%2Fwp%2Fv2%2Fmedia&parent=2264"}],"wp:term":[{"taxonomy":"product_brand","embeddable":true,"href":"https:\/\/www.cbdohmax.fr\/index.php?rest_route=%2Fwp%2Fv2%2Fproduct_brand&post=2264"},{"taxonomy":"product_cat","embeddable":true,"href":"https:\/\/www.cbdohmax.fr\/index.php?rest_route=%2Fwp%2Fv2%2Fproduct_cat&post=2264"},{"taxonomy":"product_tag","embeddable":true,"href":"https:\/\/www.cbdohmax.fr\/index.php?rest_route=%2Fwp%2Fv2%2Fproduct_tag&post=2264"}],"curies":[{"name":"wp","href":"https:\/\/api.w.org\/{rel}","templated":true}]}}