{"id":2577,"date":"2022-12-02T19:35:20","date_gmt":"2022-12-02T18:35:20","guid":{"rendered":"https:\/\/www.cbdohmax.fr\/?post_type=product&#038;p=2577"},"modified":"2024-11-24T19:50:07","modified_gmt":"2024-11-24T18:50:07","slug":"dry-sift-cbd","status":"publish","type":"product","link":"https:\/\/www.cbdohmax.fr\/?product=dry-sift-cbd","title":{"rendered":"R\u00c9SINE &#8211; DRY SIFT 50% CBD"},"content":{"rendered":"<h6>DRY SIFT SUPER COMPRESS\u00c9 POUR UN MAX DE PUISSANCE<\/h6>\n<h3>Le processus de tamisage :<\/h3>\n<p>C\u2019est l\u2019un des plus r\u00e9pandus.<br \/>\nIl permet de d\u00e9tacher les trichomes de la fleur afin de r\u00e9colter que les plus purs \u00e9l\u00e9ments pass\u00e9s au tamis de <strong>73 \u03bcm<\/strong> ( micron )..<\/p>\n<p>L\u2019extraction naturelle (sans solvant) permet la conservation de la saveur et ar\u00f4me du hash d\u2019une <strong>couleur dor\u00e9e<\/strong> et d\u2019une<strong> texture grasse<\/strong>.<\/p>\n<p>Un calibre de micron petit et fin permet d\u2019obtenir une extraction de pollen de meilleur qualit\u00e9, sup\u00e9rieure, pure et puissante.<\/p>\n<p>Un pollen 73 \u03bcm compress\u00e9, <strong>s\u2019effrite facilement toute en gonflant aux notes savoureuses citronn\u00e9es acidul\u00e9es et florales<\/strong>.<\/p>\n<p>De plus, sa texture est tr\u00e8s mall\u00e9able, ce qui la rend facile \u00e0 effriter et donc plus sympa \u00e0 consommer.<\/p>\n<p>&nbsp;<\/p>\n<p>Le Dry Sift offre une couleur dor\u00e9e aux ar\u00f4mes subtils de citrons.<\/p>\n<p>Une d\u00e9licieuse <strong>odeur d\u2019ar\u00f4me citronn\u00e9 frais m\u00eal\u00e9 \u00e0 l\u2019odeur naturellement bois\u00e9e et florale<\/strong> du hash.<\/p>\n<p>&nbsp;<\/p>\n<p>Les bienfaits du Dry Sift permet un moment de d\u00e9tente musculaire, un anti stress et surtout un effet puissant tout en d\u00e9gustant le go\u00fbt du hasch filtr\u00e9.<\/p>\n<p>&nbsp;<\/p>\n<p><strong><a href=\"https:\/\/www.facebook.com\/cbd.oh.max\" target=\"_blank\" rel=\"noopener\">CBD OH MAX<\/a>\u00a0vous propose plusieurs m\u00e9thodes de consommation pour les fleurs et r\u00e9sines de CBD.<\/strong><\/p>\n<p><strong>Rappel<\/strong>\u00a0: Les fleurs et r\u00e9sines ne doivent en aucun cas \u00eatre fum\u00e9es. Risque important des pertes de terp\u00e8nes ainsi qu\u2019une perte de qualit\u00e9 du produit par cette effet de combustion (exemple : flamme d\u2019un briquet)<\/p>\n<p>Vous pourrez donc choisir entre les diff\u00e9rents modes de consommation cit\u00e9s ci-dessous.<\/p>\n<p><strong><a href=\"https:\/\/www.cbdohmax.fr\/?product_cat=thes-infusions-cbd\">En infusion :<\/a><\/strong><\/p>\n<p>Pour cela rien de plus simple !<br \/>\nIl vous suffit de vous pr\u00e9parer de l\u2019eau chaude, comme une tisane classique et y ajouter les fleurs de CBD (infus\u00e9 4 \u00e0 7 minutes) puis rajouter un corps gras comme du lait, de la cr\u00e8me, du beurre ou m\u00eame de l\u2019huile v\u00e9g\u00e9tale.<br \/>\nEn effet, n\u2019oublions pas que le CBD est une mol\u00e9cule lipophile et a de ce fait besoin d\u2019un corps gras pour lib\u00e9rer tous ses bienfaits.<br \/>\nL\u2019effet ressenti est : sur la dur\u00e9e.<\/p>\n<p><strong><a href=\"https:\/\/www.cbdohmax.fr\/?product_cat=vaporisateurs\">En vaporisation :<\/a><\/strong><\/p>\n<p>Si vous n\u2019\u00eates pas un adepte des infusions aux CBD, il existe une autre m\u00e9thode, la vaporisation.<br \/>\nUne autre solution pour b\u00e9n\u00e9ficier plus rapidement des effets de vos fleurs ou r\u00e9sines .<br \/>\nGr\u00e2ce \u00e0 ce vaporisateur, vous ne perdez pas de terp\u00e8nes ni la qualit\u00e9. Des ar\u00f4mes d\u2019un go\u00fbt exceptionnel.<br \/>\nC\u00f4t\u00e9 effets, la vaporisation permet de r\u00e9v\u00e9ler beaucoup plus rapidement (voire instantan\u00e9ment) les bienfaits des diff\u00e9rents cannabino\u00efdes composants les fleurs ou r\u00e9sines.<br \/>\nIl vous est conseill\u00e9 de r\u00e9gler votre vaporisateur \u00e0 180\u00b0C pour une fleur et jusqu\u2019\u00e0 210\u00b0C pour une r\u00e9sine.<\/p>\n<p>&nbsp;<\/p>\n<p>Des prix variables et d\u00e9gressifs \ud83d\udc4d<\/p>\n<p>&nbsp;<\/p>\n<p>Toutes les fleurs sont issues d\u2019une agriculture naturelle et respectent les normes en vigueur des pays membres de l\u2019Union Europ\u00e9enne. THC&lt;0,3%<\/p>\n","protected":false},"excerpt":{"rendered":"<p><strong>73 \u03bcm (MICRONS)<\/strong><br \/>\n<strong>50% CBD<\/strong><\/p>\n<p><strong>AR\u00d4MES FLORAL &amp; CITRON<\/strong><\/p>\n<p><strong>PRODUIT EN FRANCE<\/strong><\/p>\n<p>Le DRY SIFT est une extraction \u00e0 sec \u00e0 73 \u03bcm.<\/p>\n<p>L\u2019extraction naturelle (sans solvant) permet de conserver toutes les saveurs et ar\u00f4mes du hash de la couleur dor\u00e9e d\u2019une texture grasse.<\/p>\n<p>&nbsp;<\/p>\n<p>Un pollen 73 \u03bcm compress\u00e9, s\u2019effrite facilement tout en gonflant aux notes citronn\u00e9es et florales.<\/p>\n<p>&nbsp;<\/p>\n<p>Un hash super filtr\u00e9 avec un taux de CBD \u00e9lev\u00e9s de 50% pour un moment de d\u00e9tente \u00ab Oh Max \u00bb.<\/p>\n<p>&nbsp;<\/p>\n<p>Une extraction fait naturellement et fabriqu\u00e9e par un producteur en Savoie.<\/p>\n","protected":false},"featured_media":2578,"comment_status":"open","ping_status":"closed","template":"","meta":{"om_disable_all_campaigns":false,"_monsterinsights_skip_tracking":false,"_monsterinsights_sitenote_active":false,"_monsterinsights_sitenote_note":"","_monsterinsights_sitenote_category":0},"product_brand":[],"product_cat":[19,128],"product_tag":[],"class_list":{"0":"post-2577","1":"product","2":"type-product","3":"status-publish","4":"has-post-thumbnail","6":"product_cat-resines-cbd","7":"product_cat-cbd","9":"first","10":"instock","11":"shipping-taxable","12":"purchasable","13":"product-type-variable","14":"has-default-attributes","15":"add-to-wishlist-before_add_to_cart"},"_links":{"self":[{"href":"https:\/\/www.cbdohmax.fr\/index.php?rest_route=\/wp\/v2\/product\/2577","targetHints":{"allow":["GET"]}}],"collection":[{"href":"https:\/\/www.cbdohmax.fr\/index.php?rest_route=\/wp\/v2\/product"}],"about":[{"href":"https:\/\/www.cbdohmax.fr\/index.php?rest_route=\/wp\/v2\/types\/product"}],"replies":[{"embeddable":true,"href":"https:\/\/www.cbdohmax.fr\/index.php?rest_route=%2Fwp%2Fv2%2Fcomments&post=2577"}],"wp:featuredmedia":[{"embeddable":true,"href":"https:\/\/www.cbdohmax.fr\/index.php?rest_route=\/wp\/v2\/media\/2578"}],"wp:attachment":[{"href":"https:\/\/www.cbdohmax.fr\/index.php?rest_route=%2Fwp%2Fv2%2Fmedia&parent=2577"}],"wp:term":[{"taxonomy":"product_brand","embeddable":true,"href":"https:\/\/www.cbdohmax.fr\/index.php?rest_route=%2Fwp%2Fv2%2Fproduct_brand&post=2577"},{"taxonomy":"product_cat","embeddable":true,"href":"https:\/\/www.cbdohmax.fr\/index.php?rest_route=%2Fwp%2Fv2%2Fproduct_cat&post=2577"},{"taxonomy":"product_tag","embeddable":true,"href":"https:\/\/www.cbdohmax.fr\/index.php?rest_route=%2Fwp%2Fv2%2Fproduct_tag&post=2577"}],"curies":[{"name":"wp","href":"https:\/\/api.w.org\/{rel}","templated":true}]}}