{"id":2741,"date":"2023-01-13T08:09:15","date_gmt":"2023-01-13T07:09:15","guid":{"rendered":"https:\/\/www.cbdohmax.fr\/?post_type=product&#038;p=2741"},"modified":"2026-01-01T07:14:48","modified_gmt":"2026-01-01T06:14:48","slug":"blue-dream-hydro","status":"publish","type":"product","link":"https:\/\/www.cbdohmax.fr\/?product=blue-dream-hydro","title":{"rendered":"BLUE DREAM HYDRO"},"content":{"rendered":"<p>La BLUE DREAM, sp\u00e9ciale Disney ! D\u00e9dicace \u00e0 Aladdin<\/p>\n<p>La vari\u00e9t\u00e9 Blue Dream est une hybride des plus puissante qui provient de la Californie.<\/p>\n<p>La Blue Dream CBD est une fleur au taux de 20% de CBD, taux \u00e9lev\u00e9 gr\u00e2ce \u00e0 son mode de culture.<\/p>\n<p>N\u2019oublions pas les avantages et bienfaits du CBD sur le corps et l\u2019esprit :<br \/>\nAnti-stress<br \/>\nAnti-anxi\u00e9t\u00e9<br \/>\nAm\u00e9lioration de la qualit\u00e9 du sommeil<br \/>\nAnti douleurs<\/p>\n<p>La BLUE DREAM est une fleur cultiv\u00e9e en Indoor (int\u00e9rieur).<\/p>\n<p>C\u2019est-\u00e0-dire que la fleur est cultiv\u00e9e \u00e0 l\u2019int\u00e9rieur, dans une chambre de culture afin de contr\u00f4ler les taux d\u2019humidit\u00e9s et de nutriments, mais aussi de la prot\u00e9ger des parasites ext\u00e9rieurs.<\/p>\n<p>De plus, le mode de culture est l\u2019hydroponie, un mode de culture ancien :<br \/>\nLa culture hydroponique est une technique des plus ancienne, c\u2019est-\u00e0-dire, une culture hors-sol.<\/p>\n<p>Pour cela, la terre qui est habituellement utilis\u00e9e est remplac\u00e9e par un substrat st\u00e9rile, comme des billes d\u2019argile ou de la laine de roche\u2026<\/p>\n<p>Cette fleur est la provenance d\u2019un croisement entre une HAZE &amp; la BLUEBERRY Indica.<\/p>\n<p>La Blue Dream aux notes et saveurs d\u2019agrumes sucr\u00e9es et un go\u00fbt bois\u00e9.<\/p>\n<p>Son croisement en fait une hybride (sativa\/indica) qui favorisera la relaxation et un moment de d\u00e9tente autour de saveurs devenues incontournables.<\/p>\n<p>&nbsp;<\/p>\n<p><strong><a href=\"https:\/\/www.facebook.com\/cbd.oh.max\" target=\"_blank\" rel=\"noopener\">CBD OH MAX<\/a>\u00a0vous propose plusieurs m\u00e9thodes de consommation pour les fleurs et r\u00e9sines de CBD.<\/strong><\/p>\n<p><strong>Rappel<\/strong>\u00a0: Les fleurs et r\u00e9sines ne doivent en aucun cas \u00eatre fum\u00e9es. Risque important des pertes de terp\u00e8nes ainsi qu\u2019une perte de qualit\u00e9 du produit par cette effet de combustion (exemple : flamme d\u2019un briquet)<\/p>\n<p>Vous pourrez donc choisir entre les diff\u00e9rents modes de consommation cit\u00e9s ci-dessous.<\/p>\n<p><strong><a href=\"https:\/\/www.cbdohmax.fr\/?product_cat=thes-infusions-cbd\">En infusion :<\/a><\/strong><\/p>\n<p>Pour cela rien de plus simple !<br \/>\nIl vous suffit de vous pr\u00e9parer de l\u2019eau chaude, comme une tisane classique et y ajouter les fleurs de CBD (infus\u00e9 4 \u00e0 7 minutes) puis rajouter un corps gras comme du lait, de la cr\u00e8me, du beurre ou m\u00eame de l\u2019huile v\u00e9g\u00e9tale.<br \/>\nEn effet, n\u2019oublions pas que le CBD est une mol\u00e9cule lipophile et a de ce fait besoin d\u2019un corps gras pour lib\u00e9rer tous ses bienfaits.<br \/>\nL\u2019effet ressenti est : sur la dur\u00e9e.<\/p>\n<p><strong><a href=\"https:\/\/www.cbdohmax.fr\/?product_cat=vaporisateurs\">En vaporisation :<\/a><\/strong><\/p>\n<p>Si vous n\u2019\u00eates pas un adepte des infusions aux CBD, il existe une autre m\u00e9thode, la vaporisation.<br \/>\nUne autre solution pour b\u00e9n\u00e9ficier plus rapidement des effets de vos fleurs ou r\u00e9sines .<br \/>\nGr\u00e2ce \u00e0 ce vaporisateur, vous ne perdez pas de terp\u00e8nes ni la qualit\u00e9. Des ar\u00f4mes d\u2019un go\u00fbt exceptionnel.<br \/>\nC\u00f4t\u00e9 effets, la vaporisation permet de r\u00e9v\u00e9ler beaucoup plus rapidement (voire instantan\u00e9ment) les bienfaits des diff\u00e9rents cannabino\u00efdes composants les fleurs ou r\u00e9sines.<br \/>\nIl vous est conseill\u00e9 de r\u00e9gler votre vaporisateur \u00e0 180\u00b0C pour une fleur et jusqu\u2019\u00e0 210\u00b0C pour une r\u00e9sine.<\/p>\n<p>&nbsp;<\/p>\n<p>Des prix variables et d\u00e9gressifs \ud83d\udc4d<\/p>\n<p>&nbsp;<\/p>\n<p>Toutes les fleurs sont issues d\u2019une agriculture naturelle et respectent les normes en vigueur des pays membres de l\u2019Union Europ\u00e9enne. THC&lt;0,3%<\/p>\n","protected":false},"excerpt":{"rendered":"<p>Nouvelle fleur hydro !!<\/p>\n<p>La BLUE DREAM, sp\u00e9ciale Disney ! D\u00e9dicace \u00e0 Aladdin<\/p>\n<p>La vari\u00e9t\u00e9 Blue Dream est une hybride des plus puissante qui provient de la Californie.<\/p>\n<p>La Blue Dream CBD est une fleur au taux de 20% de CBD, taux \u00e9lev\u00e9 gr\u00e2ce \u00e0 son mode de culture.<\/p>\n<p>N\u2019oublions pas les avantages et bienfaits du CBD sur le corps et l\u2019esprit :<br \/>\nAnti-stress<br \/>\nAnti-anxi\u00e9t\u00e9<br \/>\nAm\u00e9lioration de la qualit\u00e9 du sommeil<br \/>\nAnti douleurs<\/p>\n","protected":false},"featured_media":2751,"comment_status":"open","ping_status":"closed","template":"","meta":{"om_disable_all_campaigns":false,"_monsterinsights_skip_tracking":false,"_monsterinsights_sitenote_active":false,"_monsterinsights_sitenote_note":"","_monsterinsights_sitenote_category":0},"product_brand":[],"product_cat":[128,17,112,134,163],"product_tag":[],"class_list":{"0":"post-2741","1":"product","2":"type-product","3":"status-publish","4":"has-post-thumbnail","6":"product_cat-cbd","7":"product_cat-fleurs-cbd","8":"product_cat-fleurs-hydro","9":"product_cat-promos","10":"product_cat-special-noel-oh-max","12":"first","13":"instock","14":"shipping-taxable","15":"purchasable","16":"product-type-variable","17":"has-default-attributes","18":"add-to-wishlist-before_add_to_cart"},"_links":{"self":[{"href":"https:\/\/www.cbdohmax.fr\/index.php?rest_route=\/wp\/v2\/product\/2741","targetHints":{"allow":["GET"]}}],"collection":[{"href":"https:\/\/www.cbdohmax.fr\/index.php?rest_route=\/wp\/v2\/product"}],"about":[{"href":"https:\/\/www.cbdohmax.fr\/index.php?rest_route=\/wp\/v2\/types\/product"}],"replies":[{"embeddable":true,"href":"https:\/\/www.cbdohmax.fr\/index.php?rest_route=%2Fwp%2Fv2%2Fcomments&post=2741"}],"wp:featuredmedia":[{"embeddable":true,"href":"https:\/\/www.cbdohmax.fr\/index.php?rest_route=\/wp\/v2\/media\/2751"}],"wp:attachment":[{"href":"https:\/\/www.cbdohmax.fr\/index.php?rest_route=%2Fwp%2Fv2%2Fmedia&parent=2741"}],"wp:term":[{"taxonomy":"product_brand","embeddable":true,"href":"https:\/\/www.cbdohmax.fr\/index.php?rest_route=%2Fwp%2Fv2%2Fproduct_brand&post=2741"},{"taxonomy":"product_cat","embeddable":true,"href":"https:\/\/www.cbdohmax.fr\/index.php?rest_route=%2Fwp%2Fv2%2Fproduct_cat&post=2741"},{"taxonomy":"product_tag","embeddable":true,"href":"https:\/\/www.cbdohmax.fr\/index.php?rest_route=%2Fwp%2Fv2%2Fproduct_tag&post=2741"}],"curies":[{"name":"wp","href":"https:\/\/api.w.org\/{rel}","templated":true}]}}