{"id":2765,"date":"2023-01-13T08:37:27","date_gmt":"2023-01-13T07:37:27","guid":{"rendered":"https:\/\/www.cbdohmax.fr\/?post_type=product&#038;p=2765"},"modified":"2025-04-22T01:02:22","modified_gmt":"2025-04-21T23:02:22","slug":"white-widow-hydro","status":"publish","type":"product","link":"https:\/\/www.cbdohmax.fr\/?product=white-widow-hydro","title":{"rendered":"WHITE WIDOW HYDRO"},"content":{"rendered":"<p>La White Widow est une fleur cultiv\u00e9e en Indoor (int\u00e9rieur).<br \/>\nC\u2019est-\u00e0-dire que la fleur est cultiv\u00e9e \u00e0 l&#8217;int\u00e9rieur, dans une chambre de culture afin de contr\u00f4ler les taux d&#8217;humidit\u00e9s et de nutriments, mais aussi de la prot\u00e9ger des parasites ext\u00e9rieurs.<\/p>\n<p>De plus, le mode de culture est l\u2019hydroponie, un mode de culture ancien :<br \/>\nLa culture hydroponique est une technique des plus ancienne, c\u2019est \u00e0 dire, une culture hors-sol.<br \/>\nPour cela, la terre qui est habituellement utilis\u00e9e est remplac\u00e9e par un substrat st\u00e9rile, comme des billes d&#8217;argile ou de la laine de roche.<\/p>\n<p>D\u00e9couvrez la White Widow, une vari\u00e9t\u00e9 hybride savoureuse avec des arri\u00e8res tons de pin et une pointe d\u2019\u00e9pices.<\/p>\n<p>Lors de la senteur de la White Widow, le ressenti est une odeur d\u2019encens puissant avec une note musqu\u00e9e.<\/p>\n<p>Cette vari\u00e9t\u00e9 de fleur hybride est \u00e0 dominance Indica, elle d\u00e9gage de d\u00e9licieuses saveurs sucr\u00e9es et fruit\u00e9es, avec un go\u00fbt l\u00e9g\u00e8rement sucr\u00e9.<\/p>\n<p>La White Widow est une vari\u00e9t\u00e9 de fleur de CBD tr\u00e8s compacte avec des grosses t\u00eates.<\/p>\n<p>Sa plus grande qualit\u00e9 tr\u00e8s appr\u00e9ci\u00e9e par tous est son incroyable capacit\u00e9 \u00e0 produire de la r\u00e9sine, sup\u00e9rieure aux autres vari\u00e9t\u00e9s.<\/p>\n<p>La White Widow est d\u2019une couleur presque blanche puisque ses t\u00eates se couvriront de trichomes r\u00e9sineux d\u00e8s l\u2019arriv\u00e9e \u00e0 la floraison.<br \/>\nD\u2019o\u00f9 son nom, White Widow.<\/p>\n<p>De part son intensit\u00e9 en CBD de 20%, la White Widow est une vari\u00e9t\u00e9 CBD incroyablement populaire poss\u00e9dant des propri\u00e9t\u00e9s relaxantes et th\u00e9rapeutiques.<\/p>\n<p>La White Widow tient ses origines entre le croisement de deux vari\u00e9t\u00e9s naturelles.<br \/>\nUne sativa Br\u00e9silienne et une indica Indienne.<\/p>\n<p>&nbsp;<\/p>\n<p><strong><a href=\"https:\/\/www.facebook.com\/cbd.oh.max\" target=\"_blank\" rel=\"noopener\">CBD OH MAX<\/a>\u00a0vous propose plusieurs m\u00e9thodes de consommation pour les fleurs et r\u00e9sines de CBD.<\/strong><\/p>\n<p><strong>Rappel<\/strong>\u00a0: Les fleurs et r\u00e9sines ne doivent en aucun cas \u00eatre fum\u00e9es. Risque important des pertes de terp\u00e8nes ainsi qu\u2019une perte de qualit\u00e9 du produit par cette effet de combustion (exemple : flamme d\u2019un briquet)<\/p>\n<p>Vous pourrez donc choisir entre les diff\u00e9rents modes de consommation cit\u00e9s ci-dessous.<\/p>\n<p><strong><a href=\"https:\/\/www.cbdohmax.fr\/?product_cat=thes-infusions-cbd\">En infusion :<\/a><\/strong><\/p>\n<p>Pour cela rien de plus simple !<br \/>\nIl vous suffit de vous pr\u00e9parer de l\u2019eau chaude, comme une tisane classique et y ajouter les fleurs de CBD (infus\u00e9 4 \u00e0 7 minutes) puis rajouter un corps gras comme du lait, de la cr\u00e8me, du beurre ou m\u00eame de l\u2019huile v\u00e9g\u00e9tale.<br \/>\nEn effet, n\u2019oublions pas que le CBD est une mol\u00e9cule lipophile et a de ce fait besoin d\u2019un corps gras pour lib\u00e9rer tous ses bienfaits.<br \/>\nL\u2019effet ressenti est : sur la dur\u00e9e.<\/p>\n<p><strong><a href=\"https:\/\/www.cbdohmax.fr\/?product_cat=vaporisateurs\">En vaporisation :<\/a><\/strong><\/p>\n<p>Si vous n\u2019\u00eates pas un adepte des infusions aux CBD, il existe une autre m\u00e9thode, la vaporisation.<br \/>\nUne autre solution pour b\u00e9n\u00e9ficier plus rapidement des effets de vos fleurs ou r\u00e9sines .<br \/>\nGr\u00e2ce \u00e0 ce vaporisateur, vous ne perdez pas de terp\u00e8nes ni la qualit\u00e9. Des ar\u00f4mes d\u2019un go\u00fbt exceptionnel.<br \/>\nC\u00f4t\u00e9 effets, la vaporisation permet de r\u00e9v\u00e9ler beaucoup plus rapidement (voire instantan\u00e9ment) les bienfaits des diff\u00e9rents cannabino\u00efdes composants les fleurs ou r\u00e9sines.<br \/>\nIl vous est conseill\u00e9 de r\u00e9gler votre vaporisateur \u00e0 180\u00b0C pour une fleur et jusqu\u2019\u00e0 210\u00b0C pour une r\u00e9sine.<\/p>\n<p>&nbsp;<\/p>\n<p>Des prix variables et d\u00e9gressifs \ud83d\udc4d<\/p>\n<p>&nbsp;<\/p>\n<p>Toutes les fleurs sont issues d\u2019une agriculture naturelle et respectent les normes en vigueur des pays membres de l\u2019Union Europ\u00e9enne. THC&lt;0,3%<\/p>\n","protected":false},"excerpt":{"rendered":"<p>La WHITE WIDOW est de retour !!<\/p>\n<p>La White Widow est la vari\u00e9t\u00e9 de chanvre incontournable.<\/p>\n<p>Cette vari\u00e9t\u00e9 est une hybride entre la sativa et l\u2019Indica avec des saveurs prononc\u00e9es sucr\u00e9es et fruit\u00e9es.<\/p>\n<p>Elle a un go\u00fbt prononc\u00e9 exquis caract\u00e9ris\u00e9 par un effet tr\u00e8s relaxant.<\/p>\n<p>Une vari\u00e9t\u00e9 de fleur CBD en hydroponie poss\u00e8de des terp\u00e8nes puissants et donc fortement aromatis\u00e9es et tr\u00e8s r\u00e9sineuses.<\/p>\n<p>La White Widow CBD aux nuances multiples de citron, citron vert, des saveurs d\u2019encens qui permettront \u00e0 cette fleur d\u2019\u00eatre parfaite.<\/p>\n<p>Une saveur authentique qui sera appr\u00e9ci\u00e9e par les amateurs de saveurs originales.<br \/>\nCe qui rendra cette White Widow particuli\u00e8rement agr\u00e9able \u00e0 consommer.<\/p>\n<p>N\u2019oublions pas les avantages et bienfaits du CBD sur le corps et l\u2019esprit :<br \/>\nAnti-stress<br \/>\nAnti-anxi\u00e9t\u00e9<br \/>\nAm\u00e9lioration de la qualit\u00e9 du sommeil<br \/>\nAnti douleurs<\/p>\n","protected":false},"featured_media":2773,"comment_status":"open","ping_status":"closed","template":"","meta":{"om_disable_all_campaigns":false,"_monsterinsights_skip_tracking":false,"_monsterinsights_sitenote_active":false,"_monsterinsights_sitenote_note":"","_monsterinsights_sitenote_category":0},"product_brand":[],"product_cat":[128,17,112],"product_tag":[],"class_list":{"0":"post-2765","1":"product","2":"type-product","3":"status-publish","4":"has-post-thumbnail","6":"product_cat-cbd","7":"product_cat-fleurs-cbd","8":"product_cat-fleurs-hydro","10":"first","11":"instock","12":"shipping-taxable","13":"purchasable","14":"product-type-variable","15":"has-default-attributes","16":"add-to-wishlist-before_add_to_cart"},"_links":{"self":[{"href":"https:\/\/www.cbdohmax.fr\/index.php?rest_route=\/wp\/v2\/product\/2765","targetHints":{"allow":["GET"]}}],"collection":[{"href":"https:\/\/www.cbdohmax.fr\/index.php?rest_route=\/wp\/v2\/product"}],"about":[{"href":"https:\/\/www.cbdohmax.fr\/index.php?rest_route=\/wp\/v2\/types\/product"}],"replies":[{"embeddable":true,"href":"https:\/\/www.cbdohmax.fr\/index.php?rest_route=%2Fwp%2Fv2%2Fcomments&post=2765"}],"wp:featuredmedia":[{"embeddable":true,"href":"https:\/\/www.cbdohmax.fr\/index.php?rest_route=\/wp\/v2\/media\/2773"}],"wp:attachment":[{"href":"https:\/\/www.cbdohmax.fr\/index.php?rest_route=%2Fwp%2Fv2%2Fmedia&parent=2765"}],"wp:term":[{"taxonomy":"product_brand","embeddable":true,"href":"https:\/\/www.cbdohmax.fr\/index.php?rest_route=%2Fwp%2Fv2%2Fproduct_brand&post=2765"},{"taxonomy":"product_cat","embeddable":true,"href":"https:\/\/www.cbdohmax.fr\/index.php?rest_route=%2Fwp%2Fv2%2Fproduct_cat&post=2765"},{"taxonomy":"product_tag","embeddable":true,"href":"https:\/\/www.cbdohmax.fr\/index.php?rest_route=%2Fwp%2Fv2%2Fproduct_tag&post=2765"}],"curies":[{"name":"wp","href":"https:\/\/api.w.org\/{rel}","templated":true}]}}