{"id":2952,"date":"2023-05-29T21:22:55","date_gmt":"2023-05-29T19:22:55","guid":{"rendered":"https:\/\/www.cbdohmax.fr\/?post_type=product&#038;p=2952"},"modified":"2026-01-01T07:14:48","modified_gmt":"2026-01-01T06:14:48","slug":"apple-fruitti","status":"publish","type":"product","link":"https:\/\/www.cbdohmax.fr\/?product=apple-fruitti","title":{"rendered":"APPLE FRUITTI HYDRO"},"content":{"rendered":"<p>Une vari\u00e9t\u00e9 aux multiples go\u00fbts de pommes ! \ud83c\udf4f\ud83c\udf40<\/p>\n<p>La vari\u00e9t\u00e9 Apple Fruitti est une fleur de CBD hydro, une fleur de CBD hybride qui combine parfaitement les caract\u00e9ristiques de croisement de deux fleurs am\u00e9ricaines embl\u00e9matiques : Sour Apple et Animal Cookies.<\/p>\n<p>Fleur de CBD aux ar\u00f4mes gourmands et fruit\u00e9s pour une exp\u00e9rience relaxante et savoureuse<\/p>\n<p>L\u2019Apple Fruitti se distingue par ses ar\u00f4mes de pomme, de caramel et de cannelle, qui en font une exp\u00e9rience sensorielle unique et savoureuse.<\/p>\n<p>Quant \u00e0 ses effets, cette fleur de CBD offre une d\u00e9tente profonde avec son taux de 20% de CBD et un bien-\u00eatre g\u00e9n\u00e9ral, id\u00e9ale pour soulager le stress et favoriser un sommeil r\u00e9parateur etc\u2026<\/p>\n<p>Des notes sucr\u00e9es se m\u00ealent aux saveurs l\u00e9g\u00e8rement acidul\u00e9es de la pomme verte.<\/p>\n<p>Les notes terreuses rehaussent encore cette exp\u00e9rience d\u00e9licieuse, faisant de chaque inhalation un moment inoubliable.<\/p>\n<p>Avec ses grosses t\u00eates pleines, cette vari\u00e9t\u00e9 \u00e0 dominance indica pr\u00e9sente le meilleur de ses deux souches parentes.<\/p>\n<p>Vous ne pourrez pas r\u00e9sister \u00e0 cette fleur exquise.<\/p>\n<p>L\u2019Apple Fruitti hydro est un exemple extraordinaire des meilleurs croisements de la nature, avec pour r\u00e9sultat des niveaux massifs de CBD qui procurent un effet serein et apaisant.<\/p>\n<p>Cette vari\u00e9t\u00e9 puissante offre une exp\u00e9rience unique en son genre, parfaite pour ceux qui recherchent la relaxation et la f\u00e9licit\u00e9.<\/p>\n<p>Ne manquez pas la chance d&#8217;exp\u00e9rimenter la fusion captivante des saveurs et la relaxation in\u00e9gal\u00e9e que l\u2019Apple Fruitti a \u00e0 offrir.<\/p>\n<p>Commandez la v\u00f4tre d\u00e8s aujourd&#8217;hui et laissez-vous tenter par l&#8217;harmonie sucr\u00e9e et terreuse que seule cette remarquable vari\u00e9t\u00e9 hybride peut offrir.<\/p>\n<p>L\u2019Apple Fruitti est une vari\u00e9t\u00e9 hybride de fleur CBD issue d&#8217;un puissant croisement de souches sativa et indica.<\/p>\n<p>Elle offre des effets stimulants et \u00e9nergisants du c\u00f4t\u00e9 indica, ainsi que les propri\u00e9t\u00e9s relaxantes et apaisantes de la Sativa.<\/p>\n<p>Cela en fait un excellent choix pour les personnes \u00e0 la recherche d&#8217;une exp\u00e9rience \u00e9quilibr\u00e9e qui s&#8217;adresse \u00e0 la fois \u00e0 l&#8217;esprit et au corps.<\/p>\n<p>Comme son nom l&#8217;indique, cette vari\u00e9t\u00e9 de fleur CBD poss\u00e8de un doux parfum de multi pommes avec un soup\u00e7on de beignet en arri\u00e8re-plan.<\/p>\n<p>&nbsp;<\/p>\n<p><strong><a href=\"https:\/\/www.facebook.com\/cbd.oh.max\" target=\"_blank\" rel=\"noopener\">CBD OH MAX<\/a>\u00a0vous propose plusieurs m\u00e9thodes de consommation pour les fleurs et r\u00e9sines de CBD.<\/strong><\/p>\n<p><strong>Rappel<\/strong>\u00a0: Les fleurs et r\u00e9sines ne doivent en aucun cas \u00eatre fum\u00e9es. Risque important des pertes de terp\u00e8nes ainsi qu\u2019une perte de qualit\u00e9 du produit par cette effet de combustion (exemple : flamme d\u2019un briquet)<\/p>\n<p>Vous pourrez donc choisir entre les diff\u00e9rents modes de consommation cit\u00e9s ci-dessous.<\/p>\n<p><strong><a href=\"https:\/\/www.cbdohmax.fr\/?product_cat=thes-infusions-cbd\">En infusion :<\/a><\/strong><\/p>\n<p>Pour cela rien de plus simple !<br \/>\nIl vous suffit de vous pr\u00e9parer de l\u2019eau chaude, comme une tisane classique et y ajouter les fleurs de CBD (infus\u00e9 4 \u00e0 7 minutes) puis rajouter un corps gras comme du lait, de la cr\u00e8me, du beurre ou m\u00eame de l\u2019huile v\u00e9g\u00e9tale.<br \/>\nEn effet, n\u2019oublions pas que le CBD est une mol\u00e9cule lipophile et a de ce fait besoin d\u2019un corps gras pour lib\u00e9rer tous ses bienfaits.<br \/>\nL\u2019effet ressenti est : sur la dur\u00e9e.<\/p>\n<p><strong><a href=\"https:\/\/www.cbdohmax.fr\/?product_cat=vaporisateurs\">En vaporisation :<\/a><\/strong><\/p>\n<p>Si vous n\u2019\u00eates pas un adepte des infusions aux CBD, il existe une autre m\u00e9thode, la vaporisation.<br \/>\nUne autre solution pour b\u00e9n\u00e9ficier plus rapidement des effets de vos fleurs ou r\u00e9sines .<br \/>\nGr\u00e2ce \u00e0 ce vaporisateur, vous ne perdez pas de terp\u00e8nes ni la qualit\u00e9. Des ar\u00f4mes d\u2019un go\u00fbt exceptionnel.<br \/>\nC\u00f4t\u00e9 effets, la vaporisation permet de r\u00e9v\u00e9ler beaucoup plus rapidement (voire instantan\u00e9ment) les bienfaits des diff\u00e9rents cannabino\u00efdes composants les fleurs ou r\u00e9sines.<br \/>\nIl vous est conseill\u00e9 de r\u00e9gler votre vaporisateur \u00e0 180\u00b0C pour une fleur et jusqu\u2019\u00e0 210\u00b0C pour une r\u00e9sine.<\/p>\n<p>&nbsp;<\/p>\n<p>Des prix variables et d\u00e9gressifs \ud83d\udc4d<\/p>\n<p>&nbsp;<\/p>\n<p>Toutes les fleurs sont issues d\u2019une agriculture naturelle et respectent les normes en vigueur des pays membres de l\u2019Union Europ\u00e9enne. THC&lt;0,3%<\/p>\n","protected":false},"excerpt":{"rendered":"<p>L\u2019Apple Fruitti est une vari\u00e9t\u00e9 hybride de fleur CBD issue d&#8217;un puissant croisement de souches sativa et indica.<\/p>\n<p>Elle offre des effets stimulants et \u00e9nergisants du c\u00f4t\u00e9 indica, ainsi que les propri\u00e9t\u00e9s relaxantes et apaisantes de la Sativa.<\/p>\n<p>Cela en fait un excellent choix pour les personnes \u00e0 la recherche d&#8217;une exp\u00e9rience \u00e9quilibr\u00e9e qui s&#8217;adresse \u00e0 la fois \u00e0 l&#8217;esprit et au corps.<\/p>\n<p>Comme son nom l&#8217;indique, cette vari\u00e9t\u00e9 de fleur CBD poss\u00e8de un doux parfum de multi pommes avec un soup\u00e7on de beignet en arri\u00e8re-plan.<\/p>\n","protected":false},"featured_media":2961,"comment_status":"open","ping_status":"closed","template":"","meta":{"om_disable_all_campaigns":false,"_monsterinsights_skip_tracking":false,"_monsterinsights_sitenote_active":false,"_monsterinsights_sitenote_note":"","_monsterinsights_sitenote_category":0},"product_brand":[],"product_cat":[128,17,112,134,163],"product_tag":[],"class_list":{"0":"post-2952","1":"product","2":"type-product","3":"status-publish","4":"has-post-thumbnail","6":"product_cat-cbd","7":"product_cat-fleurs-cbd","8":"product_cat-fleurs-hydro","9":"product_cat-promos","10":"product_cat-special-noel-oh-max","12":"first","13":"instock","14":"shipping-taxable","15":"purchasable","16":"product-type-variable","17":"has-default-attributes","18":"add-to-wishlist-before_add_to_cart"},"_links":{"self":[{"href":"https:\/\/www.cbdohmax.fr\/index.php?rest_route=\/wp\/v2\/product\/2952","targetHints":{"allow":["GET"]}}],"collection":[{"href":"https:\/\/www.cbdohmax.fr\/index.php?rest_route=\/wp\/v2\/product"}],"about":[{"href":"https:\/\/www.cbdohmax.fr\/index.php?rest_route=\/wp\/v2\/types\/product"}],"replies":[{"embeddable":true,"href":"https:\/\/www.cbdohmax.fr\/index.php?rest_route=%2Fwp%2Fv2%2Fcomments&post=2952"}],"wp:featuredmedia":[{"embeddable":true,"href":"https:\/\/www.cbdohmax.fr\/index.php?rest_route=\/wp\/v2\/media\/2961"}],"wp:attachment":[{"href":"https:\/\/www.cbdohmax.fr\/index.php?rest_route=%2Fwp%2Fv2%2Fmedia&parent=2952"}],"wp:term":[{"taxonomy":"product_brand","embeddable":true,"href":"https:\/\/www.cbdohmax.fr\/index.php?rest_route=%2Fwp%2Fv2%2Fproduct_brand&post=2952"},{"taxonomy":"product_cat","embeddable":true,"href":"https:\/\/www.cbdohmax.fr\/index.php?rest_route=%2Fwp%2Fv2%2Fproduct_cat&post=2952"},{"taxonomy":"product_tag","embeddable":true,"href":"https:\/\/www.cbdohmax.fr\/index.php?rest_route=%2Fwp%2Fv2%2Fproduct_tag&post=2952"}],"curies":[{"name":"wp","href":"https:\/\/api.w.org\/{rel}","templated":true}]}}