{"id":2968,"date":"2023-06-11T22:04:24","date_gmt":"2023-06-11T20:04:24","guid":{"rendered":"https:\/\/www.cbdohmax.fr\/?post_type=product&#038;p=2968"},"modified":"2025-02-19T15:20:56","modified_gmt":"2025-02-19T14:20:56","slug":"crystal-amnesia-small-buds","status":"publish","type":"product","link":"https:\/\/www.cbdohmax.fr\/?product=crystal-amnesia-small-buds","title":{"rendered":"CRYSTAL AMN\u00c9SIA SMALL BUDS"},"content":{"rendered":"<p><strong>Prix tr\u00e8s avantageux pour une Crystal \ud83d\udc4d\ud83d\udc4d<\/strong><\/p>\n<p>L&#8217;Amn\u00e9sia Small Buds est une fleur cultiv\u00e9e en Indoor.<\/p>\n<p>C\u2019est-\u00e0-dire que la fleur est cultiv\u00e9e en int\u00e9rieur, dans nos chambres de culture afin de contr\u00f4ler son taux d&#8217;humidit\u00e9, de nutriments, mais aussi de la prot\u00e9ger des parasites.<\/p>\n<p>La fleur Amn\u00e9sia Small Buds fait partie des fleurs haut de gamme.<\/p>\n<p>&nbsp;<\/p>\n<p>Toutes les fleurs propose\u0301es chez CBD OH MAX sont issues d\u2019une agriculture naturelle et respectent les normes en vigueur dans les pays membres de l\u2019Union Europe\u0301enne.<\/p>\n<p>&nbsp;<\/p>\n<p>Une fleur de CBD transform\u00e9e enrob\u00e9e de cristaux de 35% de CBD, ce qui d\u00e9cuple sa puissance.<\/p>\n<p>&nbsp;<\/p>\n<p>La vari\u00e9t\u00e9 Amn\u00e9sia Small Buds se place parmi l\u2019une des plus appr\u00e9ci\u00e9es, mais aussi des plus r\u00e9pandues.<\/p>\n<p>Fleur naturellement riche en Cannabidiol, elle est aussi r\u00e9put\u00e9e pour son esth\u00e9tisme.<\/p>\n<p>&nbsp;<\/p>\n<p>Elle produit donc de tr\u00e8s belles t\u00eates de CBD aux trichomes si cristallins qu\u2019ils peuvent parfois presque avoir l\u2019air velus.<\/p>\n<p>Les trichomes \u00e9tant la partie de la fleur de CBD qui contient les terp\u00e8nes et de ce fait poss\u00e8de la plus grande partie des cannabino\u00efdes.<\/p>\n<p>&nbsp;<\/p>\n<p>Les terp\u00e8nes de la fleur de cannabis CBD Crystal Amn\u00e9sia Small Buds se distinguent par des notes subtiles de poivre et de citron vert venant parfaire son \u00e9quilibre en renfor\u00e7ant le caract\u00e8re de la souche.<\/p>\n<p>La fleur de CBD Crystal Amn\u00e9sia Small Buds poss\u00e8de une dominante Sativa, mais ses t\u00eates bien compactes pourraient nous rappeler une fleur Indica.<\/p>\n<p>&nbsp;<\/p>\n<p>Si l\u2019on devait caract\u00e9riser les vertus des fleurs de CBD Amn\u00e9sia Small Buds, nous pourrions \u00e9voquer leurs bienfaits \u00e9nergisants et apaisants de la vari\u00e9t\u00e9 \u00ab HAZE \u00bb<\/p>\n<p>&nbsp;<\/p>\n<p>La vari\u00e9t\u00e9 Crystal Amn\u00e9sia Small Buds est une fleur plut\u00f4t ancienne dans l\u2019univers du cannabis.<\/p>\n<p>La c\u00e9l\u00e8bre Amn\u00e9sia SMALL BUDS doit la cr\u00e9ation de sa vari\u00e9t\u00e9 au croisement de souches sud asiatiques et jama\u00efcaines.<\/p>\n<p>&nbsp;<\/p>\n<p>Tr\u00e8s rapidement appr\u00e9ci\u00e9e par les amateurs de cannabis, elle remporte de nombreux prix internationaux, avant d\u2019\u00eatre popularis\u00e9e en Europe.<\/p>\n<p>&nbsp;<\/p>\n<p>La vari\u00e9t\u00e9 Amn\u00e9sia provient d\u2019une culture int\u00e9rieure (indoor) stricte.<\/p>\n<p>En faisant le choix de ce mode de culture, nous pouvons parfaitement contr\u00f4ler de nombreux facteurs :<br \/>\n&#8211; Dur\u00e9e d\u2019exposition \u00e0 la lumi\u00e8re<br \/>\n&#8211; L&#8217;humidit\u00e9<br \/>\n&#8211; Une protection contre les insectes<\/p>\n<p>La culture int\u00e9rieure de l&#8217;Amn\u00e9sia SMALL BUDS CBD fait de cette fleur de CBD, une fleur premium.<\/p>\n<p>&nbsp;<\/p>\n<p><strong>Mode de consommation de la fleur de CBD Amn\u00e9sia SMALL BUDS<\/strong><\/p>\n<p>&nbsp;<\/p>\n<p><a href=\"https:\/\/www.facebook.com\/cbd.oh.max\/\" target=\"_blank\" rel=\"noopener\">CBD OH MAX<\/a>\u00a0vous propose plusieurs m\u00e9thodes de consommations pour les fleurs et r\u00e9sines de CBD.<\/p>\n<p>Rappel : Les fleurs et r\u00e9sines ne doivent en aucun cas \u00eatre fum\u00e9es. Risque important des pertes de terp\u00e8nes ainsi qu\u2019une perte de qualit\u00e9 du produit par cette effet de combustion (exemple : flamme d\u2019un briquet)<\/p>\n<p>Vous pourrez donc choisir entre les diff\u00e9rents modes de consommation cit\u00e9s ci-dessous.<\/p>\n<p>&nbsp;<\/p>\n<p><a href=\"https:\/\/www.cbdohmax.fr\/?product_cat=thes-infusions-cbd\"><strong>En infusion :<\/strong><\/a><\/p>\n<p>Pour cela rien de plus simple !<br \/>\nIl vous suffit de vous pr\u00e9parer de l\u2019eau chaude, comme une tisane classique et y ajouter les fleurs de CBD (infus\u00e9 4 \u00e0 7 minutes) puis rajouter un corps gras comme du lait, de la cr\u00e8me, du beurre ou m\u00eame de l\u2019huile v\u00e9g\u00e9tale.<\/p>\n<p>En effet, n\u2019oublions pas que le CBD est une mol\u00e9cule lipophile et a de ce fait besoin d\u2019un corps gras pour lib\u00e9rer tous ses bienfaits.<\/p>\n<p>L\u2019effet ressenti est : sur la dur\u00e9e.<\/p>\n<p>&nbsp;<\/p>\n<p><a href=\"https:\/\/www.cbdohmax.fr\/?product_cat=vape-cbd\"><strong>En vaporisation :<\/strong><\/a><\/p>\n<p>Si vous n\u2019\u00eates pas un adepte des infusions aux CBD, il existe une autre m\u00e9thode, la vaporisation.<\/p>\n<p>Une autre solution pour b\u00e9n\u00e9ficier plus rapidement des effets de vos fleurs ou r\u00e9sines .<\/p>\n<p>Gr\u00e2ce \u00e0 ce vaporisateur, vous ne perdez pas de terp\u00e8nes ni la qualit\u00e9 des ar\u00f4mes.<\/p>\n<p>Un go\u00fbt exceptionnel.<\/p>\n<p>C\u00f4t\u00e9 effets, la vaporisation permet de r\u00e9v\u00e9ler beaucoup plus rapidement (voire instantan\u00e9ment) les bienfaits des diff\u00e9rents cannabino\u00efdes composants les fleurs ou r\u00e9sines.<\/p>\n<p>Il vous est conseill\u00e9 de r\u00e9gler votre vaporisateur \u00e0 180\u00b0C pour une fleur et jusqu\u2019\u00e0 210\u00b0C pour une r\u00e9sine.<\/p>\n<p>&nbsp;<\/p>\n<p>&nbsp;<\/p>\n<p><em>Des prix variables et d\u00e9gressifs \ud83d\udc4d<\/em><\/p>\n<p>&nbsp;<\/p>\n<p>Toutes les fleurs sont issues d\u2019une agriculture naturelle et respectent les normes en vigueur des pays membres de l\u2019Union Europ\u00e9enne. THC&lt;0,3%<\/p>\n<p>&nbsp;<\/p>\n<p><strong>Stockage Appropri\u00e9<\/strong><\/p>\n<p>Pour pr\u00e9server la fra\u00eecheur et la qualit\u00e9 de la fleur de CBD, conservez l\u00e0 dans un endroit frais, sombre et sec, de pr\u00e9f\u00e9rence dans un r\u00e9cipient herm\u00e9tique. \u00c9vitez l\u2019exposition \u00e0 la lumi\u00e8re directe du soleil et \u00e0 l\u2019humidit\u00e9 excessive.<\/p>\n","protected":false},"excerpt":{"rendered":"<p>Une Crystal Amn\u00e9sia en petites t\u00eates \ud83d\udcaa\ud83c\udf40<\/p>\n<p>Vous connaissez l\u2019AMN\u00c9SIA ?!?<\/p>\n<p>Voici la Crystal Amn\u00e9sia Small Buds , une Amn\u00e9sia recouverte de Crystal offrant un taux puissant 35 % de CBD.<\/p>\n<p>CBD OH MAX propose des fleurs de petites tailles, calibr\u00e9es, pr\u00eates \u00e0 l&#8217;emploi, avec un excellent rapport qualit\u00e9\/prix et une utilisation plus rapide en comparaison de fleurs de plus grosse taille.<\/p>\n<p>La vari\u00e9t\u00e9 et la qualit\u00e9 restent inchang\u00e9es.<\/p>\n<p>La Crystal Amn\u00e9sia fait partie des fleurs transform\u00e9es haut de gamme, son go\u00fbt unique (sucr\u00e9 et fruit\u00e9) ravira les amateurs de fleurs.<\/p>\n<p>La Crystal Amn\u00e9sia Small Buds offrira des notes terreuses et un arri\u00e8re go\u00fbt de citron vert.<\/p>\n<p>La Crystal Amnesia Small Buds CBD deviendra tr\u00e8s vite votre fleur coup de coeur si vous \u00eates un amateur de CBD.<\/p>\n<p>Des go\u00fbts et des ar\u00f4mes puissants vous feront voyager.<\/p>\n<p>Une combinaison de saveurs bois\u00e9es et d\u2019agrumes m\u00eal\u00e9e aux nuances de Crystal pure CBD.<\/p>\n<p>Tr\u00e8s utilis\u00e9 pour les probl\u00e8mes de sommeil.<br \/>\nSi vous consommez la vari\u00e9t\u00e9 Crystal Amnesia small buds CBD, attendez-vous \u00e0 :<\/p>\n<ul>\n<li>Avoir les muscles d\u00e9contract\u00e9s<\/li>\n<li>Diminuer les douleurs inflammatoires<\/li>\n<li>Att\u00e9nuer l\u2019anxi\u00e9t\u00e9<\/li>\n<li>Se sentir bien et \u00eatre d\u00e9tendu<\/li>\n<li>Lutter contre les insomnies<\/li>\n<li>Surmonter le stress, ou la d\u00e9prime<\/li>\n<\/ul>\n<p>&nbsp;<\/p>\n<p style=\"text-align: center;\"><strong>\ud83c\udf40 PROMOTIONS GROS VOLUMES \ud83c\udf40<\/strong><\/p>\n<p style=\"text-align: center;\"><strong>DISPONIBLES EN 5 Gr &#8211; 10 Gr &#8211; 25 Gr &#8211; 50 Gr<\/strong><\/p>\n<p style=\"text-align: center;\"><strong>\u00c0 PARTIR DE 2,80 \u20ac \/ Gr<\/strong><\/p>\n","protected":false},"featured_media":2969,"comment_status":"open","ping_status":"closed","template":"","meta":{"om_disable_all_campaigns":false,"_monsterinsights_skip_tracking":false,"_monsterinsights_sitenote_active":false,"_monsterinsights_sitenote_note":"","_monsterinsights_sitenote_category":0},"product_brand":[],"product_cat":[128,17,72,159,134,92],"product_tag":[],"class_list":{"0":"post-2968","1":"product","2":"type-product","3":"status-publish","4":"has-post-thumbnail","6":"product_cat-cbd","7":"product_cat-fleurs-cbd","8":"product_cat-fleurs-transformees","9":"product_cat-gros-volumes","10":"product_cat-promos","11":"product_cat-small-buds","13":"first","14":"instock","15":"sale","16":"shipping-taxable","17":"purchasable","18":"product-type-variable","19":"has-default-attributes","20":"add-to-wishlist-before_add_to_cart"},"_links":{"self":[{"href":"https:\/\/www.cbdohmax.fr\/index.php?rest_route=\/wp\/v2\/product\/2968","targetHints":{"allow":["GET"]}}],"collection":[{"href":"https:\/\/www.cbdohmax.fr\/index.php?rest_route=\/wp\/v2\/product"}],"about":[{"href":"https:\/\/www.cbdohmax.fr\/index.php?rest_route=\/wp\/v2\/types\/product"}],"replies":[{"embeddable":true,"href":"https:\/\/www.cbdohmax.fr\/index.php?rest_route=%2Fwp%2Fv2%2Fcomments&post=2968"}],"wp:featuredmedia":[{"embeddable":true,"href":"https:\/\/www.cbdohmax.fr\/index.php?rest_route=\/wp\/v2\/media\/2969"}],"wp:attachment":[{"href":"https:\/\/www.cbdohmax.fr\/index.php?rest_route=%2Fwp%2Fv2%2Fmedia&parent=2968"}],"wp:term":[{"taxonomy":"product_brand","embeddable":true,"href":"https:\/\/www.cbdohmax.fr\/index.php?rest_route=%2Fwp%2Fv2%2Fproduct_brand&post=2968"},{"taxonomy":"product_cat","embeddable":true,"href":"https:\/\/www.cbdohmax.fr\/index.php?rest_route=%2Fwp%2Fv2%2Fproduct_cat&post=2968"},{"taxonomy":"product_tag","embeddable":true,"href":"https:\/\/www.cbdohmax.fr\/index.php?rest_route=%2Fwp%2Fv2%2Fproduct_tag&post=2968"}],"curies":[{"name":"wp","href":"https:\/\/api.w.org\/{rel}","templated":true}]}}