{"id":3055,"date":"2023-09-17T21:13:08","date_gmt":"2023-09-17T19:13:08","guid":{"rendered":"https:\/\/www.cbdohmax.fr\/?post_type=product&#038;p=3055"},"modified":"2026-01-01T07:14:47","modified_gmt":"2026-01-01T06:14:47","slug":"blueberry-2","status":"publish","type":"product","link":"https:\/\/www.cbdohmax.fr\/?product=blueberry-2","title":{"rendered":"BLUEBERRY HYDRO"},"content":{"rendered":"<p>La fleur de CBD Blueberry est une vari\u00e9t\u00e9 aux ar\u00f4mes fruit\u00e9s avec des vertus th\u00e9rapeutiques.<\/p>\n<p>Un mode de culture ancien :<br \/>\nLa culture <a title=\"hydroponique\" href=\"https:\/\/www.cbdohmax.fr\/?product_cat=fleurs-hydro\">hydroponique<\/a> est une technique des plus ancienne, c\u2019est \u00e0 dire, une culture hors-sol.<\/p>\n<p>Pour cela, la terre qui est habituellement utilis\u00e9e est remplac\u00e9e par un substrat st\u00e9rile, comme des billes d&#8217;argile ou de la laine de roche.<\/p>\n<p>Cette m\u00e9thode de culture permet d&#8217;obtenir des fleurs de haute qualit\u00e9 avec un profil aromatique riche et complexe.<\/p>\n<p>Cette vari\u00e9t\u00e9 naturellement riche en Cannabidiol soit pr\u00e8s 20% de CBD, elle est aussi populaire pour ses vertus esth\u00e9tiques.<\/p>\n<p>C\u2019est une vari\u00e9t\u00e9 appr\u00e9ci\u00e9e pour ses ar\u00f4mes doux et sucr\u00e9s et ses effets apaisants.<\/p>\n<p>Cette vari\u00e9t\u00e9 BLUEBERRY CBD se distingue par ses irr\u00e9sistibles bourgeons denses de couleur verte, surpeupl\u00e9 par ses trichomes brillants.<\/p>\n<p>La Blueberry offre un profil aromatique riche et complexe, m\u00ealant des notes fruit\u00e9es de myrtille \u00e0 des nuances bois\u00e9es et terreuses. Les amateurs de saveurs douces et fruit\u00e9es seront s\u00e9duits par cette fleur de CBD qui garantit une exp\u00e9rience gustative aussi agr\u00e9able qu&#8217;\u00e9quilibr\u00e9e, id\u00e9ale pour une consommation relaxante en fin de journ\u00e9e.<\/p>\n<p>La fleur de CBD Blueberry poss\u00e8de de nombreux bienfaits pour la sant\u00e9 et le bien-\u00eatre.<\/p>\n<p>Sa haute teneur en CBD en fait une option id\u00e9ale pour les personnes qui souhaitent profiter des effets th\u00e9rapeutiques du cannabidiol sans ressentir les effets psychoactifs du THC.<\/p>\n<p>Le CBD peut aider \u00e0 soulager l&#8217;anxi\u00e9t\u00e9 et le stress, \u00e0 r\u00e9duire l&#8217;inflammation et la douleur, et \u00e0 am\u00e9liorer la qualit\u00e9 du sommeil.<\/p>\n<p>Son ar\u00f4me riche en notes de fruits, comme la pomme et la cerise, ainsi que des nuances sucr\u00e9es et bois\u00e9es qui apportent une sensation de bien-\u00eatre et de d\u00e9tente.<\/p>\n<p>La culture en hydroponie permet d&#8217;obtenir des fleurs de haute qualit\u00e9, avec des taux \u00e9lev\u00e9s de cannabino\u00efdes et de terp\u00e8nes.<\/p>\n<p>La Blueberry CBD poss\u00e8de une apparence et une couleur qui refl\u00e8tent sa qualit\u00e9.<\/p>\n<p>Les fleurs sont d&#8217;un vert frais et vif, leur donnant un aspect visuellement attrayant.<\/p>\n<p>Les trichomes sont de petits poils r\u00e9sineux qui recouvrent les fleurs, tr\u00e8s souvent abondants et brillants, t\u00e9moignant de la richesse en cannabino\u00efdes et en terp\u00e8nes.<\/p>\n<p>&nbsp;<\/p>\n<p><strong><a href=\"https:\/\/www.facebook.com\/cbd.oh.max\" target=\"_blank\" rel=\"noopener\">CBD OH MAX<\/a>\u00a0vous propose plusieurs m\u00e9thodes de consommation pour les fleurs et r\u00e9sines de CBD.<\/strong><\/p>\n<p><strong>Rappel<\/strong>\u00a0: Les fleurs et r\u00e9sines ne doivent en aucun cas \u00eatre fum\u00e9es. Risque important des pertes de terp\u00e8nes ainsi qu\u2019une perte de qualit\u00e9 du produit par cette effet de combustion (exemple : flamme d\u2019un briquet)<\/p>\n<p>Vous pourrez donc choisir entre les diff\u00e9rents modes de consommation cit\u00e9s ci-dessous.<\/p>\n<p><strong><a href=\"https:\/\/www.cbdohmax.fr\/?product_cat=thes-infusions-cbd\">En infusion :<\/a><\/strong><\/p>\n<p>Pour cela rien de plus simple !<br \/>\nIl vous suffit de vous pr\u00e9parer de l\u2019eau chaude, comme une tisane classique et y ajouter les fleurs de CBD (infus\u00e9 4 \u00e0 7 minutes) puis rajouter un corps gras comme du lait, de la cr\u00e8me, du beurre ou m\u00eame de l\u2019huile v\u00e9g\u00e9tale.<br \/>\nEn effet, n\u2019oublions pas que le CBD est une mol\u00e9cule lipophile et a de ce fait besoin d\u2019un corps gras pour lib\u00e9rer tous ses bienfaits.<br \/>\nL\u2019effet ressenti est : sur la dur\u00e9e.<\/p>\n<p><strong><a href=\"https:\/\/www.cbdohmax.fr\/?product_cat=vaporisateurs\">En vaporisation :<\/a><\/strong><\/p>\n<p>Si vous n\u2019\u00eates pas un adepte des infusions aux CBD, il existe une autre m\u00e9thode, la vaporisation.<br \/>\nUne autre solution pour b\u00e9n\u00e9ficier plus rapidement des effets de vos fleurs ou r\u00e9sines .<br \/>\nGr\u00e2ce \u00e0 ce vaporisateur, vous ne perdez pas de terp\u00e8nes ni la qualit\u00e9. Des ar\u00f4mes d\u2019un go\u00fbt exceptionnel.<br \/>\nC\u00f4t\u00e9 effets, la vaporisation permet de r\u00e9v\u00e9ler beaucoup plus rapidement (voire instantan\u00e9ment) les bienfaits des diff\u00e9rents cannabino\u00efdes composants les fleurs ou r\u00e9sines.<br \/>\nIl vous est conseill\u00e9 de r\u00e9gler votre vaporisateur \u00e0 180\u00b0C pour une fleur et jusqu\u2019\u00e0 210\u00b0C pour une r\u00e9sine.<\/p>\n<p>&nbsp;<\/p>\n<p>Des prix variables et d\u00e9gressifs \ud83d\udc4d<\/p>\n<p>&nbsp;<\/p>\n<p>Toutes les fleurs sont issues d\u2019une agriculture naturelle et respectent les normes en vigueur des pays membres de l\u2019Union Europ\u00e9enne. THC&lt;0,3%<\/p>\n","protected":false},"excerpt":{"rendered":"<p>La culture en hydroponie permet d&#8217;obtenir des fleurs de haute qualit\u00e9, avec des taux \u00e9lev\u00e9s de cannabino\u00efdes et de terp\u00e8nes.<\/p>\n<p>La Blueberry CBD poss\u00e8de une apparence et une couleur qui refl\u00e8tent sa qualit\u00e9.<\/p>\n<p>Les fleurs sont d&#8217;un vert frais et vif, leur donnant un aspect visuellement attrayant.<\/p>\n","protected":false},"featured_media":2979,"comment_status":"open","ping_status":"closed","template":"","meta":{"om_disable_all_campaigns":false,"_monsterinsights_skip_tracking":false,"_monsterinsights_sitenote_active":false,"_monsterinsights_sitenote_note":"","_monsterinsights_sitenote_category":0},"product_brand":[],"product_cat":[128,17,112,134,163],"product_tag":[],"class_list":{"0":"post-3055","1":"product","2":"type-product","3":"status-publish","4":"has-post-thumbnail","6":"product_cat-cbd","7":"product_cat-fleurs-cbd","8":"product_cat-fleurs-hydro","9":"product_cat-promos","10":"product_cat-special-noel-oh-max","12":"first","13":"instock","14":"shipping-taxable","15":"purchasable","16":"product-type-variable","17":"has-default-attributes","18":"add-to-wishlist-before_add_to_cart"},"_links":{"self":[{"href":"https:\/\/www.cbdohmax.fr\/index.php?rest_route=\/wp\/v2\/product\/3055","targetHints":{"allow":["GET"]}}],"collection":[{"href":"https:\/\/www.cbdohmax.fr\/index.php?rest_route=\/wp\/v2\/product"}],"about":[{"href":"https:\/\/www.cbdohmax.fr\/index.php?rest_route=\/wp\/v2\/types\/product"}],"replies":[{"embeddable":true,"href":"https:\/\/www.cbdohmax.fr\/index.php?rest_route=%2Fwp%2Fv2%2Fcomments&post=3055"}],"wp:featuredmedia":[{"embeddable":true,"href":"https:\/\/www.cbdohmax.fr\/index.php?rest_route=\/wp\/v2\/media\/2979"}],"wp:attachment":[{"href":"https:\/\/www.cbdohmax.fr\/index.php?rest_route=%2Fwp%2Fv2%2Fmedia&parent=3055"}],"wp:term":[{"taxonomy":"product_brand","embeddable":true,"href":"https:\/\/www.cbdohmax.fr\/index.php?rest_route=%2Fwp%2Fv2%2Fproduct_brand&post=3055"},{"taxonomy":"product_cat","embeddable":true,"href":"https:\/\/www.cbdohmax.fr\/index.php?rest_route=%2Fwp%2Fv2%2Fproduct_cat&post=3055"},{"taxonomy":"product_tag","embeddable":true,"href":"https:\/\/www.cbdohmax.fr\/index.php?rest_route=%2Fwp%2Fv2%2Fproduct_tag&post=3055"}],"curies":[{"name":"wp","href":"https:\/\/api.w.org\/{rel}","templated":true}]}}