{"id":3073,"date":"2023-09-17T21:26:36","date_gmt":"2023-09-17T19:26:36","guid":{"rendered":"https:\/\/www.cbdohmax.fr\/?post_type=product&#038;p=3073"},"modified":"2026-04-02T15:11:38","modified_gmt":"2026-04-02T13:11:38","slug":"jamaican-2","status":"publish","type":"product","link":"https:\/\/www.cbdohmax.fr\/?product=jamaican-2","title":{"rendered":"JAMA\u00cfCAN SMALL BUDS"},"content":{"rendered":"<p>La Jama\u00efcan CBD est une fleur avec des saveurs sucr\u00e9es.<\/p>\n<p>&nbsp;<\/p>\n<p>Elle offre des notes chaleureuses de cr\u00e8me \u00e0 la noisette.<\/p>\n<p>&nbsp;<\/p>\n<p>Cette vari\u00e9t\u00e9 poss\u00e8de de d\u00e9licieux ar\u00f4mes doux parfaitement harmonieux avec des <strong>notes \u00e9pic\u00e9es et fruit\u00e9es<\/strong> (de p\u00eache sucr\u00e9e) suivie d\u2019une t<strong>ouche subtilement bois\u00e9e<\/strong>.<\/p>\n<p>&nbsp;<\/p>\n<p>La Jama\u00efcan CBD se compose de belles t\u00eates, de tailles moyennes \u00e0 grosses, de <strong>couleur vert fonc\u00e9<\/strong>.<\/p>\n<p>&nbsp;<\/p>\n<p>\u00c0 l\u2019ouverture du sachet contenant cette fleur, les premi\u00e8res effluves commenceront d\u00e9j\u00e0 \u00e0 vous enivrer de bonheur.<\/p>\n<p>&nbsp;<\/p>\n<p>La vari\u00e9t\u00e9 Jama\u00efcan est une fleur de CBD issue de <a href=\"https:\/\/www.cbdohmax.fr\/?product_cat=fleurs-sous-serre\">culture sous serre( Greenhouse )<\/a><\/p>\n<p>&nbsp;<\/p>\n<p><strong>Mode de culture Greenhouse :<\/strong><\/p>\n<p>Gr\u00e2ce \u00e0 son intensit\u00e9 de <strong>11% en CBD<\/strong>, la Jama\u00efcan est une vari\u00e9t\u00e9 CBD qui pourra vous procurer des effets aussi bien relaxants que stimulants.<\/p>\n<p>Cette vari\u00e9t\u00e9 viendra calmer vos douleurs inflammatoires ainsi que votre stress.<\/p>\n<p>Elle est une excellente vari\u00e9t\u00e9 pour combattre la d\u00e9pression, mais aussi l\u2019anxi\u00e9t\u00e9.<\/p>\n<p>La Jama\u00efcan CBD est une tr\u00e8s bonne alternative th\u00e9rapeutique pour trouver le sommeil.<\/p>\n<p>Elle est aussi un puissant stimulant pour ouvrir l\u2019app\u00e9tit.<\/p>\n<p>En plus de tous ces bienfaits, la Jama\u00efcan CBD est populaire parmi les consommateurs \u00e0 usage m\u00e9dical pour une liste interminable de raisons.<\/p>\n<p>En effet cette vari\u00e9t\u00e9 est tr\u00e8s efficace dans le traitement des troubles du stress et aussi tr\u00e8s efficace pour traiter l\u2019anxi\u00e9t\u00e9 invalidante, et la nervosit\u00e9 en g\u00e9n\u00e9ral.<\/p>\n<p>La fleur de cannabis Jama\u00efcan est une fleur avec un \u00e9quilibre parfait, stimulation et relaxation.<\/p>\n<p>&nbsp;<\/p>\n<p>Son go\u00fbt subtilement bois\u00e9, fruit\u00e9 et tropical lui a valu en 2011 le <strong>1er prix de la Slovakia Cannabis Cup<\/strong>, ainsi qu&#8217;\u00e0 la <strong>Canarias Cannabis Cup<\/strong>.<\/p>\n<p>La vari\u00e9t\u00e9 de CBD Jama\u00efcan est n\u00e9e d\u2019un mix entre plusieurs vari\u00e9t\u00e9s natives de la Jama\u00efque \u00e0 dominance Sativa.<\/p>\n<p>&nbsp;<\/p>\n<p><a href=\"https:\/\/www.facebook.com\/cbd.oh.max\/\" target=\"_blank\" rel=\"noopener\">CBD OH MAX<\/a>\u00a0vous propose plusieurs m\u00e9thodes de consommations pour les fleurs et r\u00e9sines de CBD.<\/p>\n<p>Rappel : Les fleurs et r\u00e9sines ne doivent en aucun cas \u00eatre fum\u00e9es. Risque important des pertes de terp\u00e8nes ainsi qu\u2019une perte de qualit\u00e9 du produit par cette effet de combustion (exemple : flamme d\u2019un briquet)<\/p>\n<p>Vous pourrez donc choisir entre les diff\u00e9rents modes de consommation cit\u00e9s ci-dessous.<\/p>\n<p>&nbsp;<\/p>\n<p><a href=\"https:\/\/www.cbdohmax.fr\/?product_cat=thes-infusions-cbd\"><strong>En infusion :<\/strong><\/a><\/p>\n<p>Pour cela rien de plus simple !<br \/>\nIl vous suffit de vous pr\u00e9parer de l\u2019eau chaude, comme une tisane classique et y ajouter les fleurs de CBD (infus\u00e9 4 \u00e0 7 minutes) puis rajouter un corps gras comme du lait, de la cr\u00e8me, du beurre ou m\u00eame de l\u2019huile v\u00e9g\u00e9tale.<\/p>\n<p>En effet, n\u2019oublions pas que le CBD est une mol\u00e9cule lipophile et a de ce fait besoin d\u2019un corps gras pour lib\u00e9rer tous ses bienfaits.<\/p>\n<p>L\u2019effet ressenti est : sur la dur\u00e9e.<\/p>\n<p>&nbsp;<\/p>\n<p><a href=\"https:\/\/www.cbdohmax.fr\/?product_cat=vape-cbd\"><strong>En vaporisation :<\/strong><\/a><\/p>\n<p>Si vous n\u2019\u00eates pas un adepte des infusions aux CBD, il existe une autre m\u00e9thode, la vaporisation.<\/p>\n<p>Une autre solution pour b\u00e9n\u00e9ficier plus rapidement des effets de vos fleurs ou r\u00e9sines .<\/p>\n<p>Gr\u00e2ce \u00e0 ce vaporisateur, vous ne perdez pas de terp\u00e8nes ni la qualit\u00e9 des ar\u00f4mes.<\/p>\n<p>Un go\u00fbt exceptionnel.<\/p>\n<p>C\u00f4t\u00e9 effets, la vaporisation permet de r\u00e9v\u00e9ler beaucoup plus rapidement (voire instantan\u00e9ment) les bienfaits des diff\u00e9rents cannabino\u00efdes composants les fleurs ou r\u00e9sines.<\/p>\n<p>Il vous est conseill\u00e9 de r\u00e9gler votre vaporisateur \u00e0 180\u00b0C pour une fleur et jusqu\u2019\u00e0 210\u00b0C pour une r\u00e9sine.<\/p>\n<p>&nbsp;<\/p>\n<p>&nbsp;<\/p>\n<p><em>Des prix variables et d\u00e9gressifs \ud83d\udc4d<\/em><\/p>\n<p>&nbsp;<\/p>\n<p>Toutes les fleurs sont issues d\u2019une agriculture naturelle et respectent les normes en vigueur des pays membres de l\u2019Union Europ\u00e9enne. THC&lt;0,3%<\/p>\n<p>&nbsp;<\/p>\n<p><strong>Stockage Appropri\u00e9<\/strong><\/p>\n<p>Pour pr\u00e9server la fra\u00eecheur et la qualit\u00e9 de la fleur de CBD, conservez l\u00e0 dans un endroit frais, sombre et sec, de pr\u00e9f\u00e9rence dans un r\u00e9cipient herm\u00e9tique. \u00c9vitez l\u2019exposition \u00e0 la lumi\u00e8re directe du soleil et \u00e0 l\u2019humidit\u00e9 excessive.<\/p>\n","protected":false},"excerpt":{"rendered":"<p>LA SATIVA DU SOLEIL : LA JAMA\u00cfCAN CBD<\/p>\n<p>La fleur Jama\u00efcan 11% CBD est reconnue pour ses vertus anti-stress, efficace contre l\u2019anxi\u00e9t\u00e9, am\u00e9liore la qualit\u00e9 de sommeil et anti douleurs.<\/p>\n<p>Des ar\u00f4mes poivr\u00e9es avec des odeurs de citrons combin\u00e9s \u00e0 une forte odeur de bois de santal.<\/p>\n<p>La fleur Jama\u00efcan se compose de t\u00eate bien compactes.<\/p>\n<p>&nbsp;<\/p>\n<p>La vari\u00e9t\u00e9 Jama\u00efcan est une fleur de CBD issue de culture sous serre ( Greenhouse )<\/p>\n<p>&nbsp;<\/p>\n<p style=\"text-align: center;\"><strong>\ud83c\udf40 PROMOTIONS GROS VOLUMES \ud83c\udf40<\/strong><\/p>\n<p style=\"text-align: center;\"><strong>DISPONIBLES EN 5 Gr \u2013 10 Gr \u2013 25 Gr \u2013 50 Gr<\/strong><\/p>\n<p style=\"text-align: center;\"><strong>\u00c0 PARTIR DE 0,80 \u20ac \/ Gr<\/strong><\/p>\n<p style=\"text-align: center;\">\ud83c\udf40\ud83c\udf40\ud83c\udf40<\/p>\n","protected":false},"featured_media":2914,"comment_status":"open","ping_status":"closed","template":"","meta":{"om_disable_all_campaigns":false,"_monsterinsights_skip_tracking":false,"_monsterinsights_sitenote_active":false,"_monsterinsights_sitenote_note":"","_monsterinsights_sitenote_category":0},"product_brand":[],"product_cat":[128,17,74,159,134,92],"product_tag":[],"class_list":{"0":"post-3073","1":"product","2":"type-product","3":"status-publish","4":"has-post-thumbnail","6":"product_cat-cbd","7":"product_cat-fleurs-cbd","8":"product_cat-fleurs-sous-serre","9":"product_cat-gros-volumes","10":"product_cat-promos","11":"product_cat-small-buds","13":"first","14":"instock","15":"sale","16":"shipping-taxable","17":"purchasable","18":"product-type-variable","19":"has-default-attributes","20":"add-to-wishlist-before_add_to_cart"},"_links":{"self":[{"href":"https:\/\/www.cbdohmax.fr\/index.php?rest_route=\/wp\/v2\/product\/3073","targetHints":{"allow":["GET"]}}],"collection":[{"href":"https:\/\/www.cbdohmax.fr\/index.php?rest_route=\/wp\/v2\/product"}],"about":[{"href":"https:\/\/www.cbdohmax.fr\/index.php?rest_route=\/wp\/v2\/types\/product"}],"replies":[{"embeddable":true,"href":"https:\/\/www.cbdohmax.fr\/index.php?rest_route=%2Fwp%2Fv2%2Fcomments&post=3073"}],"wp:featuredmedia":[{"embeddable":true,"href":"https:\/\/www.cbdohmax.fr\/index.php?rest_route=\/wp\/v2\/media\/2914"}],"wp:attachment":[{"href":"https:\/\/www.cbdohmax.fr\/index.php?rest_route=%2Fwp%2Fv2%2Fmedia&parent=3073"}],"wp:term":[{"taxonomy":"product_brand","embeddable":true,"href":"https:\/\/www.cbdohmax.fr\/index.php?rest_route=%2Fwp%2Fv2%2Fproduct_brand&post=3073"},{"taxonomy":"product_cat","embeddable":true,"href":"https:\/\/www.cbdohmax.fr\/index.php?rest_route=%2Fwp%2Fv2%2Fproduct_cat&post=3073"},{"taxonomy":"product_tag","embeddable":true,"href":"https:\/\/www.cbdohmax.fr\/index.php?rest_route=%2Fwp%2Fv2%2Fproduct_tag&post=3073"}],"curies":[{"name":"wp","href":"https:\/\/api.w.org\/{rel}","templated":true}]}}