{"id":3207,"date":"2023-11-12T20:36:59","date_gmt":"2023-11-12T19:36:59","guid":{"rendered":"https:\/\/www.cbdohmax.fr\/?post_type=product&#038;p=3207"},"modified":"2025-11-14T12:41:33","modified_gmt":"2025-11-14T11:41:33","slug":"lemon-candy-kush","status":"publish","type":"product","link":"https:\/\/www.cbdohmax.fr\/?product=lemon-candy-kush","title":{"rendered":"LEMON CANDY KUSH HYDRO"},"content":{"rendered":"<p>Fleur de CBD Lemon Candy Kush, une vari\u00e9t\u00e9 de CBD qui va r\u00e9veiller vos sens et \u00e9gayer votre journ\u00e9e !<\/p>\n<p>La fleur de CBD Lemon Candy Kush, un go\u00fbt citron sucr\u00e9 et son ar\u00f4me de citron frais \u00e9pic\u00e9, d\u2019o\u00f9 son nom exceptionnel.<\/p>\n<p>La fleur Lemon Candy Kush de CBD ne se limite pas seulement \u00e0 son d\u00e9licieux go\u00fbt.<\/p>\n<p>C&#8217;est une fleur de CBD de haute qualit\u00e9 en culture hydroponique, riche en CBD, cultiv\u00e9e avec le plus grand soin.<\/p>\n<p>La fleur de CBD Lemon Candy Kush est issue d&#8217;une culture hydroponique hautement qualitative, sans sol, et b\u00e9n\u00e9ficie d&#8217;une attention particuli\u00e8re \u00e0 chaque \u00e9tape de sa croissance.<\/p>\n<p>Ce mode de culture permet d&#8217;optimiser les conditions de d\u00e9veloppement de la plante, garantissant ainsi une fleur riche en cannabino\u00efdes soit de 20% et en terp\u00e8nes ( go\u00fbt ), mais avec un taux de THC inf\u00e9rieur \u00e0 la limite l\u00e9gale soit THC&lt;0,3%.<\/p>\n<p>En plus de ravir vos papilles gustatives avec son ar\u00f4me citronn\u00e9, cette vari\u00e9t\u00e9 de CBD offre des effets relaxants et apaisants qui peuvent vous aider \u00e0 vous d\u00e9tendre apr\u00e8s une longue journ\u00e9e, \u00e0 soulager le stress et \u00e0 favoriser un sentiment de bien-\u00eatre g\u00e9n\u00e9ral.<\/p>\n<p>La vari\u00e9t\u00e9 de CBD Lemon Candy Kush est id\u00e9ale pour ceux qui recherchent les bienfaits du CBD tout en appr\u00e9ciant une exp\u00e9rience sensorielle agr\u00e9able.<\/p>\n<p>\ud83c\udf40\ud83c\udf40\ud83c\udf40<\/p>\n<p>CARACT\u00c9RISTIQUES COMPLETS<\/p>\n<p>Le nom Lemon Candy Kush fait partie de fleurs de chanvre, connues pour leur go\u00fbt et leur ar\u00f4me de citron<\/p>\n<p>D\u2019o\u00f9 son mode de culture, il s&#8217;agit d\u2019une fleur de chanvre de haute qualit\u00e9, riche en CBD, cultiv\u00e9e principalement dans des environnements tr\u00e8s contr\u00f4l\u00e9s, afin de garantir des conditions de croissance optimales.<\/p>\n<p>La fleur de CBD Lemon Candy Kush est cultiv\u00e9e selon une m\u00e9thode appel\u00e9e hydroponie ou hydroculture.<\/p>\n<p>Cette m\u00e9thode permet de cultiver les plantes dans un environnement sans terre, ce qui permet un contr\u00f4le pr\u00e9cis de l&#8217;apport en nutriments et des niveaux d&#8217;eau.<\/p>\n<p>Un mode de culture ancien :<\/p>\n<p>La culture hydroponique est une technique des plus ancienne, c\u2019est \u00e0 dire, une culture hors-sol.<\/p>\n<p>Pour cela, la terre qui est habituellement utilis\u00e9e est remplac\u00e9e par un substrat st\u00e9rile, comme des billes d&#8217;argile ou de la laine de roche.<\/p>\n<p>En hydroponie, les plantes sont g\u00e9n\u00e9ralement cultiv\u00e9es dans une solution riche en nutriments qui circule en permanence afin de garantir qu&#8217;elles re\u00e7oivent tous les min\u00e9raux et \u00e9l\u00e9ments n\u00e9cessaires \u00e0 une croissance optimale.<\/p>\n<p>Cette solution est souvent compos\u00e9e d&#8217;eau et d&#8217;un m\u00e9lange de nutriments soigneusement \u00e9quilibr\u00e9, qui peut \u00eatre ajust\u00e9 en fonction des besoins sp\u00e9cifiques des plantes.<\/p>\n<p>L&#8217;un des principaux avantages de la culture hydroponique de fleurs de CBD est qu&#8217;elle permet une croissance plus rapide et des rendements plus \u00e9lev\u00e9s que les m\u00e9thodes de culture traditionnelles bas\u00e9es sur le sol.<\/p>\n<p>En effet, les plantes sont capables d&#8217;absorber les nutriments plus efficacement dans un syst\u00e8me hydroponique, ce qui se traduit par une croissance plus saine et plus robuste.<\/p>\n<p>Pour cultiver la Lemon Candy Kush en hydroponie, la premi\u00e8re \u00e9tape consiste \u00e0 s\u00e9lectionner des graines ou des clones de haute qualit\u00e9.<\/p>\n<p>Une fois les plantes \u00e9tablies, elles sont g\u00e9n\u00e9ralement plac\u00e9es dans un environnement contr\u00f4l\u00e9, comme une serre ou une salle de culture int\u00e9rieure, o\u00f9 les conditions telles que la temp\u00e9rature, l&#8217;humidit\u00e9 et l&#8217;\u00e9clairage peuvent \u00eatre soigneusement contr\u00f4l\u00e9es et ajust\u00e9es.<\/p>\n<p>Dans un syst\u00e8me hydroponique, les plantes sont g\u00e9n\u00e9ralement plac\u00e9es dans des conteneurs individuels ou des plateaux remplis d&#8217;un milieu de culture inerte, tel que la perlite ou le coco-coir.<\/p>\n<p>Ce milieu aide \u00e0 soutenir les plantes et fourni une zone racinaire stable pour une absorption optimale des nutriments.<\/p>\n<p>La solution nutritive est ensuite achemin\u00e9e vers les plantes par un r\u00e9seau de tubes ou de canaux, ce qui garantit que chaque plante re\u00e7oit un apport ad\u00e9quat en eau et en nutriments.<\/p>\n<p>Ces syst\u00e8mes peuvent \u00eatre automatis\u00e9s, avec des pompes et des minuteries contr\u00f4lant l&#8217;apport de la solution nutritive \u00e0 des intervalles sp\u00e9cifiques.<\/p>\n<p>Tout au long du cycle de croissance, il est important de surveiller les niveaux de pH de la solution nutritive afin de s&#8217;assurer qu&#8217;ils restent dans la plage optimale pour l&#8217;absorption des nutriments.<\/p>\n<p>En outre, la surveillance r\u00e9guli\u00e8re d&#8217;autres facteurs tels que la temp\u00e9rature, l&#8217;humidit\u00e9 et l&#8217;intensit\u00e9 de l&#8217;\u00e9clairage est cruciale pour maintenir des conditions de croissance optimales.<\/p>\n<p>Au fur et \u00e0 mesure que les plantes m\u00fbrissent, elles auront besoin de diff\u00e9rents ratios de nutriments \u00e0 diff\u00e9rents stades de leur croissance.<\/p>\n<p>Pour se faire, il convient d&#8217;ajuster la composition de la solution nutritive en cons\u00e9quence.<\/p>\n<p>Il est important de fournir aux plantes le bon \u00e9quilibre de macronutriments (tels que l&#8217;azote, le phosphore et le potassium) ainsi que de micronutriments (tels que le fer, le calcium et le magn\u00e9sium) pour favoriser une croissance saine et la production de CBD.<\/p>\n<p>Une fois que les fleurs de Lemon Candy Kush ont atteint le niveau de maturit\u00e9 souhait\u00e9, elles peuvent \u00eatre r\u00e9colt\u00e9es et s\u00e9ch\u00e9es avant d&#8217;\u00eatre transform\u00e9es en divers produits \u00e0 base de CBD.<\/p>\n<p>Les m\u00e9thodes sp\u00e9cifiques de s\u00e9chage et de traitement peuvent varier en fonction du produit final souhait\u00e9.<\/p>\n<p>En conclusion, la culture hydroponique de la fleur de CBD Lemon Candy Kush permet un contr\u00f4le pr\u00e9cis de l&#8217;apport en nutriments et des niveaux d&#8217;eau, ce qui se traduit par une croissance plus rapide et des rendements plus \u00e9lev\u00e9s que les m\u00e9thodes de culture traditionnelles bas\u00e9es sur le sol.<\/p>\n<p>Cette m\u00e9thode garantit que les plantes re\u00e7oivent tous les nutriments n\u00e9cessaires pour une croissance et une production de CBD optimales.<\/p>\n<p>La fleur de CBD Lemon Candy Kush se caract\u00e9rise par sa couleur verte vibrante entrecoup\u00e9e de pistils orange.<\/p>\n<p>Les pistils sont les parties reproductrices femelles de la fleur, qui commencent par des fils blancs et se transforment en une couleur orange vive, ce qui ajoute \u00e0 l&#8217;attrait visuel de ces fleurs.<\/p>\n<p>La pr\u00e9sence de ces pistils est typiquement le signe d&#8217;une plante de chanvre saine et bien pollinis\u00e9e.<\/p>\n<p>Cependant, ce qui distingue les fleurs de CBD Lemon Candy Kush, c&#8217;est leur go\u00fbt et leur ar\u00f4me incomparables.<\/p>\n<p>Comme leur nom l&#8217;indique, ces fleurs ont une saveur citronn\u00e9e distincte, associ\u00e9e \u00e0 une note sucr\u00e9e qui rappelle les bonbons.<\/p>\n<p>Ce profil de saveur unique est largement attribuable \u00e0 la forte concentration de terp\u00e8nes, des compos\u00e9s aromatiques que l&#8217;on trouve dans de nombreuses plantes, dont le chanvre.<\/p>\n<p>En outre, les fleurs de CBD Lemon Candy Kush sont appr\u00e9ci\u00e9es pour leurs bienfaits th\u00e9rapeutiques potentiels.<\/p>\n<p>Le CBD ou cannabidiol est un compos\u00e9 non psychoactif que l&#8217;on trouve dans les plantes de cannabis et qui a \u00e9t\u00e9 associ\u00e9 \u00e0 une s\u00e9rie de bienfaits pour la sant\u00e9, allant du soulagement de la douleur \u00e0 la r\u00e9duction de l&#8217;anxi\u00e9t\u00e9.<\/p>\n<p>Par cons\u00e9quent, ces fleurs offrent non seulement une exp\u00e9rience sensorielle d\u00e9licieuse, mais aussi des avantages potentiels en termes de bien-\u00eatre, ce qui en fait un choix privil\u00e9gi\u00e9 pour de nombreux consommateurs sur le march\u00e9 en pleine croissance des produits \u00e0 base de CBD.<\/p>\n<p>Les principaux ar\u00f4mes et saveurs de la fleur de CBD Lemon Candy Kush<\/p>\n<p>La fleur CBD Lemon Candy Kush est une vari\u00e9t\u00e9 populaire connue pour ses ar\u00f4mes et ses saveurs uniques qui plaisent \u00e0 un large \u00e9ventail d&#8217;amateurs de cannabis.<\/p>\n<p>Comme son nom l&#8217;indique, le parfum et le go\u00fbt dominants sont ceux du citron.<\/p>\n<p>La fra\u00eecheur piquante de cet agrume est la premi\u00e8re chose qui frappe les sens lorsqu&#8217;on rencontre cette vari\u00e9t\u00e9.<\/p>\n<p>L&#8217;ar\u00f4me est souvent d\u00e9crit comme vif et stimulant, englobant une note citronn\u00e9e rafra\u00eechissante qui peut instantan\u00e9ment am\u00e9liorer l&#8217;humeur.<\/p>\n<p>Cependant, la complexit\u00e9 de la fleur de CBD Lemon Candy ne s&#8217;arr\u00eate pas \u00e0 son attrait pour les agrumes.<\/p>\n<p>Il y a une odeur de skunk haze qui compl\u00e8te parfaitement la saveur citronn\u00e9e \u00e9pic\u00e9e, ajoutant un peu de robustesse d\u2019\u00e9pice pour \u00e9quilibrer l&#8217;acidit\u00e9 du citron.<\/p>\n<p>Cette note florale est une caract\u00e9ristique commune \u00e0 de nombreuses vari\u00e9t\u00e9s de cannabis, et dans la fleur de CBD Lemon Candy Kush, elle sert \u00e0 souligner la richesse et la profondeur de l&#8217;ar\u00f4me global.<\/p>\n<p>En termes de saveur, la fleur de CBD Lemon Candy Kush pr\u00e9sente un d\u00e9licieux m\u00e9lange de notes sucr\u00e9es et acides.<\/p>\n<p>Le go\u00fbt initial est principalement sucr\u00e9, rappelant presque les bonbons durs au citron.<\/p>\n<p>Il est suivi d&#8217;une subtile aigreur qui persiste en bouche, ajoutant une autre couche \u00e0 son profil de saveur.<\/p>\n<p>Cet \u00e9quilibre entre douceur et acidit\u00e9 fait de la fleur Lemon Candy Kush CBD une vari\u00e9t\u00e9 exceptionnelle pour ceux qui aiment les saveurs nuanc\u00e9es.<\/p>\n<p>En r\u00e9sum\u00e9, la fleur de CBD Lemon Candy Kush offre un assortiment complexe d&#8217;ar\u00f4mes et de saveurs.<\/p>\n<p>Son odeur de citron vif, soulign\u00e9e par une note \u00e9pic\u00e9e, offre un profil olfactif engageant.<\/p>\n<p>En m\u00eame temps, son go\u00fbt sucr\u00e9 mais l\u00e9g\u00e8rement acidul\u00e9 garantit une exp\u00e9rience gustative unique.<\/p>\n<p>Cette combinaison de fra\u00eecheur d&#8217;agrumes et de notes d\u2019\u00e9pices fait de la fleur de CBD Lemon Candy Kush un choix intriguant pour les consommateurs de cannabis, qu&#8217;ils soient novices ou exp\u00e9riment\u00e9s..<\/p>\n<p>La Lemon Candy Kush CBD est une hybride Lemon Candy et d\u2019une Skunk Haze.<\/p>\n<p>Les effets typiques de la fleur de CBD Lemon Candy Kush<\/p>\n<p>Les fleurs de Lemon Candy, connues pour leur taille \u00e9clatante et leur parfum rafra\u00eechissant, se sont r\u00e9v\u00e9l\u00e9es offrir une vari\u00e9t\u00e9 d&#8217;effets typiques qui peuvent \u00eatre particuli\u00e8rement b\u00e9n\u00e9fiques.<\/p>\n<p>L&#8217;un des effets les plus significatifs est leur r\u00f4le potentiel dans la r\u00e9duction de l&#8217;anxi\u00e9t\u00e9 et du stress.<\/p>\n<p>L&#8217;ar\u00f4me agr\u00e9able et citronn\u00e9 de ces fleurs a \u00e9t\u00e9 observ\u00e9 pour induire un effet calmant et relaxant sur l&#8217;esprit, ce qui peut \u00eatre particuli\u00e8rement utile dans des situations de stress et d&#8217;anxi\u00e9t\u00e9 \u00e9lev\u00e9s.<\/p>\n<p>Le parfum des fleurs de CBD Lemon Candy Kush a quelque chose de particuli\u00e8rement apaisant qui en fait un excellent rem\u00e8de naturel pour ceux qui cherchent \u00e0 att\u00e9nuer les facteurs de stress quotidiens.<\/p>\n<p>L&#8217;incorporation de ces fleurs dans votre environnement peut le transformer en un havre de s\u00e9r\u00e9nit\u00e9, offrant un r\u00e9pit bien n\u00e9cessaire face \u00e0 l&#8217;agitation de la vie quotidienne.<\/p>\n<p>De plus, les fleurs de CBD Lemon Candy Kush ont une taille importante, ce qui en fait un ajout visuellement attrayant \u00e0 n&#8217;importe quel espace.<\/p>\n<p>La fra\u00eecheur de ces fleurs contribue non seulement \u00e0 la puissance de leur ar\u00f4me, mais aussi \u00e0 leur qualit\u00e9 g\u00e9n\u00e9rale et \u00e0 leur efficacit\u00e9.<\/p>\n<p>L&#8217;un des moyens les plus efficaces de conserver ces fleurs est l&#8217;utilisation de doy packs ( pochette avec Zip )<\/p>\n<p>Les doy packs, \u00e9galement connus sous le nom de &#8220;stand-up pouches&#8221;, sont r\u00e9put\u00e9s pour leur efficacit\u00e9 \u00e0 pr\u00e9server la fra\u00eecheur de divers produits, y compris les fleurs de Lemon Candy Kush.<\/p>\n<p>Ils constituent une enceinte herm\u00e9tique qui prot\u00e8ge le produit de l&#8217;exposition \u00e0 l&#8217;air et \u00e0 l&#8217;humidit\u00e9, deux \u00e9l\u00e9ments susceptibles de d\u00e9grader consid\u00e9rablement la fra\u00eecheur et la puissance des fleurs de la Lemon Candy Kush.<\/p>\n<p>Pour utiliser cette m\u00e9thode, vous devez d&#8217;abord vous assurer que vos fleurs de Lemon Candy Kush sont compl\u00e8tement s\u00e8ches avant de les stocker.<\/p>\n<p>L&#8217;humidit\u00e9 peut entra\u00eener la formation de moisissures, ce qui peut ruiner vos fleurs.<\/p>\n<p>Apr\u00e8s avoir v\u00e9rifi\u00e9 que vos fleurs sont bien s\u00e8ches, vous pouvez les placer dans votre emballage doypack CBD OH MAX.<\/p>\n<p>Il est essentiel de bien fermer le doy pack pour emp\u00eacher l&#8217;air d&#8217;y p\u00e9n\u00e9trer.<\/p>\n<p>De nombreux doy packs sont dot\u00e9s d&#8217;une fermeture \u00e0 glissi\u00e8re refermable, ce qui les rend r\u00e9utilisables et id\u00e9aux pour prolonger la fra\u00eecheur de vos fleurs de Lemon Candy Kush.<\/p>\n<p>Outre l&#8217;utilisation d&#8217;un doy pack, vous devez \u00e9galement conserver vos fleurs de Lemon Candy Kush dans un endroit frais et sombre, \u00e0 l&#8217;abri de la lumi\u00e8re directe du soleil.<\/p>\n<p>La chaleur et la lumi\u00e8re peuvent d\u00e9grader la teneur en CBD ainsi que les autres compos\u00e9s essentiels pr\u00e9sents dans ces fleurs.<\/p>\n<p>En suivant ces m\u00e9thodes de conservation, vous pourrez pr\u00e9server efficacement la fra\u00eecheur de vos fleurs de Lemon Candy Kush et profiter longtemps de leur riche ar\u00f4me et de leurs puissants bienfaits en termes de CBD.<\/p>\n<p>&nbsp;<\/p>\n<p>&nbsp;<\/p>\n<p><strong><a href=\"https:\/\/www.facebook.com\/cbd.oh.max\" target=\"_blank\" rel=\"noopener\">CBD OH MAX<\/a>\u00a0vous propose plusieurs m\u00e9thodes de consommation pour les fleurs et r\u00e9sines de CBD.<\/strong><\/p>\n<p><strong>Rappel<\/strong>\u00a0: Les fleurs et r\u00e9sines ne doivent en aucun cas \u00eatre fum\u00e9es. Risque important des pertes de terp\u00e8nes ainsi qu\u2019une perte de qualit\u00e9 du produit par cette effet de combustion (exemple : flamme d\u2019un briquet)<\/p>\n<p>Vous pourrez donc choisir entre les diff\u00e9rents modes de consommation cit\u00e9s ci-dessous.<\/p>\n<p><strong><a href=\"https:\/\/www.cbdohmax.fr\/?product_cat=thes-infusions-cbd\">En infusion :<\/a><\/strong><\/p>\n<p>Pour cela rien de plus simple !<br \/>\nIl vous suffit de vous pr\u00e9parer de l\u2019eau chaude, comme une tisane classique et y ajouter les fleurs de CBD (infus\u00e9 4 \u00e0 7 minutes) puis rajouter un corps gras comme du lait, de la cr\u00e8me, du beurre ou m\u00eame de l\u2019huile v\u00e9g\u00e9tale.<br \/>\nEn effet, n\u2019oublions pas que le CBD est une mol\u00e9cule lipophile et a de ce fait besoin d\u2019un corps gras pour lib\u00e9rer tous ses bienfaits.<br \/>\nL\u2019effet ressenti est : sur la dur\u00e9e.<\/p>\n<p><strong><a href=\"https:\/\/www.cbdohmax.fr\/?product_cat=vaporisateurs\">En vaporisation :<\/a><\/strong><\/p>\n<p>Si vous n\u2019\u00eates pas un adepte des infusions aux CBD, il existe une autre m\u00e9thode, la vaporisation.<br \/>\nUne autre solution pour b\u00e9n\u00e9ficier plus rapidement des effets de vos fleurs ou r\u00e9sines .<br \/>\nGr\u00e2ce \u00e0 ce vaporisateur, vous ne perdez pas de terp\u00e8nes ni la qualit\u00e9. Des ar\u00f4mes d\u2019un go\u00fbt exceptionnel.<br \/>\nC\u00f4t\u00e9 effets, la vaporisation permet de r\u00e9v\u00e9ler beaucoup plus rapidement (voire instantan\u00e9ment) les bienfaits des diff\u00e9rents cannabino\u00efdes composants les fleurs ou r\u00e9sines.<br \/>\nIl vous est conseill\u00e9 de r\u00e9gler votre vaporisateur \u00e0 180\u00b0C pour une fleur et jusqu\u2019\u00e0 210\u00b0C pour une r\u00e9sine.<\/p>\n<p>&nbsp;<\/p>\n<p>Des prix variables et d\u00e9gressifs \ud83d\udc4d<\/p>\n<p>&nbsp;<\/p>\n<p>Toutes les fleurs sont issues d\u2019une agriculture naturelle et respectent les normes en vigueur des pays membres de l\u2019Union Europ\u00e9enne. THC&lt;0,3%<\/p>\n","protected":false},"excerpt":{"rendered":"<p>Cette combinaison de fra\u00eecheur d&#8217;agrumes et de notes d\u2019\u00e9pices fait de la fleur de CBD Lemon Candy Kush un choix intriguant pour les consommateurs de cannabis, qu&#8217;ils soient novices ou exp\u00e9riment\u00e9s..<\/p>\n<p>La Lemon Candy Kush CBD est une hybride Lemon Candy et d\u2019une Skunk Haze.<\/p>\n<p>Les effets typiques de la fleur de CBD Lemon Candy Kush<\/p>\n<p>Les fleurs de Lemon Candy, connues pour leur taille \u00e9clatante et leur parfum rafra\u00eechissant, se sont r\u00e9v\u00e9l\u00e9es offrir une vari\u00e9t\u00e9 d&#8217;effets typiques qui peuvent \u00eatre particuli\u00e8rement b\u00e9n\u00e9fiques.<\/p>\n<p>L&#8217;un des effets les plus significatifs est leur r\u00f4le potentiel dans la r\u00e9duction de l&#8217;anxi\u00e9t\u00e9 et du stress.<\/p>\n<p>L&#8217;ar\u00f4me agr\u00e9able et citronn\u00e9 de ces fleurs a \u00e9t\u00e9 observ\u00e9 pour induire un effet calmant et relaxant sur l&#8217;esprit, ce qui peut \u00eatre particuli\u00e8rement utile dans des situations de stress et d&#8217;anxi\u00e9t\u00e9 \u00e9lev\u00e9s.<\/p>\n<p>Le parfum des fleurs de CBD Lemon Candy Kush a quelque chose de particuli\u00e8rement apaisant qui en fait un excellent rem\u00e8de naturel pour ceux qui cherchent \u00e0 att\u00e9nuer les facteurs de stress quotidiens.<\/p>\n","protected":false},"featured_media":3239,"comment_status":"open","ping_status":"closed","template":"","meta":{"om_disable_all_campaigns":false,"_monsterinsights_skip_tracking":false,"_monsterinsights_sitenote_active":false,"_monsterinsights_sitenote_note":"","_monsterinsights_sitenote_category":0},"product_brand":[],"product_cat":[128,17,112,134,163],"product_tag":[],"class_list":{"0":"post-3207","1":"product","2":"type-product","3":"status-publish","4":"has-post-thumbnail","6":"product_cat-cbd","7":"product_cat-fleurs-cbd","8":"product_cat-fleurs-hydro","9":"product_cat-promos","10":"product_cat-special-noel-oh-max","12":"first","13":"instock","14":"sale","15":"shipping-taxable","16":"purchasable","17":"product-type-variable","18":"has-default-attributes","19":"add-to-wishlist-before_add_to_cart"},"_links":{"self":[{"href":"https:\/\/www.cbdohmax.fr\/index.php?rest_route=\/wp\/v2\/product\/3207","targetHints":{"allow":["GET"]}}],"collection":[{"href":"https:\/\/www.cbdohmax.fr\/index.php?rest_route=\/wp\/v2\/product"}],"about":[{"href":"https:\/\/www.cbdohmax.fr\/index.php?rest_route=\/wp\/v2\/types\/product"}],"replies":[{"embeddable":true,"href":"https:\/\/www.cbdohmax.fr\/index.php?rest_route=%2Fwp%2Fv2%2Fcomments&post=3207"}],"wp:featuredmedia":[{"embeddable":true,"href":"https:\/\/www.cbdohmax.fr\/index.php?rest_route=\/wp\/v2\/media\/3239"}],"wp:attachment":[{"href":"https:\/\/www.cbdohmax.fr\/index.php?rest_route=%2Fwp%2Fv2%2Fmedia&parent=3207"}],"wp:term":[{"taxonomy":"product_brand","embeddable":true,"href":"https:\/\/www.cbdohmax.fr\/index.php?rest_route=%2Fwp%2Fv2%2Fproduct_brand&post=3207"},{"taxonomy":"product_cat","embeddable":true,"href":"https:\/\/www.cbdohmax.fr\/index.php?rest_route=%2Fwp%2Fv2%2Fproduct_cat&post=3207"},{"taxonomy":"product_tag","embeddable":true,"href":"https:\/\/www.cbdohmax.fr\/index.php?rest_route=%2Fwp%2Fv2%2Fproduct_tag&post=3207"}],"curies":[{"name":"wp","href":"https:\/\/api.w.org\/{rel}","templated":true}]}}