{"id":3303,"date":"2023-11-14T23:04:49","date_gmt":"2023-11-14T22:04:49","guid":{"rendered":"https:\/\/www.cbdohmax.fr\/?post_type=product&#038;p=3303"},"modified":"2025-03-13T18:50:43","modified_gmt":"2025-03-13T17:50:43","slug":"diesel-small-buds-2","status":"publish","type":"product","link":"https:\/\/www.cbdohmax.fr\/?product=diesel-small-buds-2","title":{"rendered":"DIESEL SMALL BUDS"},"content":{"rendered":"<p>Dans l&#8217;ensemble, la fleur Diesel Small Buds est un excellent choix pour ceux qui recherchent une fleur de chanvre de haute qualit\u00e9 et abordable.<\/p>\n<p>&nbsp;<\/p>\n<p>Sa petite taille et son intensit\u00e9 en CBD en font une option id\u00e9ale pour la culture en ext\u00e9rieur, tandis que son go\u00fbt doux et l\u00e9ger et son parfum unique en font un excellent choix pour ceux qui recherchent quelque chose de vraiment unique.<\/p>\n<p>&nbsp;<\/p>\n<p>Si vous recherchez un produit de cannabis au go\u00fbt agr\u00e9able et l\u00e9ger et \u00e0 l&#8217;ar\u00f4me fruit\u00e9, alors les fleurs Diesel CBD Small Buds sont peut-\u00eatre le choix id\u00e9al pour vous !<\/p>\n<p>&nbsp;<\/p>\n<p>Ces petits bourgeons ont une saveur incroyablement douce, \u00e0 la fois terreuse et fruit\u00e9e, ce qui en fait un excellent choix pour les utilisateurs de cannabis exp\u00e9riment\u00e9s et novices.<\/p>\n<p>&nbsp;<\/p>\n<p>L&#8217;avantage le plus \u00e9vident de l&#8217;utilisation des fleurs de CBD Small Buds est leur go\u00fbt.<\/p>\n<p>&nbsp;<\/p>\n<p>Ce m\u00e9lange unique de douceur et de terre est s\u00fbr de satisfaire m\u00eame les palais les plus difficiles.<\/p>\n<p>&nbsp;<\/p>\n<p>De plus, le go\u00fbt l\u00e9ger est s\u00fbr de rendre votre exp\u00e9rience agr\u00e9able, sans \u00eatre trop intense ou \u00e9crasant.<\/p>\n<p>&nbsp;<\/p>\n<p>Un autre avantage des fleurs Small Buds CBD est leur forte teneur en CBD.<\/p>\n<p>&nbsp;<\/p>\n<p>Le CBD, ou cannabidiol, est l&#8217;un des compos\u00e9s th\u00e9rapeutiques les plus recherch\u00e9 dans le cannabis, car il pr\u00e9sente de nombreux avantages potentiels pour la sant\u00e9.<\/p>\n<p>&nbsp;<\/p>\n<p>Avec les fleurs Small Buds CBD, vous pouvez profiter des bienfaits th\u00e9rapeutiques du CBD sans avoir \u00e0 vous soucier des effets du THC.<\/p>\n<p>&nbsp;<\/p>\n<p>Enfin, les fleurs de CBD Small Buds sont incroyablement faciles \u00e0 utiliser.<\/p>\n<p>&nbsp;<\/p>\n<p>Que vous les utilisiez pour fumer, cuisiner ou pr\u00e9parer votre propre teinture de CBD, ces petits bourgeons sont faciles \u00e0 manipuler et \u00e0 travailler.<\/p>\n<p>&nbsp;<\/p>\n<p>Avec tous ces avantages, il n&#8217;est pas \u00e9tonnant que les fleurs de CBD Small Buds deviennent de plus en plus populaires parmi les amateurs de cannabis.<\/p>\n<p>&nbsp;<\/p>\n<p>Si vous \u00eates \u00e0 la recherche d&#8217;un produit de cannabis savoureux et \u00e0 forte teneur en CBD, les fleurs de CBD Small Bud sont peut-\u00eatre le choix id\u00e9al pour vous !<\/p>\n<p>&nbsp;<\/p>\n<p>La Diesel Small Buds est une version hybride d\u2019une vari\u00e9t\u00e9 de CBD Diesel.<\/p>\n<p>&nbsp;<\/p>\n<p>Elle est cultiv\u00e9e en plein air, en utilisant des ressources naturelles et des pratiques biologiques.<\/p>\n<p>&nbsp;<\/p>\n<p>Elle est exempte de pesticides et poss\u00e8de une saveur douce et l\u00e9g\u00e8re.<\/p>\n<p>&nbsp;<\/p>\n<p>Cette vari\u00e9t\u00e9 est connue pour sa qualit\u00e9 sup\u00e9rieure et est populaire parmi les utilisateurs professionnels.<\/p>\n<p>&nbsp;<\/p>\n<p>En ce qui concerne les utilisations de la fleur de CBD Diesel Small Buds, elle peut \u00eatre utilis\u00e9e \u00e0 des fins diverses.<\/p>\n<p>&nbsp;<\/p>\n<p>La fleur peut \u00eatre utilis\u00e9e pour l&#8217;infusion ou pour la vaporisation.<\/p>\n<p>&nbsp;<\/p>\n<p>Si vous recherchez une vari\u00e9t\u00e9 de chanvre cultiv\u00e9e en plein air, \u00e0 la saveur l\u00e9g\u00e8rement sucr\u00e9e, la fleur de CBD Diesel Small Buds vaut vraiment la peine d&#8217;\u00eatre essay\u00e9e.<\/p>\n<p>&nbsp;<\/p>\n<p>De plus, gr\u00e2ce \u00e0 ses pratiques naturelles et biologiques, vous pouvez \u00eatre s\u00fbr qu&#8217;il ne contient aucun pesticide, et la consommer en toute s\u00e9r\u00e9nit\u00e9 !<\/p>\n<p>&nbsp;<\/p>\n<p>Les fleurs de CBD Small Buds Diesel pr\u00e9sentent de nombreux avantages dont vous devez absolument \u00eatre conscient.<\/p>\n<p>&nbsp;<\/p>\n<p>Pour commencer, elles ont un go\u00fbt et un parfum vraiment unique.<\/p>\n<p>&nbsp;<\/p>\n<p>Il s&#8217;agit d&#8217;un m\u00e9lange agr\u00e9able qui a un effet \u00e0 la fois doux et puissant.<\/p>\n<p>&nbsp;<\/p>\n<p>Beaucoup de ceux qui les ont essay\u00e9s rapportent une sensation vraiment agr\u00e9able qui aide \u00e0 r\u00e9duire le stress et l&#8217;inflammation.<\/p>\n<p>&nbsp;<\/p>\n<p>Certains disent m\u00eame qu&#8217;ils aident \u00e0 cr\u00e9er un sentiment de z\u00e9nitude et de relaxation.<\/p>\n<p>&nbsp;<\/p>\n<p>Si vous cherchez quelque chose qui peut aider \u00e0 r\u00e9duire le stress et l&#8217;inflammation tout en offrant une exp\u00e9rience agr\u00e9able, alors le Small Bud Diesel vaut vraiment la peine d&#8217;\u00eatre consid\u00e9r\u00e9e.<\/p>\n<p>&nbsp;<\/p>\n<p>Le m\u00e9lange de go\u00fbt, de parfum et de puissance est vraiment sp\u00e9cial.<\/p>\n<p>&nbsp;<\/p>\n<p>Essayez-la, vous ne serez pas d\u00e9\u00e7u !<\/p>\n<p>&nbsp;<\/p>\n<p><strong>Mode de consommation de la fleur de CBD Diesel Small Buds<\/strong><\/p>\n<p><a href=\"https:\/\/www.facebook.com\/cbd.oh.max\/\" target=\"_blank\" rel=\"noopener\"><strong>CBD OH MAX<\/strong><\/a> vous propose plusieurs m\u00e9thodes de consommations pour les fleurs et r\u00e9sines de CBD.<\/p>\n<p><strong>Rappel :<\/strong> Les fleurs et r\u00e9sines ne doivent en aucun cas \u00eatre fum\u00e9es.<\/p>\n<p>Risque important des pertes de terp\u00e8nes ainsi qu\u2019une perte de qualit\u00e9 du produit par cette effet de combustion (exemple : flamme d\u2019un briquet)<\/p>\n<p>Vous pourrez donc choisir entre les diff\u00e9rents modes de consommation cit\u00e9s ci-dessous.<\/p>\n<p>&nbsp;<\/p>\n<p><a href=\"https:\/\/www.cbdohmax.fr\/?product_cat=thes-infusions-cbd\"><strong>En infusion :<\/strong><\/a><\/p>\n<p>Pour cela rien de plus simple !<\/p>\n<p>Il suffit de pr\u00e9parer de l\u2019eau chaude, comme une tisane classique et y ajouter les fleurs de CBD (infuser 4 \u00e0 7 minutes) puis rajouter un corps gras comme du lait, de la cr\u00e8me, du beurre ou m\u00eame de l\u2019huile v\u00e9g\u00e9tale.<\/p>\n<p>En effet, n\u2019oublions pas que le CBD est une mol\u00e9cule lipophile et a de ce fait besoin d\u2019un corps gras pour lib\u00e9rer tous ses bienfaits.<\/p>\n<p><em>L\u2019effet ressenti est : sur la dur\u00e9e.<\/em><\/p>\n<p>&nbsp;<\/p>\n<p><a href=\"https:\/\/www.cbdohmax.fr\/?product_cat=vaporisateurs\"><strong>En vaporisation :<\/strong><\/a><\/p>\n<p>Si vous n\u2019\u00eates pas un adepte des infusions aux CBD, il existe une autre m\u00e9thode, la vaporisation.<\/p>\n<p>Une autre solution pour b\u00e9n\u00e9ficier plus rapidement des effets de vos fleurs ou r\u00e9sines .<\/p>\n<p>Gr\u00e2ce \u00e0 ce vaporisateur, vous ne perdez pas de terp\u00e8nes ni la qualit\u00e9 des ar\u00f4mes.<\/p>\n<p>Un go\u00fbt purement exceptionnel en vous \u00e9vitant le tabac !<\/p>\n<p>C\u00f4t\u00e9 effets, la vaporisation permet de r\u00e9v\u00e9ler beaucoup plus rapidement (voire instantan\u00e9ment) les bienfaits des diff\u00e9rents cannabino\u00efdes composant les fleurs ou r\u00e9sines.<\/p>\n<p>Il est conseill\u00e9 de r\u00e9gler votre vaporisateur \u00e0 180\u00b0C pour une fleur et jusqu\u2019\u00e0 210\u00b0C pour une r\u00e9sine.<\/p>\n<p>&nbsp;<\/p>\n<p><em>Des prix variables et d\u00e9gressifs \ud83d\udc4d<\/em><\/p>\n<p>&nbsp;<\/p>\n<p>Toutes les fleurs sont issues d\u2019une agriculture naturelle et respectent les normes en vigueur des pays membres de l\u2019Union Europ\u00e9enne. THC&lt;0,3%<\/p>\n<p>&nbsp;<\/p>\n<p><strong>Stockage Appropri\u00e9<\/strong><\/p>\n<p>Pour pr\u00e9server la fra\u00eecheur et la qualit\u00e9 de la fleur de CBD, conservez l\u00e0 dans un endroit frais, sombre et sec, de pr\u00e9f\u00e9rence dans un r\u00e9cipient herm\u00e9tique. \u00c9vitez l\u2019exposition \u00e0 la lumi\u00e8re directe du soleil et \u00e0 l\u2019humidit\u00e9 excessive.<\/p>\n","protected":false},"excerpt":{"rendered":"<p><strong>Petites t\u00eates pour des petits prix !!!<\/strong><\/p>\n<p>La fleur de CBD Diesel Small Buds est une souche unique de fleur de chanvre qui pr\u00e9sente des particularit\u00e9s int\u00e9ressantes.<\/p>\n<p>La fleur de CBD Diesel Small Buds se caract\u00e9rise par de petites t\u00eates et de petits bourgeons.<\/p>\n<p>Sa petite taille en fait une valeur s\u00fbre et elle a une intensit\u00e9 de <strong>6% de CBD<\/strong>, ce qui en fait un choix id\u00e9al pour la culture en ext\u00e9rieur.<\/p>\n<p>La fleur CBD Diesel Small Buds a un go\u00fbt doux et l\u00e9ger et un parfum unique qui en fait un m\u00e9lange agr\u00e9able.<\/p>\n<p>Elle a \u00e9galement une sensation douce mais puissante qui est s\u00fbre de plaire.<\/p>\n<p>La fleur CBD Diesel Small Buds a un go\u00fbt doux et l\u00e9ger et un parfum unique qui en fait un m\u00e9lange agr\u00e9able.<\/p>\n<p>Elle a \u00e9galement une sensation douce mais puissante qui est s\u00fbre de plaire.<\/p>\n<p>&nbsp;<\/p>\n<p><strong>\ud83c\udf40 PROMOTIONS GROS VOLUMES \ud83c\udf40<\/strong><\/p>\n<p><strong>DISPONIBLES EN 25 Gr &#8211; 50 Gr &#8211; 100 Gr &#8211; 250 Gr<\/strong><\/p>\n<p><strong>\u00c0 PARTIR DE 0,50 \u20ac \/ Gr<\/strong><\/p>\n","protected":false},"featured_media":3300,"comment_status":"open","ping_status":"closed","template":"","meta":{"om_disable_all_campaigns":false,"_monsterinsights_skip_tracking":false,"_monsterinsights_sitenote_active":false,"_monsterinsights_sitenote_note":"","_monsterinsights_sitenote_category":0},"product_brand":[],"product_cat":[128,17,75,134,92],"product_tag":[],"class_list":{"0":"post-3303","1":"product","2":"type-product","3":"status-publish","4":"has-post-thumbnail","6":"product_cat-cbd","7":"product_cat-fleurs-cbd","8":"product_cat-fleurs-exterieures","9":"product_cat-promos","10":"product_cat-small-buds","12":"first","13":"instock","14":"sale","15":"shipping-taxable","16":"purchasable","17":"product-type-variable","18":"has-default-attributes","19":"add-to-wishlist-before_add_to_cart"},"_links":{"self":[{"href":"https:\/\/www.cbdohmax.fr\/index.php?rest_route=\/wp\/v2\/product\/3303","targetHints":{"allow":["GET"]}}],"collection":[{"href":"https:\/\/www.cbdohmax.fr\/index.php?rest_route=\/wp\/v2\/product"}],"about":[{"href":"https:\/\/www.cbdohmax.fr\/index.php?rest_route=\/wp\/v2\/types\/product"}],"replies":[{"embeddable":true,"href":"https:\/\/www.cbdohmax.fr\/index.php?rest_route=%2Fwp%2Fv2%2Fcomments&post=3303"}],"wp:featuredmedia":[{"embeddable":true,"href":"https:\/\/www.cbdohmax.fr\/index.php?rest_route=\/wp\/v2\/media\/3300"}],"wp:attachment":[{"href":"https:\/\/www.cbdohmax.fr\/index.php?rest_route=%2Fwp%2Fv2%2Fmedia&parent=3303"}],"wp:term":[{"taxonomy":"product_brand","embeddable":true,"href":"https:\/\/www.cbdohmax.fr\/index.php?rest_route=%2Fwp%2Fv2%2Fproduct_brand&post=3303"},{"taxonomy":"product_cat","embeddable":true,"href":"https:\/\/www.cbdohmax.fr\/index.php?rest_route=%2Fwp%2Fv2%2Fproduct_cat&post=3303"},{"taxonomy":"product_tag","embeddable":true,"href":"https:\/\/www.cbdohmax.fr\/index.php?rest_route=%2Fwp%2Fv2%2Fproduct_tag&post=3303"}],"curies":[{"name":"wp","href":"https:\/\/api.w.org\/{rel}","templated":true}]}}