{"id":3464,"date":"2023-11-16T18:26:06","date_gmt":"2023-11-16T17:26:06","guid":{"rendered":"https:\/\/www.cbdohmax.fr\/?post_type=product&#038;p=3464"},"modified":"2024-11-24T21:32:02","modified_gmt":"2024-11-24T20:32:02","slug":"resine-olivette-afghan-25-cbd","status":"publish","type":"product","link":"https:\/\/www.cbdohmax.fr\/?product=resine-olivette-afghan-25-cbd","title":{"rendered":"R\u00c9SINE &#8211; OLIVETTE AFGHAN 50% CBD"},"content":{"rendered":"<p>Privil\u00e9gier une r\u00e9sine fran\u00e7aise, c\u2019est faire le choix d\u2019une r\u00e9sine de meilleure qualit\u00e9 et d&#8217;une meilleure tra\u00e7abilit\u00e9.<br aria-hidden=\"true\" \/><br aria-hidden=\"true\" \/>Il nous semble \u00e9vident qu\u2019en tant qu\u2019acteur principal sur le march\u00e9 du CBD, il nous faut \u00eatre en ad\u00e9quation avec notre philosophie.<br aria-hidden=\"true\" \/><br aria-hidden=\"true\" \/>Nous souhaitons au maximum pr\u00e9server cette plan\u00e8te qui nous a offert cette fleur aux mille vertus et que nous ch\u00e9rissons tant : le chanvre.<br aria-hidden=\"true\" \/><br aria-hidden=\"true\" \/>Nous nous inscrivons donc dans une d\u00e9marche environnementale engag\u00e9e et transparente.<\/p>\n<p><br aria-hidden=\"true\" \/><br aria-hidden=\"true\" \/><strong>CBD OH MAX prend une direction 100% Fran\u00e7aise<\/strong>, tout en restant soucieux et prudent vis-\u00e0-vis de la l\u00e9gislation fran\u00e7aise.<br aria-hidden=\"true\" \/><br aria-hidden=\"true\" \/>Consommer du CBD fran\u00e7ais, c\u2019est aussi consommer une r\u00e9sine fabriqu\u00e9e en quantit\u00e9 limit\u00e9e, mais b\u00e9n\u00e9ficiant d\u2019une meilleure qualit\u00e9.<br aria-hidden=\"true\" \/><br aria-hidden=\"true\" \/>Une r\u00e9sine d\u2019excellence, issue d\u2019un circuit court pour un meilleur encadrement.<\/p>\n<p><br aria-hidden=\"true\" \/><br aria-hidden=\"true\" \/>L\u2019olivette Afghan CBD est extraite d\u2019une fleur de CBD de qualit\u00e9, en utilisant <strong>une m\u00e9thode bien pr\u00e9cise d\u2019extraction au CO2 supercritique<\/strong>.<br aria-hidden=\"true\" \/><br aria-hidden=\"true\" \/>Elle fait partie des types de <strong>r\u00e9sines tr\u00e8s grasses, et cr\u00e9meuses<\/strong>, ce qui la rend facile \u00e0 effriter.<\/p>\n<p><br aria-hidden=\"true\" \/><br aria-hidden=\"true\" \/>Son profil terp\u00e9nique et sa richesse en trichomes permettent d\u2019offrir des ar\u00f4mes naturels de hasch, autant en bouche qu\u2019en odeur.<\/p>\n<p><br aria-hidden=\"true\" \/><br aria-hidden=\"true\" \/>Cette r\u00e9sine tr\u00e8s appr\u00e9ci\u00e9e, et recherch\u00e9e par les amateurs de hasch de CBD, a pour particularit\u00e9 d\u2019\u00eatre tr\u00e8s similaire aux r\u00e9sines traditionnelles.<br aria-hidden=\"true\" \/><br aria-hidden=\"true\" \/>Elle s\u00e9duit olfactivement et continue d\u2019\u00e9tonner avec sa texture moelleuse et tr\u00e8s mall\u00e9able.<\/p>\n<p><br aria-hidden=\"true\" \/><br aria-hidden=\"true\" \/>Sa particularit\u00e9 reste son go\u00fbt et son odeur puissante et authentique.<br aria-hidden=\"true\" \/>Les <strong>odeurs poivr\u00e9es et bois\u00e9es<\/strong> sont les premi\u00e8res odeurs qui \u00e9manent de l\u2019Olivette Afghan CBD.<br aria-hidden=\"true\" \/><br aria-hidden=\"true\" \/>Au fur et \u00e0 mesure, la note de c\u0153ur qui se distinguera des autres est<strong> fruit\u00e9e, voire florale<\/strong>.<br aria-hidden=\"true\" \/><br aria-hidden=\"true\" \/>En c\u0153ur, vous retrouverez des ar\u00f4mes l\u00e9g\u00e8rement \u00e9pic\u00e9s, rappelant l\u2019encens indien.<\/p>\n<p><br aria-hidden=\"true\" \/><br aria-hidden=\"true\" \/>L\u2019olivette Afghan CBD, conjugue plusieurs propri\u00e9t\u00e9s et bienfaits pour votre organisme.<br aria-hidden=\"true\" \/><br aria-hidden=\"true\" \/>En effet, sa forte concentration de <strong>50% de\u00a0 CBD<\/strong> est un des principaux atouts.<br aria-hidden=\"true\" \/><br aria-hidden=\"true\" \/>Sans aucun effets psychotropes (THC &lt; 0,3%), la r\u00e9sine d&#8217;Afghan Olivette vous permettra de r\u00e9duire le stress, les angoisses ou autres mal-\u00eatre qui peuvent venir nuire \u00e0 votre moral, et \u00e0 votre sant\u00e9.<\/p>\n<p><br aria-hidden=\"true\" \/><br aria-hidden=\"true\" \/>Ainsi, cette r\u00e9sine se pr\u00e9sente comme la solution id\u00e9ale pour palier \u00e0 toute source de stress et profiter d\u2019un moment de d\u00e9tente et de relaxation dans les meilleures conditions.<br aria-hidden=\"true\" \/><br aria-hidden=\"true\" \/>En ayant une action cibl\u00e9e sur vos facult\u00e9s psychiques de l\u2019organisme, elle agira \u00e9galement sur vos douleurs physiques et musculaires.<br aria-hidden=\"true\" \/><br aria-hidden=\"true\" \/>Ses puissants effets antalgiques, et anti-inflammatoire permettront d\u2019estomper consid\u00e9rablement certaines de vos douleurs de fa\u00e7on naturelle.<\/p>\n<h4><br aria-hidden=\"true\" \/><br aria-hidden=\"true\" \/><strong><em>PETITE HISTOIRE DE L\u2019AFGHAN :<\/em><\/strong><br aria-hidden=\"true\" \/>La r\u00e9sine &#8221; Afghan &#8221; est aujourd\u2019hui une r\u00e9f\u00e9rence du hasch.<br aria-hidden=\"true\" \/><br aria-hidden=\"true\" \/>R\u00e9put\u00e9e pour sa belle couleur brune et sa texture moelleuse.<br aria-hidden=\"true\" \/><br aria-hidden=\"true\" \/>Ce hasch d\u00e9livre des ar\u00f4mes puissants de chanvre et de terre.<br aria-hidden=\"true\" \/><br aria-hidden=\"true\" \/>L\u2019Afghan ou aussi appel\u00e9 Charras, provient tout droit d\u2019Afghanistan.<br aria-hidden=\"true\" \/><br aria-hidden=\"true\" \/>Elle est traditionnellement press\u00e9e \u00e0 la main.<br aria-hidden=\"true\" \/><br aria-hidden=\"true\" \/>La sommit\u00e9 des fleurs est r\u00e9colt\u00e9e \u00e0 la main, une fois travaill\u00e9e afin d\u2019en obtenir une r\u00e9sine de cannabis, elle n\u00e9cessite une p\u00e9riode de curing sp\u00e9cifique afin de r\u00e9v\u00e9ler tous ses ar\u00f4mes et ses bienfaits.<br aria-hidden=\"true\" \/><br aria-hidden=\"true\" \/><br aria-hidden=\"true\" \/>L&#8217;un des moyens les plus efficaces de conserver ces r\u00e9sines sont l&#8217;utilisation de doy packs ( pochette avec Zip )<br aria-hidden=\"true\" \/><br aria-hidden=\"true\" \/>Les doy packs, \u00e9galement connus sous le nom de &#8220;stand-up pouches&#8221;, sont r\u00e9put\u00e9s pour leur efficacit\u00e9 \u00e0 pr\u00e9server la fra\u00eecheur de divers produits, y compris les fleurs et les r\u00e9sines.<br aria-hidden=\"true\" \/><br aria-hidden=\"true\" \/>Ils constituent une enceinte herm\u00e9tique qui prot\u00e8ge le produit de l&#8217;exposition \u00e0 l&#8217;air et \u00e0 l&#8217;humidit\u00e9, deux \u00e9l\u00e9ments susceptibles de d\u00e9grader consid\u00e9rablement la fra\u00eecheur et la puissance.<br aria-hidden=\"true\" \/><br aria-hidden=\"true\" \/>Il est essentiel de bien fermer le doy pack pour emp\u00eacher l&#8217;air d&#8217;y p\u00e9n\u00e9trer.<br aria-hidden=\"true\" \/><br aria-hidden=\"true\" \/>De nombreux doy packs sont dot\u00e9s d&#8217;une fermeture \u00e0 glissi\u00e8re refermable, ce qui les rend r\u00e9utilisables et id\u00e9aux pour prolonger la fra\u00eecheur de vos fleurs et de vos r\u00e9sines.<br aria-hidden=\"true\" \/><br aria-hidden=\"true\" \/>Outre l&#8217;utilisation d&#8217;un doy pack, vous devez \u00e9galement les conserver dans un endroit frais et sombre, \u00e0 l&#8217;abri de la lumi\u00e8re directe du soleil.<br aria-hidden=\"true\" \/><br aria-hidden=\"true\" \/>La chaleur et la lumi\u00e8re peuvent d\u00e9grader la teneur en CBD ainsi que les autres compos\u00e9s essentiels pr\u00e9sents dans ces fleurs et r\u00e9sines.<br aria-hidden=\"true\" \/><br aria-hidden=\"true\" \/>En suivant ces m\u00e9thodes de conservation, vous pourrez pr\u00e9server efficacement la fra\u00eecheur et profiter longtemps de leur riche ar\u00f4me et de leurs puissants bienfaits en termes de CBD.<\/h4>\n<h4><\/h4>\n<p><strong><a href=\"https:\/\/www.facebook.com\/cbd.oh.max\" target=\"_blank\" rel=\"noopener\">CBD OH MAX<\/a>\u00a0vous propose plusieurs m\u00e9thodes de consommation pour les fleurs et r\u00e9sines de CBD.<\/strong><\/p>\n<p><strong>Rappel<\/strong>\u00a0: Les fleurs et r\u00e9sines ne doivent en aucun cas \u00eatre fum\u00e9es. Risque important des pertes de terp\u00e8nes ainsi qu\u2019une perte de qualit\u00e9 du produit par cette effet de combustion (exemple : flamme d\u2019un briquet)<\/p>\n<p>Vous pourrez donc choisir entre les diff\u00e9rents modes de consommation cit\u00e9s ci-dessous.<\/p>\n<p><strong><a href=\"https:\/\/www.cbdohmax.fr\/?product_cat=thes-infusions-cbd\">En infusion :<\/a><\/strong><\/p>\n<p>Pour cela rien de plus simple !<br \/>\nIl vous suffit de vous pr\u00e9parer de l\u2019eau chaude, comme une tisane classique et y ajouter les fleurs de CBD (infus\u00e9 4 \u00e0 7 minutes) puis rajouter un corps gras comme du lait, de la cr\u00e8me, du beurre ou m\u00eame de l\u2019huile v\u00e9g\u00e9tale.<br \/>\nEn effet, n\u2019oublions pas que le CBD est une mol\u00e9cule lipophile et a de ce fait besoin d\u2019un corps gras pour lib\u00e9rer tous ses bienfaits.<br \/>\nL\u2019effet ressenti est : sur la dur\u00e9e.<\/p>\n<p><strong><a href=\"https:\/\/www.cbdohmax.fr\/?product_cat=vaporisateurs\">En vaporisation :<\/a><\/strong><\/p>\n<p>Si vous n\u2019\u00eates pas un adepte des infusions aux CBD, il existe une autre m\u00e9thode, la vaporisation.<br \/>\nUne autre solution pour b\u00e9n\u00e9ficier plus rapidement des effets de vos fleurs ou r\u00e9sines .<br \/>\nGr\u00e2ce \u00e0 ce vaporisateur, vous ne perdez pas de terp\u00e8nes ni la qualit\u00e9. Des ar\u00f4mes d\u2019un go\u00fbt exceptionnel.<br \/>\nC\u00f4t\u00e9 effets, la vaporisation permet de r\u00e9v\u00e9ler beaucoup plus rapidement (voire instantan\u00e9ment) les bienfaits des diff\u00e9rents cannabino\u00efdes composants les fleurs ou r\u00e9sines.<br \/>\nIl vous est conseill\u00e9 de r\u00e9gler votre vaporisateur \u00e0 180\u00b0C pour une fleur et jusqu\u2019\u00e0 210\u00b0C pour une r\u00e9sine.<\/p>\n<p>&nbsp;<\/p>\n<p>Des prix variables et d\u00e9gressifs \ud83d\udc4d<\/p>\n<p>&nbsp;<\/p>\n<p>Toutes les fleurs sont issues d\u2019une agriculture naturelle et respectent les normes en vigueur des pays membres de l\u2019Union Europ\u00e9enne. THC&lt;0,3%<\/p>\n","protected":false},"excerpt":{"rendered":"<p><strong>OLIVETTE AFGHAN 50% CBD<\/strong><\/p>\n<p><strong>PRODUIT EN FRANCE<\/strong><\/p>\n<p><br aria-hidden=\"true\" \/><br aria-hidden=\"true\" \/>L\u2019olivette Afghan est une r\u00e9f\u00e9rence de qualit\u00e9 dans notre catalogue de hasch fran\u00e7ais.<\/p>\n<p><br aria-hidden=\"true\" \/><br aria-hidden=\"true\" \/>Couramment appel\u00e9e Olive ou Olivette, elle est extraite de fleurs de chanvre d&#8217;une grande qualit\u00e9.<br aria-hidden=\"true\" \/><br aria-hidden=\"true\" \/>L\u2019olivette Afghan offre une <strong>r\u00e9sine moelleuse, noire, tr\u00e8s concentr\u00e9e en pollen<\/strong>, aux profils aromatiques<strong> bois\u00e9s (pin\u00e8ne) et \u00e9pic\u00e9s (caryophyll\u00e8ne)<\/strong>.<\/p>\n<p><br aria-hidden=\"true\" \/><br aria-hidden=\"true\" \/>Son taux de CBD atteint les 50%, ce qui offre une relaxation tout en douceur, tout en conservant toutes ses capacit\u00e9s c\u00e9r\u00e9brales.<br aria-hidden=\"true\" \/><br aria-hidden=\"true\" \/>Votre corps se rel\u00e2che et le stress s\u2019\u00e9vacue.<br aria-hidden=\"true\" \/><br aria-hidden=\"true\" \/>Garantie r\u00e9sine 100% fran\u00e7aise, fabriqu\u00e9e par notre producteur fran\u00e7ais.<\/p>\n","protected":false},"featured_media":3471,"comment_status":"open","ping_status":"closed","template":"","meta":{"om_disable_all_campaigns":false,"_monsterinsights_skip_tracking":false,"_monsterinsights_sitenote_active":false,"_monsterinsights_sitenote_note":"","_monsterinsights_sitenote_category":0},"product_brand":[],"product_cat":[128,19],"product_tag":[],"class_list":{"0":"post-3464","1":"product","2":"type-product","3":"status-publish","4":"has-post-thumbnail","6":"product_cat-cbd","7":"product_cat-resines-cbd","9":"first","10":"instock","11":"shipping-taxable","12":"purchasable","13":"product-type-variable","14":"has-default-attributes","15":"add-to-wishlist-before_add_to_cart"},"_links":{"self":[{"href":"https:\/\/www.cbdohmax.fr\/index.php?rest_route=\/wp\/v2\/product\/3464","targetHints":{"allow":["GET"]}}],"collection":[{"href":"https:\/\/www.cbdohmax.fr\/index.php?rest_route=\/wp\/v2\/product"}],"about":[{"href":"https:\/\/www.cbdohmax.fr\/index.php?rest_route=\/wp\/v2\/types\/product"}],"replies":[{"embeddable":true,"href":"https:\/\/www.cbdohmax.fr\/index.php?rest_route=%2Fwp%2Fv2%2Fcomments&post=3464"}],"wp:featuredmedia":[{"embeddable":true,"href":"https:\/\/www.cbdohmax.fr\/index.php?rest_route=\/wp\/v2\/media\/3471"}],"wp:attachment":[{"href":"https:\/\/www.cbdohmax.fr\/index.php?rest_route=%2Fwp%2Fv2%2Fmedia&parent=3464"}],"wp:term":[{"taxonomy":"product_brand","embeddable":true,"href":"https:\/\/www.cbdohmax.fr\/index.php?rest_route=%2Fwp%2Fv2%2Fproduct_brand&post=3464"},{"taxonomy":"product_cat","embeddable":true,"href":"https:\/\/www.cbdohmax.fr\/index.php?rest_route=%2Fwp%2Fv2%2Fproduct_cat&post=3464"},{"taxonomy":"product_tag","embeddable":true,"href":"https:\/\/www.cbdohmax.fr\/index.php?rest_route=%2Fwp%2Fv2%2Fproduct_tag&post=3464"}],"curies":[{"name":"wp","href":"https:\/\/api.w.org\/{rel}","templated":true}]}}