{"id":3649,"date":"2023-11-17T22:27:43","date_gmt":"2023-11-17T21:27:43","guid":{"rendered":"https:\/\/www.cbdohmax.fr\/?post_type=product&#038;p=3649"},"modified":"2025-10-02T22:02:47","modified_gmt":"2025-10-02T20:02:47","slug":"cleaner-cbd","status":"publish","type":"product","link":"https:\/\/www.cbdohmax.fr\/?product=cleaner-cbd","title":{"rendered":"CLEANER CBD"},"content":{"rendered":"<p class=\"x_p3\"><strong><span class=\"x_s2\">Un spray nettoyant au CBD !!<\/span><\/strong><\/p>\n<p class=\"x_p3\"><strong><span class=\"x_s2\">C\u2019est la solution parfaite pour \u00e9liminer les toxines cannabino\u00efdes de votre bouche ou de votre corps.<\/span><\/strong><\/p>\n<p class=\"x_p3\"><span class=\"x_s2\">Il s&#8217;agit d&#8217;un <strong>spray buccal corporel<\/strong> qui est <strong>connu pour sa puissante capacit\u00e9 de nettoyage<\/strong>.<\/span><\/p>\n<p class=\"x_p3\"><em><span class=\"x_s2\">Il peut \u00eatre utilis\u00e9 sur le visage, le cou, la poitrine ou d&#8217;autres zones du corps.<\/span><\/em><\/p>\n<p class=\"x_p3\"><span class=\"x_s2\">Le spray CBD contient un <strong>m\u00e9lange unique d&#8217;ingr\u00e9dients naturels<\/strong> qui aident \u00e0 nettoyer et \u00e0 prot\u00e9ger le corps contre l&#8217;accumulation de toxines cannabino\u00efdes.\u00a0<\/span><\/p>\n<p class=\"x_p3\"><span class=\"x_s2\">Il s&#8217;agit d&#8217;un moyen s\u00fbr et efficace d&#8217;\u00e9liminer ces toxines de l&#8217;organisme.<\/span><\/p>\n<p class=\"x_p4\"><span class=\"x_s3\">\ud83c\udf40\ud83c\udf40\ud83c\udf40<\/span><\/p>\n<p class=\"x_p3\"><span class=\"x_s2\">Spray Cleaner CBD est la solution ultime pour une bouche plus saine.<\/span><\/p>\n<p class=\"x_p3\"><span class=\"x_s2\">Il s&#8217;agit d&#8217;une solution de nettoyage sp\u00e9cialis\u00e9e qui a \u00e9t\u00e9 formul\u00e9e pour \u00e9liminer les toxines de la bouche.\u00a0<\/span><\/p>\n<p class=\"x_p3\"><span class=\"x_s2\">Elle est totalement s\u00fbre et naturelle, et ne contient <strong>aucun produit chimique agressif<\/strong>.<\/span><\/p>\n<p class=\"x_p3\"><span class=\"x_s2\">Pour utiliser le Spray Cleaner CBD, commencez par faire <strong>4 \u00e0 6 pulv\u00e9risations dans la bouche<\/strong>.\u00a0<\/span><\/p>\n<p class=\"x_p3\"><span class=\"x_s2\">Ensuite, laissez le <strong>agir entre quelques secondes et 5 minutes<\/strong> puis\u00a0<em>recrachez le ( ou avalez le\u00a0)<\/em> pour obtenir un nettoyage complet des toxines.<\/span><\/p>\n<p class=\"x_p3\"><span class=\"x_s2\">Vous aurez ainsi <strong>une haleine fra\u00eeche<\/strong> et une <strong>bouche plus propre<\/strong>.\u00a0<\/span><\/p>\n<p class=\"x_p3\"><strong><span class=\"x_s2\">GO\u00dbT FRAMBOISE<\/span><\/strong><\/p>\n<p class=\"x_p4\"><span class=\"x_s3\">\ud83c\udf40\ud83c\udf40\ud83c\udf40<\/span><\/p>\n<p class=\"x_p3\"><span class=\"x_s2\">L&#8217;utilisation du spray nettoyant est un moyen facile et efficace de <strong>nettoyer votre corps<\/strong>.\u00a0<\/span><\/p>\n<p class=\"x_p3\"><span class=\"x_s2\">Il suffit d&#8217;appliquer quelques pulv\u00e9risations sur la zone de votre corps que vous souhaitez nettoyer, de laisser agir pendant 30 secondes, puis de vous rincer les mains \u00e0 l&#8217;eau.<\/span><\/p>\n<p class=\"x_p3\"><span class=\"x_s2\">Le Spray Nettoyant est facile \u00e0 utiliser et convient \u00e0 tous les types de peau.\u00a0<\/span><\/p>\n<p class=\"x_p3\"><span class=\"x_s2\">Il vous suffit d&#8217;appliquer quelques pulv\u00e9risations du produit sur la zone de votre corps que vous souhaitez nettoyer.<\/span><\/p>\n<p class=\"x_p4\"><span class=\"x_s3\">\ud83c\udf40\ud83c\udf40\ud83c\udf40<\/span><\/p>\n<p class=\"x_p3\"><span class=\"x_s2\">Le spray nettoyant CBD est un produit naturel, non toxique.<\/span><\/p>\n<p class=\"x_p3\"><span class=\"x_s2\">La composition du spray nettoyant CBD est constitu\u00e9e de produits naturels contenant de <strong>la gomme d&#8217;agar, un ar\u00f4me d&#8217;orange, de l&#8217;alcool d\u00e9natur\u00e9, de l&#8217;huile de neem et un colorant rouge<\/strong>.<\/span><\/p>\n<p class=\"x_p3\"><span class=\"x_s2\">La gomme d&#8217;agar agit comme un \u00e9mulsifiant et un agent \u00e9paississant naturel dans le spray nettoyant CBD.<\/span><\/p>\n<p class=\"x_p3\"><span class=\"x_s2\">Elle aide \u00e0 lier les ingr\u00e9dients du nettoyant entre eux et \u00e0 obtenir une texture plus homog\u00e8ne.\u00a0<\/span><\/p>\n<p class=\"x_p3\"><span class=\"x_s2\">Ce produit naturel est \u00e9galement connu pour donner au nettoyant un ar\u00f4me agr\u00e9able.<\/span><\/p>\n<p class=\"x_p3\"><span class=\"x_s2\">L&#8217;ar\u00f4me d&#8217;orange est le deuxi\u00e8me produit naturel contenu dans le spray nettoyant CBD.<\/span><\/p>\n<p class=\"x_p3\"><span class=\"x_s2\">Ce produit naturel a pour but de conf\u00e9rer au nettoyant un agr\u00e9able parfum d&#8217;agrumes.\u00a0<\/span><\/p>\n<p class=\"x_p3\"><span class=\"x_s2\">L&#8217;ar\u00f4me d&#8217;orange contribue \u00e9galement \u00e0 att\u00e9nuer l&#8217;agressivit\u00e9 des autres ingr\u00e9dients du nettoyant.<\/span><\/p>\n<p class=\"x_p3\"><span class=\"x_s2\">L&#8217;alcool d\u00e9natur\u00e9 est un puissant solvant utilis\u00e9 pour d\u00e9composer et dissoudre la salet\u00e9 et la crasse.\u00a0<\/span><\/p>\n<p class=\"x_p3\"><span class=\"x_s2\">Il est tr\u00e8s efficace pour \u00e9liminer les graisses et les huiles des surfaces.\u00a0<\/span><\/p>\n<p class=\"x_p3\"><span class=\"x_s2\">L&#8217;alcool d\u00e9natur\u00e9 contenu dans le spray nettoyant CBD s&#8217;\u00e9vapore rapidement, laissant les surfaces s\u00e8ches et sans traces.<\/span><\/p>\n<p class=\"x_p3\"><span class=\"x_s2\">L&#8217;huile de Neem est un produit naturel et est connue pour ses propri\u00e9t\u00e9s antibact\u00e9riennes, antifongiques et antivirales.\u00a0<\/span><\/p>\n<p class=\"x_p3\"><span class=\"x_s2\">Elle aide \u00e0 tuer les germes et les bact\u00e9ries sur les surfaces et constitue un ingr\u00e9dient important du spray nettoyant CBD.<\/span><\/p>\n<p class=\"x_p3\"><span class=\"x_s2\">Enfin, un colorant rouge est ajout\u00e9 au spray nettoyant CBD pour lui donner sa couleur rouge caract\u00e9ristique.\u00a0<\/span><\/p>\n<p class=\"x_p3\"><span class=\"x_s2\">Le colorant rouge rend non seulement le nettoyant plus attrayant visuellement.<\/span><\/p>\n<p class=\"x_p3\"><span class=\"x_s2\">Le Spray Cleaner est un produit efficace et rapide qui commence \u00e0 agir quelques minutes\u00a0 \u00ab\u00a03-5 minute\u00a0\u00bb apr\u00e8s sa prise pour \u00e9liminer les toxines de la bouche ou du corps.<\/span><\/p>\n<p class=\"x_p3\"><span class=\"x_s2\">Il est sp\u00e9cifiquement con\u00e7u pour cibler et nettoyer les cannabino\u00efdes, ou CBD qui est le principal composant du Chanvre.<\/span><\/p>\n<p class=\"x_p2\"><span class=\"x_s2\">\u00a0<\/span><\/p>\n<p class=\"x_p3\"><strong><span class=\"x_s2\">Le CBD Cleaner Spray est un produit avanc\u00e9 qui offre jusqu&#8217;\u00e0 1h30 \u00e0 2h de soulagement lorsque vous prenez 5-6 sprays dans votre bouche.<\/span><\/strong><\/p>\n<p>&nbsp;<\/p>\n<p><strong>20 ml<\/strong><\/p>\n","protected":false},"excerpt":{"rendered":"<p class=\"x_p3\"><strong><span class=\"x_s2\">Un spray nettoyant au CBD !!<\/span><\/strong><\/p>\n<p class=\"x_p3\"><strong><span class=\"x_s2\">C\u2019est la solution parfaite pour \u00e9liminer les toxines cannabino\u00efdes de votre bouche ou de votre corps.<\/span><\/strong><\/p>\n<p class=\"x_p3\"><span class=\"x_s2\">Il s&#8217;agit d&#8217;un <strong>spray buccal corporel<\/strong> qui est <strong>connu pour sa puissante capacit\u00e9 de nettoyage<\/strong>.<\/span><\/p>\n<p class=\"x_p3\"><em><span class=\"x_s2\">Il peut \u00eatre utilis\u00e9 sur le visage, le cou, la poitrine ou d&#8217;autres zones du corps.<\/span><\/em><\/p>\n<p class=\"x_p3\"><span class=\"x_s2\">Le spray CBD contient un <strong>m\u00e9lange unique d&#8217;ingr\u00e9dients naturels<\/strong> qui aident \u00e0 nettoyer et \u00e0 prot\u00e9ger le corps contre l&#8217;accumulation de toxines cannabino\u00efdes.\u00a0<\/span><\/p>\n<p class=\"x_p3\"><span class=\"x_s2\">Il s&#8217;agit d&#8217;un moyen s\u00fbr et efficace d&#8217;\u00e9liminer ces toxines de l&#8217;organisme.<\/span><\/p>\n","protected":false},"featured_media":3650,"comment_status":"open","ping_status":"closed","template":"","meta":{"om_disable_all_campaigns":false,"_monsterinsights_skip_tracking":false,"_monsterinsights_sitenote_active":false,"_monsterinsights_sitenote_note":"","_monsterinsights_sitenote_category":0},"product_brand":[],"product_cat":[80,128,65,68,90,135,17,75,112,73,74,72,93,76,120,19,92,102],"product_tag":[],"class_list":{"0":"post-3649","1":"product","2":"type-product","3":"status-publish","4":"has-post-thumbnail","6":"product_cat-accessoires-cbd","7":"product_cat-cbd","8":"product_cat-concentres-cbd","9":"product_cat-cosmetiques","10":"product_cat-divers-fleurs-resines-cbd","11":"product_cat-cali","12":"product_cat-fleurs-cbd","13":"product_cat-fleurs-exterieures","14":"product_cat-fleurs-hydro","15":"product_cat-fleurs-interieures","16":"product_cat-fleurs-sous-serre","17":"product_cat-fleurs-transformees","18":"product_cat-fleurs-trim","19":"product_cat-pack-decouverte","20":"product_cat-pre-roules","21":"product_cat-resines-cbd","22":"product_cat-small-buds","23":"product_cat-vaporisateurs","25":"first","26":"instock","27":"shipping-taxable","28":"purchasable","29":"product-type-simple","30":"add-to-wishlist-before_add_to_cart"},"_links":{"self":[{"href":"https:\/\/www.cbdohmax.fr\/index.php?rest_route=\/wp\/v2\/product\/3649","targetHints":{"allow":["GET"]}}],"collection":[{"href":"https:\/\/www.cbdohmax.fr\/index.php?rest_route=\/wp\/v2\/product"}],"about":[{"href":"https:\/\/www.cbdohmax.fr\/index.php?rest_route=\/wp\/v2\/types\/product"}],"replies":[{"embeddable":true,"href":"https:\/\/www.cbdohmax.fr\/index.php?rest_route=%2Fwp%2Fv2%2Fcomments&post=3649"}],"wp:featuredmedia":[{"embeddable":true,"href":"https:\/\/www.cbdohmax.fr\/index.php?rest_route=\/wp\/v2\/media\/3650"}],"wp:attachment":[{"href":"https:\/\/www.cbdohmax.fr\/index.php?rest_route=%2Fwp%2Fv2%2Fmedia&parent=3649"}],"wp:term":[{"taxonomy":"product_brand","embeddable":true,"href":"https:\/\/www.cbdohmax.fr\/index.php?rest_route=%2Fwp%2Fv2%2Fproduct_brand&post=3649"},{"taxonomy":"product_cat","embeddable":true,"href":"https:\/\/www.cbdohmax.fr\/index.php?rest_route=%2Fwp%2Fv2%2Fproduct_cat&post=3649"},{"taxonomy":"product_tag","embeddable":true,"href":"https:\/\/www.cbdohmax.fr\/index.php?rest_route=%2Fwp%2Fv2%2Fproduct_tag&post=3649"}],"curies":[{"name":"wp","href":"https:\/\/api.w.org\/{rel}","templated":true}]}}