{"id":3828,"date":"2024-01-14T20:24:39","date_gmt":"2024-01-14T19:24:39","guid":{"rendered":"https:\/\/www.cbdohmax.fr\/?post_type=product&#038;p=3828"},"modified":"2025-11-14T12:40:12","modified_gmt":"2025-11-14T11:40:12","slug":"lemon-fruitti-hydro","status":"publish","type":"product","link":"https:\/\/www.cbdohmax.fr\/?product=lemon-fruitti-hydro","title":{"rendered":"LEMON FRUITTI HYDRO"},"content":{"rendered":"<p>Il s\u2019agit d\u2019une des fleurs les plus premiums sur le march\u00e9, une vari\u00e9t\u00e9 extr\u00eamement travaill\u00e9e pour les amateurs de CBD.<\/p>\n<p>Retrouver les r\u00e9elles saveurs du cannabis, sans les effets psychotropes et les cons\u00e9quences qu\u2019elles peuvent avoir.<\/p>\n<p>&nbsp;<\/p>\n<p>Un produit pur, au taux de CBD tr\u00e8s \u00e9lev\u00e9 de 20% afin de vous faire profiter pleinement des bienfaits de la plante et de soulagements \u00e0 ceux qui la consomment.<\/p>\n<p>&nbsp;<\/p>\n<p>Un syst\u00e8me de culture hydroponique :<\/p>\n<p>La plante est enfouie dans un pot \u00e0 r\u00e9serve d\u2019eau avec engrais naturel et autres nutriments\u00a0durant toute sa p\u00e9riode de croissance.<\/p>\n<p>&nbsp;<\/p>\n<p>Il s&#8217;agit d&#8217;un des meilleurs syst\u00e8mes de culture pour le cannabis.<\/p>\n<p>&nbsp;<\/p>\n<p>Elle nous permet de r\u00e9colter des fleurs bien construites, aux profils terp\u00e9niques ultra-complets.<\/p>\n<p>&nbsp;<\/p>\n<p>Gr\u00e2ce \u00e0 cette m\u00e9thode de culture\u00a0hydroponique,\u00a0elle arbore des bourgeons et filaments de fleurs plus gros et plus denses.<\/p>\n<p>&nbsp;<\/p>\n<p>Les trichomes :<\/p>\n<p>Ce son des filaments ( forme de poils minuscule ) qui entour la partie de la fleur de CBD.<\/p>\n<p>Les trichomes sont les terp\u00e8nes ( go\u00fbt et odeur ) et poss\u00e8de la plus grande partie des cannabino\u00efdes ( CBD).<\/p>\n<p>&nbsp;<\/p>\n<p>La LEMON FRUITTI CBD se distingue par des notes de citron et d\u2019agrumes.<\/p>\n<p>&nbsp;<\/p>\n<p>La fleur LEMON FRUITTI CBD poss\u00e8de une dominante Sativa, mais ses t\u00eates bien denses et r\u00e9sineuses pourraient nous rappeler une fleur Indica.<\/p>\n<p>&nbsp;<\/p>\n<p>La vari\u00e9t\u00e9 LEMON FRUITTI provient d\u2019une culture int\u00e9rieure (indoor) stricte et hydroponique.<\/p>\n<p>&nbsp;<\/p>\n<p>La vari\u00e9t\u00e9 LEMON FRUITTI est une hybride entre une LEMON THREE CALI, une LEMON OG et une\u00a0<strong>Northern Lights<\/strong>.<\/p>\n<p>&nbsp;<\/p>\n<p><strong><a href=\"https:\/\/www.facebook.com\/cbd.oh.max\" target=\"_blank\" rel=\"noopener\">CBD OH MAX<\/a>\u00a0vous propose plusieurs m\u00e9thodes de consommation pour les fleurs et r\u00e9sines de CBD.<\/strong><\/p>\n<p><strong>Rappel<\/strong>\u00a0: Les fleurs et r\u00e9sines ne doivent en aucun cas \u00eatre fum\u00e9es. Risque important des pertes de terp\u00e8nes ainsi qu\u2019une perte de qualit\u00e9 du produit par cette effet de combustion (exemple : flamme d\u2019un briquet)<\/p>\n<p>Vous pourrez donc choisir entre les diff\u00e9rents modes de consommation cit\u00e9s ci-dessous.<\/p>\n<p><strong><a href=\"https:\/\/www.cbdohmax.fr\/?product_cat=thes-infusions-cbd\">En infusion :<\/a><\/strong><\/p>\n<p>Pour cela rien de plus simple !<br \/>\nIl vous suffit de vous pr\u00e9parer de l\u2019eau chaude, comme une tisane classique et y ajouter les fleurs de CBD (infus\u00e9 4 \u00e0 7 minutes) puis rajouter un corps gras comme du lait, de la cr\u00e8me, du beurre ou m\u00eame de l\u2019huile v\u00e9g\u00e9tale.<br \/>\nEn effet, n\u2019oublions pas que le CBD est une mol\u00e9cule lipophile et a de ce fait besoin d\u2019un corps gras pour lib\u00e9rer tous ses bienfaits.<br \/>\nL\u2019effet ressenti est : sur la dur\u00e9e.<\/p>\n<p><strong><a href=\"https:\/\/www.cbdohmax.fr\/?product_cat=vaporisateurs\">En vaporisation :<\/a><\/strong><\/p>\n<p>Si vous n\u2019\u00eates pas un adepte des infusions aux CBD, il existe une autre m\u00e9thode, la vaporisation.<br \/>\nUne autre solution pour b\u00e9n\u00e9ficier plus rapidement des effets de vos fleurs ou r\u00e9sines .<br \/>\nGr\u00e2ce \u00e0 ce vaporisateur, vous ne perdez pas de terp\u00e8nes ni la qualit\u00e9. Des ar\u00f4mes d\u2019un go\u00fbt exceptionnel.<br \/>\nC\u00f4t\u00e9 effets, la vaporisation permet de r\u00e9v\u00e9ler beaucoup plus rapidement (voire instantan\u00e9ment) les bienfaits des diff\u00e9rents cannabino\u00efdes composants les fleurs ou r\u00e9sines.<br \/>\nIl vous est conseill\u00e9 de r\u00e9gler votre vaporisateur \u00e0 180\u00b0C pour une fleur et jusqu\u2019\u00e0 210\u00b0C pour une r\u00e9sine.<\/p>\n<p>&nbsp;<\/p>\n<p>Des prix variables et d\u00e9gressifs \ud83d\udc4d<\/p>\n<p>&nbsp;<\/p>\n<p>Toutes les fleurs sont issues d\u2019une agriculture naturelle et respectent les normes en vigueur des pays membres de l\u2019Union Europ\u00e9enne. THC&lt;0,3%<\/p>\n","protected":false},"excerpt":{"rendered":"<p>Une hybride californienne comme on les aime \u2026 \ud83c\udf4b\ud83c\udf4a\ud83c\udf40<\/p>\n<p>Un mode de culture ancien :<\/p>\n<p>La culture <a title=\"hydroponique\" href=\"https:\/\/www.cbdohmax.fr\/?product_cat=fleurs-hydro\">hydroponique<\/a> est une technique des plus ancienne, c\u2019est \u00e0 dire, <strong>une culture hors-sol.<\/strong><\/p>\n<p>Pour cela, la terre qui est habituellement utilis\u00e9e est remplac\u00e9e par un substrat st\u00e9rile, comme des billes d&#8217;argile ou de la laine de roche.<\/p>\n<p>Cette vari\u00e9t\u00e9 naturellement riche en Cannabidiol soit pr\u00e8s 20% de CBD, elle est aussi populaire pour ses vertus esth\u00e9tiques.<\/p>\n<p>La LEMON FRUITTI CBD est sous forme de tr\u00e8s belles t\u00eates de CBD, tr\u00e8s compacte aux trichomes cristallins et orang\u00e9s.<\/p>\n","protected":false},"featured_media":3837,"comment_status":"open","ping_status":"closed","template":"","meta":{"om_disable_all_campaigns":false,"_monsterinsights_skip_tracking":false,"_monsterinsights_sitenote_active":false,"_monsterinsights_sitenote_note":"","_monsterinsights_sitenote_category":0},"product_brand":[],"product_cat":[128,17,112,134,163],"product_tag":[],"class_list":{"0":"post-3828","1":"product","2":"type-product","3":"status-publish","4":"has-post-thumbnail","6":"product_cat-cbd","7":"product_cat-fleurs-cbd","8":"product_cat-fleurs-hydro","9":"product_cat-promos","10":"product_cat-special-noel-oh-max","12":"first","13":"instock","14":"sale","15":"shipping-taxable","16":"purchasable","17":"product-type-variable","18":"has-default-attributes","19":"add-to-wishlist-before_add_to_cart"},"_links":{"self":[{"href":"https:\/\/www.cbdohmax.fr\/index.php?rest_route=\/wp\/v2\/product\/3828","targetHints":{"allow":["GET"]}}],"collection":[{"href":"https:\/\/www.cbdohmax.fr\/index.php?rest_route=\/wp\/v2\/product"}],"about":[{"href":"https:\/\/www.cbdohmax.fr\/index.php?rest_route=\/wp\/v2\/types\/product"}],"replies":[{"embeddable":true,"href":"https:\/\/www.cbdohmax.fr\/index.php?rest_route=%2Fwp%2Fv2%2Fcomments&post=3828"}],"wp:featuredmedia":[{"embeddable":true,"href":"https:\/\/www.cbdohmax.fr\/index.php?rest_route=\/wp\/v2\/media\/3837"}],"wp:attachment":[{"href":"https:\/\/www.cbdohmax.fr\/index.php?rest_route=%2Fwp%2Fv2%2Fmedia&parent=3828"}],"wp:term":[{"taxonomy":"product_brand","embeddable":true,"href":"https:\/\/www.cbdohmax.fr\/index.php?rest_route=%2Fwp%2Fv2%2Fproduct_brand&post=3828"},{"taxonomy":"product_cat","embeddable":true,"href":"https:\/\/www.cbdohmax.fr\/index.php?rest_route=%2Fwp%2Fv2%2Fproduct_cat&post=3828"},{"taxonomy":"product_tag","embeddable":true,"href":"https:\/\/www.cbdohmax.fr\/index.php?rest_route=%2Fwp%2Fv2%2Fproduct_tag&post=3828"}],"curies":[{"name":"wp","href":"https:\/\/api.w.org\/{rel}","templated":true}]}}