{"id":4155,"date":"2024-02-24T17:38:46","date_gmt":"2024-02-24T16:38:46","guid":{"rendered":"https:\/\/www.cbdohmax.fr\/?post_type=product&#038;p=4155"},"modified":"2025-03-13T18:08:12","modified_gmt":"2025-03-13T17:08:12","slug":"white-widow-small-buds-hydro","status":"publish","type":"product","link":"https:\/\/www.cbdohmax.fr\/?product=white-widow-small-buds-hydro","title":{"rendered":"WHITE WIDOW SMALL BUDS HYDRO"},"content":{"rendered":"<p>La\u00a0 White Widow &#8220;Small Buds&#8221; c\u00e9l\u00e8bre pour sa grande quantit\u00e9 de trichomes blancs (d&#8217;o\u00f9 son nom)<\/p>\n<p>La White Widow Small Buds est une fleur cultiv\u00e9e en Indoor (int\u00e9rieur).<br \/>\nC\u2019est-\u00e0-dire que la fleur est cultiv\u00e9e \u00e0 l&#8217;int\u00e9rieur, dans une chambre de culture afin de contr\u00f4ler les taux d&#8217;humidit\u00e9s et de nutriments, mais aussi de la prot\u00e9ger des parasites ext\u00e9rieurs.<\/p>\n<p>De plus, le <strong>mode de culture est l\u2019hydroponie<\/strong>, un mode de culture ancien :<br \/>\nLa culture hydroponique est une technique des plus ancienne, c\u2019est \u00e0 dire, une culture hors-sol.<br \/>\nPour cela, la terre qui est habituellement utilis\u00e9e est remplac\u00e9e par un substrat st\u00e9rile, comme des billes d&#8217;argile ou de la laine de roche.<\/p>\n<p>D\u00e9couvrez la White Widow Small Buds, une vari\u00e9t\u00e9 hybride savoureuse avec <strong>des arri\u00e8res tons de pin et une pointe d\u2019\u00e9pices<\/strong>.<\/p>\n<p>Lors de la senteur de la White Widow Small Buds, le ressenti est <strong>une odeur d\u2019encens puissant avec une note musqu\u00e9e<\/strong>.<\/p>\n<p>Cette vari\u00e9t\u00e9 de fleur hybride est \u00e0 dominance Indica, elle d\u00e9gage de d\u00e9licieuses <strong>saveurs sucr\u00e9es et fruit\u00e9es, avec un go\u00fbt l\u00e9g\u00e8rement sucr\u00e9<\/strong>.<\/p>\n<p>La White Widow Small Buds est une vari\u00e9t\u00e9 de fleur de CBD<strong> tr\u00e8s compacte<\/strong> avec des grosses t\u00eates.<\/p>\n<p>Sa plus grande qualit\u00e9 tr\u00e8s appr\u00e9ci\u00e9e par tous est son incroyable capacit\u00e9 \u00e0 produire de la r\u00e9sine, sup\u00e9rieure aux autres vari\u00e9t\u00e9s.<\/p>\n<p>La White Widow Small Buds est <strong>d\u2019une couleur presque blanche<\/strong> puisque ses t\u00eates se couvriront de trichomes r\u00e9sineux d\u00e8s l\u2019arriv\u00e9e \u00e0 la floraison.<br \/>\n<strong>D\u2019o\u00f9 son nom, White Widow.<\/strong><\/p>\n<p>De part son intensit\u00e9 <strong>en CBD de 18%<\/strong>, la White Widow Small Buds est une vari\u00e9t\u00e9 CBD incroyablement populaire poss\u00e9dant des propri\u00e9t\u00e9s relaxantes et th\u00e9rapeutiques.<\/p>\n<p><em><strong>La White Widow\u00a0tient ses origines entre le croisement de deux vari\u00e9t\u00e9s naturelles.<\/strong><\/em><br \/>\n<em><strong>Une sativa Br\u00e9silienne et une indica Indienne.<\/strong><\/em><\/p>\n<p>&nbsp;<\/p>\n<p><strong><a href=\"https:\/\/www.facebook.com\/cbd.oh.max\" target=\"_blank\" rel=\"noopener\">CBD OH MAX<\/a> vous propose plusieurs m\u00e9thodes de consommation pour les fleurs et r\u00e9sines de CBD.<\/strong><\/p>\n<p><strong>Rappel<\/strong> : Les fleurs et r\u00e9sines ne doivent en aucun cas \u00eatre fum\u00e9es. Risque important des pertes de terp\u00e8nes ainsi qu\u2019une perte de qualit\u00e9 du produit par cette effet de combustion (exemple : flamme d\u2019un briquet)<\/p>\n<p>Vous pourrez donc choisir entre les diff\u00e9rents modes de consommation cit\u00e9s ci-dessous.<\/p>\n<h4><a href=\"https:\/\/www.cbdohmax.fr\/?product_cat=thes-infusions-cbd\">En infusion :<\/a><\/h4>\n<p>Pour cela rien de plus simple !<br \/>\nIl vous suffit de vous pr\u00e9parer de l\u2019eau chaude, comme une tisane classique et y ajouter les fleurs de CBD (infus\u00e9 4 \u00e0 7 minutes) puis rajouter un corps gras comme du lait, de la cr\u00e8me, du beurre ou m\u00eame de l&#8217;huile v\u00e9g\u00e9tale.<br \/>\nEn effet, n\u2019oublions pas que le CBD est une mol\u00e9cule lipophile et a de ce fait besoin d&#8217;un corps gras pour lib\u00e9rer tous ses bienfaits.<br \/>\nL\u2019effet ressenti est : sur la dur\u00e9e.<\/p>\n<h4><a href=\"https:\/\/www.cbdohmax.fr\/?product_cat=vaporisateurs\">En vaporisation :<\/a><\/h4>\n<p>Si vous n\u2019\u00eates pas un adepte des infusions aux CBD, il existe une autre m\u00e9thode, la vaporisation.<br \/>\nUne autre solution pour b\u00e9n\u00e9ficier plus rapidement des effets de vos fleurs ou r\u00e9sines .<br \/>\nGr\u00e2ce \u00e0 ce vaporisateur, vous ne perdez pas de terp\u00e8nes ni la qualit\u00e9. Des ar\u00f4mes d\u2019un go\u00fbt exceptionnel.<br \/>\nC\u00f4t\u00e9 effets, la vaporisation permet de r\u00e9v\u00e9ler beaucoup plus rapidement (voire instantan\u00e9ment) les bienfaits des diff\u00e9rents cannabino\u00efdes composants les fleurs ou r\u00e9sines.<br \/>\nIl vous est conseill\u00e9 de r\u00e9gler votre vaporisateur \u00e0 180\u00b0C pour une fleur et jusqu\u2019\u00e0 210\u00b0C pour une r\u00e9sine.<\/p>\n<p>&nbsp;<\/p>\n<p><em>Des prix variables et d\u00e9gressifs \ud83d\udc4d<\/em><\/p>\n<p>&nbsp;<\/p>\n<p>Toutes les fleurs sont issues d\u2019une agriculture naturelle et respectent les normes en vigueur des pays membres de l\u2019Union Europ\u00e9enne. THC&lt;0,3%<\/p>\n<p>&nbsp;<\/p>\n<p><strong>Stockage Appropri\u00e9<\/strong><\/p>\n<p>Pour pr\u00e9server la fra\u00eecheur et la qualit\u00e9 de la fleur de CBD, conservez l\u00e0 dans un endroit frais, sombre et sec, de pr\u00e9f\u00e9rence dans un r\u00e9cipient herm\u00e9tique. \u00c9vitez l\u2019exposition \u00e0 la lumi\u00e8re directe du soleil et \u00e0 l\u2019humidit\u00e9 excessive.<\/p>\n","protected":false},"excerpt":{"rendered":"<p>La<strong> White Widow Small Buds<\/strong> (petites t\u00eates) est la vari\u00e9t\u00e9 de chanvre incontournable.<\/p>\n<p>Cette vari\u00e9t\u00e9 est <strong>une hybride entre la sativa et l\u2019Indica<\/strong> avec des saveurs prononc\u00e9es sucr\u00e9es et fruit\u00e9es.<\/p>\n<p>Elle a un go\u00fbt prononc\u00e9 exquis caract\u00e9ris\u00e9 par un effet tr\u00e8s relaxant.<\/p>\n<p>Une vari\u00e9t\u00e9 de <strong>fleur CBD en <a href=\"https:\/\/www.cbdohmax.fr\/?product_cat=fleurs-hydro\">hydroponie<\/a><\/strong> poss\u00e8de des terp\u00e8nes puissants et donc fortement aromatis\u00e9es et tr\u00e8s r\u00e9sineuses.<\/p>\n<p>La White Widow Small Buds CBD aux nuances multiples de citron, citron vert, des saveurs d\u2019encens qui permettront \u00e0 cette fleur d\u2019\u00eatre parfaite.<\/p>\n<p>Une saveur authentique qui sera appr\u00e9ci\u00e9e par les amateurs de <strong>saveurs originales<\/strong>.<br \/>\nCe qui rendra cette White Widow particuli\u00e8rement agr\u00e9able \u00e0 consommer.<\/p>\n<p>N\u2019oublions pas les avantages et bienfaits du CBD sur le corps et l\u2019esprit :<\/p>\n<ul>\n<li>Anti6stress<\/li>\n<li>Anti-anxi\u00e9t\u00e9<\/li>\n<li>Am\u00e9lioration de la qualit\u00e9 du sommeil<\/li>\n<li>Anti douleurs &amp; anti inflammatoires<\/li>\n<\/ul>\n<p>Veuillez noter que nos produits de CBD ne sont pas con\u00e7us pour la consommation alimentaire. Ils sont exclusivement destin\u00e9s \u00e0 un usage externe ou \u00e0 des fins aromatiques.<\/p>\n<p>&nbsp;<\/p>\n<p>Nous vous recommandons de consulter un professionnel de sant\u00e9 avant d&#8217;utiliser nos produits, et de suivre les indications d&#8217;utilisation fournies.<\/p>\n<p>&nbsp;<\/p>\n<p>Nous d\u00e9clinons toute responsabilit\u00e9 en cas d&#8217;utilisation non conforme \u00e0 ces recommandations.<\/p>\n<p>&nbsp;<\/p>\n<p>Parfaite pour ceux qui cherchent \u00e0 se d\u00e9tendre sans renoncer au plaisir d&#8217;un ar\u00f4me riche et envo\u00fbtant.<\/p>\n<p><em>Laissez-vous tenter par cette cr\u00e9ation d&#8217;exception et ressentez le luxe d&#8217;une relaxation profonde et inoubliable.<\/em><\/p>\n<p>&nbsp;<\/p>\n<div class=\"woocommerce-product-details__short-description\">\n<p style=\"text-align: center;\"><strong>\ud83c\udf40 PROMOTIONS GROS VOLUMES \ud83c\udf40<\/strong><\/p>\n<p style=\"text-align: center;\"><strong>DISPONIBLES EN 10 Gr \u2013 25 Gr \u2013 50 Gr<\/strong><\/p>\n<p style=\"text-align: center;\"><strong>\u00c0 PARTIR DE 0,90 \u20ac \/ Gr<\/strong><\/p>\n<\/div>\n<p style=\"text-align: center;\">\ud83c\udf40\ud83c\udf40\ud83c\udf40<\/p>\n","protected":false},"featured_media":4247,"comment_status":"open","ping_status":"closed","template":"","meta":{"om_disable_all_campaigns":false,"_monsterinsights_skip_tracking":false,"_monsterinsights_sitenote_active":false,"_monsterinsights_sitenote_note":"","_monsterinsights_sitenote_category":0},"product_brand":[],"product_cat":[128,17,112,134,92],"product_tag":[],"class_list":{"0":"post-4155","1":"product","2":"type-product","3":"status-publish","4":"has-post-thumbnail","6":"product_cat-cbd","7":"product_cat-fleurs-cbd","8":"product_cat-fleurs-hydro","9":"product_cat-promos","10":"product_cat-small-buds","12":"first","13":"instock","14":"sale","15":"shipping-taxable","16":"purchasable","17":"product-type-variable","18":"has-default-attributes","19":"add-to-wishlist-before_add_to_cart"},"_links":{"self":[{"href":"https:\/\/www.cbdohmax.fr\/index.php?rest_route=\/wp\/v2\/product\/4155","targetHints":{"allow":["GET"]}}],"collection":[{"href":"https:\/\/www.cbdohmax.fr\/index.php?rest_route=\/wp\/v2\/product"}],"about":[{"href":"https:\/\/www.cbdohmax.fr\/index.php?rest_route=\/wp\/v2\/types\/product"}],"replies":[{"embeddable":true,"href":"https:\/\/www.cbdohmax.fr\/index.php?rest_route=%2Fwp%2Fv2%2Fcomments&post=4155"}],"wp:featuredmedia":[{"embeddable":true,"href":"https:\/\/www.cbdohmax.fr\/index.php?rest_route=\/wp\/v2\/media\/4247"}],"wp:attachment":[{"href":"https:\/\/www.cbdohmax.fr\/index.php?rest_route=%2Fwp%2Fv2%2Fmedia&parent=4155"}],"wp:term":[{"taxonomy":"product_brand","embeddable":true,"href":"https:\/\/www.cbdohmax.fr\/index.php?rest_route=%2Fwp%2Fv2%2Fproduct_brand&post=4155"},{"taxonomy":"product_cat","embeddable":true,"href":"https:\/\/www.cbdohmax.fr\/index.php?rest_route=%2Fwp%2Fv2%2Fproduct_cat&post=4155"},{"taxonomy":"product_tag","embeddable":true,"href":"https:\/\/www.cbdohmax.fr\/index.php?rest_route=%2Fwp%2Fv2%2Fproduct_tag&post=4155"}],"curies":[{"name":"wp","href":"https:\/\/api.w.org\/{rel}","templated":true}]}}