{"id":4373,"date":"2024-03-27T18:41:14","date_gmt":"2024-03-27T17:41:14","guid":{"rendered":"https:\/\/www.cbdohmax.fr\/?post_type=product&#038;p=4373"},"modified":"2026-04-02T15:07:12","modified_gmt":"2026-04-02T13:07:12","slug":"skunk-47","status":"publish","type":"product","link":"https:\/\/www.cbdohmax.fr\/?product=skunk-47","title":{"rendered":"SKUNK 47"},"content":{"rendered":"<p class=\"x_p3\"><span class=\"x_s2\">Culture Naturelle : Cultiv\u00e9es dans des conditions ext\u00e9rieures id\u00e9ales,\u00a0les plants de Skunk 47 CBD b\u00e9n\u00e9ficient de la lumi\u00e8re naturelle et du terroir, garantissant une exp\u00e9rience authentique.<\/span><\/p>\n<p class=\"x_p3\"><span class=\"x_s2\"><strong>Puissance Naturelle<\/strong> : L&#8217;exposition au soleil naturel optimise la synth\u00e8se des cannabino\u00efdes, offrant une concentration naturelle de bienfaits dans chaque t\u00eate de fleur.<\/span><\/p>\n<p class=\"x_p3\"><span class=\"x_s2\">Les ar\u00f4mes frais de la Skunk 47 CBD, m\u00ealant des <strong>nuances terreuses et bois\u00e9es<\/strong>.<\/span><\/p>\n<p class=\"x_p3\"><span class=\"x_s2\">Chaque lot est soumis \u00e0 des tests rigoureux, garantissant la conformit\u00e9 l\u00e9gale et la puret\u00e9 totale de notre Fleur CBD Skunk 47.<\/span><\/p>\n<p class=\"x_p3\"><span class=\"x_s2\">La Skunk 47 CBD, une vari\u00e9t\u00e9 qui se distingue par son <strong>m\u00e9lange distinct de saveurs et d&#8217;ar\u00f4mes<\/strong>.<\/span><\/p>\n<p class=\"x_p3\"><span class=\"x_s2\">Connue pour son profil robuste, la saveur de la Skunk 47 CBD est un <strong>m\u00e9lange complexe d\u2019\u00e9pices terreuses<\/strong>.<\/span><\/p>\n<p class=\"x_p3\"><span class=\"x_s2\">L&#8217;ar\u00f4me, quant \u00e0 lui, est tout aussi unique une puissante combinaison de musc et de skunk, avec <strong>un soup\u00e7on d&#8217;\u00e9pices exotiques<\/strong> qui persistent dans l&#8217;air.<\/span><\/p>\n<p class=\"x_p3\"><span class=\"x_s2\">Cette fleur <strong>cultiv\u00e9e en Greenhouse<\/strong> ( sous serre ) a gagn\u00e9 en popularit\u00e9 non seulement pour sa saveur et son ar\u00f4me, mais aussi pour sa teneur \u00e9lev\u00e9e en CBD.<\/span><\/p>\n<p class=\"x_p3\"><span class=\"x_s2\">En r\u00e9sum\u00e9, la Skunk 47 CBD offre un m\u00e9lange intrigant de saveurs et d&#8217;ar\u00f4mes qui la distingue des autres vari\u00e9t\u00e9s de cannabis.\u00a0<\/span><\/p>\n<p class=\"x_p3\"><span class=\"x_s2\">La<strong> Fleur SKUNK 47 11% CBD cultiv\u00e9e en greenhouse<\/strong> est caract\u00e9ris\u00e9e par un profil aromatique riche et terreux, accentu\u00e9 par des nuances \u00e9pic\u00e9es et bois\u00e9es.<\/span><\/p>\n<p class=\"x_p3\"><span class=\"x_s2\">La culture offre une exposition naturelle \u00e0 la lumi\u00e8re du soleil, ce qui favorise la synth\u00e8se de terp\u00e8nes et de compos\u00e9s aromatiques.<\/span><\/p>\n<p class=\"x_p3\"><span class=\"x_s2\">La Skunk 47 CBD tire avantage du terroir sp\u00e9cifique o\u00f9 elle pousse, d\u00e9veloppant ainsi des saveurs authentiques et robustes.<\/span><\/p>\n<p class=\"x_p3\"><span class=\"x_s2\">De plus, les conditions naturelles favorables permettent une croissance plus efficace des plantes, augmentant le rendement sans recourir \u00e0 des techniques co\u00fbteuses.<\/span><\/p>\n<p class=\"x_p3\"><span class=\"x_s2\">En r\u00e9sum\u00e9, la Fleur de CBD Skunk 47 s\u00e9duit par ses ar\u00f4mes naturellement riches, tout en offrant un avantage financier appr\u00e9ciable gr\u00e2ce \u00e0 une production plus \u00e9conomique et durable.<\/span><\/p>\n<p class=\"x_p3\"><span class=\"x_s2\">Recommand\u00e9e pour une exp\u00e9rience optimale, la vaporisation permet de lib\u00e9rer les ar\u00f4mes et les bienfaits du CBD de mani\u00e8re efficace.<\/span><\/p>\n<p class=\"x_p3\"><span class=\"x_s2\">Nos produits de CBD ne sont pas destin\u00e9s \u00e0 la consommation alimentaire.\u00a0<\/span><\/p>\n<p class=\"x_p3\"><span class=\"x_s2\">La Skunk 47, aux ar\u00f4mes profond\u00e9ment ancr\u00e9s dans la terre, d\u00e9voile une richesse d&#8217;\u00e9pices et de bois.\u00a0<\/span><\/p>\n<p class=\"x_p3\"><span class=\"x_s2\">En mati\u00e8re d&#8217;effets d\u00e9sirables, la Skunk 47 offre une exp\u00e9rience apaisante.<\/span><\/p>\n<p>&nbsp;<\/p>\n<p><strong><a href=\"https:\/\/www.facebook.com\/cbd.oh.max\" target=\"_blank\" rel=\"noopener\">CBD OH MAX<\/a>\u00a0vous propose plusieurs m\u00e9thodes de consommation pour les fleurs et r\u00e9sines de CBD.<\/strong><\/p>\n<p><strong>Rappel<\/strong>\u00a0: Les fleurs et r\u00e9sines ne doivent en aucun cas \u00eatre fum\u00e9es. Risque important des pertes de terp\u00e8nes ainsi qu\u2019une perte de qualit\u00e9 du produit par cette effet de combustion (exemple : flamme d\u2019un briquet)<\/p>\n<p>Vous pourrez donc choisir entre les diff\u00e9rents modes de consommation cit\u00e9s ci-dessous.<\/p>\n<h4><a href=\"https:\/\/www.cbdohmax.fr\/?product_cat=thes-infusions-cbd\">En infusion :<\/a><\/h4>\n<p>Pour cela rien de plus simple !<br \/>\nIl vous suffit de vous pr\u00e9parer de l\u2019eau chaude, comme une tisane classique et y ajouter les fleurs de CBD (infus\u00e9 4 \u00e0 7 minutes) puis rajouter un corps gras comme du lait, de la cr\u00e8me, du beurre ou m\u00eame de l\u2019huile v\u00e9g\u00e9tale.<br \/>\nEn effet, n\u2019oublions pas que le CBD est une mol\u00e9cule lipophile et a de ce fait besoin d\u2019un corps gras pour lib\u00e9rer tous ses bienfaits.<br \/>\nL\u2019effet ressenti est : sur la dur\u00e9e.<\/p>\n<h4><a href=\"https:\/\/www.cbdohmax.fr\/?product_cat=vaporisateurs\">En vaporisation :<\/a><\/h4>\n<p>Si vous n\u2019\u00eates pas un adepte des infusions aux CBD, il existe une autre m\u00e9thode, la vaporisation.<br \/>\nUne autre solution pour b\u00e9n\u00e9ficier plus rapidement des effets de vos fleurs ou r\u00e9sines .<br \/>\nGr\u00e2ce \u00e0 ce vaporisateur, vous ne perdez pas de terp\u00e8nes ni la qualit\u00e9. Des ar\u00f4mes d\u2019un go\u00fbt exceptionnel.<br \/>\nC\u00f4t\u00e9 effets, la vaporisation permet de r\u00e9v\u00e9ler beaucoup plus rapidement (voire instantan\u00e9ment) les bienfaits des diff\u00e9rents cannabino\u00efdes composants les fleurs ou r\u00e9sines.<br \/>\nIl vous est conseill\u00e9 de r\u00e9gler votre vaporisateur \u00e0 180\u00b0C pour une fleur et jusqu\u2019\u00e0 210\u00b0C pour une r\u00e9sine.<\/p>\n<p>&nbsp;<\/p>\n<p>Des prix variables et d\u00e9gressifs \ud83d\udc4d<\/p>\n<p>&nbsp;<\/p>\n<p>Toutes les fleurs sont issues d\u2019une agriculture naturelle et respectent les normes en vigueur des pays membres de l\u2019Union Europ\u00e9enne. THC&lt;0,3%<\/p>\n<p>&nbsp;<\/p>\n<p><strong>Stockage Appropri\u00e9<\/strong><\/p>\n<p>Pour pr\u00e9server la fra\u00eecheur et la qualit\u00e9 de la fleur de CBD, conservez l\u00e0 dans un endroit frais, sombre et sec, de pr\u00e9f\u00e9rence dans un r\u00e9cipient herm\u00e9tique. \u00c9vitez l\u2019exposition \u00e0 la lumi\u00e8re directe du soleil et \u00e0 l\u2019humidit\u00e9 excessive.<\/p>\n","protected":false},"excerpt":{"rendered":"<p class=\"x_p3\"><strong><span class=\"x_s2\">Fleur SKUNK 47 11% CBD <\/span><\/strong><span class=\"x_s2\"><strong>GREENHOUSE<\/strong> &#8211; Authenticit\u00e9 Naturelle d&#8217;une fleur r\u00e9put\u00e9e.<\/span><\/p>\n<p class=\"x_p3\"><span class=\"x_s2\">Des saveurs riches, des ar\u00f4mes captivants et une puissance naturelle garantissent une exp\u00e9rience CBD unique.<\/span><\/p>\n<p class=\"x_p3\"><span class=\"x_s2\">Cette vari\u00e9t\u00e9 est particuli\u00e8rement connue pour ses effets et sa faible teneur en t\u00e9trahydrocannabinol (THC), ce qui la rend adapt\u00e9e aux personnes qui recherchent les bienfaits du cannabis pour la sant\u00e9 sans les effets psychoactifs.\u00a0<\/span><\/p>\n<p class=\"x_p3\"><span class=\"x_s2\">Gr\u00e2ce \u00e0 sa culture, cette vari\u00e9t\u00e9 offre une qualit\u00e9 exceptionnelle \u00e0 un prix naturellement abordable.\u00a0<\/span><\/p>\n<p class=\"x_p3\"><span class=\"x_s2\">D\u00e9couvrez des saveurs riches, des ar\u00f4mes captivants, et plongez dans la puret\u00e9 de la nature sans compromettre votre portefeuille.\u00a0<\/span><\/p>\n<p class=\"x_p3\"><span class=\"x_s2\">Profitez de l&#8217;authenticit\u00e9 de la SKUNK 47 11% CBD, \u00e0 un prix qui fait la diff\u00e9rence.<\/span><\/p>\n<p class=\"x_p3\"><span class=\"x_s2\">Veuillez noter que nos produits de CBD ne sont pas con\u00e7us pour la consommation alimentaire. Ils sont exclusivement destin\u00e9s \u00e0 un usage externe ou \u00e0 des fins aromatiques.\u00a0<\/span><\/p>\n<p class=\"x_p3\"><span class=\"x_s2\">Nous vous recommandons de consulter un professionnel de sant\u00e9 avant d&#8217;utiliser nos produits, et de suivre les indications d&#8217;utilisation fournies. Nous d\u00e9clinons toute responsabilit\u00e9 en cas d&#8217;utilisation non conforme \u00e0 ces recommandations.<\/span><\/p>\n","protected":false},"featured_media":4382,"comment_status":"open","ping_status":"closed","template":"","meta":{"om_disable_all_campaigns":false,"_monsterinsights_skip_tracking":false,"_monsterinsights_sitenote_active":false,"_monsterinsights_sitenote_note":"","_monsterinsights_sitenote_category":0},"product_brand":[],"product_cat":[128,17,74,159,134,92],"product_tag":[],"class_list":{"0":"post-4373","1":"product","2":"type-product","3":"status-publish","4":"has-post-thumbnail","6":"product_cat-cbd","7":"product_cat-fleurs-cbd","8":"product_cat-fleurs-sous-serre","9":"product_cat-gros-volumes","10":"product_cat-promos","11":"product_cat-small-buds","13":"first","14":"instock","15":"sale","16":"shipping-taxable","17":"purchasable","18":"product-type-variable","19":"has-default-attributes","20":"add-to-wishlist-before_add_to_cart"},"_links":{"self":[{"href":"https:\/\/www.cbdohmax.fr\/index.php?rest_route=\/wp\/v2\/product\/4373","targetHints":{"allow":["GET"]}}],"collection":[{"href":"https:\/\/www.cbdohmax.fr\/index.php?rest_route=\/wp\/v2\/product"}],"about":[{"href":"https:\/\/www.cbdohmax.fr\/index.php?rest_route=\/wp\/v2\/types\/product"}],"replies":[{"embeddable":true,"href":"https:\/\/www.cbdohmax.fr\/index.php?rest_route=%2Fwp%2Fv2%2Fcomments&post=4373"}],"wp:featuredmedia":[{"embeddable":true,"href":"https:\/\/www.cbdohmax.fr\/index.php?rest_route=\/wp\/v2\/media\/4382"}],"wp:attachment":[{"href":"https:\/\/www.cbdohmax.fr\/index.php?rest_route=%2Fwp%2Fv2%2Fmedia&parent=4373"}],"wp:term":[{"taxonomy":"product_brand","embeddable":true,"href":"https:\/\/www.cbdohmax.fr\/index.php?rest_route=%2Fwp%2Fv2%2Fproduct_brand&post=4373"},{"taxonomy":"product_cat","embeddable":true,"href":"https:\/\/www.cbdohmax.fr\/index.php?rest_route=%2Fwp%2Fv2%2Fproduct_cat&post=4373"},{"taxonomy":"product_tag","embeddable":true,"href":"https:\/\/www.cbdohmax.fr\/index.php?rest_route=%2Fwp%2Fv2%2Fproduct_tag&post=4373"}],"curies":[{"name":"wp","href":"https:\/\/api.w.org\/{rel}","templated":true}]}}