{"id":4904,"date":"2024-07-12T18:39:59","date_gmt":"2024-07-12T16:39:59","guid":{"rendered":"https:\/\/www.cbdohmax.fr\/?post_type=product&#038;p=4904"},"modified":"2024-12-19T14:19:48","modified_gmt":"2024-12-19T13:19:48","slug":"gummies-muscimoles-5mg","status":"publish","type":"product","link":"https:\/\/www.cbdohmax.fr\/?product=gummies-muscimoles-5mg","title":{"rendered":"GUMMIES MUSCIMOLES 5MG"},"content":{"rendered":"<div id=\"app\">\n<div id=\"appContainer\" class=\"QdrUx UU8iG body-156\">\n<div class=\"Flvp1 customScrollBar\">\n<div id=\"mainApp\" class=\"NzIuH\">\n<div class=\"gU1Tf\">\n<div class=\"I3sS5\">\n<div id=\"MainModule\" class=\"FJ4hV\">\n<div class=\"SW7A6\">\n<div class=\"LBktY\">\n<div class=\"q9iRC css-269\" data-max-width=\"2400\">\n<div class=\"HOVUa\">\n<div class=\"nbmyu FkPdL czwRD LCprM\">\n<div id=\"Acc\u00e9der au message-region\" class=\"Mq3cC css-273\" tabindex=\"-1\" role=\"main\" data-app-section=\"MailReadCompose\" aria-label=\"Volet de lecture\" data-skip-link-name=\"Acc\u00e9der au message\">\n<div id=\"ReadingPaneContainerId\" class=\"Xsklh VJZZC\">\n<div class=\"g_zET\">\n<div class=\"NiD4s\">\n<div id=\"ConversationReadingPaneContainer\" class=\"MtujV\" tabindex=\"-1\">\n<div class=\"L72vd\">\n<div class=\"Q8TCC yyYQP customScrollBar\" tabindex=\"-1\" aria-label=\"1 messages\" data-app-section=\"ConversationContainer\" data-is-scrollable=\"true\">\n<div class=\"aVla3\">\n<div class=\"\" aria-expanded=\"true\">\n<div class=\"wide-content-host\">\n<div id=\"focused\" class=\"SlLx9 WWy1F byzS1 WWy1F\" tabindex=\"-1\" aria-label=\"Courrier \u00e9lectronique\">\n<div role=\"document\">\n<div id=\"UniqueMessageBody_3\" class=\"XbIp4 jmmB7 GNqVo allowTextSelection OuGoX\" tabindex=\"-1\" aria-label=\"Corps du message\">\n<div class=\"BodyFragment\">\n<div class=\"PlainText\">\n<h5 class=\"x_p3\"><strong><span class=\"x_s2\">Ces produits, \u00e0 base de muscicol (ou muscimole), sont un compos\u00e9 pr\u00e9sent dans certaines esp\u00e8ces de champignons.<\/span><\/strong><\/h5>\n<p class=\"x_p3\"><span class=\"x_s2\">Elabor\u00e9s avec minutie, ces <strong>bonbons g\u00e9lifi\u00e9s<\/strong> r\u00e9sultent d&#8217;une recherche approfondie pour offrir une qualit\u00e9 optimale.<\/span><\/p>\n<p class=\"x_p3\"><span class=\"x_s2\">Nos produits sont disponibles en pack de 2 gummies g\u00e9lifi\u00e9es, avec un dosage pr\u00e9cis\u00e9ment calibr\u00e9 pour garantir s\u00e9curit\u00e9 et bienfaits.<\/span><\/p>\n<p>&nbsp;<\/p>\n<p class=\"x_p3\"><span class=\"x_s2\">Pour ceux qui cherchent \u00e0 explorer <strong>les effets du muscicole, nos gummies champignons<\/strong> repr\u00e9sentent une alternative de qualit\u00e9 sup\u00e9rieure.<\/span><\/p>\n<p class=\"x_p3\"><span class=\"x_s2\">Con\u00e7us avec soin, ces produits combinent le <strong>muscicole extrait naturellement<\/strong> avec d&#8217;autres ingr\u00e9dients pour offrir un r\u00e9sultat agr\u00e9able et ma\u00eetris\u00e9.<\/span><\/p>\n<p class=\"x_p3\"><span class=\"x_s2\">La qualit\u00e9 sup\u00e9rieure de ces bonbons est assur\u00e9e par une s\u00e9lection rigoureuse des champignons, garantissant ainsi <strong>un m\u00e9lange exquis de fruits<\/strong>.\u00a0<\/span><\/p>\n<p class=\"x_p3\"><span class=\"x_s2\">Inspir\u00e9s par les d\u00e9lices\u00a0 des bonbons fruit\u00e9s, ces bonbons gummies offrent un m\u00e9lange exquis de fruits acidul\u00e9s qui \u00e9veilleront vos papilles \u00e0 chaque bouch\u00e9e.<\/span><\/p>\n<p class=\"x_p3\"><span class=\"x_s2\">Avec une dose pr\u00e9cise de <strong>5mg de muscimole par bonbon<\/strong>, vous pouvez savourer chaque moment <strong>sans aucun go\u00fbt d\u00e9sagr\u00e9able de champignons<\/strong>.\u00a0<\/span><\/p>\n<p>&nbsp;<\/p>\n<p class=\"x_p3\"><span class=\"x_s2\">La formule sp\u00e9ciale <a href=\"https:\/\/www.cbdohmax.fr\/\">CBD OH MAX<\/a> se dig\u00e8re facilement, offrant une exp\u00e9rience sans pareil, o\u00f9 le plaisir rencontre la praticit\u00e9.<\/span><\/p>\n<p class=\"x_p3\"><span class=\"x_s2\">Ces gummies, <strong>disponibles en \u00e0 l&#8217;unit\u00e9 ou par lot de gommes g\u00e9lifi\u00e9es<\/strong>, offrent une m\u00e9thode d&#8217;ingestion contr\u00f4l\u00e9e et dos\u00e9e du muscicole.<\/span><\/p>\n<p class=\"x_p3\"><span class=\"x_s2\">L&#8217;un de ces champignons est le crin de lion, connu pour ses bienfaits cognitifs tels que l&#8217;am\u00e9lioration de la m\u00e9moire et de la concentration.\u00a0<\/span><\/p>\n<p class=\"x_p3\"><span class=\"x_s2\">La crini\u00e8re de lion a \u00e9galement \u00e9t\u00e9 \u00e9tudi\u00e9e pour son potentiel \u00e0 soutenir le syst\u00e8me nerveux et \u00e0 r\u00e9duire les sympt\u00f4mes de l&#8217;anxi\u00e9t\u00e9 et de la d\u00e9pression.\u00a0<\/span><\/p>\n<p class=\"x_p3\"><span class=\"x_s2\">Enfin, les\u00a0gummies de champignons constituent <strong>une option amusante et savoureuse<\/strong> pour ceux qui pr\u00e9f\u00e8rent une m\u00e9thode de consommation plus agr\u00e9able.<\/span><\/p>\n<\/div>\n<p>&nbsp;<\/p>\n<p><strong><a href=\"https:\/\/www.facebook.com\/cbd.oh.max\" target=\"_blank\" rel=\"noopener\">CBB OH MAX<\/a> vous propose <span class=\"x_s2\">2 Gummies Muscimoles maximum par personne 1 par jour.<\/span><\/strong><\/p>\n<\/div>\n<p>DISPONIBLES EN UNIT\u00c9 OU PAR LOT :<\/p>\n<p>1 UNIT\u00c9 \/ 2 UNIT\u00c9S \/ 4 UNIT\u00c9S \/ 10\u00a0UNIT\u00c9S<\/p>\n<\/div>\n<\/div>\n<\/div>\n<\/div>\n<\/div>\n<\/div>\n<\/div>\n<\/div>\n<\/div>\n<\/div>\n<\/div>\n<\/div>\n<\/div>\n<\/div>\n<\/div>\n<\/div>\n<\/div>\n<\/div>\n<\/div>\n<\/div>\n<\/div>\n<\/div>\n<\/div>\n<\/div>\n<\/div>\n","protected":false},"excerpt":{"rendered":"<h4 class=\"x_p3\"><strong><span class=\"x_s2\">GUMMIES CHAMPIGNONS &#8211; MUSCIMOLE 5MG<\/span><\/strong><\/h4>\n<p class=\"x_p3\"><span class=\"x_s2\">Plongez dans un monde de saveurs exquises et de plaisir avec nos gummies Rainbow Fruits Muscimole 5mg.<\/span><\/p>\n<p class=\"x_p3\"><span class=\"x_s2\">Notre formule exclusive\u00a0de bonbons au\u00a0muscimole garantit une digestion douce et agr\u00e9able, vous permettant de profiter pleinement de chaque moment !<\/span><\/p>\n<p class=\"x_p3\"><span class=\"x_s2\">Pratiques, d\u00e9licieux et parfaitement dos\u00e9s \u00e0 <strong>5mg de muscimole par bonbon<\/strong>, laissez vous tenter par <strong>nos gummies Rainbow Fruits, aux go\u00fbts d&#8217;<\/strong><\/span><strong>Agrumes &amp; de Baies sucr\u00e9es.<\/strong><\/p>\n<p>&nbsp;<\/p>\n<h5 class=\"x_p3\"><span class=\"x_s2\"><strong>Disponibles en \u00e0 l&#8217;unit\u00e9 ou par lot de gommes g\u00e9lifi\u00e9es<\/strong><\/span><\/h5>\n<p>1 UNIT\u00c9 \/ 2 UNIT\u00c9S \/ 4 UNIT\u00c9S \/ 10\u00a0UNIT\u00c9S<\/p>\n","protected":false},"featured_media":4923,"comment_status":"open","ping_status":"closed","template":"","meta":{"om_disable_all_campaigns":false,"_monsterinsights_skip_tracking":false,"_monsterinsights_sitenote_active":false,"_monsterinsights_sitenote_note":"","_monsterinsights_sitenote_category":0},"product_brand":[],"product_cat":[142,139],"product_tag":[],"class_list":{"0":"post-4904","1":"product","2":"type-product","3":"status-publish","4":"has-post-thumbnail","6":"product_cat-champignons","7":"product_cat-headshop","9":"first","10":"instock","11":"shipping-taxable","12":"purchasable","13":"product-type-variable","14":"has-default-attributes","15":"add-to-wishlist-before_add_to_cart"},"_links":{"self":[{"href":"https:\/\/www.cbdohmax.fr\/index.php?rest_route=\/wp\/v2\/product\/4904","targetHints":{"allow":["GET"]}}],"collection":[{"href":"https:\/\/www.cbdohmax.fr\/index.php?rest_route=\/wp\/v2\/product"}],"about":[{"href":"https:\/\/www.cbdohmax.fr\/index.php?rest_route=\/wp\/v2\/types\/product"}],"replies":[{"embeddable":true,"href":"https:\/\/www.cbdohmax.fr\/index.php?rest_route=%2Fwp%2Fv2%2Fcomments&post=4904"}],"wp:featuredmedia":[{"embeddable":true,"href":"https:\/\/www.cbdohmax.fr\/index.php?rest_route=\/wp\/v2\/media\/4923"}],"wp:attachment":[{"href":"https:\/\/www.cbdohmax.fr\/index.php?rest_route=%2Fwp%2Fv2%2Fmedia&parent=4904"}],"wp:term":[{"taxonomy":"product_brand","embeddable":true,"href":"https:\/\/www.cbdohmax.fr\/index.php?rest_route=%2Fwp%2Fv2%2Fproduct_brand&post=4904"},{"taxonomy":"product_cat","embeddable":true,"href":"https:\/\/www.cbdohmax.fr\/index.php?rest_route=%2Fwp%2Fv2%2Fproduct_cat&post=4904"},{"taxonomy":"product_tag","embeddable":true,"href":"https:\/\/www.cbdohmax.fr\/index.php?rest_route=%2Fwp%2Fv2%2Fproduct_tag&post=4904"}],"curies":[{"name":"wp","href":"https:\/\/api.w.org\/{rel}","templated":true}]}}