{"id":5233,"date":"2024-10-24T18:07:48","date_gmt":"2024-10-24T16:07:48","guid":{"rendered":"https:\/\/www.cbdohmax.fr\/?post_type=product&#038;p=5233"},"modified":"2025-10-02T21:11:05","modified_gmt":"2025-10-02T19:11:05","slug":"berry-haze","status":"publish","type":"product","link":"https:\/\/www.cbdohmax.fr\/?product=berry-haze","title":{"rendered":"BERRY HAZE CBG"},"content":{"rendered":"<blockquote>\n<div dir=\"ltr\">\n<blockquote>\n<div dir=\"ltr\">\n<blockquote>\n<div dir=\"ltr\">\n<div data-olk-copy-source=\"MessageBody\">Le mode de culture en Glass House c\u2019est-\u00e0-dire que la fleur commence \u00e0 pousser en Greenhouse (sous serre) et ensuite fini en Indoor (int\u00e9rieur).<\/div>\n<div><b>Dans un environnement Glass House, la m\u00e9thode utilis\u00e9e pour la culture en serre des fleurs de CBD consiste \u00e0 cr\u00e9er un climat contr\u00f4l\u00e9 et optimis\u00e9 pour assurer la croissance et le d\u00e9veloppement ad\u00e9quat des plantes de CBD.<\/b><\/div>\n<div>Cette m\u00e9thode int\u00e8gre un syst\u00e8me de culture avanc\u00e9 qui fourni aux plantes les conditions id\u00e9ales pour une croissance saine, y compris la r\u00e9gulation de la temp\u00e9rature, le contr\u00f4le de l&#8217;humidit\u00e9 et une exposition ad\u00e9quate \u00e0 la lumi\u00e8re.<\/div>\n<div aria-hidden=\"true\"><\/div>\n<div>La structure de la serre permet le passage de la lumi\u00e8re naturelle du soleil, qui est essentielle au processus de photosynth\u00e8se, tout en contribuant \u00e0 maintenir un environnement coh\u00e9rent tout au long du cycle de vie de la plante. La combinaison d&#8217;un contr\u00f4le pr\u00e9cis du climat et de la lumi\u00e8re naturelle du soleil permet d&#8217;obtenir une croissance optimale et des fleurs de CBD de haute qualit\u00e9, ce qui garantit une r\u00e9colte fructueuse<\/div>\n<div aria-hidden=\"true\"><\/div>\n<div>Les t\u00eates ont une apparence tr\u00e8s plaisante et elles \u00e9manent la fameuse saveur tant ador\u00e9e et typique de la lign\u00e9e des Blueberry. Elles forment de grosses\u00a0<b>t\u00eates compactes et r\u00e9sineuses<\/b><\/div>\n<div aria-hidden=\"true\"><\/div>\n<div>L\u2019exp\u00e9rience sensorielle est de mani\u00e8re g\u00e9n\u00e9rale assez sucr\u00e9e et douce.<\/div>\n<div aria-hidden=\"true\"><\/div>\n<div>Les consommateurs peuvent s\u2019attendre \u00e0 ressentir des effets relaxants accompagn\u00e9s d\u2019ondes \u00e9nerg\u00e9tiques qui permettent d\u2019infuser une bonne dose de cr\u00e9ativit\u00e9 \u00e0 une journ\u00e9e charg\u00e9e.<\/div>\n<div>L\u2019influence indica peut \u00eatre ressentie sous la forme d\u2019un l\u00e9ger effet physique et soulage des douleurs inflammatoires pour le corps gr\u00e2ce aux <strong>8% de CBG &amp; aux 19% CBD<\/strong>.<\/div>\n<div aria-hidden=\"true\"><\/div>\n<div>La Berry Haze CBG est une excellente vari\u00e9t\u00e9 pour ceux en qu\u00eate d\u2019une fleur g\u00e9n\u00e9reuse qui donnera de bonnes ondes et une saveur d\u00e9licieuse !<\/div>\n<div aria-hidden=\"true\"><\/div>\n<div>L\u2019<b>ar\u00f4me<\/b>\u00a0de ses t\u00eates est\u00a0<b>intense, sucr\u00e9 et fruit\u00e9<\/b>, elle est d\u00e9licieuse en la fumant, mais \u00e9galement pour la cuisine ou pour sa consommation avec un\u00a0vaporisateur.<\/div>\n<div><\/div>\n<div aria-hidden=\"true\"><\/div>\n<h3><u><a id=\"OWAc74ef89e-cf64-336c-c7d3-4fdb3b3e4ec9\" href=\"https:\/\/www.facebook.com\/cbd.oh.max\/\" data-auth=\"NotApplicable\" data-linkindex=\"0\" target=\"_blank\" rel=\"noopener\">CBD OH MAX<\/a><\/u>\u00a0vous propose plusieurs m\u00e9thodes de consommations pour les fleurs et r\u00e9sines de CBD.<\/h3>\n<div>Rappel : Les fleurs et r\u00e9sines ne doivent en aucun cas \u00eatre fum\u00e9es. Risque important des pertes de terp\u00e8nes ainsi qu\u2019une perte de qualit\u00e9 du produit par cette effet de combustion (exemple : flamme d\u2019un briquet)<\/div>\n<div>Vous pourrez donc choisir entre les diff\u00e9rents modes de consommation cit\u00e9s ci-dessous.<\/div>\n<div aria-hidden=\"true\"><\/div>\n<div><b><u><a id=\"OWA9483b54c-4c70-cae4-74f0-20f71e4030e7\" href=\"https:\/\/www.cbdohmax.fr\/?product_cat=thes-infusions-cbd\" data-auth=\"NotApplicable\" data-linkindex=\"1\">En infusion :<\/a><\/u><\/b><\/div>\n<div>Pour cela rien de plus simple !<br \/>\nIl vous suffit de vous pr\u00e9parer de l\u2019eau chaude, comme une tisane classique et y ajouter les fleurs de CBD (infus\u00e9 4 \u00e0 7 minutes) puis rajouter un corps gras comme du lait, de la cr\u00e8me, du beurre ou m\u00eame de l\u2019huile v\u00e9g\u00e9tale.<\/div>\n<div>En effet, n\u2019oublions pas que le CBD est une mol\u00e9cule lipophile et a de ce fait besoin d\u2019un corps gras pour lib\u00e9rer tous ses bienfaits.<\/div>\n<div>L\u2019effet ressenti est : sur la dur\u00e9e.<\/div>\n<div aria-hidden=\"true\"><\/div>\n<div><b><u><a id=\"OWA26a4cd67-5502-7abe-6fdf-0c7e05496bdd\" href=\"https:\/\/www.cbdohmax.fr\/?product_cat=vape-cbd\" data-auth=\"NotApplicable\" data-linkindex=\"2\">En vaporisation :<\/a><\/u><\/b><\/div>\n<div>Si vous n\u2019\u00eates pas un adepte des infusions aux CBD, il existe une autre m\u00e9thode, la vaporisation.<\/div>\n<div>Une autre solution pour b\u00e9n\u00e9ficier plus rapidement des effets de vos fleurs ou r\u00e9sines .<\/div>\n<div>Gr\u00e2ce \u00e0 ce vaporisateur, vous ne perdez pas de terp\u00e8nes ni la qualit\u00e9 des ar\u00f4mes.<\/div>\n<div>Un go\u00fbt exceptionnel.<\/div>\n<div>C\u00f4t\u00e9 effets, la vaporisation permet de r\u00e9v\u00e9ler beaucoup plus rapidement (voire instantan\u00e9ment) les bienfaits des diff\u00e9rents cannabino\u00efdes composants les fleurs ou r\u00e9sines.<\/div>\n<div>Il vous est conseill\u00e9 de r\u00e9gler votre vaporisateur \u00e0 180\u00b0C pour une fleur et jusqu\u2019\u00e0 210\u00b0C pour une r\u00e9sine.<\/div>\n<div aria-hidden=\"true\"><\/div>\n<div aria-hidden=\"true\"><\/div>\n<div><i>Des prix variables et d\u00e9gressifs \ud83d\udc4d<\/i><\/div>\n<div aria-hidden=\"true\"><\/div>\n<div>Toutes les fleurs sont issues d\u2019une agriculture naturelle et respectent les normes en vigueur des pays membres de l\u2019Union Europ\u00e9enne. THC&lt;0,3%<\/div>\n<div aria-hidden=\"true\"><\/div>\n<div><b>Stockage Appropri\u00e9<\/b><\/div>\n<div>Pour pr\u00e9server la fra\u00eecheur et la qualit\u00e9 de la fleur de CBD, conservez l\u00e0 dans un endroit frais, sombre et sec, de pr\u00e9f\u00e9rence dans un r\u00e9cipient herm\u00e9tique. \u00c9vitez l\u2019exposition \u00e0 la lumi\u00e8re directe du soleil et \u00e0 l\u2019humidit\u00e9 excessive.<\/div>\n<\/div>\n<\/blockquote>\n<\/div>\n<\/blockquote>\n<\/div>\n<\/blockquote>\n","protected":false},"excerpt":{"rendered":"<div>\n<div><b data-olk-copy-source=\"MessageBody\">BERRY HAZE<\/b><\/div>\n<div><b>MODE DE CULTURE\u00a0: GLASS HOUSE<\/b><\/div>\n<div><b>19% CBD &amp; 8% CBG<\/b><\/div>\n<\/div>\n<div><b>HYBRIDE : BLUEBERRY &amp; STRAWBERRY &amp; PURPLE &amp; SUPER SILVER HAZE<\/b><\/div>\n<div><strong>DOMINANCE SATIVA<\/strong><\/div>\n<div><b>BAIES SUCR\u00c9ES \/ FLORAL \/ BOIS\u00c9<\/b><\/div>\n<div aria-hidden=\"true\"><\/div>\n<div>\n<blockquote>\n<div dir=\"ltr\">\n<div><b data-olk-copy-source=\"MessageBody\">BERRY HAZE<\/b><\/div>\n<div><b>MODE DE CULTURE\u00a0: GLASS HOUSE<\/b><\/div>\n<div><b>19% CBD &amp; 8% CBG<\/b><\/div>\n<div aria-hidden=\"true\"><\/div>\n<div>La vari\u00e9t\u00e9 Berry Haze poss\u00e8de un taux tr\u00e8s \u00e9lev\u00e9 de <strong>19% de CBD &amp; 8% de CBG<\/strong> et est tr\u00e8s populaire parmi les consommateurs.<\/div>\n<div aria-hidden=\"true\"><\/div>\n<div>C\u2019est une <strong>hybride de la c\u00e9l\u00e8bre Blueberry, la Strawberry, d\u2019une Purple et d\u2019une Super Silver Haze<\/strong>, connue pour ses bons rendements de qualit\u00e9 avec une douce saveur de baies multiples l\u00e9g\u00e8rement bois\u00e9e.<\/div>\n<div aria-hidden=\"true\"><\/div>\n<div>La Berry Haze de chez CBD OH MAX est une vari\u00e9t\u00e9 \u00e0 <strong>dominance sativa<\/strong> qui fut s\u00e9lectionn\u00e9e avec deux vari\u00e9t\u00e9s parentes l\u00e9gendaires qui ne sont autre que Blueberry et une Shining Silver Haze.<\/div>\n<div>On a ici un h\u00e9ritage g\u00e9n\u00e9tique qui infuse le plant avec <strong>80 % de sativa et de 20 % d\u2019indica<\/strong>.<\/div>\n<div><\/div>\n<div>La Berry Haze CBG poss\u00e8de des <strong>t\u00eates larges et denses<\/strong> dot\u00e9es d\u2019une douce <strong>saveur de baies<\/strong>.<\/div>\n<div><\/div>\n<div>Selon l\u2019environnement, les t\u00eates peuvent pr\u00e9senter des <strong>nuances bleues, violettes ou rouge\u00e2tre.<\/strong><\/div>\n<\/div>\n<\/blockquote>\n<\/div>\n","protected":false},"featured_media":5243,"comment_status":"open","ping_status":"closed","template":"","meta":{"om_disable_all_campaigns":false,"_monsterinsights_skip_tracking":false,"_monsterinsights_sitenote_active":false,"_monsterinsights_sitenote_note":"","_monsterinsights_sitenote_category":0},"product_brand":[],"product_cat":[128,17,149],"product_tag":[],"class_list":{"0":"post-5233","1":"product","2":"type-product","3":"status-publish","4":"has-post-thumbnail","6":"product_cat-cbd","7":"product_cat-fleurs-cbd","8":"product_cat-fleurs-glass-house","9":"product_shipping_class-colissimo","11":"first","12":"instock","13":"sale","14":"shipping-taxable","15":"purchasable","16":"product-type-variable","17":"has-default-attributes","18":"add-to-wishlist-before_add_to_cart"},"_links":{"self":[{"href":"https:\/\/www.cbdohmax.fr\/index.php?rest_route=\/wp\/v2\/product\/5233","targetHints":{"allow":["GET"]}}],"collection":[{"href":"https:\/\/www.cbdohmax.fr\/index.php?rest_route=\/wp\/v2\/product"}],"about":[{"href":"https:\/\/www.cbdohmax.fr\/index.php?rest_route=\/wp\/v2\/types\/product"}],"replies":[{"embeddable":true,"href":"https:\/\/www.cbdohmax.fr\/index.php?rest_route=%2Fwp%2Fv2%2Fcomments&post=5233"}],"wp:featuredmedia":[{"embeddable":true,"href":"https:\/\/www.cbdohmax.fr\/index.php?rest_route=\/wp\/v2\/media\/5243"}],"wp:attachment":[{"href":"https:\/\/www.cbdohmax.fr\/index.php?rest_route=%2Fwp%2Fv2%2Fmedia&parent=5233"}],"wp:term":[{"taxonomy":"product_brand","embeddable":true,"href":"https:\/\/www.cbdohmax.fr\/index.php?rest_route=%2Fwp%2Fv2%2Fproduct_brand&post=5233"},{"taxonomy":"product_cat","embeddable":true,"href":"https:\/\/www.cbdohmax.fr\/index.php?rest_route=%2Fwp%2Fv2%2Fproduct_cat&post=5233"},{"taxonomy":"product_tag","embeddable":true,"href":"https:\/\/www.cbdohmax.fr\/index.php?rest_route=%2Fwp%2Fv2%2Fproduct_tag&post=5233"}],"curies":[{"name":"wp","href":"https:\/\/api.w.org\/{rel}","templated":true}]}}