{"id":5432,"date":"2024-11-23T18:37:00","date_gmt":"2024-11-23T17:37:00","guid":{"rendered":"https:\/\/www.cbdohmax.fr\/?post_type=product&#038;p=5432"},"modified":"2026-02-03T17:59:38","modified_gmt":"2026-02-03T16:59:38","slug":"frozen-fruitti-cbg","status":"publish","type":"product","link":"https:\/\/www.cbdohmax.fr\/?product=frozen-fruitti-cbg","title":{"rendered":"FROZEN FRUITTI CBG"},"content":{"rendered":"<h3 class=\"x_p3\"><strong><span class=\"x_s2\" data-olk-copy-source=\"MessageBody\">La Frozen Fruitti est une vari\u00e9t\u00e9 de fleur CBD populaire \u00e0 l&#8217;ar\u00f4me unique.\u00a0<\/span><\/strong><\/h3>\n<p class=\"x_p3\"><span class=\"x_s2\">Cette vari\u00e9t\u00e9 est une hybride de renom pour ses effets relaxants et sa saveur distinctive.<\/span><\/p>\n<p class=\"x_p3\"><strong><span class=\"x_s2\">Son ar\u00f4me fruit\u00e9 avec un effet \u00ab glac\u00e9 \u00bb en bouche et tropical sucr\u00e9 combine des notes d\u2019agrumes et de fruits rouges, avec une touche subtile d\u2019herbes et de lavande.<\/span><\/strong><\/p>\n<p class=\"x_p3\"><span class=\"x_s2\">La fleur a une couleur verte claire et est recouverte d&#8217;une couverture de trichomes blancs, ce qui lui donne un<\/span><span class=\"x_s3\">\u00a0aspect \u00e9tincelant<\/span><span class=\"x_s2\">.<\/span><\/p>\n<p class=\"x_p3\"><span class=\"x_s2\">Elle est dense, collante et a une\u00a0<\/span><span class=\"x_s3\">concentration<\/span><span class=\"x_s2\">\u00a0\u00e9lev\u00e9e de\u00a0<\/span><span class=\"x_s3\">cannabino\u00efdes<\/span><span class=\"x_s2\">, ce qui en fait un choix populaire pour ceux qui sont a la recherche d&#8217;un bien-\u00eatre ultime.<\/span><\/p>\n<p>&nbsp;<\/p>\n<p class=\"p2\" style=\"margin: 0cm; font-stretch: normal; font-size-adjust: none; font-kerning: auto; font-variant-alternates: normal; font-variant-ligatures: normal; font-variant-numeric: normal; font-variant-east-asian: normal; font-variant-position: normal; font-feature-settings: normal; font-optical-sizing: auto; font-variation-settings: normal; min-height: 22px; caret-color: #000000; -webkit-text-size-adjust: auto;\"><span style=\"color: black;\">\u00a0<\/span><\/p>\n<p><a href=\"https:\/\/www.facebook.com\/cbd.oh.max\/\" target=\"_blank\" rel=\"noopener\">CBD OH MAX<\/a>\u00a0vous propose plusieurs m\u00e9thodes de consommations pour les fleurs et r\u00e9sines de CBD.<\/p>\n<p>&nbsp;<\/p>\n<p>Rappel : Les fleurs et r\u00e9sines ne doivent en aucun cas \u00eatre fum\u00e9es. Risque important des pertes de terp\u00e8nes ainsi qu\u2019une perte de qualit\u00e9 du produit par cette effet de combustion (exemple : flamme d\u2019un briquet)<\/p>\n<p>&nbsp;<\/p>\n<p>Vous pourrez donc choisir entre les diff\u00e9rents modes de consommation cit\u00e9s ci-dessous.<\/p>\n<p>&nbsp;<\/p>\n<p><a href=\"https:\/\/www.cbdohmax.fr\/?product_cat=thes-infusions-cbd\"><strong>En infusion :<\/strong><\/a><\/p>\n<p>Pour cela rien de plus simple !<br \/>\nIl vous suffit de vous pr\u00e9parer de l\u2019eau chaude, comme une tisane classique et y ajouter les fleurs de CBD (infus\u00e9 4 \u00e0 7 minutes) puis rajouter un corps gras comme du lait, de la cr\u00e8me, du beurre ou m\u00eame de l\u2019huile v\u00e9g\u00e9tale.<\/p>\n<p>En effet, n\u2019oublions pas que le CBD est une mol\u00e9cule lipophile et a de ce fait besoin d\u2019un corps gras pour lib\u00e9rer tous ses bienfaits.<\/p>\n<p>L\u2019effet ressenti est : sur la dur\u00e9e.<\/p>\n<p>&nbsp;<\/p>\n<p><a href=\"https:\/\/www.cbdohmax.fr\/?product_cat=vape-cbd\"><strong>En vaporisation :<\/strong><\/a><\/p>\n<p>Si vous n\u2019\u00eates pas un adepte des infusions aux CBD, il existe une autre m\u00e9thode, la vaporisation.<\/p>\n<p>Une autre solution pour b\u00e9n\u00e9ficier plus rapidement des effets de vos fleurs ou r\u00e9sines .<\/p>\n<p>Gr\u00e2ce \u00e0 ce vaporisateur, vous ne perdez pas de terp\u00e8nes ni la qualit\u00e9 des ar\u00f4mes.<\/p>\n<p>Un go\u00fbt exceptionnel.<\/p>\n<p>C\u00f4t\u00e9 effets, la vaporisation permet de r\u00e9v\u00e9ler beaucoup plus rapidement (voire instantan\u00e9ment) les bienfaits des diff\u00e9rents cannabino\u00efdes composants les fleurs ou r\u00e9sines.<\/p>\n<p>Il vous est conseill\u00e9 de r\u00e9gler votre vaporisateur \u00e0 180\u00b0C pour une fleur et jusqu\u2019\u00e0 210\u00b0C pour une r\u00e9sine.<\/p>\n<p>&nbsp;<\/p>\n<p>&nbsp;<\/p>\n<p><em>Des prix variables et d\u00e9gressifs \ud83d\udc4d<\/em><\/p>\n<p>&nbsp;<\/p>\n<p>Toutes les fleurs sont issues d\u2019une agriculture naturelle et respectent les normes en vigueur des pays membres de l\u2019Union Europ\u00e9enne. THC&lt;0,3%<\/p>\n","protected":false},"excerpt":{"rendered":"<p class=\"p1\" style=\"margin: 0cm 0cm 2.25pt 0cm;\"><span class=\"s1\"><b><span style=\"font-size: 21.0pt; color: black;\">Un mode de s\u00e9chage diff\u00e9rent !<\/span><\/b><\/span><\/p>\n<p class=\"p1\" style=\"font-stretch: normal; font-size-adjust: none; font-kerning: auto; font-variant-alternates: normal; font-variant-ligatures: normal; font-variant-numeric: normal; font-variant-east-asian: normal; font-variant-position: normal; font-feature-settings: normal; font-optical-sizing: auto; font-variation-settings: normal; caret-color: #000000; -webkit-text-size-adjust: auto; margin: 0cm 0cm 2.25pt 0cm;\"><span class=\"s1\"><b><span style=\"font-size: 21.0pt; color: black;\">FROZEN FRUITTI CBG\u00a0<\/span><\/b><\/span><\/p>\n<p class=\"p2\" style=\"margin: 0cm; font-stretch: normal; font-size-adjust: none; font-kerning: auto; font-variant-alternates: normal; font-variant-ligatures: normal; font-variant-numeric: normal; font-variant-east-asian: normal; font-variant-position: normal; font-feature-settings: normal; font-optical-sizing: auto; font-variation-settings: normal; min-height: 22px; caret-color: #000000; -webkit-text-size-adjust: auto;\"><span style=\"color: black;\">\u00a0<\/span><\/p>\n<p class=\"x_p3\"><span class=\"x_s2\" data-olk-copy-source=\"MessageBody\">La fleur Frozen Fruitti CBG est une fleur CBD\u00a0<span class=\"x_Apple-converted-space\">\u00a0<\/span>hybride, ce qui signifie qu&#8217;elle poss\u00e8de autant des \u00e9l\u00e9ments Sativa (65%) qu\u2019Indica (35%).<\/span><\/p>\n<p class=\"x_p3\"><span class=\"x_s2\">La fleur de base est une \u00ab\u00a0Tutti Fruitti\u00a0\u00bb\u00a0<span class=\"x_Apple-converted-space\">\u00a0<\/span>c\u2019est un croisement entre 6 fleurs :\u00a0<\/span><\/p>\n<ul class=\"x_ul1\">\n<li class=\"x_li3\"><span class=\"x_s2\">Blue Haze<\/span><\/li>\n<li class=\"x_li3\"><span class=\"x_s2\">Green Haze<\/span><\/li>\n<li class=\"x_li3\"><span class=\"x_s2\">Tha\u00ef Sativa<\/span><\/li>\n<li class=\"x_li3\"><span class=\"x_s2\">Lowrider<\/span><\/li>\n<li class=\"x_li3\"><span class=\"x_s2\">Haze<\/span><\/li>\n<li class=\"x_li3\"><span class=\"x_s2\">Sour Diesel<\/span><\/li>\n<\/ul>\n<p class=\"x_p3\"><span class=\"x_s2\">Un s\u00e9chage diff\u00e9rent, c\u2019est \u00e0 dire que les fleurs sont plac\u00e9es dans une chambre froide pendant plusieurs semaines soit un mois et demi !<\/span><\/p>\n<p class=\"x_p3\"><span class=\"x_s2\">Avec un ar\u00f4me et un go\u00fbt fruit\u00e9s sucr\u00e9s, la Frozen Fruitti CBG est s\u00fbre de satisfaire vos envies.<\/span><\/p>\n<p class=\"x_p3\"><span class=\"x_s2\">Le CBD est tr\u00e8s pr\u00e9sent dans cette fleur d\u2019un taux de 19% ainsi que 4% de CBG, ce qui la rend id\u00e9ale pour ceux qui recherchent les bienfaits du cannabis l\u00e9gal.<\/span><\/p>\n<p class=\"x_p3\"><span class=\"x_s2\">Elle est connue pour procurer un sentiment accru de relaxation et de clart\u00e9, ainsi que pour aider \u00e0 r\u00e9duire le stress et l&#8217;anxi\u00e9t\u00e9 sans oublier un anti douleur CBD, anti inflammatoire CBG et une am\u00e9lioration de la qualit\u00e9 du sommeil CBN.<\/span><\/p>\n<p class=\"x_p3\"><span class=\"x_s2\">Le CBD est connu pour ses effets calmants sur l&#8217;esprit et le corps, ce qui en fait un excellent choix si vous cherchez \u00e0 vous d\u00e9tendre.\u00a0<\/span><\/p>\n<p class=\"p2\" style=\"margin: 0cm; font-stretch: normal; font-size-adjust: none; font-kerning: auto; font-variant-alternates: normal; font-variant-ligatures: normal; font-variant-numeric: normal; font-variant-east-asian: normal; font-variant-position: normal; font-feature-settings: normal; font-optical-sizing: auto; font-variation-settings: normal; min-height: 22px; caret-color: #000000; -webkit-text-size-adjust: auto;\">\n","protected":false},"featured_media":5440,"comment_status":"open","ping_status":"closed","template":"","meta":{"om_disable_all_campaigns":false,"_monsterinsights_skip_tracking":false,"_monsterinsights_sitenote_active":false,"_monsterinsights_sitenote_note":"","_monsterinsights_sitenote_category":0},"product_brand":[],"product_cat":[128,17,73,134,163],"product_tag":[],"class_list":{"0":"post-5432","1":"product","2":"type-product","3":"status-publish","4":"has-post-thumbnail","6":"product_cat-cbd","7":"product_cat-fleurs-cbd","8":"product_cat-fleurs-interieures","9":"product_cat-promos","10":"product_cat-special-noel-oh-max","12":"first","13":"instock","14":"sale","15":"shipping-taxable","16":"purchasable","17":"product-type-variable","18":"has-default-attributes","19":"add-to-wishlist-before_add_to_cart"},"_links":{"self":[{"href":"https:\/\/www.cbdohmax.fr\/index.php?rest_route=\/wp\/v2\/product\/5432","targetHints":{"allow":["GET"]}}],"collection":[{"href":"https:\/\/www.cbdohmax.fr\/index.php?rest_route=\/wp\/v2\/product"}],"about":[{"href":"https:\/\/www.cbdohmax.fr\/index.php?rest_route=\/wp\/v2\/types\/product"}],"replies":[{"embeddable":true,"href":"https:\/\/www.cbdohmax.fr\/index.php?rest_route=%2Fwp%2Fv2%2Fcomments&post=5432"}],"wp:featuredmedia":[{"embeddable":true,"href":"https:\/\/www.cbdohmax.fr\/index.php?rest_route=\/wp\/v2\/media\/5440"}],"wp:attachment":[{"href":"https:\/\/www.cbdohmax.fr\/index.php?rest_route=%2Fwp%2Fv2%2Fmedia&parent=5432"}],"wp:term":[{"taxonomy":"product_brand","embeddable":true,"href":"https:\/\/www.cbdohmax.fr\/index.php?rest_route=%2Fwp%2Fv2%2Fproduct_brand&post=5432"},{"taxonomy":"product_cat","embeddable":true,"href":"https:\/\/www.cbdohmax.fr\/index.php?rest_route=%2Fwp%2Fv2%2Fproduct_cat&post=5432"},{"taxonomy":"product_tag","embeddable":true,"href":"https:\/\/www.cbdohmax.fr\/index.php?rest_route=%2Fwp%2Fv2%2Fproduct_tag&post=5432"}],"curies":[{"name":"wp","href":"https:\/\/api.w.org\/{rel}","templated":true}]}}