{"id":6203,"date":"2025-07-27T22:04:07","date_gmt":"2025-07-27T20:04:07","guid":{"rendered":"https:\/\/www.cbdohmax.fr\/?post_type=product&#038;p=6203"},"modified":"2025-12-05T16:54:20","modified_gmt":"2025-12-05T15:54:20","slug":"gummies-blue-purple-delta-9-30mg-thc","status":"publish","type":"product","link":"https:\/\/www.cbdohmax.fr\/?product=gummies-blue-purple-delta-9-30mg-thc","title":{"rendered":"Gummies Delta-9 30mg THC"},"content":{"rendered":"<div id=\"app\">\n<div id=\"appContainer\" class=\"QdrUx UU8iG body-156\">\n<div class=\"Flvp1 customScrollBar\">\n<div id=\"mainApp\" class=\"NzIuH\">\n<div class=\"gU1Tf\">\n<div class=\"I3sS5\">\n<div id=\"MainModule\" class=\"FJ4hV\">\n<div class=\"SW7A6\">\n<div class=\"LBktY\">\n<div class=\"q9iRC css-269\" data-max-width=\"2400\">\n<div class=\"HOVUa\">\n<div class=\"nbmyu FkPdL czwRD LCprM\">\n<div id=\"Acc\u00e9der au message-region\" class=\"Mq3cC css-273\" tabindex=\"-1\" role=\"main\" data-app-section=\"MailReadCompose\" aria-label=\"Volet de lecture\" data-skip-link-name=\"Acc\u00e9der au message\">\n<div id=\"ReadingPaneContainerId\" class=\"Xsklh VJZZC\">\n<div>\n<div class=\"g_zET\">\n<div>\n<div class=\"NiD4s\">\n<div id=\"ConversationReadingPaneContainer\" class=\"MtujV\" tabindex=\"-1\">\n<div class=\"L72vd\">\n<div class=\"Q8TCC yyYQP customScrollBar\" tabindex=\"-1\" aria-label=\"1 messages\" data-app-section=\"ConversationContainer\" data-is-scrollable=\"true\">\n<div>\n<div class=\"aVla3\">\n<div class=\"\" aria-expanded=\"true\">\n<div>\n<div class=\"wide-content-host\">\n<div id=\"focused\" class=\"SlLx9 WWy1F byzS1 WWy1F\" tabindex=\"-1\" aria-label=\"Courrier \u00e9lectronique\">\n<div role=\"document\">\n<div id=\"UniqueMessageBody_3\" class=\"XbIp4 jmmB7 GNqVo allowTextSelection OuGoX\" tabindex=\"-1\" aria-label=\"Corps du message\">\n<div>\n<div class=\"BodyFragment\">\n<div class=\"PlainText\">\n<p>Les Gummies Delta-9 30mg THC sont des bonbons g\u00e9lifi\u00e9s infus\u00e9s de t\u00e9trahydrocannabinol (THC), l&#8217;un des principaux compos\u00e9s psychoactifs pr\u00e9sents dans le cannabis.<\/p>\n<p>Chaque gummie contient <strong>une dose pr\u00e9cise de 30 mg de THC<\/strong>, offrant une exp\u00e9rience contr\u00f4l\u00e9e et pr\u00e9visible pour les consommateurs.<\/p>\n<p>&nbsp;<\/p>\n<p>Les Gummies Delta-9 30mg THC sont con\u00e7us pour \u00eatre ing\u00e9r\u00e9s, permettant ainsi au THC d&#8217;\u00eatre absorb\u00e9 par le syst\u00e8me digestif.<\/p>\n<p>Une fois ing\u00e9r\u00e9, le THC est m\u00e9tabolis\u00e9 par le foie, produisant des effets psychoactifs qui peuvent inclure la relaxation, l&#8217;euphorie et l&#8217;alt\u00e9ration de la perception.<\/p>\n<p>&nbsp;<\/p>\n<p>Chaque gummie contient 30 mg de THC, ce qui repr\u00e9sente une dose pr\u00e9cise pour une exp\u00e9rience contr\u00f4l\u00e9e.<\/p>\n<p>Il est important de respecter les instructions de dosage recommand\u00e9es pour \u00e9viter une consommation excessive.<\/p>\n<p>&nbsp;<\/p>\n<p><strong>Le taux de THC dans chaque gummie (30 mg) repr\u00e9sente moins de 0,3% de THC, ce qui est conforme au taux l\u00e9gal en France.<\/strong><\/p>\n<p>&nbsp;<\/p>\n<p>Les effets des Gummies Delta-9 30mg THC peuvent varier d&#8217;une personne \u00e0 l&#8217;autre en fonction de facteurs tels que la tol\u00e9rance individuelle, le m\u00e9tabolisme et la sensibilit\u00e9 au THC.<\/p>\n<p>Cependant, ils peuvent inclure une sensation de relaxation, d&#8217;euphorie et une alt\u00e9ration de la perception.<\/p>\n<p>&nbsp;<\/p>\n<p>Pour utiliser les Gummies Delta-9 30mg THC en toute s\u00e9curit\u00e9, il est recommand\u00e9 de commencer par une petite dose soit une demi gummie et d&#8217;attendre (le temps de dig\u00e9rer) de voir comment votre corps r\u00e9agit avant de prendre plus. <a href=\"https:\/\/www.facebook.com\/profile.php?id=61579757663366\" target=\"_blank\" rel=\"noopener\">CBD OH MAX<\/a> vous propose de prendre un gummie puis d&#8217;attendre minimum 8 heurs avant de prendre le volant !<\/p>\n<p>1 Gummies Delta-9 30mg THC par personne &amp; par jour !!!<\/p>\n<p>&nbsp;<\/p>\n<p><strong><em>\u00c9vitez de conduire ou d&#8217;accomplir des t\u00e2ches n\u00e9cessitant une vigilance \u00e9lev\u00e9e apr\u00e8s avoir consomm\u00e9 des gummies.<\/em><\/strong><\/p>\n<p>Les Gummies Delta-9 30mg THC peuvent \u00eatre consomm\u00e9s \u00e0 tout moment o\u00f9 vous souhaitez profiter des effets du THC, que ce soit pour vous d\u00e9tendre \u00e0 la fin de la journ\u00e9e ou pour stimuler votre cr\u00e9ativit\u00e9 lors d&#8217;une activit\u00e9 artistique.<\/p>\n<p>Les Gummies Delta-9 30mg THC offrent une mani\u00e8re pratique et d\u00e9licieuse de profiter des effets du THC, avec une dose pr\u00e9cise de 30 mg par gummie, conforme au taux l\u00e9gal en France.<\/p>\n<p><strong>Veillez toujours \u00e0 consommer ces produits de mani\u00e8re responsable et \u00e0 respecter les lois locales en mati\u00e8re de cannabis.<\/strong><\/p>\n<\/div>\n<\/div>\n<\/div>\n<\/div>\n<div class=\"g4Y3U\"><\/div>\n<\/div>\n<\/div>\n<\/div>\n<\/div>\n<\/div>\n<\/div>\n<\/div>\n<\/div>\n<\/div>\n<\/div>\n<\/div>\n<\/div>\n<\/div>\n<\/div>\n<\/div>\n<\/div>\n<\/div>\n<\/div>\n<\/div>\n<\/div>\n<\/div>\n<\/div>\n<\/div>\n<div class=\"\" role=\"status\" aria-live=\"off\">\n<div class=\"screenReaderText-164\">\n<h4><strong>\ud83c\udf08 Go\u00fbt &amp; texture<\/strong><\/h4>\n<p>\u2022 Texture\u00a0: moelleux sucr\u00e9 fa\u00e7on bonbon acidul\u00e9<\/p>\n<p>\u2022 Visuel <strong>BLUE PURPLE<\/strong> <strong>(Myrtille \ud83e\uded0 )<\/strong> : carr\u00e9 bleu vif, effet sucr\u00e9 brillant<\/p>\n<p>\u2022 Visuel <strong>STRAWBERRY (Fraise) \ud83c\udf53<\/strong> : carr\u00e9 rouge vif, effet sucr\u00e9 brillant<\/p>\n<p>\u2022 Visuel <strong>APPLE (Pomme)<\/strong> \ud83c\udf4f\u200b : carr\u00e9 vert vif, effet sucr\u00e9 brillant<\/p>\n<p>\u2022 Visuel <strong>WATERMELON (Past\u00e8que)<\/strong> \ud83c\udf49 : cube orange vif, effet sucr\u00e9 brillant<\/p>\n<p>\u2022 Visuel <strong>LEMON (Citron)<\/strong> \ud83c\udf4b : cube jaune vif, effet sucr\u00e9 brillant<\/p>\n<p>&nbsp;<\/p>\n<p>&nbsp;<\/p>\n<h4><strong>\ud83e\uddea Composition &amp; s\u00e9curit\u00e9<\/strong><\/h4>\n<p>\u2022 Delta\u20119 THC\u00a0: 30 mg par bonbon<\/p>\n<p>\u2022 Taux de THC\u00a0: &lt; 0,3 % (certifi\u00e9)<\/p>\n<p>\u2022 Analyse en laboratoire Fran\u00e7ais<\/p>\n<p>\u2022 Ingr\u00e9dients\u00a0: sucre, sirop de glucose, ar\u00f4mes naturels, Delta\u20119 THC, pectine, colorants alimentaires (sans OGM, sans g\u00e9latine animale)<\/p>\n<p>&nbsp;<\/p>\n<h4><strong>\ud83e\udde0 Effets attendus (variables selon les individus)<\/strong><\/h4>\n<p>\u2022 Relaxation mentale profonde<\/p>\n<p>\u2022 Sensation de bien-\u00eatre g\u00e9n\u00e9ral<\/p>\n<p>\u2022 Effet planant mod\u00e9r\u00e9 (usage d\u00e9tente conseill\u00e9 le soir)<\/p>\n<p>\u2022 Am\u00e9lioration potentielle du sommeil et de l\u2019humeur<\/p>\n<p>&nbsp;<\/p>\n<h4><strong>\ud83e\uddc3 Mode de consommation<\/strong><\/h4>\n<p>\u2022 \ud83d\udca1\u00a0Dose recommand\u00e9e\u00a0: 1 bonbon\u00a0maximum par jour<\/p>\n<p>\u2022 \u23f3 Effet en 30 \u00e0 60 minutes (selon m\u00e9tabolisme)<\/p>\n<p>\u2022 \ud83d\udca7 Peut \u00eatre consomm\u00e9 \u00e0 jeun ou apr\u00e8s un repas l\u00e9ger<\/p>\n<p>&nbsp;<\/p>\n<\/div>\n<h4>\u26a0\ufe0f 1\u00e8re dose recommand\u00e9e : 1\/4 voir 1\/2 bonbon maximum par jour, puis augmenter l\u00e9g\u00e8rement le jour suivant \u26a0\ufe0f<\/h4>\n<div class=\"screenReaderText-164\">\n<p>&nbsp;<\/p>\n<h3><strong>\u2753 FAQ \u2013 Ce que vos clients veulent savoir<\/strong><\/h3>\n<h4><strong>Est-ce l\u00e9gal en France ?<\/strong><\/h4>\n<p>\ud83d\udc49 Oui. Le taux de THC est\u00a0inf\u00e9rieur \u00e0 0,3 %, conform\u00e9ment \u00e0 la l\u00e9gislation europ\u00e9enne. Produit r\u00e9serv\u00e9 aux adultes.<\/p>\n<p>&nbsp;<\/p>\n<h4>Peut-on \u00eatre positif \u00e0 un test salivaire apr\u00e8s consommation ?<\/h4>\n<p>\ud83d\udc49 Oui. Apr\u00e8s consommation, le THC peut \u00eatre d\u00e9tect\u00e9 pendant plusieurs heures. <strong>Il est fortement recommand\u00e9 d\u2019attendre 8 \u00e0 12 heures avant de conduire ou de se soumettre \u00e0 un test salivaire.<\/strong> Ne pas consommer avant un contr\u00f4le routier ou toute activit\u00e9 \u00e0 risque.<\/p>\n<p>&nbsp;<\/p>\n<h4>Y a-t-il un risque si je consomme plusieurs bonbons ?<\/h4>\n<p>\ud83d\udc49 Oui. Une surdose peut entra\u00eener anxi\u00e9t\u00e9, naus\u00e9es, fatigue extr\u00eame ou parano\u00efa. <strong>Respecte la dose maximale de\u00a01 bonbon par 24h.<\/strong><\/p>\n<p>&nbsp;<\/p>\n<h4>Puis-je en prendre avec une boisson ?<\/h4>\n<p>\ud83d\udc49 Oui, mais \u00e9vite l\u2019alcool. Tu peux le consommer avec de l\u2019eau (plate \/ gazeuse) ou une boisson froide pour un effet plus agr\u00e9able.<\/p>\n<p>il est recommand\u00e9, pendant la digestion, de consommer un grand verre de lait, car le <strong>corps gras est un produit actif<\/strong>. L&#8217;effet durera plus longtemps, <strong>jusqu&#8217;\u00e0 6 heures !<\/strong><\/p>\n<p>&nbsp;<\/p>\n<h4><strong>\u26a0\ufe0f Pr\u00e9cautions d\u2019usage<\/strong><\/h4>\n<p>\u2022 Tenir hors de port\u00e9e des enfants<\/p>\n<p>\u2022 Produit strictement r\u00e9serv\u00e9 aux\u00a0+18 ans<\/p>\n<p>\u2022 Ne pas consommer si tu es enceinte, allaitante ou sous traitement m\u00e9dical lourd<\/p>\n<p>\u2022 Ne pas conduire apr\u00e8s ingestion<\/p>\n<p>\u2022 Conserver dans un endroit sec \u00e0 temp\u00e9rature ambiante<\/p>\n<p>&nbsp;<\/p>\n<\/div>\n<\/div>\n<\/div>\n<\/div>\n<\/div>\n<\/div>\n<\/div>\n<div><\/div>\n<div class=\"ms-Fabric ms-Layer-content content-294\"><strong>Sachet Zip scell\u00e9 <a href=\"https:\/\/www.cbdohmax.fr\/\">CBD OH MAX<\/a><\/strong><\/div>\n<div class=\"ms-Fabric ms-Layer-content content-294\"><strong>Disponibilit\u00e9 : 1 \/ 2 \/ 3 \/ 10 \/ 25<\/strong><\/div>\n<div><\/div>\n<div><strong>MADE IN FRANCE<\/strong><\/div>\n<div id=\"fluent-default-layer-host\">\n<div id=\"LivePersonaCardRootElement\" class=\"lpc_ip_root_class LivePersonaCardScrollBar\" data-tabster=\"{&quot;root&quot;: {}, &quot;focusable&quot;: { &quot;ignoreKeydown&quot;: { &quot;Tab&quot;: true } } }\"><\/div>\n<\/div>\n","protected":false},"excerpt":{"rendered":"<h2><strong>\ud83c\udf6c Bonbons Delta-9 | 30 mg | 5 <\/strong><strong>go\u00fbts disponibles<\/strong><\/h2>\n<h3><strong>Puissance. Saveur. Discr\u00e9tion.<\/strong><\/h3>\n<p>D\u00e9couvrez les bonbons Delta\u20119 30 mg de la marque CBD OH MAX, pour une exp\u00e9rience intense, fruit\u00e9e, et parfaitement ma\u00eetris\u00e9e.<\/p>\n<p>&nbsp;<\/p>\n<h4><strong>\u2705 Description<\/strong><\/h4>\n<p>Chaque bonbon contient 30 mg de Delta\u20119 THC, dans une recette optimis\u00e9e et test\u00e9e en laboratoire (analyse disponible).<\/p>\n<p>Avec sa forme carr\u00e9e sucr\u00e9e, il allie gourmandise et efficacit\u00e9 \u2014 tout en restant l\u00e9gal en France avec un taux de THC inf\u00e9rieur \u00e0 0,3 %.<\/p>\n<p>\ud83d\udc49 Disponible en sachets de 1, 2, 4, 10 &amp; 25 unit\u00e9s, pour s\u2019adapter \u00e0 tous les besoins : test, partage ou cure bien-\u00eatre.<\/p>\n<p>&nbsp;<\/p>\n<div id=\"app\">\n<div id=\"appContainer\" class=\"QdrUx UU8iG body-156\">\n<div class=\"Flvp1 customScrollBar\">\n<div id=\"mainApp\" class=\"NzIuH\">\n<div class=\"gU1Tf\">\n<div class=\"\" role=\"status\" aria-live=\"off\">\n<div class=\"screenReaderText-164\">\n<div id=\"app\">\n<div id=\"appContainer\" class=\"QdrUx UU8iG body-156\">\n<div class=\"Flvp1 customScrollBar\">\n<div id=\"mainApp\" class=\"NzIuH\">\n<div class=\"gU1Tf\">\n<div class=\"\" role=\"status\" aria-live=\"off\">\n<div class=\"screenReaderText-164\">\n<p><strong>GO\u00dbTS DISPONIBLE EN LOT :<\/strong><\/p>\n<p><strong>PURPLE BLUE ( MYRTILLES <\/strong><strong>) \ud83e\uded0<\/strong><\/p>\n<p><strong>STRAWBERRY (Fraise) \ud83c\udf53<\/strong><\/p>\n<p><strong>APPLE (Pomme)<\/strong> \ud83c\udf4f\u200b<\/p>\n<p><strong>WATERMELON (Past\u00e8que)<\/strong> \ud83c\udf49<\/p>\n<p><strong>LEMON (Citron)<\/strong> \ud83c\udf4b<\/p>\n<\/div>\n<\/div>\n<\/div>\n<\/div>\n<\/div>\n<\/div>\n<\/div>\n<div><\/div>\n<div class=\"ms-Fabric ms-Layer-content content-294\"><strong>Sachet Zip scell\u00e9 <a href=\"https:\/\/www.cbdohmax.fr\/\">CBD OH MAX<\/a><\/strong><\/div>\n<div class=\"ms-Fabric ms-Layer-content content-294\"><strong>Disponibilit\u00e9 : 1 \/ 2 \/ 3 \/ 10 \/ 25<\/strong><\/div>\n<div><\/div>\n<div><strong>MADE IN FRANCE<\/strong><\/div>\n<div><\/div>\n<\/div>\n<\/div>\n<\/div>\n<\/div>\n<\/div>\n<\/div>\n<\/div>\n<p>Les Gummies 30mg THC sont parfaits pour ceux qui recherchent une alternative savoureuse \u00e0 la consommation de THC, tout en offrant une exp\u00e9rience pr\u00e9visible et contr\u00f4l\u00e9e.<\/p>\n","protected":false},"featured_media":6209,"comment_status":"open","ping_status":"closed","template":"","meta":{"om_disable_all_campaigns":false,"_monsterinsights_skip_tracking":false,"_monsterinsights_sitenote_active":false,"_monsterinsights_sitenote_note":"","_monsterinsights_sitenote_category":0},"product_brand":[],"product_cat":[144,139],"product_tag":[],"class_list":{"0":"post-6203","1":"product","2":"type-product","3":"status-publish","4":"has-post-thumbnail","6":"product_cat-delta-9","7":"product_cat-headshop","9":"first","10":"instock","11":"shipping-taxable","12":"purchasable","13":"product-type-variable","14":"has-default-attributes","15":"add-to-wishlist-before_add_to_cart"},"_links":{"self":[{"href":"https:\/\/www.cbdohmax.fr\/index.php?rest_route=\/wp\/v2\/product\/6203","targetHints":{"allow":["GET"]}}],"collection":[{"href":"https:\/\/www.cbdohmax.fr\/index.php?rest_route=\/wp\/v2\/product"}],"about":[{"href":"https:\/\/www.cbdohmax.fr\/index.php?rest_route=\/wp\/v2\/types\/product"}],"replies":[{"embeddable":true,"href":"https:\/\/www.cbdohmax.fr\/index.php?rest_route=%2Fwp%2Fv2%2Fcomments&post=6203"}],"wp:featuredmedia":[{"embeddable":true,"href":"https:\/\/www.cbdohmax.fr\/index.php?rest_route=\/wp\/v2\/media\/6209"}],"wp:attachment":[{"href":"https:\/\/www.cbdohmax.fr\/index.php?rest_route=%2Fwp%2Fv2%2Fmedia&parent=6203"}],"wp:term":[{"taxonomy":"product_brand","embeddable":true,"href":"https:\/\/www.cbdohmax.fr\/index.php?rest_route=%2Fwp%2Fv2%2Fproduct_brand&post=6203"},{"taxonomy":"product_cat","embeddable":true,"href":"https:\/\/www.cbdohmax.fr\/index.php?rest_route=%2Fwp%2Fv2%2Fproduct_cat&post=6203"},{"taxonomy":"product_tag","embeddable":true,"href":"https:\/\/www.cbdohmax.fr\/index.php?rest_route=%2Fwp%2Fv2%2Fproduct_tag&post=6203"}],"curies":[{"name":"wp","href":"https:\/\/api.w.org\/{rel}","templated":true}]}}