{"id":6278,"date":"2025-09-18T11:23:13","date_gmt":"2025-09-18T09:23:13","guid":{"rendered":"https:\/\/www.cbdohmax.fr\/?post_type=product&#038;p=6278"},"modified":"2026-03-25T14:15:31","modified_gmt":"2026-03-25T13:15:31","slug":"tropicana-cookies-cbc","status":"publish","type":"product","link":"https:\/\/www.cbdohmax.fr\/?product=tropicana-cookies-cbc","title":{"rendered":"TROPICANA COOKIES CBC"},"content":{"rendered":"<div dir=\"ltr\">\n<h2 class=\"x_p3\" data-ogsc=\"rgb(0, 0, 0)\"><strong><span class=\"x_s2\" data-ogsc=\"\" data-olk-copy-source=\"MessageBody\">\ud83c\udf3f<\/span><span class=\"x_s3\" data-ogsc=\"\">\u00a0Tropicana Cookies \u2013 30 % CBC<\/span><\/strong><\/h2>\n<h3 class=\"x_p3\" data-ogsc=\"rgb(0, 0, 0)\"><span class=\"x_s2\" data-ogsc=\"\">\ud83d\udd25<\/span><span class=\"x_s3\" data-ogsc=\"\">\u00a0Une fleur d\u2019exception, riche en CBC<\/span><\/h3>\n<p class=\"x_p3\" data-ogsc=\"rgb(0, 0, 0)\"><span class=\"x_s2\" data-ogsc=\"\">La\u00a0<\/span><span class=\"x_s3\" data-ogsc=\"\">Tropicana Cookies 30 % CBC<\/span><span class=\"x_s2\" data-ogsc=\"\">\u00a0est une vari\u00e9t\u00e9 unique qui associe un profil aromatique fruit\u00e9 et gourmand \u00e0 une concentration exceptionnelle en\u00a0<\/span><span class=\"x_s3\" data-ogsc=\"\">CBC (cannabichrom\u00e8ne)<\/span><span class=\"x_s2\" data-ogsc=\"\">.\u00a0<\/span><\/p>\n<p class=\"x_p3\" data-ogsc=\"rgb(0, 0, 0)\"><span class=\"x_s2\" data-ogsc=\"\">Ce cannabino\u00efde rare (et non psychotrope en faible %) est particuli\u00e8rement recherch\u00e9 pour ses effets relaxants et apaisants, sans provoquer d\u2019effet planant.<\/span><\/p>\n<p>&nbsp;<\/p>\n<p>&nbsp;<\/p>\n<\/div>\n<h3><strong><img decoding=\"async\" class=\"emoji\" role=\"img\" draggable=\"false\" src=\"https:\/\/s.w.org\/images\/core\/emoji\/16.0.1\/svg\/1f4cd.svg\" alt=\"\ud83d\udccd\" \/>\u00a0Origine<\/strong><\/h3>\n<p><span data-olk-copy-source=\"MessageBody\">La Tropicana Cookies est une vari\u00e9t\u00e9\u00a0 qui vient des \u00c9tats-Unis, cr\u00e9\u00e9e par le breeder Oni Seed Co \ud83c\udf31.<\/span><\/p>\n<p>\ud83d\udc49 C\u2019est un hybride issu du croisement entre :<\/p>\n<ul>\n<li><strong>Girl Scout Cookies (GSC)<\/strong>, une vari\u00e9t\u00e9 tr\u00e8s connue pour ses saveurs sucr\u00e9es et biscuit\u00e9es.<\/li>\n<li><strong>Tangie<\/strong>, r\u00e9put\u00e9e pour son go\u00fbt d\u2019agrumes (orange, mandarine).<\/li>\n<\/ul>\n<h3><strong>\ud83d\udd39 Elle est donc d\u2019origine californienne, comme beaucoup de vari\u00e9t\u00e9s modernes tr\u00e8s fruit\u00e9es.<\/strong><\/h3>\n<p>&nbsp;<\/p>\n<p>&nbsp;<\/p>\n<div dir=\"ltr\">\n<h4 class=\"x_p3\" data-ogsc=\"rgb(0, 0, 0)\"><strong><span class=\"x_s2\" data-ogsc=\"\">\ud83d\udc43<\/span><span class=\"x_s3\" data-ogsc=\"\">\u00a0Ar\u00f4mes et saveurs<\/span><\/strong><\/h4>\n<p class=\"x_p3\" data-ogsc=\"rgb(0, 0, 0)\"><span class=\"x_s2\" data-ogsc=\"\">La Tropicana Cookies s\u00e9duit imm\u00e9diatement par son <strong>parfum\u00a0<\/strong><\/span><strong><span class=\"x_s3\" data-ogsc=\"\">sucr\u00e9 et exotique<\/span><\/strong><span class=\"x_s2\" data-ogsc=\"\">, o\u00f9 se m\u00ealent :<\/span><\/p>\n<p class=\"x_p3\" data-ogsc=\"rgb(0, 0, 0)\"><span class=\"x_s2\" data-ogsc=\"\">\ud83c\udf4a\u00a0<\/span><span class=\"x_s3\" data-ogsc=\"\">notes d\u2019agrumes<\/span><span class=\"x_s2\" data-ogsc=\"\"> fra\u00eeches et p\u00e9tillantes (h\u00e9rit\u00e9es de la Tangie \ud83c\udf4a),<\/span><\/p>\n<p class=\"x_p3\" data-ogsc=\"rgb(0, 0, 0)\"><span class=\"x_s2\" data-ogsc=\"\">\ud83c\udf6a une <\/span><span class=\"x_s3\" data-ogsc=\"\">douceur biscuit\u00e9e<\/span><span class=\"x_s2\" data-ogsc=\"\"> typique des Cookies (apport\u00e9es par la GSC \ud83c\udf6a),<\/span><\/p>\n<p class=\"x_p3\" data-ogsc=\"rgb(0, 0, 0)\"><span class=\"x_s2\" data-ogsc=\"\">\ud83c\udf38 une touche\u00a0<\/span><span class=\"x_s3\" data-ogsc=\"\">fruit\u00e9e et florale<\/span><span class=\"x_s2\" data-ogsc=\"\">\u00a0qui en fait une fleur raffin\u00e9e et gourmande.<\/span><\/p>\n<p class=\"x_p3\" data-ogsc=\"rgb(0, 0, 0)\"><span class=\"x_s2\" data-ogsc=\"\">Un m\u00e9lange parfaitement \u00e9quilibr\u00e9 entre fra\u00eecheur et gourmandise.<\/span><\/p>\n<p>&nbsp;<\/p>\n<p>&nbsp;<\/p>\n<\/div>\n<div dir=\"ltr\">\n<h4 class=\"x_p3\" data-ogsc=\"rgb(0, 0, 0)\"><span class=\"x_s2\" data-ogsc=\"\">\u2728<\/span><span class=\"x_s3\" data-ogsc=\"\">\u00a0Effets et bienfaits potentiels<\/span><\/h4>\n<p class=\"x_p3\" data-ogsc=\"rgb(0, 0, 0)\"><span class=\"x_s2\" data-ogsc=\"\">Gr\u00e2ce \u00e0 sa <strong>teneur \u00e9lev\u00e9e en\u00a0<\/strong><\/span><strong><span class=\"x_s3\" data-ogsc=\"\">CBC (30 %)<\/span><\/strong><span class=\"x_s2\" data-ogsc=\"\">, cette fleur se distingue par des effets :<\/span><\/p>\n<p class=\"x_p3\" data-ogsc=\"rgb(0, 0, 0)\"><span class=\"x_s2\" data-ogsc=\"\">\u2022 \u26a1\ufe0f<strong> Effets puissants &amp; directs<\/strong><\/span><\/p>\n<p class=\"x_p3\" data-ogsc=\"rgb(0, 0, 0)\"><span class=\"x_s2\" data-ogsc=\"\">\u2022 \ud83d\ude0c<\/span><strong><span class=\"x_s3\" data-ogsc=\"\">Relaxants<\/span><\/strong><span class=\"x_s2\" data-ogsc=\"\">\u00a0: id\u00e9ale pour rel\u00e2cher les tensions et se d\u00e9tendre apr\u00e8s une longue journ\u00e9e.<\/span><\/p>\n<p class=\"x_p3\" data-ogsc=\"rgb(0, 0, 0)\"><span class=\"x_s2\" data-ogsc=\"\">\u2022 \ud83d\udc86\u00a0<\/span><strong><span class=\"x_s3\" data-ogsc=\"\">Apaisants<\/span><\/strong><span class=\"x_s2\" data-ogsc=\"\">\u00a0: contribue \u00e0 calmer le stress et l\u2019anxi\u00e9t\u00e9.<\/span><\/p>\n<p class=\"x_p3\" data-ogsc=\"rgb(0, 0, 0)\"><span class=\"x_s2\" data-ogsc=\"\">\u2022 \ud83d\udd25\u00a0<\/span><strong><span class=\"x_s3\" data-ogsc=\"\">Anti-inflammatoires et analg\u00e9siques<\/span><\/strong><span class=\"x_s2\" data-ogsc=\"\">\u00a0(potentiel \u00e9tudi\u00e9) : un alli\u00e9 bien-\u00eatre naturel. <\/span><\/p>\n<p class=\"x_p3\" data-ogsc=\"rgb(0, 0, 0)\"><span class=\"x_s2\" data-ogsc=\"\">\u2022 \ud83c\udf3f\u00a0<\/span><strong><span class=\"x_s3\" data-ogsc=\"\">Effet d\u2019entourage<\/span><\/strong><span class=\"x_s2\" data-ogsc=\"\"><strong>\u00a0:<\/strong> le CBC renforce l\u2019action des autres cannabino\u00efdes pr\u00e9sents dans la fleur.<\/span><\/p>\n<p>&nbsp;<\/p>\n<p>&nbsp;<\/p>\n<\/div>\n<div dir=\"ltr\">\n<h4 class=\"x_p3\" data-ogsc=\"rgb(0, 0, 0)\"><strong><span class=\"x_s2\" data-ogsc=\"\">\ud83d\udc8e<\/span><span class=\"x_s3\" data-ogsc=\"\">\u00a0Points forts de la Tropicana Cookies CBC 30 %<\/span><\/strong><\/h4>\n<p class=\"x_p3\" data-ogsc=\"rgb(0, 0, 0)\"><span class=\"x_s2\" data-ogsc=\"\">\u2022\u00a0\u00a0\ud83c\udf31\u00a0<\/span><span class=\"x_s3\" data-ogsc=\"\">30 % de CBC<\/span><span class=\"x_s2\" data-ogsc=\"\">\u00a0: un taux exceptionnel et rare.<\/span><\/p>\n<p class=\"x_p3\" data-ogsc=\"rgb(0, 0, 0)\"><span class=\"x_s2\" data-ogsc=\"\">\u2022\u00a0\u00a0\u2705\u00a0<\/span><span class=\"x_s3\" data-ogsc=\"\">Non psychotrope<\/span><span class=\"x_s2\" data-ogsc=\"\">\u00a0: z\u00e9ro effet planant, THC &lt; 0,3 %, totalement l\u00e9gal en France.<\/span><\/p>\n<p class=\"x_p3\" data-ogsc=\"rgb(0, 0, 0)\"><span class=\"x_s2\" data-ogsc=\"\">\u2022\u00a0\u00a0\ud83c\udf4a\u00a0<\/span><span class=\"x_s3\" data-ogsc=\"\">Saveur fruit\u00e9e et sucr\u00e9e<\/span><span class=\"x_s2\" data-ogsc=\"\">\u00a0unique, fid\u00e8le \u00e0 la g\u00e9n\u00e9tique Tropicana Cookies.<\/span><\/p>\n<p class=\"x_p3\" data-ogsc=\"rgb(0, 0, 0)\"><span class=\"x_s2\" data-ogsc=\"\">\u2022\u00a0\u00a0\ud83d\udd2c\u00a0<\/span><span class=\"x_s3\" data-ogsc=\"\">Qualit\u00e9 premium<\/span><span class=\"x_s2\" data-ogsc=\"\">\u00a0: s\u00e9lection rigoureuse, fleurs bien manucur\u00e9es et riches en ar\u00f4mes.<\/span><\/p>\n<p>&nbsp;<\/p>\n<p>&nbsp;<\/p>\n<\/div>\n<div dir=\"ltr\">\n<h4 class=\"x_p3\" data-ogsc=\"rgb(0, 0, 0)\"><strong><span class=\"x_s2\" data-ogsc=\"\">\ud83d\udccc<\/span><span class=\"x_s3\" data-ogsc=\"\">\u00a0Informations pratiques<\/span><\/strong><\/h4>\n<p class=\"x_p3\" data-ogsc=\"rgb(0, 0, 0)\"><span class=\"x_s2\" data-ogsc=\"\">\u2022 <\/span><span class=\"x_s3\" data-ogsc=\"\">Type de produit<\/span><span class=\"x_s2\" data-ogsc=\"\">\u00a0: Fleur CBD enrichie en CBC.<\/span><\/p>\n<p class=\"x_p3\" data-ogsc=\"rgb(0, 0, 0)\"><span class=\"x_s2\" data-ogsc=\"\">\u2022 <\/span><span class=\"x_s3\" data-ogsc=\"\">Taux CBD<\/span><span class=\"x_s2\" data-ogsc=\"\">\u00a0: 22 %.<\/span><\/p>\n<p class=\"x_p3\" data-ogsc=\"rgb(0, 0, 0)\"><span class=\"x_s2\" data-ogsc=\"\">\u2022 <\/span><span class=\"x_s3\" data-ogsc=\"\">Taux CBC<\/span><span class=\"x_s2\" data-ogsc=\"\">\u00a0: 30 %.<\/span><\/p>\n<p class=\"x_p3\" data-ogsc=\"rgb(0, 0, 0)\"><span class=\"x_s2\" data-ogsc=\"\">\u2022 <\/span><span class=\"x_s3\" data-ogsc=\"\">Taux THC<\/span><span class=\"x_s2\" data-ogsc=\"\">\u00a0: &lt; 0,3 % (conforme \u00e0 la l\u00e9gislation).<\/span><\/p>\n<p class=\"x_p3\" data-ogsc=\"rgb(0, 0, 0)\"><span class=\"x_s2\" data-ogsc=\"\">\u2022 <\/span><span class=\"x_s3\" data-ogsc=\"\">Aspect<\/span><span class=\"x_s2\" data-ogsc=\"\">\u00a0: belles t\u00eates compactes, r\u00e9sineuses et parfum\u00e9es.<\/span><\/p>\n<p class=\"x_p3\" data-ogsc=\"rgb(0, 0, 0)\"><span class=\"x_s2\" data-ogsc=\"\">\u2022 <\/span><span class=\"x_s3\" data-ogsc=\"\">Utilisation<\/span><span class=\"x_s2\" data-ogsc=\"\">\u00a0: infusion, vaporisation ou collection.<\/span><\/p>\n<h3><\/h3>\n<h2><strong>La disponibilit\u00e9 en 25 Gr et 50 Gr : <\/strong><\/h2>\n<h3><span data-olk-copy-source=\"MessageBody\">&#8220;Issu d\u2019une s\u00e9lection de grosses t\u00eates soigneusement travaill\u00e9es, ce m\u00e9lange naturel de buds et de trim <em><strong>(miettes de fleurs issues de la manipulation)<\/strong><\/em> offre un \u00e9quilibre id\u00e9al entre qualit\u00e9 et accessibilit\u00e9, tout en conservant les ar\u00f4mes authentiques de la vari\u00e9t\u00e9.\u201d<\/span><\/h3>\n<h3><\/h3>\n<\/div>\n<div dir=\"ltr\">\n<p class=\"x_p3\" data-ogsc=\"rgb(0, 0, 0)\"><span class=\"x_s2\" data-ogsc=\"\">\ud83d\udc49 La\u00a0<\/span><span class=\"x_s3\" data-ogsc=\"\">Tropicana Cookies 30 %<\/span><span class=\"x_s3\" data-ogsc=\"\">CBC\u00a0<\/span><span class=\"x_s2\" data-ogsc=\"\">est la fleur parfaite pour celles et ceux qui recherchent une\u00a0<\/span><span class=\"x_s3\" data-ogsc=\"\"><strong>exp\u00e9rience intense, relaxante et aromatique<\/strong><\/span><span class=\"x_s2\" data-ogsc=\"\">, avec un taux de CBC parmi les plus \u00e9lev\u00e9s du march\u00e9.\u00a0<\/span><\/p>\n<h3 class=\"x_p3\" data-ogsc=\"rgb(0, 0, 0)\"><strong><span class=\"x_s2\" data-ogsc=\"\">Disponible d\u00e8s maintenant chez\u00a0<\/span><span class=\"x_s3\" data-ogsc=\"\">CBD OH MAX<\/span><span class=\"x_s2\" data-ogsc=\"\">\u00a0\ud83c\udf3f\ud83d\udc9a<\/span><\/strong><\/h3>\n<p>&nbsp;<\/p>\n<p>&nbsp;<\/p>\n<p>Les adeptes du bien-\u00eatre naturel trouveront dans cette fleur CBD une source fiable de relaxation sans les effets psychoactifs associ\u00e9s au THC.<\/p>\n<p>&nbsp;<\/p>\n<p>De plus, sa culture biologique assure une conformit\u00e9 totale avec les normes europ\u00e9ennes strictes, renfor\u00e7ant la confiance des consommateurs en qu\u00eate de produits purs et efficaces.<\/p>\n<p>Pour ceux qui cherchent \u00e0 explorer les options de CBD de haute qualit\u00e9, la vari\u00e9t\u00e9 Tropicana cookies CBC se pr\u00e9sente comme une solution incontournable.<\/p>\n<\/div>\n<div dir=\"ltr\"><\/div>\n<p><a href=\"https:\/\/www.facebook.com\/profile.php?id=61579757663366\" target=\"_blank\" rel=\"noopener\">CBD OH MAX<\/a>\u00a0vous propose plusieurs m\u00e9thodes de consommations pour les fleurs et r\u00e9sines de CBD.<\/p>\n<p>Rappel : Les fleurs et r\u00e9sines ne doivent en aucun cas \u00eatre fum\u00e9es. Risque important des pertes de terp\u00e8nes ainsi qu\u2019une perte de qualit\u00e9 du produit par cette effet de combustion (exemple : flamme d\u2019un briquet)<\/p>\n<p>Vous pourrez donc choisir entre les diff\u00e9rents modes de consommation cit\u00e9s ci-dessous.<\/p>\n<p>&nbsp;<\/p>\n<p><a href=\"https:\/\/www.cbdohmax.fr\/?product_cat=thes-infusions-cbd\"><strong>En infusion :<\/strong><\/a><\/p>\n<p>Pour cela rien de plus simple !<br \/>\nIl vous suffit de vous pr\u00e9parer de l\u2019eau chaude, comme une tisane classique et y ajouter les fleurs de CBD (infus\u00e9 4 \u00e0 7 minutes) puis rajouter un corps gras comme du lait, de la cr\u00e8me, du beurre ou m\u00eame de l\u2019huile v\u00e9g\u00e9tale.<\/p>\n<p>En effet, n\u2019oublions pas que le CBD est une mol\u00e9cule lipophile et a de ce fait besoin d\u2019un corps gras pour lib\u00e9rer tous ses bienfaits.<\/p>\n<p>L\u2019effet ressenti est : sur la dur\u00e9e.<\/p>\n<p>&nbsp;<\/p>\n<p><a href=\"https:\/\/www.cbdohmax.fr\/?product_cat=vape-cbd\"><strong>En vaporisation :<\/strong><\/a><\/p>\n<p>Si vous n\u2019\u00eates pas un adepte des infusions aux CBD, il existe une autre m\u00e9thode, la vaporisation.<\/p>\n<p>Une autre solution pour b\u00e9n\u00e9ficier plus rapidement des effets de vos fleurs ou r\u00e9sines .<\/p>\n<p>Gr\u00e2ce \u00e0 ce vaporisateur, vous ne perdez pas de terp\u00e8nes ni la qualit\u00e9 des ar\u00f4mes.<\/p>\n<p>Un go\u00fbt exceptionnel.<\/p>\n<p>C\u00f4t\u00e9 effets, la vaporisation permet de r\u00e9v\u00e9ler beaucoup plus rapidement (voire instantan\u00e9ment) les bienfaits des diff\u00e9rents cannabino\u00efdes composants les fleurs ou r\u00e9sines.<\/p>\n<p>Il vous est conseill\u00e9 de r\u00e9gler votre vaporisateur \u00e0 180\u00b0C pour une fleur et jusqu\u2019\u00e0 210\u00b0C pour une r\u00e9sine.<\/p>\n<p>&nbsp;<\/p>\n<p>&nbsp;<\/p>\n<p><em>Des prix variables et d\u00e9gressifs \ud83d\udc4d<\/em><\/p>\n<p>&nbsp;<\/p>\n<p>Toutes les fleurs sont issues d\u2019une agriculture naturelle et respectent les normes en vigueur des pays membres de l\u2019Union Europ\u00e9enne. THC&lt;0,3%<\/p>\n<p>&nbsp;<\/p>\n<p><strong>Stockage Appropri\u00e9<\/strong><\/p>\n<p>Pour pr\u00e9server la fra\u00eecheur et la qualit\u00e9 de la fleur de CBD, conservez l\u00e0 dans un endroit frais, sombre et sec, de pr\u00e9f\u00e9rence dans un r\u00e9cipient herm\u00e9tique. \u00c9vitez l&#8217;exposition \u00e0 la lumi\u00e8re directe du soleil et \u00e0 l&#8217;humidit\u00e9 excessive.<\/p>\n","protected":false},"excerpt":{"rendered":"<div dir=\"ltr\">\n<h2><strong>\ud83c\udf3f<span class=\"x_s2\" data-ogsc=\"\">\ud83c\udf6a<\/span><\/strong><strong><span class=\"x_s3\" data-ogsc=\"\">Tropicana Cookies \u2013 30 % CBC<\/span><\/strong><\/h2>\n<h3><strong>22 % CBD \ud83d\udc8e <\/strong><strong>\u2013\u00a0 <\/strong><strong>30 % CBC \ud83d\udc8e \u2013 THC &lt; 0,3 % \ud83d\udeab<\/strong><\/h3>\n<p><strong>Go\u00fbt &amp; <span class=\"x_s2\" data-ogsc=\"\">parfum\u00a0<\/span><span class=\"x_s3\" data-ogsc=\"\">sucr\u00e9 et exotique <\/span><span class=\"x_s2\" data-ogsc=\"\">\ud83c\udf4a\ud83c\udf6a<\/span><\/strong><\/p>\n<p>Effets :<span class=\"x_s2\" data-ogsc=\"\"> Relaxants, apaisants et <strong>e<\/strong><\/span><span class=\"x_s2\" data-ogsc=\"\"><strong>ffets puissants &amp; directs \u26a1\ufe0f<\/strong><\/span><\/p>\n<p>100 % l\u00e9gal \ud83c\uddea\ud83c\uddfa \u2013 <strong>Qualit\u00e9 premium sign\u00e9e CBD OH MAX \u2705<\/strong><\/p>\n<\/div>\n<h3><\/h3>\n<h3><strong>La disponibilit\u00e9 en 25 Gr et 50 Gr : <\/strong><\/h3>\n<h3><span data-olk-copy-source=\"MessageBody\">&#8220;Issu d\u2019une s\u00e9lection de grosses t\u00eates soigneusement travaill\u00e9es, ce m\u00e9lange naturel de buds et de trim <em><strong>(miettes de fleurs issues de la manipulation)<\/strong><\/em> offre un \u00e9quilibre id\u00e9al entre qualit\u00e9 et accessibilit\u00e9, tout en conservant les ar\u00f4mes authentiques de la vari\u00e9t\u00e9.\u201d<\/span><\/h3>\n","protected":false},"featured_media":6287,"comment_status":"open","ping_status":"closed","template":"","meta":{"om_disable_all_campaigns":false,"_monsterinsights_skip_tracking":false,"_monsterinsights_sitenote_active":false,"_monsterinsights_sitenote_note":"","_monsterinsights_sitenote_category":0},"product_brand":[],"product_cat":[160],"product_tag":[],"class_list":{"0":"post-6278","1":"product","2":"type-product","3":"status-publish","4":"has-post-thumbnail","6":"product_cat-cbc","8":"first","9":"instock","10":"sale","11":"shipping-taxable","12":"purchasable","13":"product-type-variable","14":"add-to-wishlist-before_add_to_cart"},"_links":{"self":[{"href":"https:\/\/www.cbdohmax.fr\/index.php?rest_route=\/wp\/v2\/product\/6278","targetHints":{"allow":["GET"]}}],"collection":[{"href":"https:\/\/www.cbdohmax.fr\/index.php?rest_route=\/wp\/v2\/product"}],"about":[{"href":"https:\/\/www.cbdohmax.fr\/index.php?rest_route=\/wp\/v2\/types\/product"}],"replies":[{"embeddable":true,"href":"https:\/\/www.cbdohmax.fr\/index.php?rest_route=%2Fwp%2Fv2%2Fcomments&post=6278"}],"wp:featuredmedia":[{"embeddable":true,"href":"https:\/\/www.cbdohmax.fr\/index.php?rest_route=\/wp\/v2\/media\/6287"}],"wp:attachment":[{"href":"https:\/\/www.cbdohmax.fr\/index.php?rest_route=%2Fwp%2Fv2%2Fmedia&parent=6278"}],"wp:term":[{"taxonomy":"product_brand","embeddable":true,"href":"https:\/\/www.cbdohmax.fr\/index.php?rest_route=%2Fwp%2Fv2%2Fproduct_brand&post=6278"},{"taxonomy":"product_cat","embeddable":true,"href":"https:\/\/www.cbdohmax.fr\/index.php?rest_route=%2Fwp%2Fv2%2Fproduct_cat&post=6278"},{"taxonomy":"product_tag","embeddable":true,"href":"https:\/\/www.cbdohmax.fr\/index.php?rest_route=%2Fwp%2Fv2%2Fproduct_tag&post=6278"}],"curies":[{"name":"wp","href":"https:\/\/api.w.org\/{rel}","templated":true}]}}