{"id":6313,"date":"2025-09-18T14:31:09","date_gmt":"2025-09-18T12:31:09","guid":{"rendered":"https:\/\/www.cbdohmax.fr\/?post_type=product&#038;p=6313"},"modified":"2025-12-24T16:16:10","modified_gmt":"2025-12-24T15:16:10","slug":"pollen-dry-sift-cbc","status":"publish","type":"product","link":"https:\/\/www.cbdohmax.fr\/?product=pollen-dry-sift-cbc","title":{"rendered":"POLLEN DRY SIFT CBC"},"content":{"rendered":"<div dir=\"ltr\">\n<h2 class=\"x_p3\" data-ogsc=\"rgb(0, 0, 0)\"><strong><span class=\"x_s2\" data-ogsc=\"\" data-olk-copy-source=\"MessageBody\"><span data-olk-copy-source=\"MessageBody\">\ud83c\udf3f<\/span> <\/span><span class=\"x_s3\" data-ogsc=\"\">Pollen Dry Sift \u2013 30 % CBC<\/span><\/strong><\/h2>\n<\/div>\n<div dir=\"ltr\">\n<p>&nbsp;<\/p>\n<h3><strong><img decoding=\"async\" class=\"emoji\" role=\"img\" draggable=\"false\" src=\"https:\/\/s.w.org\/images\/core\/emoji\/16.0.1\/svg\/1f4cd.svg\" alt=\"\ud83d\udccd\" \/>\u00a0Origine<\/strong><\/h3>\n<p class=\"x_p1\" data-ogsc=\"rgb(0, 0, 0)\"><span class=\"x_s1\" data-ogsc=\"\" data-olk-copy-source=\"MessageBody\">Le\u00a0<\/span><span class=\"x_s2\" data-ogsc=\"\">pollen 30 % CBC<\/span><span class=\"x_s1\" data-ogsc=\"\">\u00a0est issu d\u2019une s\u00e9lection minutieuse de chanvres\u00a0<\/span><span class=\"x_s2\" data-ogsc=\"\">europ\u00e9ens de haute qualit\u00e9<\/span><span class=\"x_s1\" data-ogsc=\"\">, cultiv\u00e9s naturellement et respectant les normes l\u00e9gales en vigueur (THC &lt; 0,3 %).\u00a0<\/span><\/p>\n<p class=\"x_p1\" data-ogsc=\"rgb(0, 0, 0)\"><span class=\"x_s1\" data-ogsc=\"\">Il reprend la<strong> tradition des r\u00e9sines\u00a0<\/strong><\/span><strong><span class=\"x_s2\" data-ogsc=\"\">afghanes et marocaines<\/span><\/strong><span class=\"x_s1\" data-ogsc=\"\">, tout en y apportant une <strong>touche moderne gr\u00e2ce \u00e0 sa concentration exceptionnelle en\u00a0<\/strong><\/span><span class=\"x_s2\" data-ogsc=\"\"><strong>CBC<\/strong> (Cannabichrom\u00e8ne)<\/span><span class=\"x_s1\" data-ogsc=\"\">, une mol\u00e9cule rare et recherch\u00e9e du chanvre.<\/span><\/p>\n<p>&nbsp;<\/p>\n<p>&nbsp;<\/p>\n<\/div>\n<div dir=\"ltr\">\n<h4 class=\"x_p3\" data-ogsc=\"rgb(0, 0, 0)\"><strong><span class=\"x_s2\" data-ogsc=\"\">\ud83d\udc43<\/span><span class=\"x_s3\" data-ogsc=\"\">\u00a0Ar\u00f4mes et saveurs<\/span><\/strong><\/h4>\n<p class=\"x_p1\" data-ogsc=\"rgb(0, 0, 0)\"><span class=\"x_s1\" data-ogsc=\"\" data-olk-copy-source=\"MessageBody\">\u2022 Texture<strong>\u00a0<\/strong><\/span><strong><span class=\"x_s2\" data-ogsc=\"\">poudreuse et mall\u00e9able<\/span><\/strong><span class=\"x_s1\" data-ogsc=\"\">\u00a0typique du pollen \ud83d\udca8<\/span><\/p>\n<p class=\"x_p1\" data-ogsc=\"rgb(0, 0, 0)\"><span class=\"x_s1\" data-ogsc=\"\">\u2022 Saveur\u00a0<\/span><strong><span class=\"x_s2\" data-ogsc=\"\">douce et \u00e9pic\u00e9e<\/span><\/strong><span class=\"x_s1\" data-ogsc=\"\">, avec une base terreuse<\/span><\/p>\n<p class=\"x_p1\" data-ogsc=\"rgb(0, 0, 0)\"><span class=\"x_s1\" data-ogsc=\"\">\u2022 <strong>Notes\u00a0<\/strong><\/span><span class=\"x_s2\" data-ogsc=\"\"><strong>florales<\/strong> et l\u00e9g\u00e8rement <strong>fruit\u00e9es<\/strong><\/span><span class=\"x_s1\" data-ogsc=\"\">, qui rendent l\u2019exp\u00e9rience aromatique riche et naturelle<\/span><\/p>\n<p class=\"x_p1\" data-ogsc=\"rgb(0, 0, 0)\"><span class=\"x_s1\" data-ogsc=\"\">\u2022 Un parfum\u00a0<\/span><span class=\"x_s2\" data-ogsc=\"\">authentique et puissant<\/span><span class=\"x_s1\" data-ogsc=\"\">, id\u00e9al pour les amateurs de r\u00e9sines classiques revisit\u00e9es<\/span><\/p>\n<p>&nbsp;<\/p>\n<p>&nbsp;<\/p>\n<\/div>\n<div dir=\"ltr\">\n<h4 class=\"x_p3\" data-ogsc=\"rgb(0, 0, 0)\"><strong><span class=\"x_s2\" data-ogsc=\"\">\u2728<\/span><span class=\"x_s3\" data-ogsc=\"\">\u00a0Effets et bienfaits potentiels<\/span><\/strong><\/h4>\n<p class=\"x_p3\" data-ogsc=\"rgb(0, 0, 0)\"><span class=\"x_s2\" data-ogsc=\"\">Avec son<strong>\u00a0<\/strong><\/span><strong><span class=\"x_s3\" data-ogsc=\"\">taux \u00e9lev\u00e9 de 30 % de CBC<\/span><\/strong><span class=\"x_s2\" data-ogsc=\"\">, cette r\u00e9sine offre des effets recherch\u00e9s :<\/span><\/p>\n<p class=\"x_p1\" data-ogsc=\"rgb(0, 0, 0)\"><strong><span class=\"x_s1\" data-ogsc=\"\">\u2022 \u26a1 Effets puissants &amp; directs<\/span><\/strong><\/p>\n<p class=\"x_p1\" data-ogsc=\"rgb(0, 0, 0)\"><span class=\"x_s1\" data-ogsc=\"\">\u2022 \ud83c\udf19\u00a0<\/span><strong><span class=\"x_s2\" data-ogsc=\"\">Relaxation profonde<\/span><span class=\"x_s1\" data-ogsc=\"\">\u00a0et apaisement mental<\/span><\/strong><\/p>\n<p class=\"x_p1\" data-ogsc=\"rgb(0, 0, 0)\"><span class=\"x_s1\" data-ogsc=\"\">\u2022 \ud83d\ude42\u00a0<\/span><strong><span class=\"x_s2\" data-ogsc=\"\">Soutien de l\u2019humeur<\/span><\/strong><span class=\"x_s1\" data-ogsc=\"\">\u00a0et sensation de l\u00e9g\u00e8ret\u00e9<\/span><\/p>\n<p class=\"x_p1\" data-ogsc=\"rgb(0, 0, 0)\"><span class=\"x_s1\" data-ogsc=\"\">\u2022 \ud83c\udf31 Potentiel <strong>anti-inflammatoire<\/strong> et bien-\u00eatre global<\/span><\/p>\n<p><span class=\"x_s1\" data-ogsc=\"\" data-olk-copy-source=\"MessageBody\">Un produit parfait pour les amateurs de r\u00e9sines\u00a0<\/span><span class=\"x_s2\" data-ogsc=\"\">fortes en cannabino\u00efdes rares<\/span><span class=\"x_s1\" data-ogsc=\"\">\u00a0et orient\u00e9es bien-\u00eatre.<\/span><\/p>\n<p>&nbsp;<\/p>\n<\/div>\n<div dir=\"ltr\">\n<h4 class=\"x_p3\" data-ogsc=\"rgb(0, 0, 0)\"><strong><span class=\"x_s2\" data-ogsc=\"\">\ud83d\udc8e <\/span><\/strong><span class=\"x_s2\" data-ogsc=\"\" data-olk-copy-source=\"MessageBody\">Points forts du <\/span><span class=\"x_s2\" data-ogsc=\"\" data-olk-copy-source=\"MessageBody\">Pollen 30 % CBC<\/span><span class=\"x_s1\" data-ogsc=\"\">\u00a0<\/span><\/h4>\n<p class=\"x_p1\" data-ogsc=\"rgb(0, 0, 0)\"><span class=\"x_s1\" data-ogsc=\"\">\u2714 Concentration exceptionnelle en\u00a0<\/span><span class=\"x_s2\" data-ogsc=\"\">CBC (30 %)<\/span><\/p>\n<p class=\"x_p1\" data-ogsc=\"rgb(0, 0, 0)\"><span class=\"x_s1\" data-ogsc=\"\">\u2714\u00a0<\/span><span class=\"x_s2\" data-ogsc=\"\">Ar\u00f4mes authentiques<\/span><span class=\"x_s1\" data-ogsc=\"\">\u00a0et texture travaill\u00e9e fa\u00e7on pollen traditionnel<\/span><\/p>\n<p class=\"x_p1\" data-ogsc=\"rgb(0, 0, 0)\"><span class=\"x_s1\" data-ogsc=\"\">\u2714 Produit\u00a0<\/span><span class=\"x_s2\" data-ogsc=\"\">l\u00e9gal en France et en Europe<\/span><\/p>\n<p class=\"x_p1\" data-ogsc=\"rgb(0, 0, 0)\"><span class=\"x_s1\" data-ogsc=\"\">\u2714 Id\u00e9al pour une\u00a0<\/span><span class=\"x_s2\" data-ogsc=\"\">consommation quotidienne<\/span><span class=\"x_s1\" data-ogsc=\"\">\u00a0sans exc\u00e8s<\/span><\/p>\n<p class=\"x_p1\" data-ogsc=\"rgb(0, 0, 0)\"><span class=\"x_s1\" data-ogsc=\"\">\u2714 Fabriqu\u00e9 \u00e0 partir de chanvre de qualit\u00e9 premium \ud83c\udf3f<\/span><\/p>\n<p>&nbsp;<\/p>\n<p>&nbsp;<\/p>\n<\/div>\n<div dir=\"ltr\">\n<h4 class=\"x_p3\" data-ogsc=\"rgb(0, 0, 0)\"><strong><span class=\"x_s2\" data-ogsc=\"\">\ud83d\udccc<\/span><span class=\"x_s3\" data-ogsc=\"\">\u00a0Informations pratiques<\/span><\/strong><\/h4>\n<p class=\"x_p3\" data-ogsc=\"rgb(0, 0, 0)\"><span class=\"x_s2\" data-ogsc=\"\">\u2022 <\/span><span class=\"x_s3\" data-ogsc=\"\">Type de produit<\/span><span class=\"x_s2\" data-ogsc=\"\"> : R\u00e9sine CBD enrichie en CBC.<\/span><\/p>\n<p class=\"x_p3\" data-ogsc=\"rgb(0, 0, 0)\"><span class=\"x_s2\" data-ogsc=\"\">\u2022 <\/span><span class=\"x_s3\" data-ogsc=\"\">Taux CBD<\/span><span class=\"x_s2\" data-ogsc=\"\"> : 25 %.<\/span><\/p>\n<p class=\"x_p3\" data-ogsc=\"rgb(0, 0, 0)\"><span class=\"x_s2\" data-ogsc=\"\">\u2022 <\/span><span class=\"x_s3\" data-ogsc=\"\">Taux CBC<\/span><span class=\"x_s2\" data-ogsc=\"\">\u00a0: 30 %.<\/span><\/p>\n<p class=\"x_p3\" data-ogsc=\"rgb(0, 0, 0)\"><span class=\"x_s2\" data-ogsc=\"\">\u2022 <\/span><span class=\"x_s3\" data-ogsc=\"\">Taux THC<\/span><span class=\"x_s2\" data-ogsc=\"\">\u00a0: &lt; 0,3 % (conforme \u00e0 la l\u00e9gislation).<\/span><\/p>\n<p class=\"x_p3\" data-ogsc=\"rgb(0, 0, 0)\"><span class=\"x_s2\" data-ogsc=\"\">\u2022 <span data-olk-copy-source=\"MessageBody\">\ud83d\udce6 Conditionnement : disponible en plusieurs grammages.<\/span><\/span><\/p>\n<p class=\"x_p3\" data-ogsc=\"rgb(0, 0, 0)\"><span class=\"x_s2\" data-ogsc=\"\">\u2022 <\/span><span class=\"x_s3\" data-ogsc=\"\">Utilisation<\/span><span class=\"x_s2\" data-ogsc=\"\"> : infusion, vaporisation ou collection.<\/span><\/p>\n<p>&nbsp;<\/p>\n<p>&nbsp;<\/p>\n<\/div>\n<div dir=\"ltr\">\n<h3 class=\"x_p3\" data-ogsc=\"rgb(0, 0, 0)\"><strong><span class=\"x_s2\" data-ogsc=\"\">Disponible d\u00e8s maintenant chez\u00a0<\/span><span class=\"x_s3\" data-ogsc=\"\">CBD OH MAX<\/span><span class=\"x_s2\" data-ogsc=\"\">\u00a0\ud83c\udf3f\ud83d\udc9a<\/span><\/strong><\/h3>\n<p>&nbsp;<\/p>\n<p>&nbsp;<\/p>\n<p>Les adeptes du bien-\u00eatre naturel trouveront dans cette r\u00e9sine CBD une source fiable de relaxation sans les effets psychoactifs associ\u00e9s au THC.<\/p>\n<p>&nbsp;<\/p>\n<p>De plus, sa culture biologique assure une conformit\u00e9 totale avec les normes europ\u00e9ennes strictes, renfor\u00e7ant la confiance des consommateurs en qu\u00eate de produits purs et efficaces.<\/p>\n<p>Pour ceux qui cherchent \u00e0 explorer les options de CBD de haute qualit\u00e9, la vari\u00e9t\u00e9 Pollen Dry Sift CBC se pr\u00e9sente comme une solution incontournable.<\/p>\n<\/div>\n<div dir=\"ltr\"><\/div>\n<p><a href=\"https:\/\/www.facebook.com\/profile.php?id=61579757663366\" target=\"_blank\" rel=\"noopener\">CBD OH MAX<\/a>\u00a0vous propose plusieurs m\u00e9thodes de consommations pour les fleurs et r\u00e9sines de CBD.<\/p>\n<p>Rappel : Les fleurs et r\u00e9sines ne doivent en aucun cas \u00eatre fum\u00e9es. Risque important des pertes de terp\u00e8nes ainsi qu\u2019une perte de qualit\u00e9 du produit par cette effet de combustion (exemple : flamme d\u2019un briquet)<\/p>\n<p>Vous pourrez donc choisir entre les diff\u00e9rents modes de consommation cit\u00e9s ci-dessous.<\/p>\n<p>&nbsp;<\/p>\n<p><a href=\"https:\/\/www.cbdohmax.fr\/?product_cat=thes-infusions-cbd\"><strong>En infusion :<\/strong><\/a><\/p>\n<p>Pour cela rien de plus simple !<br \/>\nIl vous suffit de vous pr\u00e9parer de l\u2019eau chaude, comme une tisane classique et y ajouter les fleurs de CBD (infus\u00e9 4 \u00e0 7 minutes) puis rajouter un corps gras comme du lait, de la cr\u00e8me, du beurre ou m\u00eame de l\u2019huile v\u00e9g\u00e9tale.<\/p>\n<p>En effet, n\u2019oublions pas que le CBD est une mol\u00e9cule lipophile et a de ce fait besoin d\u2019un corps gras pour lib\u00e9rer tous ses bienfaits.<\/p>\n<p>L\u2019effet ressenti est : sur la dur\u00e9e.<\/p>\n<p>&nbsp;<\/p>\n<p><a href=\"https:\/\/www.cbdohmax.fr\/?product_cat=vape-cbd\"><strong>En vaporisation :<\/strong><\/a><\/p>\n<p>Si vous n\u2019\u00eates pas un adepte des infusions aux CBD, il existe une autre m\u00e9thode, la vaporisation.<\/p>\n<p>Une autre solution pour b\u00e9n\u00e9ficier plus rapidement des effets de vos fleurs ou r\u00e9sines .<\/p>\n<p>Gr\u00e2ce \u00e0 ce vaporisateur, vous ne perdez pas de terp\u00e8nes ni la qualit\u00e9 des ar\u00f4mes.<\/p>\n<p>Un go\u00fbt exceptionnel.<\/p>\n<p>C\u00f4t\u00e9 effets, la vaporisation permet de r\u00e9v\u00e9ler beaucoup plus rapidement (voire instantan\u00e9ment) les bienfaits des diff\u00e9rents cannabino\u00efdes composants les fleurs ou r\u00e9sines.<\/p>\n<p>Il vous est conseill\u00e9 de r\u00e9gler votre vaporisateur \u00e0 180\u00b0C pour une fleur et jusqu\u2019\u00e0 210\u00b0C pour une r\u00e9sine.<\/p>\n<p>&nbsp;<\/p>\n<p>&nbsp;<\/p>\n<p><em>Des prix variables et d\u00e9gressifs \ud83d\udc4d<\/em><\/p>\n<p>&nbsp;<\/p>\n<p>Toutes les fleurs sont issues d\u2019une agriculture naturelle et respectent les normes en vigueur des pays membres de l\u2019Union Europ\u00e9enne. THC&lt;0,3%<\/p>\n<p>&nbsp;<\/p>\n<p><strong>Stockage Appropri\u00e9<\/strong><\/p>\n<p>Pour pr\u00e9server la fra\u00eecheur et la qualit\u00e9 de la fleur de CBD, conservez l\u00e0 dans un endroit frais, sombre et sec, de pr\u00e9f\u00e9rence dans un r\u00e9cipient herm\u00e9tique. \u00c9vitez l&#8217;exposition \u00e0 la lumi\u00e8re directe du soleil et \u00e0 l&#8217;humidit\u00e9 excessive.<\/p>\n","protected":false},"excerpt":{"rendered":"<div dir=\"ltr\">\n<h2><strong>\ud83c\udf3f\u00a0<\/strong><strong><span class=\"x_s3\" data-ogsc=\"\">Pollen Dry Sift \u2013 30 % CBC<\/span><\/strong><\/h2>\n<h3><strong>25 % CBD \ud83d\udc8e <\/strong><strong>\u2013\u00a0 <\/strong><strong>30 % CBC \ud83d\udc8e \u2013 THC &lt; 0,3 % \ud83d\udeab<\/strong><\/h3>\n<p><strong>Go\u00fbt &amp; <span class=\"x_s2\" data-ogsc=\"\">parfum riche et intense <\/span><\/strong><strong>\ud83c\udf3f<\/strong><\/p>\n<p>Effets :<span class=\"x_s2\" data-ogsc=\"\"> Relaxants, apaisants et <strong>e<\/strong><\/span><span class=\"x_s2\" data-ogsc=\"\"><strong>ffets puissants &amp; directs \u26a1\ufe0f<\/strong><\/span><\/p>\n<p>100 % l\u00e9gal \ud83c\uddea\ud83c\uddfa \u2013 <strong>Qualit\u00e9 premium sign\u00e9e CBD OH MAX \u2705<\/strong><\/p>\n<\/div>\n","protected":false},"featured_media":6322,"comment_status":"open","ping_status":"closed","template":"","meta":{"om_disable_all_campaigns":false,"_monsterinsights_skip_tracking":false,"_monsterinsights_sitenote_active":false,"_monsterinsights_sitenote_note":"","_monsterinsights_sitenote_category":0},"product_brand":[],"product_cat":[160],"product_tag":[],"class_list":{"0":"post-6313","1":"product","2":"type-product","3":"status-publish","4":"has-post-thumbnail","6":"product_cat-cbc","8":"first","9":"instock","10":"sale","11":"shipping-taxable","12":"purchasable","13":"product-type-variable","14":"has-default-attributes","15":"add-to-wishlist-before_add_to_cart"},"_links":{"self":[{"href":"https:\/\/www.cbdohmax.fr\/index.php?rest_route=\/wp\/v2\/product\/6313","targetHints":{"allow":["GET"]}}],"collection":[{"href":"https:\/\/www.cbdohmax.fr\/index.php?rest_route=\/wp\/v2\/product"}],"about":[{"href":"https:\/\/www.cbdohmax.fr\/index.php?rest_route=\/wp\/v2\/types\/product"}],"replies":[{"embeddable":true,"href":"https:\/\/www.cbdohmax.fr\/index.php?rest_route=%2Fwp%2Fv2%2Fcomments&post=6313"}],"wp:featuredmedia":[{"embeddable":true,"href":"https:\/\/www.cbdohmax.fr\/index.php?rest_route=\/wp\/v2\/media\/6322"}],"wp:attachment":[{"href":"https:\/\/www.cbdohmax.fr\/index.php?rest_route=%2Fwp%2Fv2%2Fmedia&parent=6313"}],"wp:term":[{"taxonomy":"product_brand","embeddable":true,"href":"https:\/\/www.cbdohmax.fr\/index.php?rest_route=%2Fwp%2Fv2%2Fproduct_brand&post=6313"},{"taxonomy":"product_cat","embeddable":true,"href":"https:\/\/www.cbdohmax.fr\/index.php?rest_route=%2Fwp%2Fv2%2Fproduct_cat&post=6313"},{"taxonomy":"product_tag","embeddable":true,"href":"https:\/\/www.cbdohmax.fr\/index.php?rest_route=%2Fwp%2Fv2%2Fproduct_tag&post=6313"}],"curies":[{"name":"wp","href":"https:\/\/api.w.org\/{rel}","templated":true}]}}