{"id":6328,"date":"2025-09-22T11:20:47","date_gmt":"2025-09-22T09:20:47","guid":{"rendered":"https:\/\/www.cbdohmax.fr\/?post_type=product&#038;p=6328"},"modified":"2026-04-02T15:26:16","modified_gmt":"2026-04-02T13:26:16","slug":"purple-punch","status":"publish","type":"product","link":"https:\/\/www.cbdohmax.fr\/?product=purple-punch","title":{"rendered":"PURPLE PUNCH"},"content":{"rendered":"<p><strong>Le CBD est reconnu pour ses vertus anti-stress, efficace contre l\u2019anxi\u00e9t\u00e9, am\u00e9liore la qualit\u00e9 du sommeil et anti-douleurs.<\/strong><\/p>\n<p>&nbsp;<\/p>\n<p>&nbsp;<\/p>\n<h4 class=\"x_p1\" data-ogsc=\"rgb(0, 0, 0)\"><strong><span class=\"x_s3\" data-ogsc=\"\" data-olk-copy-source=\"MessageBody\">\ud83c\udf31<\/span><span class=\"x_s2\" data-ogsc=\"\">\u00a0Origine &amp; g\u00e9n\u00e9tique<\/span><\/strong><\/h4>\n<p class=\"x_p1\" data-ogsc=\"rgb(0, 0, 0)\"><span class=\"x_s3\" data-ogsc=\"\">La\u00a0<\/span><span class=\"x_s2\" data-ogsc=\"\">Purple Punch<\/span><span class=\"x_s3\" data-ogsc=\"\">\u00a0est <strong>issue du mariage l\u00e9gendaire entre\u00a0<\/strong><\/span><strong><span class=\"x_s2\" data-ogsc=\"\">Larry OG<\/span><span class=\"x_s3\" data-ogsc=\"\">\u00a0et\u00a0<\/span><span class=\"x_s2\" data-ogsc=\"\">Granddaddy Purple<\/span><\/strong><span class=\"x_s3\" data-ogsc=\"\">, deux vari\u00e9t\u00e9s iconiques reconnues pour leurs ar\u00f4mes riches et leurs effets apaisants.\u00a0<\/span><\/p>\n<p class=\"x_p1\" data-ogsc=\"rgb(0, 0, 0)\"><span class=\"x_s3\" data-ogsc=\"\">Cette <strong>hybride\u00a0<\/strong><\/span><strong><span class=\"x_s2\" data-ogsc=\"\">indica-dominante (80% indica \/ 20% sativa)<\/span><\/strong><span class=\"x_s3\" data-ogsc=\"\">\u00a0est id\u00e9ale pour la d\u00e9tente et la relaxation profonde.<\/span><\/p>\n<p class=\"x_p1\" data-ogsc=\"rgb(0, 0, 0)\"><span class=\"x_s3\" data-ogsc=\"\">\ud83d\udc49 La version\u00a0<\/span><span class=\"x_s2\" data-ogsc=\"\">CBD<\/span><span class=\"x_s3\" data-ogsc=\"\">, cultiv\u00e9e en\u00a0<\/span><span class=\"x_s2\" data-ogsc=\"\">indoor en Italie<\/span><span class=\"x_s3\" data-ogsc=\"\">, conserve tout le charme de sa lign\u00e9e tout en restant 100% l\u00e9gale avec un taux de\u00a0<\/span><span class=\"x_s2\" data-ogsc=\"\">THC &lt; 0,3%<\/span><span class=\"x_s3\" data-ogsc=\"\">.<\/span><\/p>\n<h4 data-ogsc=\"rgb(0, 0, 0)\"><\/h4>\n<h4 class=\"x_p1\" data-ogsc=\"rgb(0, 0, 0)\"><strong><span class=\"x_s3\" data-ogsc=\"\">\ud83d\udc45<\/span><span class=\"x_s2\" data-ogsc=\"\">\u00a0Saveurs &amp; ar\u00f4mes<\/span><\/strong><\/h4>\n<p class=\"x_p1\" data-ogsc=\"rgb(0, 0, 0)\"><span class=\"x_s3\" data-ogsc=\"\">La Purple Punch s\u00e9duit par un profil aromatique ultra gourmand, digne d\u2019un dessert :<\/span><\/p>\n<p class=\"x_p1\" data-ogsc=\"rgb(0, 0, 0)\"><span class=\"x_s3\" data-ogsc=\"\">\u2022 <\/span><strong><span class=\"x_s2\" data-ogsc=\"\">Saveurs principales<\/span><\/strong><span class=\"x_s3\" data-ogsc=\"\">\u00a0:\u00a0<\/span><span class=\"x_s2\" data-ogsc=\"\">myrtille<\/span><span class=\"x_s3\" data-ogsc=\"\">\u00a0bien m\u00fbre,\u00a0<\/span><span class=\"x_s2\" data-ogsc=\"\">raisin sucr\u00e9<\/span><span class=\"x_s3\" data-ogsc=\"\">,\u00a0<\/span><span class=\"x_s2\" data-ogsc=\"\">bonbon fruit\u00e9<\/span><span class=\"x_s3\" data-ogsc=\"\">.<\/span><\/p>\n<p class=\"x_p1\" data-ogsc=\"rgb(0, 0, 0)\"><span class=\"x_s3\" data-ogsc=\"\">\u2022 <\/span><strong><span class=\"x_s2\" data-ogsc=\"\">Ar\u00f4mes<\/span><\/strong><span class=\"x_s3\" data-ogsc=\"\">\u00a0: intens\u00e9ment\u00a0<\/span><span class=\"x_s2\" data-ogsc=\"\">sucr\u00e9s et p\u00e2tissiers<\/span><span class=\"x_s3\" data-ogsc=\"\">, avec une l\u00e9g\u00e8re touche\u00a0<\/span><span class=\"x_s2\" data-ogsc=\"\">kush \u00e9pic\u00e9e<\/span><span class=\"x_s3\" data-ogsc=\"\">\u00a0en arri\u00e8re-go\u00fbt.<\/span><\/p>\n<p class=\"x_p1\" data-ogsc=\"rgb(0, 0, 0)\"><span class=\"x_s3\" data-ogsc=\"\">\u2022 Une v\u00e9ritable exp\u00e9rience \u201cdessert fruit\u00e9\u201d parfaite en fin de journ\u00e9e.<\/span><\/p>\n<h4 data-ogsc=\"rgb(0, 0, 0)\"><\/h4>\n<h4 class=\"x_p1\" data-ogsc=\"rgb(0, 0, 0)\"><strong><span class=\"x_s3\" data-ogsc=\"\">\ud83d\udcaa<\/span><span class=\"x_s2\" data-ogsc=\"\">\u00a0Taux &amp; puissance<\/span><\/strong><\/h4>\n<p class=\"x_p1\" data-ogsc=\"rgb(0, 0, 0)\"><span class=\"x_s3\" data-ogsc=\"\">Cette Purple Punch\u00a0<\/span><span class=\"x_s2\" data-ogsc=\"\">CBD Indoor<\/span><span class=\"x_s3\" data-ogsc=\"\">\u00a0affiche un taux\u00a0<\/span><span class=\"x_s2\" data-ogsc=\"\">exceptionnel de 18% CBD<\/span><span class=\"x_s3\" data-ogsc=\"\">\u00a0associ\u00e9 \u00e0\u00a0<\/span><span class=\"x_s2\" data-ogsc=\"\">6% CBG<\/span><span class=\"x_s3\" data-ogsc=\"\">, pour une synergie id\u00e9ale :<\/span><\/p>\n<p class=\"x_p1\" data-ogsc=\"rgb(0, 0, 0)\"><span class=\"x_s3\" data-ogsc=\"\">\ud83c\udf3f\u00a0<\/span><strong><span class=\"x_s2\" data-ogsc=\"\">CBD (18%)<\/span><\/strong><span class=\"x_s3\" data-ogsc=\"\">\u00a0: relaxation douce, bien-\u00eatre global, r\u00e9duction du stress.<\/span><\/p>\n<p class=\"x_p1\" data-ogsc=\"rgb(0, 0, 0)\"><span class=\"x_s3\" data-ogsc=\"\">\ud83c\udf3f\u00a0<\/span><strong><span class=\"x_s2\" data-ogsc=\"\">CBG (6%)<\/span><\/strong><span class=\"x_s3\" data-ogsc=\"\">\u00a0: renforce l\u2019effet d\u2019apaisement et ajoute un c\u00f4t\u00e9 \u00e9quilibrant.<\/span><\/p>\n<p class=\"x_p1\" data-ogsc=\"rgb(0, 0, 0)\"><span class=\"x_s3\" data-ogsc=\"\">\ud83d\udeab\u00a0<\/span><span class=\"x_s2\" data-ogsc=\"\">THC &lt; 0,3%<\/span><span class=\"x_s3\" data-ogsc=\"\">\u00a0: aucun effet psychoactif, totalement l\u00e9gal en Europe.<\/span><\/p>\n<h4 data-ogsc=\"rgb(0, 0, 0)\"><\/h4>\n<h4 class=\"x_p1\" data-ogsc=\"rgb(0, 0, 0)\"><strong><span class=\"x_s3\" data-ogsc=\"\">\u2728<\/span><span class=\"x_s2\" data-ogsc=\"\">\u00a0Effets ressentis<\/span><\/strong><\/h4>\n<p class=\"x_p1\" data-ogsc=\"rgb(0, 0, 0)\"><strong><span class=\"x_s3\" data-ogsc=\"\">La Purple Punch CBD procure des effets\u00a0<\/span><span class=\"x_s2\" data-ogsc=\"\">profond\u00e9ment relaxants<\/span><\/strong><span class=\"x_s3\" data-ogsc=\"\">\u00a0:<\/span><\/p>\n<p class=\"x_p1\" data-ogsc=\"rgb(0, 0, 0)\"><span class=\"x_s3\" data-ogsc=\"\">\u2022 Apaisement mental et l\u00e2cher-prise.<\/span><\/p>\n<p class=\"x_p1\" data-ogsc=\"rgb(0, 0, 0)\"><span class=\"x_s3\" data-ogsc=\"\">\u2022 Soulagement des tensions et relaxation musculaire.<\/span><\/p>\n<p class=\"x_p1\" data-ogsc=\"rgb(0, 0, 0)\"><span class=\"x_s3\" data-ogsc=\"\">\u2022 Un choix id\u00e9al pour le\u00a0<\/span><span class=\"x_s2\" data-ogsc=\"\">soir<\/span><span class=\"x_s3\" data-ogsc=\"\">, apr\u00e8s une longue journ\u00e9e, ou pour accompagner un moment cocooning.<\/span><\/p>\n<h4 data-ogsc=\"rgb(0, 0, 0)\"><\/h4>\n<h4 class=\"x_p1\" data-ogsc=\"rgb(0, 0, 0)\"><strong><span class=\"x_s3\" data-ogsc=\"\">\ud83d\udc40<\/span><span class=\"x_s2\" data-ogsc=\"\">\u00a0Aspect visuel<\/span><\/strong><\/h4>\n<p class=\"x_p1\" data-ogsc=\"rgb(0, 0, 0)\"><span class=\"x_s3\" data-ogsc=\"\">\u2022 De\u00a0<\/span><span class=\"x_s2\" data-ogsc=\"\">magnifiques <strong>t\u00eates compactes<\/strong><\/span><strong><span class=\"x_s3\" data-ogsc=\"\">\u00a0aux reflets\u00a0<\/span><span class=\"x_s2\" data-ogsc=\"\">violets intenses<\/span><\/strong><span class=\"x_s3\" data-ogsc=\"\">.<\/span><\/p>\n<p class=\"x_p1\" data-ogsc=\"rgb(0, 0, 0)\"><span class=\"x_s3\" data-ogsc=\"\">\u2022 Recouvertes de\u00a0<\/span><span class=\"x_s2\" data-ogsc=\"\">trichomes scintillants<\/span><span class=\"x_s3\" data-ogsc=\"\">, signe d\u2019une culture indoor soign\u00e9e.<\/span><\/p>\n<p class=\"x_p1\" data-ogsc=\"rgb(0, 0, 0)\"><span class=\"x_s3\" data-ogsc=\"\">\u2022 Texture dense, agr\u00e9able \u00e0 effriter, avec un parfum qui se d\u00e9gage imm\u00e9diatement \u00e0 l\u2019ouverture du sachet.<\/span><\/p>\n<h4 data-ogsc=\"rgb(0, 0, 0)\"><\/h4>\n<h4 class=\"x_p1\" data-ogsc=\"rgb(0, 0, 0)\"><strong><span class=\"x_s3\" data-ogsc=\"\">\u2705<\/span><span class=\"x_s2\" data-ogsc=\"\">\u00a0Points forts de la Purple Punch CBD<\/span><\/strong><\/h4>\n<p class=\"x_p1\" data-ogsc=\"rgb(0, 0, 0)\"><span class=\"x_s3\" data-ogsc=\"\">\ud83c\udf31\u00a0<\/span><span class=\"x_s2\" data-ogsc=\"\">Culture Indoor premium \u2013 Italie\u00a0<\/span><span class=\"x_s3\" data-ogsc=\"\">\ud83c\uddee\ud83c\uddf9.<\/span><\/p>\n<p class=\"x_p1\" data-ogsc=\"rgb(0, 0, 0)\"><span class=\"x_s3\" data-ogsc=\"\">\ud83c\udf47 Saveurs fruit\u00e9es et sucr\u00e9es uniques (myrtille, raisin, bonbon).<\/span><\/p>\n<p class=\"x_p1\" data-ogsc=\"rgb(0, 0, 0)\"><span class=\"x_s3\" data-ogsc=\"\">\ud83d\udc9c Effets relaxants puissants, parfaits en soir\u00e9e.<\/span><\/p>\n<p class=\"x_p1\" data-ogsc=\"rgb(0, 0, 0)\"><span class=\"x_s3\" data-ogsc=\"\">\ud83c\udf3f Taux \u00e9lev\u00e9s :\u00a0<\/span><span class=\"x_s2\" data-ogsc=\"\">18% CBD + 6% CBG<\/span><span class=\"x_s3\" data-ogsc=\"\">.<\/span><\/p>\n<p class=\"x_p1\" data-ogsc=\"rgb(0, 0, 0)\"><span class=\"x_s3\" data-ogsc=\"\">\ud83d\udd12 THC &lt; 0,3% \u2013 100% l\u00e9gal.<\/span><\/p>\n<p class=\"x_p1\" data-ogsc=\"rgb(0, 0, 0)\"><span class=\"x_s3\" data-ogsc=\"\">\ud83d\udc49 En r\u00e9sum\u00e9 : La\u00a0<\/span><span class=\"x_s2\" data-ogsc=\"\">Purple Punch CBD<\/span><span class=\"x_s3\" data-ogsc=\"\">\u00a0est une fleur d\u2019exception, \u00e0 la fois belle, parfum\u00e9e et puissante.\u00a0<\/span><\/p>\n<p class=\"x_p1\" data-ogsc=\"rgb(0, 0, 0)\"><span class=\"x_s3\" data-ogsc=\"\">Elle combine des saveurs de\u00a0<\/span><span class=\"x_s2\" data-ogsc=\"\">dessert fruit\u00e9<\/span><span class=\"x_s3\" data-ogsc=\"\">\u00a0avec une\u00a0<\/span><span class=\"x_s2\" data-ogsc=\"\">relaxation profonde<\/span><span class=\"x_s3\" data-ogsc=\"\">, id\u00e9ale pour les amateurs de vari\u00e9t\u00e9s gourmandes et apaisantes.<\/span><\/p>\n<p>&nbsp;<\/p>\n<p><strong><a href=\"https:\/\/www.facebook.com\/cbd.oh.max\" target=\"_blank\" rel=\"noopener\">CBD OH MAX<\/a>\u00a0vous propose plusieurs m\u00e9thodes de consommation pour les fleurs et r\u00e9sines de CBD.<\/strong><\/p>\n<p><strong>Rappel<\/strong>\u00a0: Les fleurs et r\u00e9sines ne doivent en aucun cas \u00eatre fum\u00e9es. Risque important des pertes de terp\u00e8nes ainsi qu\u2019une perte de qualit\u00e9 du produit par cette effet de combustion (exemple : flamme d\u2019un briquet)<\/p>\n<p>Vous pourrez donc choisir entre les diff\u00e9rents modes de consommation cit\u00e9s ci-dessous.<\/p>\n<h4><a href=\"https:\/\/www.cbdohmax.fr\/?product_cat=thes-infusions-cbd\">En infusion :<\/a><\/h4>\n<p>Pour cela rien de plus simple !<br \/>\nIl vous suffit de vous pr\u00e9parer de l\u2019eau chaude, comme une tisane classique et y ajouter les fleurs de CBD (infus\u00e9 4 \u00e0 7 minutes) puis rajouter un corps gras comme du lait, de la cr\u00e8me, du beurre ou m\u00eame de l\u2019huile v\u00e9g\u00e9tale.<br \/>\nEn effet, n\u2019oublions pas que le CBD est une mol\u00e9cule lipophile et a de ce fait besoin d\u2019un corps gras pour lib\u00e9rer tous ses bienfaits.<br \/>\nL\u2019effet ressenti est : sur la dur\u00e9e.<\/p>\n<h4><a href=\"https:\/\/www.cbdohmax.fr\/?product_cat=vaporisateurs\">En vaporisation :<\/a><\/h4>\n<p>Si vous n\u2019\u00eates pas un adepte des infusions aux CBD, il existe une autre m\u00e9thode, la vaporisation.<br \/>\nUne autre solution pour b\u00e9n\u00e9ficier plus rapidement des effets de vos fleurs ou r\u00e9sines .<br \/>\nGr\u00e2ce \u00e0 ce vaporisateur, vous ne perdez pas de terp\u00e8nes ni la qualit\u00e9. Des ar\u00f4mes d\u2019un go\u00fbt exceptionnel.<br \/>\nC\u00f4t\u00e9 effets, la vaporisation permet de r\u00e9v\u00e9ler beaucoup plus rapidement (voire instantan\u00e9ment) les bienfaits des diff\u00e9rents cannabino\u00efdes composants les fleurs ou r\u00e9sines.<br \/>\nIl vous est conseill\u00e9 de r\u00e9gler votre vaporisateur \u00e0 180\u00b0C pour une fleur et jusqu\u2019\u00e0 210\u00b0C pour une r\u00e9sine.<\/p>\n<p>&nbsp;<\/p>\n<p>Des prix variables et d\u00e9gressifs \ud83d\udc4d<\/p>\n<p>Toutes les fleurs sont issues d\u2019une agriculture naturelle et respectent les normes en vigueur des pays membres de l\u2019Union Europ\u00e9enne. THC&lt;0,3%<\/p>\n","protected":false},"excerpt":{"rendered":"<h2><strong>PURPLE PUNCH | 18% CBD | 6% CBG | THC&lt;0,3%<\/strong><\/h2>\n<h4><strong><span class=\"x_s1\" data-ogsc=\"\" data-olk-copy-source=\"MessageBody\">\ud83c\udf38<\/span><span class=\"x_s2\" data-ogsc=\"\">\u00a0Purple Punch CBD \u2013 Douceur fruit\u00e9e et d\u00e9tente absolue<\/span><\/strong><\/h4>\n<p>&nbsp;<\/p>\n<p>Le CBD est reconnu pour ses vertus anti-stress, efficace contre l\u2019anxi\u00e9t\u00e9, am\u00e9liore la qualit\u00e9 du sommeil et anti-douleurs.<\/p>\n<p>La Purple Punch poss\u00e8de de belles t\u00eates de fleurs tr\u00e8s compactes <span class=\"x_s3\" data-ogsc=\"\" data-olk-copy-source=\"MessageBody\">aux reflets\u00a0<\/span><span class=\"x_s2\" data-ogsc=\"\">violets intenses<\/span> qui \u00e9mettent des odeurs <span class=\"x_s3\" data-ogsc=\"\" data-olk-copy-source=\"MessageBody\">intens\u00e9ment\u00a0<\/span><span class=\"x_s2\" data-ogsc=\"\">sucr\u00e9s et p\u00e2tissiers<\/span>.<br \/>\nSi vous \u00eates un adepte des exp\u00e9riences ultra gourmand<span data-olk-copy-source=\"MessageBody\">, digne d\u2019un dessert<\/span>, alors vous ne serez pas d\u00e9\u00e7u du voyage !<\/p>\n<h3><\/h3>\n<h3 style=\"text-align: center;\"><strong><img decoding=\"async\" class=\"emoji\" role=\"img\" draggable=\"false\" src=\"https:\/\/s.w.org\/images\/core\/emoji\/17.0.2\/svg\/1f340.svg\" alt=\"\ud83c\udf40\" \/> PROMOTIONS <img decoding=\"async\" class=\"emoji\" role=\"img\" draggable=\"false\" src=\"https:\/\/s.w.org\/images\/core\/emoji\/17.0.2\/svg\/1f340.svg\" alt=\"\ud83c\udf40\" \/><\/strong><\/h3>\n<p style=\"text-align: center;\"><strong><img decoding=\"async\" class=\"emoji\" role=\"img\" draggable=\"false\" src=\"https:\/\/s.w.org\/images\/core\/emoji\/17.0.2\/svg\/1f340.svg\" alt=\"\ud83c\udf40\" \/>\u00a0SPECIAL OH MAX\u00a0<img decoding=\"async\" class=\"emoji\" role=\"img\" draggable=\"false\" src=\"https:\/\/s.w.org\/images\/core\/emoji\/17.0.2\/svg\/1f340.svg\" alt=\"\ud83c\udf40\" \/><\/strong><\/p>\n<p style=\"text-align: center;\"><strong>DISPONIBLES DE 1 Gr \u00c0 100 Gr<\/strong><\/p>\n","protected":false},"featured_media":6336,"comment_status":"open","ping_status":"closed","template":"","meta":{"om_disable_all_campaigns":false,"_monsterinsights_skip_tracking":false,"_monsterinsights_sitenote_active":false,"_monsterinsights_sitenote_note":"","_monsterinsights_sitenote_category":0},"product_brand":[],"product_cat":[128,17,73,134,163],"product_tag":[],"class_list":{"0":"post-6328","1":"product","2":"type-product","3":"status-publish","4":"has-post-thumbnail","6":"product_cat-cbd","7":"product_cat-fleurs-cbd","8":"product_cat-fleurs-interieures","9":"product_cat-promos","10":"product_cat-special-noel-oh-max","11":"product_shipping_class-envoisuivi","13":"first","14":"instock","15":"sale","16":"shipping-taxable","17":"purchasable","18":"product-type-variable","19":"has-default-attributes","20":"add-to-wishlist-before_add_to_cart"},"_links":{"self":[{"href":"https:\/\/www.cbdohmax.fr\/index.php?rest_route=\/wp\/v2\/product\/6328","targetHints":{"allow":["GET"]}}],"collection":[{"href":"https:\/\/www.cbdohmax.fr\/index.php?rest_route=\/wp\/v2\/product"}],"about":[{"href":"https:\/\/www.cbdohmax.fr\/index.php?rest_route=\/wp\/v2\/types\/product"}],"replies":[{"embeddable":true,"href":"https:\/\/www.cbdohmax.fr\/index.php?rest_route=%2Fwp%2Fv2%2Fcomments&post=6328"}],"wp:featuredmedia":[{"embeddable":true,"href":"https:\/\/www.cbdohmax.fr\/index.php?rest_route=\/wp\/v2\/media\/6336"}],"wp:attachment":[{"href":"https:\/\/www.cbdohmax.fr\/index.php?rest_route=%2Fwp%2Fv2%2Fmedia&parent=6328"}],"wp:term":[{"taxonomy":"product_brand","embeddable":true,"href":"https:\/\/www.cbdohmax.fr\/index.php?rest_route=%2Fwp%2Fv2%2Fproduct_brand&post=6328"},{"taxonomy":"product_cat","embeddable":true,"href":"https:\/\/www.cbdohmax.fr\/index.php?rest_route=%2Fwp%2Fv2%2Fproduct_cat&post=6328"},{"taxonomy":"product_tag","embeddable":true,"href":"https:\/\/www.cbdohmax.fr\/index.php?rest_route=%2Fwp%2Fv2%2Fproduct_tag&post=6328"}],"curies":[{"name":"wp","href":"https:\/\/api.w.org\/{rel}","templated":true}]}}