{"id":6432,"date":"2025-10-29T17:27:21","date_gmt":"2025-10-29T16:27:21","guid":{"rendered":"https:\/\/www.cbdohmax.fr\/?post_type=product&#038;p=6432"},"modified":"2026-03-01T20:00:48","modified_gmt":"2026-03-01T19:00:48","slug":"tropical-lemon-50-10-oh-max","status":"publish","type":"product","link":"https:\/\/www.cbdohmax.fr\/?product=tropical-lemon-50-10-oh-max","title":{"rendered":"TROPICAL LEMON 50% 10 OH MAX"},"content":{"rendered":"<div dir=\"ltr\">\n<h2><strong>\ud83c\udf4b\u00a0Tropical Lemon \u2013 Hydroponique<\/strong><\/h2>\n<h3 class=\"x_p1\" data-ogsc=\"rgb(0, 0, 0)\"><strong><span class=\"x_s2\" data-ogsc=\"\">Taux : 50 % 10 OH MAX<\/span><\/strong><\/h3>\n<p>&nbsp;<\/p>\n<p class=\"x_p1\" data-ogsc=\"rgb(0, 0, 0)\"><span class=\"x_s1\" data-ogsc=\"\">La\u00a0<\/span><span class=\"x_s2\" data-ogsc=\"\">Tropical Lemon<\/span><span class=\"x_s1\" data-ogsc=\"\">\u00a0est une fleur d\u2019exception <strong>cultiv\u00e9e en\u00a0<\/strong><\/span><strong><span class=\"x_s2\" data-ogsc=\"\">hydroponie<\/span><\/strong><span class=\"x_s1\" data-ogsc=\"\">, garantissant une <strong>qualit\u00e9 premium<\/strong> et un aspect soign\u00e9.\u00a0<\/span><\/p>\n<p class=\"x_p1\" data-ogsc=\"rgb(0, 0, 0)\"><strong><span class=\"x_s1\" data-ogsc=\"\">Sa richesse en\u00a0<\/span><span class=\"x_s2\" data-ogsc=\"\">10 OH MAX (50 %)<\/span><\/strong><span class=\"x_s1\" data-ogsc=\"\">\u00a0en fait une vari\u00e9t\u00e9 unique, offrant une<strong> exp\u00e9rience intense<\/strong> et diff\u00e9rente des cannabino\u00efdes classiques.<\/span><\/p>\n<\/div>\n<h4 dir=\"ltr\"><\/h4>\n<h4 data-ogsc=\"rgb(0, 0, 0)\"><\/h4>\n<h4 data-ogsc=\"rgb(0, 0, 0)\"><\/h4>\n<p><strong><span class=\"x_s1\" data-ogsc=\"\">\ud83c\udf0d <\/span><\/strong><span data-ogsc=\"\" data-olk-copy-source=\"MessageBody\">Origine de la Tropical Lemon<\/span><\/p>\n<p data-ogsc=\"rgb(0, 0, 0)\"><span data-ogsc=\"\">La\u00a0<\/span><span data-ogsc=\"\">Tropical Lemon<\/span><span data-ogsc=\"\">\u00a0est une\u00a0<\/span><span data-ogsc=\"\">hybride premium<\/span><span data-ogsc=\"\">\u00a0n\u00e9e du croisement entre des\u00a0<\/span><span data-ogsc=\"\">g\u00e9n\u00e9tiques citronn\u00e9es de type Lemon Haze<\/span><span data-ogsc=\"\">\u00a0et des\u00a0<\/span><span data-ogsc=\"\">vari\u00e9t\u00e9s tropicales riches en terp\u00e8nes fruit\u00e9s<\/span><span data-ogsc=\"\">.<\/span><\/p>\n<p data-ogsc=\"rgb(0, 0, 0)\">Cette combinaison donne une fleur\u00a0<span data-ogsc=\"\">\u00e9quilibr\u00e9e \u00e0 50 %<\/span>, alliant la\u00a0<span data-ogsc=\"\">vigueur sativa<\/span>\u00a0du Lemon \u00e0 la\u00a0<span data-ogsc=\"\">douceur relaxante<\/span>\u00a0d\u2019une base tropicale plus indica.<\/p>\n<p data-ogsc=\"rgb(0, 0, 0)\">Elle tire donc ses origines de deux lign\u00e9es reconnues :<\/p>\n<p data-ogsc=\"rgb(0, 0, 0)\"><strong>\ud83c\udf4b Lemon Haze<\/strong><span data-ogsc=\"\"><strong>\u00a0\u2192<\/strong> pour ses\u00a0<\/span><span data-ogsc=\"\">notes d\u2019agrumes fra\u00eeches<\/span><span data-ogsc=\"\">\u00a0et son effet\u00a0<\/span><span data-ogsc=\"\">\u00e9nergisant et joyeux<\/span><span data-ogsc=\"\">.<\/span><\/p>\n<p data-ogsc=\"rgb(0, 0, 0)\"><strong>\ud83c\udf34 Tropical Fruit \/ Pineapple g\u00e9n\u00e9tique<\/strong><span data-ogsc=\"\"><strong>\u00a0\u2192<\/strong> pour ses\u00a0<\/span><span data-ogsc=\"\">ar\u00f4mes exotiques et sucr\u00e9s<\/span><span data-ogsc=\"\">, apportant une touche\u00a0<\/span><span data-ogsc=\"\">douce et apaisante<\/span><span data-ogsc=\"\">.<\/span><\/p>\n<p data-ogsc=\"rgb(0, 0, 0)\">Le r\u00e9sultat : une\u00a0<span data-ogsc=\"\">fleur lumineuse, \u00e9quilibr\u00e9e et aromatique<\/span>, qui allie\u00a0<span data-ogsc=\"\">fra\u00eecheur citronn\u00e9e<\/span>\u00a0et\u00a0<span data-ogsc=\"\">rondeur tropicale<\/span>, avec une culture hydroponique qui sublime chaque terp\u00e8ne.<\/p>\n<div dir=\"ltr\">\n<h4 data-ogsc=\"rgb(0, 0, 0)\"><\/h4>\n<h4 data-ogsc=\"rgb(0, 0, 0)\"><\/h4>\n<h4 class=\"x_p1\" data-ogsc=\"rgb(0, 0, 0)\"><strong><span class=\"x_s1\" data-ogsc=\"\">\ud83d\udd2c<\/span><span class=\"x_s2\" data-ogsc=\"\"> 10 OH MAX ITA \u2013 Une mol\u00e9cule innovante &amp; le retour de l&#8217;Italienne !<\/span><\/strong><\/h4>\n<p><em><strong>Boost\u00e9e par 5 pour une puissance de 50% !<\/strong><\/em><\/p>\n<p class=\"x_p1\" data-ogsc=\"rgb(0, 0, 0)\"><span class=\"x_s1\" data-ogsc=\"\">\u2022 Le 10 OH MAX \u00a0est une<strong>\u00a0mol\u00e9cule<\/strong> d\u00e9velopp\u00e9e pour reproduire certains effets puissants et rapides.<\/span><\/p>\n<p class=\"x_p1\" data-ogsc=\"rgb(0, 0, 0)\"><span class=\"x_s1\" data-ogsc=\"\">\u2022 <strong>Son\u00a0<\/strong><\/span><strong><span class=\"x_s2\" data-ogsc=\"\">impact est intense<\/span><\/strong><span class=\"x_s1\" data-ogsc=\"\">, avec une mont\u00e9e marqu\u00e9e qui se fait ressentir d\u00e8s les premi\u00e8res minutes.<\/span><\/p>\n<p class=\"x_p1\" data-ogsc=\"rgb(0, 0, 0)\"><span class=\"x_s1\" data-ogsc=\"\">\u2022 <strong>Sa particularit\u00e9<\/strong> :\u00a0<\/span><span class=\"x_s2\" data-ogsc=\"\">l\u2019effet puissant ne dure pas longtemps<\/span><span class=\"x_s1\" data-ogsc=\"\">\u00a0(en moyenne jusqu\u2019\u00e0\u00a0<\/span><span class=\"x_s2\" data-ogsc=\"\">1 heure<\/span><span class=\"x_s1\" data-ogsc=\"\">). Cela permet de profiter d\u2019un moment fort sans rester impr\u00e9gn\u00e9 trop longtemps.<\/span><\/p>\n<\/div>\n<div dir=\"ltr\">\n<h4 data-ogsc=\"rgb(0, 0, 0)\"><\/h4>\n<h4 data-ogsc=\"rgb(0, 0, 0)\"><\/h4>\n<h3><strong>\ud83c\udf4b\u00a0Ar\u00f4mes &amp; saveurs<\/strong><\/h3>\n<p>Une explosion de citron frais et de fruits tropicaux sucr\u00e9s \ud83d\ude0b<\/p>\n<ul>\n<li>Notes dominantes : zeste de citron vert, agrumes acidul\u00e9s.<\/li>\n<li>Notes secondaires : mangue, fruit de la passion et ananas \ud83c\udf4d<br \/>\nUn parfum ensoleill\u00e9 et vivifiant, parfait pour faire voyager ton esprit sous les tropiques.<\/li>\n<\/ul>\n<\/div>\n<div dir=\"ltr\">\n<h4 data-ogsc=\"rgb(0, 0, 0)\"><\/h4>\n<h4 data-ogsc=\"rgb(0, 0, 0)\"><\/h4>\n<h4 class=\"x_p1\" data-ogsc=\"rgb(0, 0, 0)\"><strong><span class=\"x_s1\" data-ogsc=\"\">\ud83d\ude0c<\/span><span class=\"x_s2\" data-ogsc=\"\">\u00a0Effets &amp; Bien-\u00eatre<\/span><\/strong><\/h4>\n<ul>\n<li><strong><span class=\"x_s2\" data-ogsc=\"\">Effet imm\u00e9diat<\/span><\/strong><span class=\"x_s1\" data-ogsc=\"\"><strong>\u00a0: mont\u00e9e puissante<\/strong>, id\u00e9ale pour un moment de d\u00e9tente rapide et intense.<\/span><\/li>\n<li><span data-olk-copy-source=\"MessageBody\">D\u00e9but tonique, esprit clair et concentr\u00e9 \ud83c\udf1e<\/span><\/li>\n<li>D\u00e9tente douce et progressive, id\u00e9ale pour rel\u00e2cher la pression sans somnolence \ud83e\uddd8\u200d\u2642\ufe0f<\/li>\n<li>Sensation globale : fra\u00eecheur, l\u00e9g\u00e8ret\u00e9 et \u00e9quilibre.<\/li>\n<li><span class=\"x_s2\" data-ogsc=\"\">Sensation globale<\/span><span class=\"x_s1\" data-ogsc=\"\">\u00a0:\u00a0<strong>relaxation profonde, euphorie<\/strong>, puis retour progressif \u00e0 la normale.<\/span><\/li>\n<\/ul>\n<p class=\"x_p1\" data-ogsc=\"rgb(0, 0, 0)\">\n<p class=\"x_p1\" data-ogsc=\"rgb(0, 0, 0)\"><span class=\"x_s1\" data-ogsc=\"\">\ud83d\udc49 Id\u00e9ale pour ceux qui recherchent\u00a0<\/span><span class=\"x_s2\" data-ogsc=\"\">un coup de boost relaxant<\/span><span class=\"x_s1\" data-ogsc=\"\"> sans un effet trop long, pas plus de 3h.<\/span><\/p>\n<\/div>\n<div dir=\"ltr\">\n<h4 data-ogsc=\"rgb(0, 0, 0)\"><\/h4>\n<h4 data-ogsc=\"rgb(0, 0, 0)\"><\/h4>\n<h4 class=\"x_p1\" data-ogsc=\"rgb(0, 0, 0)\"><strong><span class=\"x_s1\" data-ogsc=\"\">\ud83c\udf31<\/span><span class=\"x_s2\" data-ogsc=\"\"> Points forts<\/span><\/strong><\/h4>\n<p><span data-olk-copy-source=\"MessageBody\">\u2714\ufe0f Culture hydroponique = densit\u00e9, puret\u00e9 et constance \ud83c\udf31<\/span><\/p>\n<p>\u2714\ufe0f Taux 50 % 10 OH MAX = puissance ma\u00eetris\u00e9e \u26a1<\/p>\n<p>\u2714\ufe0f Saveurs citronn\u00e9es et exotiques = fra\u00eecheur et originalit\u00e9 \ud83c\udf4b<\/p>\n<p>\u2714\ufe0f THC &lt; 0,3 % = conformit\u00e9 et s\u00e9r\u00e9nit\u00e9 totale \u2705<\/p>\n<\/div>\n<div dir=\"ltr\">\n<h4 data-ogsc=\"rgb(0, 0, 0)\"><\/h4>\n<h4 data-ogsc=\"rgb(0, 0, 0)\"><\/h4>\n<h3><strong>\ud83d\udcad\u00a0Conseils d\u2019utilisation<\/strong><\/h3>\n<h3><strong>Dose conseill\u00e9e : 0,10 g maximum par session \u2696\ufe0f<\/strong><\/h3>\n<p>Installe toi confortablement, profite de ses ar\u00f4mes acidul\u00e9s et laisse toi porter par la vague tropicale OH MAX \ud83c\udf34\u2728<\/p>\n<\/div>\n<div dir=\"ltr\">\n<p>&nbsp;<\/p>\n<p>&nbsp;<\/p>\n<\/div>\n<div dir=\"ltr\">\n<h3 class=\"x_p3\" data-ogsc=\"rgb(0, 0, 0)\"><strong><span class=\"x_s2\" data-ogsc=\"\">Disponible d\u00e8s maintenant chez\u00a0<\/span><span class=\"x_s3\" data-ogsc=\"\">CBD OH MAX<\/span><span class=\"x_s2\" data-ogsc=\"\">\u00a0\ud83c\udf3f\ud83d\udc9a<\/span><\/strong><\/h3>\n<p>&nbsp;<\/p>\n<p>&nbsp;<\/p>\n<p>Les adeptes du bien-\u00eatre naturel trouveront dans cette fleur CBD une source fiable de relaxation sans les effets psychoactifs associ\u00e9s au THC.<\/p>\n<p>&nbsp;<\/p>\n<p>De plus, sa culture biologique assure une conformit\u00e9 totale avec les normes europ\u00e9ennes strictes, renfor\u00e7ant la confiance des consommateurs en qu\u00eate de produits purs et efficaces.<\/p>\n<p>Pour ceux qui cherchent \u00e0 explorer les options de CBD de haute qualit\u00e9, cette vari\u00e9t\u00e9\u00a0se pr\u00e9sente comme une solution incontournable.<\/p>\n<\/div>\n<div dir=\"ltr\"><\/div>\n<p><a href=\"https:\/\/www.facebook.com\/profile.php?id=61579757663366\" target=\"_blank\" rel=\"noopener\">CBD OH MAX<\/a>\u00a0vous propose plusieurs m\u00e9thodes de consommations pour les fleurs et r\u00e9sines de CBD.<\/p>\n<p>Rappel : Les fleurs et r\u00e9sines ne doivent en aucun cas \u00eatre fum\u00e9es. Risque important des pertes de terp\u00e8nes ainsi qu\u2019une perte de qualit\u00e9 du produit par cette effet de combustion (exemple : flamme d\u2019un briquet)<\/p>\n<p>Vous pourrez donc choisir entre les diff\u00e9rents modes de consommation cit\u00e9s ci-dessous.<\/p>\n<p>&nbsp;<\/p>\n<p><a href=\"https:\/\/www.cbdohmax.fr\/?product_cat=thes-infusions-cbd\"><strong>En infusion :<\/strong><\/a><\/p>\n<p>Pour cela rien de plus simple !<br \/>\nIl vous suffit de vous pr\u00e9parer de l\u2019eau chaude, comme une tisane classique et y ajouter les fleurs de CBD (infus\u00e9 4 \u00e0 7 minutes) puis rajouter un corps gras comme du lait, de la cr\u00e8me, du beurre ou m\u00eame de l\u2019huile v\u00e9g\u00e9tale.<\/p>\n<p>En effet, n\u2019oublions pas que le CBD est une mol\u00e9cule lipophile et a de ce fait besoin d\u2019un corps gras pour lib\u00e9rer tous ses bienfaits.<\/p>\n<p>L\u2019effet ressenti est : sur la dur\u00e9e.<\/p>\n<p>&nbsp;<\/p>\n<p><a href=\"https:\/\/www.cbdohmax.fr\/?product_cat=vape-cbd\"><strong>En vaporisation :<\/strong><\/a><\/p>\n<p>Si vous n\u2019\u00eates pas un adepte des infusions aux CBD, il existe une autre m\u00e9thode, la vaporisation.<\/p>\n<p>Une autre solution pour b\u00e9n\u00e9ficier plus rapidement des effets de vos fleurs ou r\u00e9sines .<\/p>\n<p>Gr\u00e2ce \u00e0 ce vaporisateur, vous ne perdez pas de terp\u00e8nes ni la qualit\u00e9 des ar\u00f4mes.<\/p>\n<p>Un go\u00fbt exceptionnel.<\/p>\n<p>C\u00f4t\u00e9 effets, la vaporisation permet de r\u00e9v\u00e9ler beaucoup plus rapidement (voire instantan\u00e9ment) les bienfaits des diff\u00e9rents cannabino\u00efdes composants les fleurs ou r\u00e9sines.<\/p>\n<p>Il vous est conseill\u00e9 de r\u00e9gler votre vaporisateur \u00e0 180\u00b0C pour une fleur et jusqu\u2019\u00e0 210\u00b0C pour une r\u00e9sine.<\/p>\n<p>&nbsp;<\/p>\n<p>&nbsp;<\/p>\n<p><em>Des prix variables et d\u00e9gressifs \ud83d\udc4d<\/em><\/p>\n<p>&nbsp;<\/p>\n<p>Toutes les fleurs sont issues d\u2019une agriculture naturelle et respectent les normes en vigueur des pays membres de l\u2019Union Europ\u00e9enne. THC&lt;0,3%<\/p>\n<p>&nbsp;<\/p>\n<p><strong>Stockage Appropri\u00e9<\/strong><\/p>\n<p>Pour pr\u00e9server la fra\u00eecheur et la qualit\u00e9 de la fleur de CBD, conservez l\u00e0 dans un endroit frais, sombre et sec, de pr\u00e9f\u00e9rence dans un r\u00e9cipient herm\u00e9tique. \u00c9vitez l&#8217;exposition \u00e0 la lumi\u00e8re directe du soleil et \u00e0 l&#8217;humidit\u00e9 excessive.<\/p>\n","protected":false},"excerpt":{"rendered":"<div dir=\"ltr\">\n<h2><strong>\ud83c\udf3f<\/strong><strong>\ud83c\udf4b Tropical Lemon <\/strong><strong style=\"font-size: 2rem;\">\u2013 Hydroponique<\/strong><\/h2>\n<h3><strong>50 % 10 OH MAX \ud83d\udc8e \u2013 THC &lt; 0,3 % \ud83d\udeab<\/strong><\/h3>\n<p>&nbsp;<\/p>\n<p><strong>Go\u00fbt &amp; <span class=\"x_s2\" data-ogsc=\"\">parfum\u00a0<\/span><span class=\"x_s3\" data-ogsc=\"\">citron et exotique <\/span><span class=\"x_s2\" data-ogsc=\"\">\ud83c\udf4a\ud83c\udf6a<\/span><\/strong><\/p>\n<p>Effets :<span class=\"x_s2\" data-ogsc=\"\"> Relaxants, apaisants et <strong>e<\/strong><\/span><span class=\"x_s2\" data-ogsc=\"\"><strong>ffets puissants &amp; directs \u26a1\ufe0f<\/strong><\/span><\/p>\n<p>100 % l\u00e9gal \ud83c\uddea\ud83c\uddfa \u2013 <strong>Qualit\u00e9 premium sign\u00e9e CBD OH MAX \u2705<\/strong><\/p>\n<p>&nbsp;<\/p>\n<\/div>\n<p><span data-olk-copy-source=\"MessageBody\">La <strong>Tropical Lemon<\/strong> d\u00e9barque chez <a href=\"https:\/\/www.facebook.com\/profile.php?id=61579757663366\">CBD OH MAX<\/a>, une fleur au profil citronn\u00e9 explosif et \u00e0 la fra\u00eecheur tropicale incomparable. <\/span><\/p>\n<p><span data-olk-copy-source=\"MessageBody\">Pr\u00e9par\u00e9e avec soin en <a href=\"https:\/\/www.cbdohmax.fr\/?product_cat=fleurs-hydro\">culture hydroponique<\/a>, elle offre une qualit\u00e9 constante, une apparence impeccable et une puissance parfaitement \u00e9quilibr\u00e9e.<\/span><\/p>\n","protected":false},"featured_media":0,"comment_status":"open","ping_status":"closed","template":"","meta":{"om_disable_all_campaigns":false,"_monsterinsights_skip_tracking":false,"_monsterinsights_sitenote_active":false,"_monsterinsights_sitenote_note":"","_monsterinsights_sitenote_category":0},"product_brand":[],"product_cat":[145,162,166],"product_tag":[],"class_list":{"0":"post-6432","1":"product","2":"type-product","3":"status-publish","5":"product_cat-10-oh-max","6":"product_cat-10-oh-max-ita","7":"product_cat-booste-par-5","9":"first","10":"instock","11":"shipping-taxable","12":"purchasable","13":"product-type-variable","14":"has-default-attributes","15":"add-to-wishlist-before_add_to_cart"},"_links":{"self":[{"href":"https:\/\/www.cbdohmax.fr\/index.php?rest_route=\/wp\/v2\/product\/6432","targetHints":{"allow":["GET"]}}],"collection":[{"href":"https:\/\/www.cbdohmax.fr\/index.php?rest_route=\/wp\/v2\/product"}],"about":[{"href":"https:\/\/www.cbdohmax.fr\/index.php?rest_route=\/wp\/v2\/types\/product"}],"replies":[{"embeddable":true,"href":"https:\/\/www.cbdohmax.fr\/index.php?rest_route=%2Fwp%2Fv2%2Fcomments&post=6432"}],"wp:attachment":[{"href":"https:\/\/www.cbdohmax.fr\/index.php?rest_route=%2Fwp%2Fv2%2Fmedia&parent=6432"}],"wp:term":[{"taxonomy":"product_brand","embeddable":true,"href":"https:\/\/www.cbdohmax.fr\/index.php?rest_route=%2Fwp%2Fv2%2Fproduct_brand&post=6432"},{"taxonomy":"product_cat","embeddable":true,"href":"https:\/\/www.cbdohmax.fr\/index.php?rest_route=%2Fwp%2Fv2%2Fproduct_cat&post=6432"},{"taxonomy":"product_tag","embeddable":true,"href":"https:\/\/www.cbdohmax.fr\/index.php?rest_route=%2Fwp%2Fv2%2Fproduct_tag&post=6432"}],"curies":[{"name":"wp","href":"https:\/\/api.w.org\/{rel}","templated":true}]}}