{"id":6454,"date":"2025-10-30T12:37:30","date_gmt":"2025-10-30T11:37:30","guid":{"rendered":"https:\/\/www.cbdohmax.fr\/?post_type=product&#038;p=6454"},"modified":"2026-02-03T18:05:41","modified_gmt":"2026-02-03T17:05:41","slug":"cali-banana-hydro","status":"publish","type":"product","link":"https:\/\/www.cbdohmax.fr\/?product=cali-banana-hydro","title":{"rendered":"CALI BANANA HYDRO"},"content":{"rendered":"<div dir=\"ltr\">\n<h4 class=\"x_p1\" data-ogsc=\"rgb(0, 0, 0)\"><strong><span class=\"x_s2\" data-ogsc=\"\" data-olk-copy-source=\"MessageBody\">\ud83c\udf4c<\/span><span class=\"x_s1\" data-ogsc=\"\">\u00a0Profil aromatique<\/span><\/strong><\/h4>\n<p class=\"x_p1\" data-ogsc=\"rgb(0, 0, 0)\"><span class=\"x_s2\" data-ogsc=\"\">\u2022 <\/span><span class=\"x_s1\" data-ogsc=\"\">Go\u00fbt dominant :<\/span><span class=\"x_s2\" data-ogsc=\"\">\u00a0Banane m\u00fbre et cr\u00e9meuse<\/span><\/p>\n<p class=\"x_p1\" data-ogsc=\"rgb(0, 0, 0)\"><span class=\"x_s2\" data-ogsc=\"\">\u2022 <\/span><span class=\"x_s1\" data-ogsc=\"\">Notes secondaires :<\/span><span class=\"x_s2\" data-ogsc=\"\">\u00a0Tropicales, miel, caramel doux<\/span><\/p>\n<p class=\"x_p1\" data-ogsc=\"rgb(0, 0, 0)\"><span class=\"x_s2\" data-ogsc=\"\">\u2022 <\/span><span class=\"x_s1\" data-ogsc=\"\">Arri\u00e8re-go\u00fbt :<\/span><span class=\"x_s2\" data-ogsc=\"\">\u00a0Fruit rond et l\u00e9g\u00e8rement terreux<\/span><\/p>\n<p class=\"x_p1\" data-ogsc=\"rgb(0, 0, 0)\"><span class=\"x_s2\" data-ogsc=\"\">Une fleur au go\u00fbt\u00a0<\/span><span class=\"x_s1\" data-ogsc=\"\">sucr\u00e9, onctueux et fondant<\/span><span class=\"x_s2\" data-ogsc=\"\">, id\u00e9ale pour les amateurs de saveurs gourmandes.<\/span><\/p>\n<p>&nbsp;<\/p>\n<p>&nbsp;<\/p>\n<p>&nbsp;<\/p>\n<h4 class=\"x_p1\" data-ogsc=\"rgb(0, 0, 0)\"><strong><span class=\"x_s2\" data-ogsc=\"\">\u2697\ufe0f<\/span><span class=\"x_s1\" data-ogsc=\"\">\u00a0Origine &amp; culture<\/span><\/strong><\/h4>\n<p class=\"x_p1\" data-ogsc=\"rgb(0, 0, 0)\"><span class=\"x_s2\" data-ogsc=\"\">\u2022 <\/span><span class=\"x_s1\" data-ogsc=\"\">Origine g\u00e9n\u00e9tique :<\/span><span class=\"x_s2\" data-ogsc=\"\">\u00a0Banana Kush CBD \u00d7 Banana Smash CBD<\/span><\/p>\n<p class=\"x_p1\" data-ogsc=\"rgb(0, 0, 0)\"><span class=\"x_s2\" data-ogsc=\"\">\u2022 <\/span><span class=\"x_s1\" data-ogsc=\"\">Culture :<\/span><span class=\"x_s2\" data-ogsc=\"\">\u00a0<\/span><span class=\"x_s1\" data-ogsc=\"\">Hydroponique<\/span><span class=\"x_s2\" data-ogsc=\"\">\u00a0(sans sol, en solution nutritive contr\u00f4l\u00e9e)<\/span><\/p>\n<p class=\"x_p1\" data-ogsc=\"rgb(0, 0, 0)\"><span class=\"x_s2\" data-ogsc=\"\">\u2022 <\/span><span class=\"x_s1\" data-ogsc=\"\">Origine :<\/span><span class=\"x_s2\" data-ogsc=\"\">\u00a0Italie<\/span><\/p>\n<p class=\"x_p1\" data-ogsc=\"rgb(0, 0, 0)\"><span class=\"x_s2\" data-ogsc=\"\">\u2022 <\/span><span class=\"x_s1\" data-ogsc=\"\">G\u00e9n\u00e9tiques dominantes :<\/span><span class=\"x_s2\" data-ogsc=\"\">\u00a060 % indica \/ 40 % sativa<\/span><\/p>\n<p data-ogsc=\"rgb(0, 0, 0)\"><span class=\"x_s2\" data-ogsc=\"\">\u2022 25% CBD<\/span><\/p>\n<p>&nbsp;<\/p>\n<p>&nbsp;<\/p>\n<p>&nbsp;<\/p>\n<h4 class=\"x_p1\" data-ogsc=\"rgb(0, 0, 0)\"><strong><span class=\"x_s2\" data-ogsc=\"\">\ud83c\udf31<\/span><span class=\"x_s1\" data-ogsc=\"\"> Avantages de la culture hydroponique\u00a0<\/span><\/strong><\/h4>\n<p class=\"x_p1\" data-ogsc=\"rgb(0, 0, 0)\"><span class=\"x_s2\" data-ogsc=\"\">\u2022 Meilleur\u00a0<\/span><span class=\"x_s1\" data-ogsc=\"\">contr\u00f4le des nutriments et de l\u2019humidit\u00e9<\/span><\/p>\n<p class=\"x_p1\" data-ogsc=\"rgb(0, 0, 0)\"><span class=\"x_s2\" data-ogsc=\"\">\u2022 <\/span><span class=\"x_s1\" data-ogsc=\"\">Croissance plus rapide<\/span><span class=\"x_s2\" data-ogsc=\"\">\u00a0et production r\u00e9guli\u00e8re<\/span><\/p>\n<p class=\"x_p1\" data-ogsc=\"rgb(0, 0, 0)\"><span class=\"x_s2\" data-ogsc=\"\">\u2022 <\/span><span class=\"x_s1\" data-ogsc=\"\">Saveurs plus pures et concentr\u00e9es<\/span><span class=\"x_s2\" data-ogsc=\"\">\u00a0gr\u00e2ce \u00e0 un environnement optimis\u00e9 (24% CBD)<\/span><\/p>\n<p>&nbsp;<\/p>\n<p>&nbsp;<\/p>\n<p>&nbsp;<\/p>\n<h4 class=\"x_p1\" data-ogsc=\"rgb(0, 0, 0)\"><strong><span class=\"x_s2\" data-ogsc=\"\">\ud83d\udc8e<\/span><span class=\"x_s1\" data-ogsc=\"\">\u00a0Aspect visuel<\/span><\/strong><\/h4>\n<p class=\"x_p1\" data-ogsc=\"rgb(0, 0, 0)\"><span class=\"x_s2\" data-ogsc=\"\">\u2022 <\/span><span class=\"x_s1\" data-ogsc=\"\">Buds compacts, denses et r\u00e9sineux<\/span><span class=\"x_s2\" data-ogsc=\"\">, gorg\u00e9s de trichomes.<\/span><\/p>\n<p class=\"x_p1\" data-ogsc=\"rgb(0, 0, 0)\"><span class=\"x_s2\" data-ogsc=\"\">\u2022 Couleur\u00a0<\/span><span class=\"x_s1\" data-ogsc=\"\">vert clair<\/span><span class=\"x_s2\" data-ogsc=\"\">\u00a0avec des\u00a0<\/span><span class=\"x_s1\" data-ogsc=\"\">reflets dor\u00e9s<\/span><span class=\"x_s2\" data-ogsc=\"\">\u00a0et\u00a0<\/span><span class=\"x_s1\" data-ogsc=\"\">pistils orang\u00e9s<\/span><span class=\"x_s2\" data-ogsc=\"\">.<\/span><\/p>\n<p class=\"x_p1\" data-ogsc=\"rgb(0, 0, 0)\"><span class=\"x_s2\" data-ogsc=\"\">\u2022 Texture\u00a0<\/span><span class=\"x_s1\" data-ogsc=\"\">collante et fra\u00eeche<\/span><span class=\"x_s2\" data-ogsc=\"\">, caract\u00e9ristique d\u2019une culture hydroponique de qualit\u00e9.<\/span><\/p>\n<p>&nbsp;<\/p>\n<p>&nbsp;<\/p>\n<p>&nbsp;<\/p>\n<h4 class=\"x_p1\" data-ogsc=\"rgb(0, 0, 0)\"><strong><span class=\"x_s2\" data-ogsc=\"\">\ud83d\ude0c<\/span><span class=\"x_s1\" data-ogsc=\"\">\u00a0Effets ressentis<\/span><\/strong><\/h4>\n<p class=\"x_p1\" data-ogsc=\"rgb(0, 0, 0)\"><span class=\"x_s2\" data-ogsc=\"\">La\u00a0<\/span><span class=\"x_s1\" data-ogsc=\"\">Cali Banana CBD<\/span><span class=\"x_s2\" data-ogsc=\"\">\u00a0procure une\u00a0<\/span><span class=\"x_s1\" data-ogsc=\"\">d\u00e9tente corporelle profonde<\/span><span class=\"x_s2\" data-ogsc=\"\">\u00a0tout en maintenant un esprit clair et positif.<\/span><\/p>\n<p class=\"x_p1\" data-ogsc=\"rgb(0, 0, 0)\"><span class=\"x_s2\" data-ogsc=\"\">Id\u00e9ale pour :<\/span><\/p>\n<p class=\"x_p1\" data-ogsc=\"rgb(0, 0, 0)\"><span class=\"x_s2\" data-ogsc=\"\">\u2022 <\/span><span class=\"x_s1\" data-ogsc=\"\">Se relaxer apr\u00e8s une longue journ\u00e9e<\/span><span class=\"x_s2\" data-ogsc=\"\">,<\/span><\/p>\n<p class=\"x_p1\" data-ogsc=\"rgb(0, 0, 0)\"><span class=\"x_s2\" data-ogsc=\"\">\u2022 <\/span><span class=\"x_s1\" data-ogsc=\"\">Apaiser le stress<\/span><span class=\"x_s2\" data-ogsc=\"\">\u00a0sans somnolence,<\/span><\/p>\n<p class=\"x_p1\" data-ogsc=\"rgb(0, 0, 0)\"><span class=\"x_s2\" data-ogsc=\"\">\u2022 Ou simplement profiter d\u2019un\u00a0<\/span><span class=\"x_s1\" data-ogsc=\"\">moment sucr\u00e9 et fruit\u00e9<\/span><span class=\"x_s2\" data-ogsc=\"\">.<\/span><\/p>\n<p class=\"x_p1\" data-ogsc=\"rgb(0, 0, 0)\"><span class=\"x_s2\" data-ogsc=\"\">Une sensation douce, \u00e9quilibr\u00e9e et durable \u2013 parfaite pour le soir ou les moments chill.<\/span><\/p>\n<p>&nbsp;<\/p>\n<p>&nbsp;<\/p>\n<p>&nbsp;<\/p>\n<h4 class=\"x_p1\" data-ogsc=\"rgb(0, 0, 0)\"><strong><span class=\"x_s2\" data-ogsc=\"\">\u26a0\ufe0f<\/span><span class=\"x_s1\" data-ogsc=\"\">\u00a0Mentions l\u00e9gales<\/span><\/strong><\/h4>\n<p class=\"x_p1\" data-ogsc=\"rgb(0, 0, 0)\"><span class=\"x_s2\" data-ogsc=\"\">\u2022 Produit l\u00e9gal en Europe (&lt; 0,3 % THC)<\/span><\/p>\n<p class=\"x_p1\" data-ogsc=\"rgb(0, 0, 0)\"><span class=\"x_s2\" data-ogsc=\"\">\u2022 Interdit \u00e0 la vente aux mineurs<\/span><\/p>\n<p class=\"x_p1\" data-ogsc=\"rgb(0, 0, 0)\"><span class=\"x_s2\" data-ogsc=\"\">\u2022 Tenir hors de port\u00e9e des enfants et des femmes enceintes <\/span><span style=\"color: #777777; font-family: 'Open Sans', Helvetica, Arial, sans-serif; font-size: 13px;\">ou allaitante.<\/span><\/p>\n<\/div>\n<div dir=\"ltr\">\n<p>&nbsp;<\/p>\n<p>Les adeptes du bien-\u00eatre naturel trouveront dans cette fleur CBD une source fiable de relaxation sans les effets psychoactifs associ\u00e9s au THC.<\/p>\n<p>&nbsp;<\/p>\n<p>De plus, sa culture biologique assure une conformit\u00e9 totale avec les normes europ\u00e9ennes strictes, renfor\u00e7ant la confiance des consommateurs en qu\u00eate de produits purs et efficaces.<\/p>\n<p>Pour ceux qui cherchent \u00e0 explorer les options de CBD de haute qualit\u00e9, la vari\u00e9t\u00e9 Cali Critical Haze hydro se pr\u00e9sente comme une solution incontournable.<\/p>\n<\/div>\n<div dir=\"ltr\"><\/div>\n<p><a href=\"https:\/\/www.facebook.com\/profile.php?id=61579757663366\" target=\"_blank\" rel=\"noopener\">CBD OH MAX<\/a>\u00a0vous propose plusieurs m\u00e9thodes de consommations pour les fleurs et r\u00e9sines de CBD.<\/p>\n<p>Rappel : Les fleurs et r\u00e9sines ne doivent en aucun cas \u00eatre fum\u00e9es. Risque important des pertes de terp\u00e8nes ainsi qu\u2019une perte de qualit\u00e9 du produit par cette effet de combustion (exemple : flamme d\u2019un briquet)<\/p>\n<p>Vous pourrez donc choisir entre les diff\u00e9rents modes de consommation cit\u00e9s ci-dessous.<\/p>\n<p>&nbsp;<\/p>\n<p><a href=\"https:\/\/www.cbdohmax.fr\/?product_cat=thes-infusions-cbd\"><strong>En infusion :<\/strong><\/a><\/p>\n<p>Pour cela rien de plus simple !<br \/>\nIl vous suffit de vous pr\u00e9parer de l\u2019eau chaude, comme une tisane classique et y ajouter les fleurs de CBD (infus\u00e9 4 \u00e0 7 minutes) puis rajouter un corps gras comme du lait, de la cr\u00e8me, du beurre ou m\u00eame de l\u2019huile v\u00e9g\u00e9tale.<\/p>\n<p>En effet, n\u2019oublions pas que le CBD est une mol\u00e9cule lipophile et a de ce fait besoin d\u2019un corps gras pour lib\u00e9rer tous ses bienfaits.<\/p>\n<p>L\u2019effet ressenti est : sur la dur\u00e9e.<\/p>\n<p>&nbsp;<\/p>\n<p><a href=\"https:\/\/www.cbdohmax.fr\/?product_cat=vape-cbd\"><strong>En vaporisation :<\/strong><\/a><\/p>\n<p>Si vous n\u2019\u00eates pas un adepte des infusions aux CBD, il existe une autre m\u00e9thode, la vaporisation.<\/p>\n<p>Une autre solution pour b\u00e9n\u00e9ficier plus rapidement des effets de vos fleurs ou r\u00e9sines .<\/p>\n<p>Gr\u00e2ce \u00e0 ce vaporisateur, vous ne perdez pas de terp\u00e8nes ni la qualit\u00e9 des ar\u00f4mes.<\/p>\n<p>Un go\u00fbt exceptionnel.<\/p>\n<p>C\u00f4t\u00e9 effets, la vaporisation permet de r\u00e9v\u00e9ler beaucoup plus rapidement (voire instantan\u00e9ment) les bienfaits des diff\u00e9rents cannabino\u00efdes composants les fleurs ou r\u00e9sines.<\/p>\n<p>Il vous est conseill\u00e9 de r\u00e9gler votre vaporisateur \u00e0 180\u00b0C pour une fleur et jusqu\u2019\u00e0 210\u00b0C pour une r\u00e9sine.<\/p>\n<p>&nbsp;<\/p>\n<p>&nbsp;<\/p>\n<p><em>Des prix variables et d\u00e9gressifs \ud83d\udc4d<\/em><\/p>\n<p>&nbsp;<\/p>\n<p>Toutes les fleurs sont issues d\u2019une agriculture naturelle et respectent les normes en vigueur des pays membres de l\u2019Union Europ\u00e9enne. THC&lt;0,3%<\/p>\n<p>&nbsp;<\/p>\n<p><strong>Stockage Appropri\u00e9<\/strong><\/p>\n<p>Pour pr\u00e9server la fra\u00eecheur et la qualit\u00e9 de la fleur de CBD, conservez l\u00e0 dans un endroit frais, sombre et sec, de pr\u00e9f\u00e9rence dans un r\u00e9cipient herm\u00e9tique. \u00c9vitez l&#8217;exposition \u00e0 la lumi\u00e8re directe du soleil et \u00e0 l&#8217;humidit\u00e9 excessive.<\/p>\n","protected":false},"excerpt":{"rendered":"<div dir=\"ltr\">\n<h3 class=\"x_p1\" data-ogsc=\"rgb(0, 0, 0)\"><strong><span class=\"x_s1\" data-ogsc=\"\" data-olk-copy-source=\"MessageBody\">CALI BANANA \u2013 FLEUR CBD HYDROPONIQUE PREMIUM<\/span><\/strong><\/h3>\n<h3 class=\"x_p1\" data-ogsc=\"rgb(0, 0, 0)\"><strong><span class=\"x_s2\" data-ogsc=\"\">\ud83c\udf3f<\/span><span class=\"x_s1\" data-ogsc=\"\">\u00a0Description<\/span><\/strong><\/h3>\n<p class=\"x_p1\" data-ogsc=\"rgb(0, 0, 0)\"><span class=\"x_s2\" data-ogsc=\"\">La<strong>\u00a0<\/strong><\/span><strong><span class=\"x_s1\" data-ogsc=\"\">Cali Banana<\/span><\/strong><span class=\"x_s2\" data-ogsc=\"\">\u00a0est une fleur\u00a0<\/span><span class=\"x_s1\" data-ogsc=\"\">CBD haut de gamme<\/span><span class=\"x_s2\" data-ogsc=\"\">, cultiv\u00e9e en \u00a0<a href=\"https:\/\/www.cbdohmax.fr\/?product_cat=fleurs-hydro\"><strong><span class=\"x_s1\" data-ogsc=\"\">hydroponie<\/span><\/strong><\/a><\/span><span class=\"x_s2\" data-ogsc=\"\">, qui marie le <strong>go\u00fbt sucr\u00e9 et cr\u00e9meux de la banane m\u00fbre \u00e0 des notes tropicales d\u00e9licates<\/strong>.<\/span><\/p>\n<p class=\"x_p1\" data-ogsc=\"rgb(0, 0, 0)\"><span class=\"x_s2\" data-ogsc=\"\">Inspir\u00e9e des vari\u00e9t\u00e9s californiennes embl\u00e9matiques, elle incarne la d\u00e9tente, la douceur et la qualit\u00e9.<\/span><\/p>\n<p class=\"x_p1\" data-ogsc=\"rgb(0, 0, 0)\"><span class=\"x_s2\" data-ogsc=\"\">Issue d\u2019un\u00a0<\/span><span class=\"x_s1\" data-ogsc=\"\">croisement entre la <strong>Banana Kush CBD et la Banana Smash CBD<\/strong><\/span><span class=\"x_s2\" data-ogsc=\"\">, elle offre une exp\u00e9rience aromatique riche et parfaitement \u00e9quilibr\u00e9e, sans effet psychotrope.<\/span><\/p>\n<\/div>\n","protected":false},"featured_media":0,"comment_status":"open","ping_status":"closed","template":"","meta":{"om_disable_all_campaigns":false,"_monsterinsights_skip_tracking":false,"_monsterinsights_sitenote_active":false,"_monsterinsights_sitenote_note":"","_monsterinsights_sitenote_category":0},"product_brand":[],"product_cat":[128,135,17,112,134,163],"product_tag":[],"class_list":{"0":"post-6454","1":"product","2":"type-product","3":"status-publish","5":"product_cat-cbd","6":"product_cat-cali","7":"product_cat-fleurs-cbd","8":"product_cat-fleurs-hydro","9":"product_cat-promos","10":"product_cat-special-noel-oh-max","12":"first","13":"instock","14":"sale","15":"shipping-taxable","16":"purchasable","17":"product-type-variable","18":"has-default-attributes","19":"add-to-wishlist-before_add_to_cart"},"_links":{"self":[{"href":"https:\/\/www.cbdohmax.fr\/index.php?rest_route=\/wp\/v2\/product\/6454","targetHints":{"allow":["GET"]}}],"collection":[{"href":"https:\/\/www.cbdohmax.fr\/index.php?rest_route=\/wp\/v2\/product"}],"about":[{"href":"https:\/\/www.cbdohmax.fr\/index.php?rest_route=\/wp\/v2\/types\/product"}],"replies":[{"embeddable":true,"href":"https:\/\/www.cbdohmax.fr\/index.php?rest_route=%2Fwp%2Fv2%2Fcomments&post=6454"}],"wp:attachment":[{"href":"https:\/\/www.cbdohmax.fr\/index.php?rest_route=%2Fwp%2Fv2%2Fmedia&parent=6454"}],"wp:term":[{"taxonomy":"product_brand","embeddable":true,"href":"https:\/\/www.cbdohmax.fr\/index.php?rest_route=%2Fwp%2Fv2%2Fproduct_brand&post=6454"},{"taxonomy":"product_cat","embeddable":true,"href":"https:\/\/www.cbdohmax.fr\/index.php?rest_route=%2Fwp%2Fv2%2Fproduct_cat&post=6454"},{"taxonomy":"product_tag","embeddable":true,"href":"https:\/\/www.cbdohmax.fr\/index.php?rest_route=%2Fwp%2Fv2%2Fproduct_tag&post=6454"}],"curies":[{"name":"wp","href":"https:\/\/api.w.org\/{rel}","templated":true}]}}