{"id":6766,"date":"2026-01-22T18:21:48","date_gmt":"2026-01-22T17:21:48","guid":{"rendered":"https:\/\/www.cbdohmax.fr\/?post_type=product&#038;p=6766"},"modified":"2026-01-22T22:21:25","modified_gmt":"2026-01-22T21:21:25","slug":"cali-cookie-30-10-oh-max","status":"publish","type":"product","link":"https:\/\/www.cbdohmax.fr\/?product=cali-cookie-30-10-oh-max","title":{"rendered":"CALI COOKIE 30% 10 OH MAX"},"content":{"rendered":"<div dir=\"ltr\">\n<h3 id=\"x_AppleMailSignature\" dir=\"ltr\" data-olk-copy-source=\"MessageBody\"><strong>\ud83c\udf31 Origine &amp; g\u00e9n\u00e9tique<\/strong><\/h3>\n<div id=\"x_AppleMailSignature\" dir=\"ltr\">La Cali Cookie est une vari\u00e9t\u00e9 embl\u00e9matique californienne \ud83c\uddfa\ud83c\uddf8, issue du croisement de Girl Scout Cookies (GSC) et autres Kush l\u00e9gendaires.<\/div>\n<div id=\"x_AppleMailSignature\" dir=\"ltr\">Elle est r\u00e9put\u00e9e pour son profil riche, gourmand et puissant, tr\u00e8s appr\u00e9ci\u00e9 des consommateurs de fleurs \u00e0 forte identit\u00e9 aromatique.<\/div>\n<div id=\"x_AppleMailSignature\" dir=\"ltr\"><\/div>\n<div id=\"x_AppleMailSignature\" dir=\"ltr\"><\/div>\n<h3 id=\"x_AppleMailSignature\" dir=\"ltr\"><strong>\ud83d\udc43 Profil aromatique<\/strong><\/h3>\n<div id=\"x_AppleMailSignature\" dir=\"ltr\">La Cali Cookie d\u00e9veloppe des ar\u00f4mes tr\u00e8s gourmands, avec :<\/div>\n<div id=\"x_AppleMailSignature\" dir=\"ltr\">&#8211; des notes sucr\u00e9es et vanill\u00e9es<\/div>\n<div id=\"x_AppleMailSignature\" dir=\"ltr\">&#8211; une touche cr\u00e9meuse et biscuit\u00e9e<\/div>\n<div id=\"x_AppleMailSignature\" dir=\"ltr\">&#8211; une l\u00e9g\u00e8re nuance terreuse et \u00e9pic\u00e9e<\/div>\n<div id=\"x_AppleMailSignature\" dir=\"ltr\"><\/div>\n<div id=\"x_AppleMailSignature\" dir=\"ltr\">Un parfum authentique et enveloppant, qui s\u00e9duit imm\u00e9diatement les amateurs de vari\u00e9t\u00e9s sucr\u00e9es.<\/div>\n<div id=\"x_AppleMailSignature\" dir=\"ltr\"><\/div>\n<div id=\"x_AppleMailSignature\" dir=\"ltr\"><\/div>\n<h3 id=\"x_AppleMailSignature\" dir=\"ltr\"><strong>\ud83d\udc41\ufe0f Aspect visuel<\/strong><\/h3>\n<div id=\"x_AppleMailSignature\" dir=\"ltr\">Les fleurs sont :<\/div>\n<div id=\"x_AppleMailSignature\" dir=\"ltr\">&#8211; denses et compactes<\/div>\n<div id=\"x_AppleMailSignature\" dir=\"ltr\">&#8211; de couleur vert moyen \u00e0 fonc\u00e9, parfois avec des reflets violac\u00e9s<\/div>\n<div id=\"x_AppleMailSignature\" dir=\"ltr\">&#8211; recouvertes de r\u00e9sine brillante<\/div>\n<div id=\"x_AppleMailSignature\" dir=\"ltr\"><\/div>\n<div id=\"x_AppleMailSignature\" dir=\"ltr\">Un visuel premium qui refl\u00e8te la qualit\u00e9 et la concentration du produit.<\/div>\n<div id=\"x_AppleMailSignature\" dir=\"ltr\"><\/div>\n<div id=\"x_AppleMailSignature\" dir=\"ltr\"><\/div>\n<h3 id=\"x_AppleMailSignature\" dir=\"ltr\"><strong>\ud83d\udcad Effets ressentis<\/strong><\/h3>\n<div id=\"x_AppleMailSignature\" dir=\"ltr\">La Cali Cookie est connue pour produire :<\/div>\n<div id=\"x_AppleMailSignature\" dir=\"ltr\">&#8211; une relaxation profonde<\/div>\n<div id=\"x_AppleMailSignature\" dir=\"ltr\">&#8211; un effet apaisant et enveloppant<\/div>\n<div id=\"x_AppleMailSignature\" dir=\"ltr\">&#8211; une sensation de bien-\u00eatre imm\u00e9diate, sans lourdeur excessive<\/div>\n<div id=\"x_AppleMailSignature\" dir=\"ltr\"><\/div>\n<div id=\"x_AppleMailSignature\" dir=\"ltr\">Avec la version 10 OH MAX boost\u00e9 x3, les effets sont plus rapides, puissants et durables, pour les connaisseurs \u00e0 la recherche de sensations intenses.<\/div>\n<div id=\"x_AppleMailSignature\" dir=\"ltr\"><\/div>\n<div id=\"x_AppleMailSignature\" dir=\"ltr\"><\/div>\n<h3 id=\"x_AppleMailSignature\" dir=\"ltr\"><strong>\ud83d\udd25 10 OH MAX \u2013 Boost\u00e9 par trois<\/strong><\/h3>\n<div id=\"x_AppleMailSignature\" dir=\"ltr\">Cette Cali Cookie 30% appartient \u00e0 la gamme 10 OH MAX, avec un boost x3, soit le niveau le plus puissant.<\/div>\n<div id=\"x_AppleMailSignature\" dir=\"ltr\"><\/div>\n<div id=\"x_AppleMailSignature\" dir=\"ltr\">\ud83d\udc49 Plus le boost est petit, plus l\u2019effet est puissant.<\/div>\n<div id=\"x_AppleMailSignature\" dir=\"ltr\"><\/div>\n<div id=\"x_AppleMailSignature\" dir=\"ltr\">&#8211; Destin\u00e9e aux consommateurs exp\u00e9riment\u00e9s<\/div>\n<div id=\"x_AppleMailSignature\" dir=\"ltr\">&#8211; Id\u00e9ale pour les anciens consommateurs de THC recherchant une alternative marqu\u00e9e<\/div>\n<div id=\"x_AppleMailSignature\" dir=\"ltr\">&#8211; Sensations intenses et profondes<\/div>\n<div id=\"x_AppleMailSignature\" dir=\"ltr\"><\/div>\n<div id=\"x_AppleMailSignature\" dir=\"ltr\">\ud83d\udeab Produit non adapt\u00e9 aux d\u00e9butants<\/div>\n<div id=\"x_AppleMailSignature\" dir=\"ltr\"><\/div>\n<div id=\"x_AppleMailSignature\" dir=\"ltr\"><\/div>\n<h3 id=\"x_AppleMailSignature\" dir=\"ltr\">\u00a0<strong>\u26a0\ufe0f Conseils &amp; avertissements<\/strong><\/h3>\n<div id=\"x_AppleMailSignature\" dir=\"ltr\">&#8211; Commencer avec 0,10 g maximum<\/div>\n<div id=\"x_AppleMailSignature\" dir=\"ltr\">&#8211; Laisser les effets se manifester avant toute nouvelle prise<\/div>\n<div id=\"x_AppleMailSignature\" dir=\"ltr\">&#8211; Produit tr\u00e8s puissant, \u00e0 consommer avec pr\u00e9caution<\/div>\n<div id=\"x_AppleMailSignature\" dir=\"ltr\"><\/div>\n<div id=\"x_AppleMailSignature\" dir=\"ltr\"><\/div>\n<div id=\"x_AppleMailSignature\" dir=\"ltr\"><\/div>\n<div id=\"x_AppleMailSignature\" dir=\"ltr\">\ud83d\udc9a CALI COOKIE 30% \u2013 La gourmandise californienne sublim\u00e9e par la puissance 10 OH MAX<\/div>\n<\/div>\n<div dir=\"ltr\">\n<p>&nbsp;<\/p>\n<p>&nbsp;<\/p>\n<\/div>\n<div dir=\"ltr\">\n<h3 class=\"x_p3\" data-ogsc=\"rgb(0, 0, 0)\"><strong><span class=\"x_s2\" data-ogsc=\"\">Disponible d\u00e8s maintenant chez\u00a0<\/span><span class=\"x_s3\" data-ogsc=\"\">CBD OH MAX<\/span><span class=\"x_s2\" data-ogsc=\"\">\u00a0\ud83c\udf3f\ud83d\udc9a<\/span><\/strong><\/h3>\n<p>&nbsp;<\/p>\n<p>&nbsp;<\/p>\n<p>Les adeptes du bien-\u00eatre naturel trouveront dans cette fleur CBD une source fiable de relaxation sans les effets psychoactifs associ\u00e9s au THC.<\/p>\n<p>&nbsp;<\/p>\n<p>De plus, sa culture biologique assure une conformit\u00e9 totale avec les normes europ\u00e9ennes strictes, renfor\u00e7ant la confiance des consommateurs en qu\u00eate de produits purs et efficaces.<\/p>\n<p>Pour ceux qui cherchent \u00e0 explorer les options de CBD de haute qualit\u00e9, cette vari\u00e9t\u00e9\u00a0se pr\u00e9sente comme une solution incontournable.<\/p>\n<\/div>\n<div dir=\"ltr\"><\/div>\n<p><a href=\"https:\/\/www.facebook.com\/profile.php?id=61579757663366\" target=\"_blank\" rel=\"noopener\">CBD OH MAX<\/a>\u00a0vous propose plusieurs m\u00e9thodes de consommations pour les fleurs et r\u00e9sines de CBD.<\/p>\n<p>Rappel : Les fleurs et r\u00e9sines ne doivent en aucun cas \u00eatre fum\u00e9es. Risque important des pertes de terp\u00e8nes ainsi qu\u2019une perte de qualit\u00e9 du produit par cette effet de combustion (exemple : flamme d\u2019un briquet)<\/p>\n<p>Vous pourrez donc choisir entre les diff\u00e9rents modes de consommation cit\u00e9s ci-dessous.<\/p>\n<p>&nbsp;<\/p>\n<p><a href=\"https:\/\/www.cbdohmax.fr\/?product_cat=thes-infusions-cbd\"><strong>En infusion :<\/strong><\/a><\/p>\n<p>Pour cela rien de plus simple !<br \/>\nIl vous suffit de vous pr\u00e9parer de l\u2019eau chaude, comme une tisane classique et y ajouter les fleurs de CBD (infus\u00e9 4 \u00e0 7 minutes) puis rajouter un corps gras comme du lait, de la cr\u00e8me, du beurre ou m\u00eame de l\u2019huile v\u00e9g\u00e9tale.<\/p>\n<p>En effet, n\u2019oublions pas que le CBD est une mol\u00e9cule lipophile et a de ce fait besoin d\u2019un corps gras pour lib\u00e9rer tous ses bienfaits.<\/p>\n<p>L\u2019effet ressenti est : sur la dur\u00e9e.<\/p>\n<p>&nbsp;<\/p>\n<p><a href=\"https:\/\/www.cbdohmax.fr\/?product_cat=vape-cbd\"><strong>En vaporisation :<\/strong><\/a><\/p>\n<p>Si vous n\u2019\u00eates pas un adepte des infusions aux CBD, il existe une autre m\u00e9thode, la vaporisation.<\/p>\n<p>Une autre solution pour b\u00e9n\u00e9ficier plus rapidement des effets de vos fleurs ou r\u00e9sines .<\/p>\n<p>Gr\u00e2ce \u00e0 ce vaporisateur, vous ne perdez pas de terp\u00e8nes ni la qualit\u00e9 des ar\u00f4mes.<\/p>\n<p>Un go\u00fbt exceptionnel.<\/p>\n<p>C\u00f4t\u00e9 effets, la vaporisation permet de r\u00e9v\u00e9ler beaucoup plus rapidement (voire instantan\u00e9ment) les bienfaits des diff\u00e9rents cannabino\u00efdes composants les fleurs ou r\u00e9sines.<\/p>\n<p>Il vous est conseill\u00e9 de r\u00e9gler votre vaporisateur \u00e0 180\u00b0C pour une fleur et jusqu\u2019\u00e0 210\u00b0C pour une r\u00e9sine.<\/p>\n<p>&nbsp;<\/p>\n<p>&nbsp;<\/p>\n<p><em>Des prix variables et d\u00e9gressifs \ud83d\udc4d<\/em><\/p>\n<p>&nbsp;<\/p>\n<p>Toutes les fleurs sont issues d\u2019une agriculture naturelle et respectent les normes en vigueur des pays membres de l\u2019Union Europ\u00e9enne. THC&lt;0,3%<\/p>\n<p>&nbsp;<\/p>\n<p><strong>Stockage Appropri\u00e9<\/strong><\/p>\n<p>Pour pr\u00e9server la fra\u00eecheur et la qualit\u00e9 de la fleur de CBD, conservez l\u00e0 dans un endroit frais, sombre et sec, de pr\u00e9f\u00e9rence dans un r\u00e9cipient herm\u00e9tique. \u00c9vitez l&#8217;exposition \u00e0 la lumi\u00e8re directe du soleil et \u00e0 l&#8217;humidit\u00e9 excessive.<\/p>\n","protected":false},"excerpt":{"rendered":"<div dir=\"ltr\">\n<h2 dir=\"ltr\" data-olk-copy-source=\"MessageBody\">\ud83c\udf3f CALI COOKIE 30% \u2013 10 OH MAX (Boost\u00e9 x3)<\/h2>\n<div dir=\"ltr\">\n<div dir=\"ltr\"><\/div>\n<div id=\"x_AppleMailSignature\" dir=\"ltr\">La Cali Cookie 30% \u2013 10 OH MAX boost\u00e9 x3 est une vari\u00e9t\u00e9 gourmande et puissante, r\u00e9serv\u00e9e aux consommateurs avertis.<\/div>\n<div id=\"x_AppleMailSignature\" dir=\"ltr\">Avec ses ar\u00f4mes sucr\u00e9s et cr\u00e9meux de cookie, combin\u00e9s au boost x3, elle offre un effet profond et intense, bien au-dessus d\u2019un CBD classique.<\/div>\n<div id=\"x_AppleMailSignature\" dir=\"ltr\">\ud83d\udc49 Plus le boost est petit, plus l\u2019effet est puissant.<\/div>\n<div id=\"x_AppleMailSignature\" dir=\"ltr\"><\/div>\n<\/div>\n<\/div>\n<div dir=\"ltr\"><\/div>\n<div dir=\"ltr\"><\/div>\n<div dir=\"ltr\">\n<h3 id=\"x_AppleMailSignature\" dir=\"ltr\"><strong>\ud83d\udeab Ne convient pas aux d\u00e9butants \u00a0<\/strong><\/h3>\n<p>&nbsp;<\/p>\n<h3 id=\"x_AppleMailSignature\" dir=\"ltr\"><strong>\u26a0\ufe0f Dosage conseill\u00e9 : 0,10 g pour commencer<\/strong><\/h3>\n<\/div>\n<p>&nbsp;<\/p>\n<p><span data-olk-copy-source=\"MessageBody\">Pr\u00e9par\u00e9e avec soin en <a href=\"https:\/\/www.cbdohmax.fr\/?product_cat=fleurs-hydro\">culture hydroponique<\/a>, elle offre une qualit\u00e9 constante, une apparence impeccable et une puissance parfaitement \u00e9quilibr\u00e9e.<\/span><\/p>\n","protected":false},"featured_media":6789,"comment_status":"open","ping_status":"closed","template":"","meta":{"om_disable_all_campaigns":false,"_monsterinsights_skip_tracking":false,"_monsterinsights_sitenote_active":false,"_monsterinsights_sitenote_note":"","_monsterinsights_sitenote_category":0},"product_brand":[],"product_cat":[145,162,164],"product_tag":[],"class_list":{"0":"post-6766","1":"product","2":"type-product","3":"status-publish","4":"has-post-thumbnail","6":"product_cat-10-oh-max","7":"product_cat-10-oh-max-ita","8":"product_cat-booste-par-3","10":"first","11":"instock","12":"shipping-taxable","13":"purchasable","14":"product-type-variable","15":"has-default-attributes","16":"add-to-wishlist-before_add_to_cart"},"_links":{"self":[{"href":"https:\/\/www.cbdohmax.fr\/index.php?rest_route=\/wp\/v2\/product\/6766","targetHints":{"allow":["GET"]}}],"collection":[{"href":"https:\/\/www.cbdohmax.fr\/index.php?rest_route=\/wp\/v2\/product"}],"about":[{"href":"https:\/\/www.cbdohmax.fr\/index.php?rest_route=\/wp\/v2\/types\/product"}],"replies":[{"embeddable":true,"href":"https:\/\/www.cbdohmax.fr\/index.php?rest_route=%2Fwp%2Fv2%2Fcomments&post=6766"}],"wp:featuredmedia":[{"embeddable":true,"href":"https:\/\/www.cbdohmax.fr\/index.php?rest_route=\/wp\/v2\/media\/6789"}],"wp:attachment":[{"href":"https:\/\/www.cbdohmax.fr\/index.php?rest_route=%2Fwp%2Fv2%2Fmedia&parent=6766"}],"wp:term":[{"taxonomy":"product_brand","embeddable":true,"href":"https:\/\/www.cbdohmax.fr\/index.php?rest_route=%2Fwp%2Fv2%2Fproduct_brand&post=6766"},{"taxonomy":"product_cat","embeddable":true,"href":"https:\/\/www.cbdohmax.fr\/index.php?rest_route=%2Fwp%2Fv2%2Fproduct_cat&post=6766"},{"taxonomy":"product_tag","embeddable":true,"href":"https:\/\/www.cbdohmax.fr\/index.php?rest_route=%2Fwp%2Fv2%2Fproduct_tag&post=6766"}],"curies":[{"name":"wp","href":"https:\/\/api.w.org\/{rel}","templated":true}]}}