{"id":6864,"date":"2026-03-01T20:01:02","date_gmt":"2026-03-01T19:01:02","guid":{"rendered":"https:\/\/www.cbdohmax.fr\/?post_type=product&#038;p=6864"},"modified":"2026-03-01T20:16:08","modified_gmt":"2026-03-01T19:16:08","slug":"haze-berry-50-10-oh-max","status":"publish","type":"product","link":"https:\/\/www.cbdohmax.fr\/?product=haze-berry-50-10-oh-max","title":{"rendered":"HAZE BERRY 50% 10 OH MAX"},"content":{"rendered":"<div dir=\"ltr\">\n<h2><strong>Haze Berry \u2013 Hydroponique<\/strong><\/h2>\n<h3 class=\"x_p1\" data-ogsc=\"rgb(0, 0, 0)\"><strong><span class=\"x_s2\" data-ogsc=\"\">Taux : 50 % 10 OH MAX<\/span><\/strong><\/h3>\n<p>&nbsp;<\/p>\n<p class=\"x_p1\" data-ogsc=\"rgb(0, 0, 0)\"><span class=\"x_s1\" data-ogsc=\"\">La Haze Berry<\/span><span class=\"x_s1\" data-ogsc=\"\">\u00a0est une fleur d\u2019exception <strong>cultiv\u00e9e en\u00a0<\/strong><\/span><strong><span class=\"x_s2\" data-ogsc=\"\">hydroponie<\/span><\/strong><span class=\"x_s1\" data-ogsc=\"\">, garantissant une <strong>qualit\u00e9 premium<\/strong> et un aspect soign\u00e9.\u00a0<\/span><\/p>\n<p class=\"x_p1\" data-ogsc=\"rgb(0, 0, 0)\"><strong><span class=\"x_s1\" data-ogsc=\"\">Sa richesse en\u00a0<\/span><span class=\"x_s2\" data-ogsc=\"\">10 OH MAX (50 %)<\/span><\/strong><span class=\"x_s1\" data-ogsc=\"\">\u00a0en fait une vari\u00e9t\u00e9 unique, offrant une<strong> exp\u00e9rience intense<\/strong> et diff\u00e9rente des cannabino\u00efdes classiques.<\/span><\/p>\n<\/div>\n<h4 dir=\"ltr\"><\/h4>\n<h4 data-ogsc=\"rgb(0, 0, 0)\"><\/h4>\n<h4 data-ogsc=\"rgb(0, 0, 0)\"><\/h4>\n<h4 class=\"x_p3\" data-ogsc=\"rgb(0, 0, 0)\"><strong><span class=\"x_s2\" data-ogsc=\"\" data-olk-copy-source=\"MessageBody\">\ud83c\udf38<\/span><span class=\"x_s3\" data-ogsc=\"\">\u00a0Origine &amp; g\u00e9n\u00e9tique<\/span><\/strong><\/h4>\n<p class=\"x_p3\" data-ogsc=\"rgb(0, 0, 0)\"><span class=\"x_s2\" data-ogsc=\"\">La\u00a0<\/span><span class=\"x_s3\" data-ogsc=\"\">Haze Berry<\/span><span class=\"x_s2\" data-ogsc=\"\">, aussi connue sous le nom de\u00a0<\/span><span class=\"x_s3\" data-ogsc=\"\">Blue Dream<\/span><span class=\"x_s2\" data-ogsc=\"\">, est une vari\u00e9t\u00e9\u00a0<\/span><span class=\"x_s3\" data-ogsc=\"\">hybride l\u00e9gendaire<\/span><span class=\"x_s2\" data-ogsc=\"\">\u00a0issue du croisement entre :<\/span><\/p>\n<p class=\"x_p3\" data-ogsc=\"rgb(0, 0, 0)\"><span class=\"x_s3\" data-ogsc=\"\">Haze<\/span><span class=\"x_s2\" data-ogsc=\"\">\u00a0(Sativa \u00e9nergisante et aromatique)<\/span><\/p>\n<p class=\"x_p3\" data-ogsc=\"rgb(0, 0, 0)\"><span class=\"x_s3\" data-ogsc=\"\">Blueberry<\/span><span class=\"x_s2\" data-ogsc=\"\">\u00a0(Indica fruit\u00e9e et douce)<\/span><\/p>\n<p class=\"x_p3\" data-ogsc=\"rgb(0, 0, 0)\"><span class=\"x_s2\" data-ogsc=\"\">Cette g\u00e9n\u00e9tique est\u00a0<\/span><span class=\"x_s3\" data-ogsc=\"\">originaire de Californie (Cali)<\/span><span class=\"x_s2\" data-ogsc=\"\">, r\u00e9put\u00e9e pour ses vari\u00e9t\u00e9s riches en terp\u00e8nes et son profil aromatique haut de gamme.<\/span><\/p>\n<p class=\"x_p3\" data-ogsc=\"rgb(0, 0, 0)\"><span class=\"x_s2\" data-ogsc=\"\">Chez\u00a0<\/span><span class=\"x_s3\" data-ogsc=\"\">CBD OH MAX<\/span><span class=\"x_s2\" data-ogsc=\"\">, la Haze Berry est soigneusement s\u00e9lectionn\u00e9e puis\u00a0<\/span><span class=\"x_s3\" data-ogsc=\"\">boost\u00e9e par cinq<\/span><span class=\"x_s2\" data-ogsc=\"\">\u00a0avec la\u00a0<\/span><span class=\"x_s3\" data-ogsc=\"\">mol\u00e9cule exclusive 10 OH MAX<\/span><span class=\"x_s2\" data-ogsc=\"\">, afin d\u2019atteindre un\u00a0<\/span><span class=\"x_s3\" data-ogsc=\"\">taux exceptionnel de 50 %<\/span><span class=\"x_s2\" data-ogsc=\"\">.<\/span><\/p>\n<p data-ogsc=\"rgb(0, 0, 0)\">\n<h4 data-ogsc=\"rgb(0, 0, 0)\"><\/h4>\n<h4 class=\"x_p3\" data-ogsc=\"rgb(0, 0, 0)\"><span class=\"x_s2\" data-ogsc=\"\">\ud83c\udf53<\/span><span class=\"x_s3\" data-ogsc=\"\">\u00a0Profil gustatif &amp; aromatique<\/span><\/h4>\n<p class=\"x_p3\" data-ogsc=\"rgb(0, 0, 0)\"><span class=\"x_s2\" data-ogsc=\"\">La\u00a0<\/span><span class=\"x_s3\" data-ogsc=\"\">Haze Berry 50% 10<\/span><span class=\"x_s2\" data-ogsc=\"\">\u00a0s\u00e9duit par un go\u00fbt\u00a0<\/span><span class=\"x_s3\" data-ogsc=\"\">riche, \u00e9quilibr\u00e9 et intense<\/span><span class=\"x_s2\" data-ogsc=\"\">, parfaitement fid\u00e8le \u00e0 sa g\u00e9n\u00e9tique Cali :<\/span><\/p>\n<p class=\"x_p3\" data-ogsc=\"rgb(0, 0, 0)\"><span class=\"x_s2\" data-ogsc=\"\">\u2022 <\/span><span class=\"x_s3\" data-ogsc=\"\">Baies sucr\u00e9es<\/span><span class=\"x_s2\" data-ogsc=\"\">\u00a0dominantes (fruits rouges, myrtille)<\/span><\/p>\n<p class=\"x_p3\" data-ogsc=\"rgb(0, 0, 0)\"><span class=\"x_s2\" data-ogsc=\"\">\u2022 <\/span><span class=\"x_s3\" data-ogsc=\"\">Notes florales<\/span><span class=\"x_s2\" data-ogsc=\"\">\u00a0\u00e9l\u00e9gantes et a\u00e9riennes<\/span><\/p>\n<p class=\"x_p3\" data-ogsc=\"rgb(0, 0, 0)\"><span class=\"x_s2\" data-ogsc=\"\">\u2022 <\/span><span class=\"x_s3\" data-ogsc=\"\">Touches \u00e9pic\u00e9es<\/span><span class=\"x_s2\" data-ogsc=\"\">\u00a0l\u00e9g\u00e8res en fin de bouche, h\u00e9rit\u00e9es de la Haze<\/span><\/p>\n<p class=\"x_p3\" data-ogsc=\"rgb(0, 0, 0)\"><span class=\"x_s2\" data-ogsc=\"\">Un profil aromatique complexe, long en bouche, id\u00e9al pour les amateurs de fleurs fruit\u00e9es et raffin\u00e9es.<\/span><\/p>\n<p data-ogsc=\"rgb(0, 0, 0)\">\n<h4 data-ogsc=\"rgb(0, 0, 0)\"><\/h4>\n<h4 class=\"x_p3\" data-ogsc=\"rgb(0, 0, 0)\"><strong><span class=\"x_s2\" data-ogsc=\"\">\u2697\ufe0f<\/span><span class=\"x_s3\" data-ogsc=\"\">\u00a0Boost x5 \u2013 Mol\u00e9cule 10 OH MAX<\/span><\/strong><\/h4>\n<p class=\"x_p3\" data-ogsc=\"rgb(0, 0, 0)\"><span class=\"x_s2\" data-ogsc=\"\">Cette fleur est\u00a0<\/span><span class=\"x_s3\" data-ogsc=\"\">boost\u00e9e par cinq<\/span><span class=\"x_s2\" data-ogsc=\"\">, ce qui signifie :<\/span><\/p>\n<p class=\"x_p3\" data-ogsc=\"rgb(0, 0, 0)\"><span class=\"x_s2\" data-ogsc=\"\">\u2022 Enrichissement sp\u00e9cifique \u00e0 la\u00a0<\/span><span class=\"x_s3\" data-ogsc=\"\">mol\u00e9cule 10 OH MAX<\/span><\/p>\n<p class=\"x_p3\" data-ogsc=\"rgb(0, 0, 0)\"><span class=\"x_s2\" data-ogsc=\"\">\u2022 <\/span><span class=\"x_s3\" data-ogsc=\"\">Concentration totale de 50 %<\/span><\/p>\n<p class=\"x_p3\" data-ogsc=\"rgb(0, 0, 0)\"><span class=\"x_s2\" data-ogsc=\"\">\u2022 Effet nettement\u00a0<\/span><span class=\"x_s3\" data-ogsc=\"\">plus marqu\u00e9<\/span><span class=\"x_s2\" data-ogsc=\"\">\u00a0qu\u2019une fleur CBD classique<\/span><\/p>\n<p class=\"x_p3\" data-ogsc=\"rgb(0, 0, 0)\"><span class=\"x_s2\" data-ogsc=\"\">\ud83d\udc49 Destin\u00e9e aux\u00a0<\/span><span class=\"x_s3\" data-ogsc=\"\">consommateurs avertis<\/span><span class=\"x_s2\" data-ogsc=\"\">\u00a0recherchant une exp\u00e9rience plus intense, tout en restant\u00a0<\/span><span class=\"x_s3\" data-ogsc=\"\">sans effet psychoactif<\/span><span class=\"x_s2\" data-ogsc=\"\">.<\/span><\/p>\n<p class=\"x_p3\" data-ogsc=\"rgb(0, 0, 0)\">\n<h4 data-ogsc=\"rgb(0, 0, 0)\"><\/h4>\n<h4 class=\"x_p3\" data-ogsc=\"rgb(0, 0, 0)\"><strong><span class=\"x_s2\" data-ogsc=\"\">\ud83c\udf43<\/span><span class=\"x_s3\" data-ogsc=\"\">\u00a0Effets ressentis<\/span><\/strong><\/h4>\n<p class=\"x_p3\" data-ogsc=\"rgb(0, 0, 0)\"><span class=\"x_s2\" data-ogsc=\"\">Sensation de\u00a0<\/span><span class=\"x_s3\" data-ogsc=\"\">relaxation profonde<\/span><\/p>\n<p class=\"x_p3\" data-ogsc=\"rgb(0, 0, 0)\"><span class=\"x_s2\" data-ogsc=\"\">Bien-\u00eatre mental et corporel<\/span><\/p>\n<p class=\"x_p3\" data-ogsc=\"rgb(0, 0, 0)\"><span class=\"x_s2\" data-ogsc=\"\">Effet \u00e9quilibr\u00e9 : d\u00e9tente sans lourdeur excessive<\/span><\/p>\n<p class=\"x_p3\" data-ogsc=\"rgb(0, 0, 0)\"><span class=\"x_s2\" data-ogsc=\"\">\u26a0\ufe0f\u00a0<\/span><span class=\"x_s3\" data-ogsc=\"\">Produit d\u00e9conseill\u00e9 aux d\u00e9butants<\/span><span class=\"x_s2\" data-ogsc=\"\">\u00a0en raison de sa forte concentration.<\/span><\/p>\n<p data-ogsc=\"rgb(0, 0, 0)\">\n<h4 data-ogsc=\"rgb(0, 0, 0)\"><\/h4>\n<h4 class=\"x_p3\" data-ogsc=\"rgb(0, 0, 0)\"><strong><span class=\"x_s2\" data-ogsc=\"\">\ud83c\udf31<\/span><span class=\"x_s3\" data-ogsc=\"\">\u00a0Culture &amp; qualit\u00e9<\/span><\/strong><\/h4>\n<p class=\"x_p3\" data-ogsc=\"rgb(0, 0, 0)\"><span class=\"x_s2\" data-ogsc=\"\">\u2022 Culture hydroponie<\/span><span class=\"x_s3\" data-ogsc=\"\">\u00a0contr\u00f4l\u00e9e<\/span><\/p>\n<p class=\"x_p3\" data-ogsc=\"rgb(0, 0, 0)\"><span class=\"x_s2\" data-ogsc=\"\">\u2022 Sans pesticides, sans OGM<\/span><\/p>\n<p class=\"x_p3\" data-ogsc=\"rgb(0, 0, 0)\"><span class=\"x_s2\" data-ogsc=\"\">\u2022 Fleurs denses, r\u00e9sineuses et soigneusement manucur\u00e9es<\/span><\/p>\n<p class=\"x_p3\" data-ogsc=\"rgb(0, 0, 0)\"><span class=\"x_s2\" data-ogsc=\"\">\u2022 Analyses laboratoire disponibles<\/span><\/p>\n<p data-ogsc=\"rgb(0, 0, 0)\">\n<h4 data-ogsc=\"rgb(0, 0, 0)\"><\/h4>\n<h4 class=\"x_p3\" data-ogsc=\"rgb(0, 0, 0)\"><strong><span class=\"x_s2\" data-ogsc=\"\">\u2b50<\/span><span class=\"x_s3\" data-ogsc=\"\">\u00a0Pourquoi choisir Haze Berry 50% 10 \u2014 CBD OH MAX ?<\/span><\/strong><\/h4>\n<p class=\"x_p3\" data-ogsc=\"rgb(0, 0, 0)\"><strong><span class=\"x_s2\" data-ogsc=\"\">\u2714 G\u00e9n\u00e9tique\u00a0<\/span><span class=\"x_s3\" data-ogsc=\"\">Cali mythique<\/span><\/strong><\/p>\n<p class=\"x_p3\" data-ogsc=\"rgb(0, 0, 0)\"><strong><span class=\"x_s2\" data-ogsc=\"\">\u2714 Go\u00fbt\u00a0<\/span><span class=\"x_s3\" data-ogsc=\"\">baie sucr\u00e9e, floral et \u00e9pic\u00e9<\/span><\/strong><\/p>\n<p class=\"x_p3\" data-ogsc=\"rgb(0, 0, 0)\"><strong><span class=\"x_s2\" data-ogsc=\"\">\u2714\u00a0<\/span><span class=\"x_s3\" data-ogsc=\"\">Boost x5 \u2013 50 % de 10 OH MAX<\/span><\/strong><\/p>\n<p class=\"x_p3\" data-ogsc=\"rgb(0, 0, 0)\"><strong><span class=\"x_s2\" data-ogsc=\"\">\u2714 Qualit\u00e9 premium sign\u00e9e\u00a0<\/span><span class=\"x_s3\" data-ogsc=\"\">CBD OH MAX<\/span><\/strong><\/p>\n<div dir=\"ltr\">\n<h4 data-ogsc=\"rgb(0, 0, 0)\"><\/h4>\n<h4 data-ogsc=\"rgb(0, 0, 0)\"><\/h4>\n<h4 class=\"x_p1\" data-ogsc=\"rgb(0, 0, 0)\"><strong><span class=\"x_s1\" data-ogsc=\"\">\ud83c\udf31<\/span><span class=\"x_s2\" data-ogsc=\"\"> Points forts<\/span><\/strong><\/h4>\n<p><span data-olk-copy-source=\"MessageBody\">\u2714\ufe0f Culture hydroponique = densit\u00e9, puret\u00e9 et constance \ud83c\udf31<\/span><\/p>\n<p>\u2714\ufe0f Taux 50 % 10 OH MAX = puissance ma\u00eetris\u00e9e \u26a1<\/p>\n<p>\u2714\ufe0f Saveurs fruits rouges et myrtilles = fra\u00eecheur et originalit\u00e9 <span data-olk-copy-source=\"MessageBody\">\ud83c\udf53<\/span><\/p>\n<p>\u2714\ufe0f THC &lt; 0,3 % = conformit\u00e9 et s\u00e9r\u00e9nit\u00e9 totale \u2705<\/p>\n<\/div>\n<div dir=\"ltr\">\n<h4 data-ogsc=\"rgb(0, 0, 0)\"><\/h4>\n<h4 data-ogsc=\"rgb(0, 0, 0)\"><\/h4>\n<h3><strong>\ud83d\udcad\u00a0Conseils d\u2019utilisation<\/strong><\/h3>\n<h3><strong>Dose conseill\u00e9e : 0,10 g maximum par session \u2696\ufe0f<\/strong><\/h3>\n<p>Installe toi confortablement, profite de ses ar\u00f4mes de fruits rouges et laisse toi porter par la vague OH MAX \ud83c\udf34\u2728<\/p>\n<\/div>\n<div dir=\"ltr\">\n<p>&nbsp;<\/p>\n<p>&nbsp;<\/p>\n<\/div>\n<div dir=\"ltr\">\n<h3 class=\"x_p3\" data-ogsc=\"rgb(0, 0, 0)\"><strong><span class=\"x_s2\" data-ogsc=\"\">Disponible d\u00e8s maintenant chez\u00a0<\/span><span class=\"x_s3\" data-ogsc=\"\">CBD OH MAX<\/span><span class=\"x_s2\" data-ogsc=\"\">\u00a0\ud83c\udf3f\ud83d\udc9a<\/span><\/strong><\/h3>\n<p>&nbsp;<\/p>\n<p>&nbsp;<\/p>\n<p>Les adeptes du bien-\u00eatre naturel trouveront dans cette fleur CBD une source fiable de relaxation sans les effets psychoactifs associ\u00e9s au THC.<\/p>\n<p>&nbsp;<\/p>\n<p>De plus, sa culture biologique assure une conformit\u00e9 totale avec les normes europ\u00e9ennes strictes, renfor\u00e7ant la confiance des consommateurs en qu\u00eate de produits purs et efficaces.<\/p>\n<p>Pour ceux qui cherchent \u00e0 explorer les options de CBD de haute qualit\u00e9, cette vari\u00e9t\u00e9\u00a0se pr\u00e9sente comme une solution incontournable.<\/p>\n<\/div>\n<div dir=\"ltr\"><\/div>\n<p><a href=\"https:\/\/www.facebook.com\/profile.php?id=61579757663366\" target=\"_blank\" rel=\"noopener\">CBD OH MAX<\/a>\u00a0vous propose plusieurs m\u00e9thodes de consommations pour les fleurs et r\u00e9sines de CBD.<\/p>\n<p>Rappel : Les fleurs et r\u00e9sines ne doivent en aucun cas \u00eatre fum\u00e9es. Risque important des pertes de terp\u00e8nes ainsi qu\u2019une perte de qualit\u00e9 du produit par cette effet de combustion (exemple : flamme d\u2019un briquet)<\/p>\n<p>Vous pourrez donc choisir entre les diff\u00e9rents modes de consommation cit\u00e9s ci-dessous.<\/p>\n<p>&nbsp;<\/p>\n<p><a href=\"https:\/\/www.cbdohmax.fr\/?product_cat=thes-infusions-cbd\"><strong>En infusion :<\/strong><\/a><\/p>\n<p>Pour cela rien de plus simple !<br \/>\nIl vous suffit de vous pr\u00e9parer de l\u2019eau chaude, comme une tisane classique et y ajouter les fleurs de CBD (infus\u00e9 4 \u00e0 7 minutes) puis rajouter un corps gras comme du lait, de la cr\u00e8me, du beurre ou m\u00eame de l\u2019huile v\u00e9g\u00e9tale.<\/p>\n<p>En effet, n\u2019oublions pas que le CBD est une mol\u00e9cule lipophile et a de ce fait besoin d\u2019un corps gras pour lib\u00e9rer tous ses bienfaits.<\/p>\n<p>L\u2019effet ressenti est : sur la dur\u00e9e.<\/p>\n<p>&nbsp;<\/p>\n<p><a href=\"https:\/\/www.cbdohmax.fr\/?product_cat=vape-cbd\"><strong>En vaporisation :<\/strong><\/a><\/p>\n<p>Si vous n\u2019\u00eates pas un adepte des infusions aux CBD, il existe une autre m\u00e9thode, la vaporisation.<\/p>\n<p>Une autre solution pour b\u00e9n\u00e9ficier plus rapidement des effets de vos fleurs ou r\u00e9sines .<\/p>\n<p>Gr\u00e2ce \u00e0 ce vaporisateur, vous ne perdez pas de terp\u00e8nes ni la qualit\u00e9 des ar\u00f4mes.<\/p>\n<p>Un go\u00fbt exceptionnel.<\/p>\n<p>C\u00f4t\u00e9 effets, la vaporisation permet de r\u00e9v\u00e9ler beaucoup plus rapidement (voire instantan\u00e9ment) les bienfaits des diff\u00e9rents cannabino\u00efdes composants les fleurs ou r\u00e9sines.<\/p>\n<p>Il vous est conseill\u00e9 de r\u00e9gler votre vaporisateur \u00e0 180\u00b0C pour une fleur et jusqu\u2019\u00e0 210\u00b0C pour une r\u00e9sine.<\/p>\n<p>&nbsp;<\/p>\n<p>&nbsp;<\/p>\n<p><em>Des prix variables et d\u00e9gressifs \ud83d\udc4d<\/em><\/p>\n<p>&nbsp;<\/p>\n<p>Toutes les fleurs sont issues d\u2019une agriculture naturelle et respectent les normes en vigueur des pays membres de l\u2019Union Europ\u00e9enne. THC&lt;0,3%<\/p>\n<p>&nbsp;<\/p>\n<p><strong>Stockage Appropri\u00e9<\/strong><\/p>\n<p>Pour pr\u00e9server la fra\u00eecheur et la qualit\u00e9 de la fleur de CBD, conservez l\u00e0 dans un endroit frais, sombre et sec, de pr\u00e9f\u00e9rence dans un r\u00e9cipient herm\u00e9tique. \u00c9vitez l&#8217;exposition \u00e0 la lumi\u00e8re directe du soleil et \u00e0 l&#8217;humidit\u00e9 excessive.<\/p>\n","protected":false},"excerpt":{"rendered":"<div dir=\"ltr\">\n<h2><strong>\ud83c\udf3f<span data-olk-copy-source=\"MessageBody\">HAZE BERRY<\/span><\/strong><strong>\u00a0<\/strong><strong style=\"font-size: 2rem;\">\u2013 Hydroponique<\/strong><\/h2>\n<h3><strong>50 % 10 OH MAX \ud83d\udc8e \u2013 THC &lt; 0,3 % \ud83d\udeab<\/strong><\/h3>\n<p>&nbsp;<\/p>\n<p class=\"x_p3\" data-ogsc=\"rgb(0, 0, 0)\"><strong><span class=\"x_s3\" data-ogsc=\"\" data-olk-copy-source=\"MessageBody\">Cat\u00e9gorie<\/span><\/strong><span class=\"x_s2\" data-ogsc=\"\">\u00a0: Fleur de chanvre boost\u00e9e<\/span><\/p>\n<p class=\"x_p3\" data-ogsc=\"rgb(0, 0, 0)\"><strong><span class=\"x_s3\" data-ogsc=\"\">Taux de mol\u00e9cule<\/span><\/strong><span class=\"x_s2\" data-ogsc=\"\">\u00a0:\u00a0<\/span><span class=\"x_s3\" data-ogsc=\"\">50 % \u2013 10 OH MAX (boost x5)<\/span><\/p>\n<p class=\"x_p3\" data-ogsc=\"rgb(0, 0, 0)\"><strong><span class=\"x_s3\" data-ogsc=\"\">Dominance<\/span><\/strong><span class=\"x_s2\" data-ogsc=\"\">\u00a0: Sativa<\/span><\/p>\n<p data-ogsc=\"rgb(0, 0, 0)\">\n<p>Effets :<span class=\"x_s2\" data-ogsc=\"\"> Relaxants, apaisants et <strong>e<\/strong><\/span><span class=\"x_s2\" data-ogsc=\"\"><strong>ffets puissants &amp; directs \u26a1\ufe0f<\/strong><\/span><\/p>\n<p>100 % l\u00e9gal \ud83c\uddea\ud83c\uddfa \u2013 <strong>Qualit\u00e9 premium sign\u00e9e CBD OH MAX \u2705<\/strong><\/p>\n<p>&nbsp;<\/p>\n<\/div>\n<p><span data-olk-copy-source=\"MessageBody\">La <strong>Haze Berry<\/strong> d\u00e9barque chez <a href=\"https:\/\/www.facebook.com\/profile.php?id=61579757663366\">CBD OH MAX<\/a>, une fleur au profil de fruits rouges explosifs et \u00e0 la fra\u00eecheur d&#8217;une HAZE incomparable. <\/span><\/p>\n<p><span data-olk-copy-source=\"MessageBody\">Pr\u00e9par\u00e9e avec soin en <a href=\"https:\/\/www.cbdohmax.fr\/?product_cat=fleurs-hydro\">culture hydroponique<\/a>, elle offre une qualit\u00e9 constante, une apparence impeccable et une puissance parfaitement \u00e9quilibr\u00e9e.<\/span><\/p>\n","protected":false},"featured_media":0,"comment_status":"open","ping_status":"closed","template":"","meta":{"om_disable_all_campaigns":false,"_monsterinsights_skip_tracking":false,"_monsterinsights_sitenote_active":false,"_monsterinsights_sitenote_note":"","_monsterinsights_sitenote_category":0},"product_brand":[],"product_cat":[145,162,166],"product_tag":[],"class_list":{"0":"post-6864","1":"product","2":"type-product","3":"status-publish","5":"product_cat-10-oh-max","6":"product_cat-10-oh-max-ita","7":"product_cat-booste-par-5","9":"first","10":"instock","11":"shipping-taxable","12":"purchasable","13":"product-type-variable","14":"has-default-attributes","15":"add-to-wishlist-before_add_to_cart"},"_links":{"self":[{"href":"https:\/\/www.cbdohmax.fr\/index.php?rest_route=\/wp\/v2\/product\/6864","targetHints":{"allow":["GET"]}}],"collection":[{"href":"https:\/\/www.cbdohmax.fr\/index.php?rest_route=\/wp\/v2\/product"}],"about":[{"href":"https:\/\/www.cbdohmax.fr\/index.php?rest_route=\/wp\/v2\/types\/product"}],"replies":[{"embeddable":true,"href":"https:\/\/www.cbdohmax.fr\/index.php?rest_route=%2Fwp%2Fv2%2Fcomments&post=6864"}],"wp:attachment":[{"href":"https:\/\/www.cbdohmax.fr\/index.php?rest_route=%2Fwp%2Fv2%2Fmedia&parent=6864"}],"wp:term":[{"taxonomy":"product_brand","embeddable":true,"href":"https:\/\/www.cbdohmax.fr\/index.php?rest_route=%2Fwp%2Fv2%2Fproduct_brand&post=6864"},{"taxonomy":"product_cat","embeddable":true,"href":"https:\/\/www.cbdohmax.fr\/index.php?rest_route=%2Fwp%2Fv2%2Fproduct_cat&post=6864"},{"taxonomy":"product_tag","embeddable":true,"href":"https:\/\/www.cbdohmax.fr\/index.php?rest_route=%2Fwp%2Fv2%2Fproduct_tag&post=6864"}],"curies":[{"name":"wp","href":"https:\/\/api.w.org\/{rel}","templated":true}]}}