{"id":6873,"date":"2026-03-01T20:16:38","date_gmt":"2026-03-01T19:16:38","guid":{"rendered":"https:\/\/www.cbdohmax.fr\/?post_type=product&#038;p=6873"},"modified":"2026-03-25T15:24:45","modified_gmt":"2026-03-25T14:24:45","slug":"piatella-purple-hash-50-10-oh-max","status":"publish","type":"product","link":"https:\/\/www.cbdohmax.fr\/?product=piatella-purple-hash-50-10-oh-max","title":{"rendered":"PIATELLA PURPLE HASH 50% 10 OH MAX"},"content":{"rendered":"<div dir=\"ltr\">\n<h2><strong>PIATELLA PURPLE HASH \u2013 COULEUR ROSE \ud83e\udee7\u200b\ud83c\udf6d\u200b\ud83e\ude77\u200b<\/strong><\/h2>\n<h3 class=\"x_p1\" data-ogsc=\"rgb(0, 0, 0)\"><strong><span class=\"x_s2\" data-ogsc=\"\">Taux : 50 % 10 OH MAX<\/span><\/strong><\/h3>\n<p>&nbsp;<\/p>\n<\/div>\n<div dir=\"ltr\">\n<h4 data-ogsc=\"rgb(0, 0, 0)\"><\/h4>\n<h4 data-ogsc=\"rgb(0, 0, 0)\"><\/h4>\n<h3><strong>\ud83d\udcad\u00a0Conseils d\u2019utilisation<\/strong><\/h3>\n<h3><strong>Dose conseill\u00e9e : 0,10 g maximum par session \u2696\ufe0f<\/strong><\/h3>\n<p>Installe toi confortablement, profite de ses ar\u00f4mes ULTRA fruit\u00e9 et laisse toi porter par la vague sucr\u00e9e OH MAX \ud83c\udf34\u2728<\/p>\n<\/div>\n<div dir=\"ltr\">\n<p>&nbsp;<\/p>\n<p>&nbsp;<\/p>\n<\/div>\n<div dir=\"ltr\">\n<h3 class=\"x_p3\" data-ogsc=\"rgb(0, 0, 0)\"><strong><span class=\"x_s2\" data-ogsc=\"\">Disponible d\u00e8s maintenant chez\u00a0<\/span><span class=\"x_s3\" data-ogsc=\"\">CBD OH MAX<\/span><span class=\"x_s2\" data-ogsc=\"\">\u00a0\ud83c\udf3f\ud83d\udc9a<\/span><\/strong><\/h3>\n<p>&nbsp;<\/p>\n<p>&nbsp;<\/p>\n<p>Les adeptes du bien-\u00eatre naturel trouveront dans cette r\u00e9sine CBD une source fiable de relaxation sans les effets psychoactifs associ\u00e9s au THC.<\/p>\n<p>&nbsp;<\/p>\n<p>De plus, sa culture biologique assure une conformit\u00e9 totale avec les normes europ\u00e9ennes strictes, renfor\u00e7ant la confiance des consommateurs en qu\u00eate de produits purs et efficaces.<\/p>\n<p>Pour ceux qui cherchent \u00e0 explorer les options de CBD de haute qualit\u00e9, cette vari\u00e9t\u00e9\u00a0se pr\u00e9sente comme une solution incontournable.<\/p>\n<\/div>\n<div dir=\"ltr\"><\/div>\n<p><a href=\"https:\/\/www.facebook.com\/profile.php?id=61579757663366\" target=\"_blank\" rel=\"noopener\">CBD OH MAX<\/a>\u00a0vous propose plusieurs m\u00e9thodes de consommations pour les fleurs et r\u00e9sines de CBD.<\/p>\n<p>Rappel : Les fleurs et r\u00e9sines ne doivent en aucun cas \u00eatre fum\u00e9es. Risque important des pertes de terp\u00e8nes ainsi qu\u2019une perte de qualit\u00e9 du produit par cette effet de combustion (exemple : flamme d\u2019un briquet)<\/p>\n<p>Vous pourrez donc choisir entre les diff\u00e9rents modes de consommation cit\u00e9s ci-dessous.<\/p>\n<p>&nbsp;<\/p>\n<p><a href=\"https:\/\/www.cbdohmax.fr\/?product_cat=thes-infusions-cbd\"><strong>En infusion :<\/strong><\/a><\/p>\n<p>Pour cela rien de plus simple !<br \/>\nIl vous suffit de vous pr\u00e9parer de l\u2019eau chaude, comme une tisane classique et y ajouter les fleurs de CBD (infus\u00e9 4 \u00e0 7 minutes) puis rajouter un corps gras comme du lait, de la cr\u00e8me, du beurre ou m\u00eame de l\u2019huile v\u00e9g\u00e9tale.<\/p>\n<p>En effet, n\u2019oublions pas que le CBD est une mol\u00e9cule lipophile et a de ce fait besoin d\u2019un corps gras pour lib\u00e9rer tous ses bienfaits.<\/p>\n<p>L\u2019effet ressenti est : sur la dur\u00e9e.<\/p>\n<p>&nbsp;<\/p>\n<p><a href=\"https:\/\/www.cbdohmax.fr\/?product_cat=vape-cbd\"><strong>En vaporisation :<\/strong><\/a><\/p>\n<p>Si vous n\u2019\u00eates pas un adepte des infusions aux CBD, il existe une autre m\u00e9thode, la vaporisation.<\/p>\n<p>Une autre solution pour b\u00e9n\u00e9ficier plus rapidement des effets de vos fleurs ou r\u00e9sines .<\/p>\n<p>Gr\u00e2ce \u00e0 ce vaporisateur, vous ne perdez pas de terp\u00e8nes ni la qualit\u00e9 des ar\u00f4mes.<\/p>\n<p>Un go\u00fbt exceptionnel.<\/p>\n<p>C\u00f4t\u00e9 effets, la vaporisation permet de r\u00e9v\u00e9ler beaucoup plus rapidement (voire instantan\u00e9ment) les bienfaits des diff\u00e9rents cannabino\u00efdes composants les fleurs ou r\u00e9sines.<\/p>\n<p>Il vous est conseill\u00e9 de r\u00e9gler votre vaporisateur \u00e0 180\u00b0C pour une fleur et jusqu\u2019\u00e0 210\u00b0C pour une r\u00e9sine.<\/p>\n<p>&nbsp;<\/p>\n<p>&nbsp;<\/p>\n<p><em>Des prix variables et d\u00e9gressifs \ud83d\udc4d<\/em><\/p>\n<p>&nbsp;<\/p>\n<p>Toutes les fleurs sont issues d\u2019une agriculture naturelle et respectent les normes en vigueur des pays membres de l\u2019Union Europ\u00e9enne. THC&lt;0,3%<\/p>\n<p>&nbsp;<\/p>\n<p><strong>Stockage Appropri\u00e9<\/strong><\/p>\n<p>Pour pr\u00e9server la fra\u00eecheur et la qualit\u00e9 de la fleur de CBD, conservez l\u00e0 dans un endroit frais, sombre et sec, de pr\u00e9f\u00e9rence dans un r\u00e9cipient herm\u00e9tique. \u00c9vitez l&#8217;exposition \u00e0 la lumi\u00e8re directe du soleil et \u00e0 l&#8217;humidit\u00e9 excessive.<\/p>\n","protected":false},"excerpt":{"rendered":"<div dir=\"ltr\">\n<h2><strong>\ud83c\udf3f<\/strong><strong>PIATELLA PURPLE HASH<\/strong><strong>\u00a0<\/strong><strong style=\"font-size: 2rem;\">\u2013 COULEUR ROSE<\/strong><\/h2>\n<h3><strong>50 % 10 OH MAX \ud83d\udc8e \u2013 THC &lt; 0,3 % \ud83d\udeab<\/strong><\/h3>\n<p>&nbsp;<\/p>\n<p><strong>Go\u00fbt &amp; <span class=\"x_s2\" data-ogsc=\"\">parfum fruit\u00e9 &amp; sucr\u00e9e \ud83e\udee7\u200b\ud83c\udf6d\u200b\ud83e\ude77\u200b<\/span><\/strong><\/p>\n<p>Effets :<span class=\"x_s2\" data-ogsc=\"\"> Relaxants, apaisants et <strong>e<\/strong><\/span><span class=\"x_s2\" data-ogsc=\"\"><strong>ffets puissants &amp; directs \u26a1\ufe0f<\/strong><\/span><\/p>\n<p>100 % l\u00e9gal \ud83c\uddea\ud83c\uddfa \u2013 <strong>Qualit\u00e9 premium sign\u00e9e CBD OH MAX \u2705<\/strong><\/p>\n<p>&nbsp;<\/p>\n<\/div>\n<p><span data-olk-copy-source=\"MessageBody\">PIATELLA PURPLE HASH <\/span><span data-olk-copy-source=\"MessageBody\">d\u00e9barque chez <a href=\"https:\/\/www.facebook.com\/profile.php?id=61579757663366\">CBD OH MAX<\/a>, une r\u00e9sine au profil fruit\u00e9 explosif et \u00e0 la fra\u00eecheur sucr\u00e9e incomparable. <\/span><\/p>\n<p><span data-olk-copy-source=\"MessageBody\">Pr\u00e9par\u00e9e avec soin, elle offre une qualit\u00e9 constante, une apparence impeccable et une puissance parfaitement \u00e9quilibr\u00e9e.<\/span><\/p>\n","protected":false},"featured_media":6975,"comment_status":"open","ping_status":"closed","template":"","meta":{"om_disable_all_campaigns":false,"_monsterinsights_skip_tracking":false,"_monsterinsights_sitenote_active":false,"_monsterinsights_sitenote_note":"","_monsterinsights_sitenote_category":0},"product_brand":[],"product_cat":[145,162,166],"product_tag":[],"class_list":{"0":"post-6873","1":"product","2":"type-product","3":"status-publish","4":"has-post-thumbnail","6":"product_cat-10-oh-max","7":"product_cat-10-oh-max-ita","8":"product_cat-booste-par-5","10":"first","11":"instock","12":"shipping-taxable","13":"purchasable","14":"product-type-variable","15":"has-default-attributes","16":"add-to-wishlist-before_add_to_cart"},"_links":{"self":[{"href":"https:\/\/www.cbdohmax.fr\/index.php?rest_route=\/wp\/v2\/product\/6873","targetHints":{"allow":["GET"]}}],"collection":[{"href":"https:\/\/www.cbdohmax.fr\/index.php?rest_route=\/wp\/v2\/product"}],"about":[{"href":"https:\/\/www.cbdohmax.fr\/index.php?rest_route=\/wp\/v2\/types\/product"}],"replies":[{"embeddable":true,"href":"https:\/\/www.cbdohmax.fr\/index.php?rest_route=%2Fwp%2Fv2%2Fcomments&post=6873"}],"wp:featuredmedia":[{"embeddable":true,"href":"https:\/\/www.cbdohmax.fr\/index.php?rest_route=\/wp\/v2\/media\/6975"}],"wp:attachment":[{"href":"https:\/\/www.cbdohmax.fr\/index.php?rest_route=%2Fwp%2Fv2%2Fmedia&parent=6873"}],"wp:term":[{"taxonomy":"product_brand","embeddable":true,"href":"https:\/\/www.cbdohmax.fr\/index.php?rest_route=%2Fwp%2Fv2%2Fproduct_brand&post=6873"},{"taxonomy":"product_cat","embeddable":true,"href":"https:\/\/www.cbdohmax.fr\/index.php?rest_route=%2Fwp%2Fv2%2Fproduct_cat&post=6873"},{"taxonomy":"product_tag","embeddable":true,"href":"https:\/\/www.cbdohmax.fr\/index.php?rest_route=%2Fwp%2Fv2%2Fproduct_tag&post=6873"}],"curies":[{"name":"wp","href":"https:\/\/api.w.org\/{rel}","templated":true}]}}