{"id":6893,"date":"2026-03-01T21:11:23","date_gmt":"2026-03-01T20:11:23","guid":{"rendered":"https:\/\/www.cbdohmax.fr\/?post_type=product&#038;p=6893"},"modified":"2026-03-01T21:22:10","modified_gmt":"2026-03-01T20:22:10","slug":"creme-visage-au-cbd","status":"publish","type":"product","link":"https:\/\/www.cbdohmax.fr\/?product=creme-visage-au-cbd","title":{"rendered":"CR\u00c8ME VISAGE AU CBD"},"content":{"rendered":"<table>\n<tbody>\n<tr>\n<td width=\"144\">Gr\u00e2ce aux extraits de chanvre et d&#8217;aloe vera bio, votre visage retrouvera rapidement une apparence plus fra\u00eeche, plus lumineuse et plus \u00e9clatante. Id\u00e9al pour les peaux qui ont besoin de douceur et d&#8217;hydratation suppl\u00e9mentaire.<\/p>\n<p>&nbsp;<\/p>\n<p>Appliquer matin et soir sur le visage et le cou en massant l\u00e9g\u00e8rement jusqu&#8217;\u00e0 absorption.<\/p>\n<p>&nbsp;<\/p>\n<p><strong>TEST\u00c9 DERMATOLOGIQUEMENT<\/strong><\/p>\n<p>&nbsp;<\/p>\n<p><strong>DISTRIBU\u00c9 PAR :<\/strong><\/p>\n<p><strong>CBD OH MAX<\/strong><\/p>\n<p><strong>28 RUE DES TREILLES<\/strong><\/p>\n<p><strong>62400 BETHUNE<\/strong><\/p>\n<p>&nbsp;<\/p>\n<p><strong>CBD &#8211; 125 MG<\/strong><\/p>\n<p>&nbsp;<\/p>\n<p><strong>MADE IN ITALIA<\/strong><\/p>\n<p>&nbsp;<\/p>\n<p><strong>50 ml\u00a0\u00a0\u00a0\u00a0\u00a0\u00a0\u00a0\u00a0\u00a0\u00a0\u00a0\u00a0\u00a0\u00a0\u00a0\u00a0\u00a0\u00a0\u00a0\u00a0\u00a0\u00a0\u00a0\u00a0\u00a0 1,69 fl Oz<\/strong><\/td>\n<\/tr>\n<\/tbody>\n<\/table>\n","protected":false},"excerpt":{"rendered":"<table>\n<tbody>\n<tr>\n<td width=\"144\"><strong>PURE TH\u00c9RAPIE <\/strong><\/p>\n<p><strong>POUR LA PEAU<\/strong><\/p>\n<p>&nbsp;<\/p>\n<p><strong>CBD<\/strong><\/p>\n<p>&nbsp;<\/p>\n<p><strong>CR\u00c8ME VISAGE NOURRISSANTE ET \u00c9CLATANTE AU CBD<\/strong><\/p>\n<p><strong>\u00a0<\/strong><\/p>\n<p><strong>AU BEURRE DE KARIT\u00c9, AU CALENDULA, \u00c0 L&#8217;ALOE VERA ET \u00c0 L&#8217;HUILE D&#8217;AVOCAT<\/strong><\/td>\n<\/tr>\n<\/tbody>\n<\/table>\n<p>&nbsp;<\/p>\n","protected":false},"featured_media":6894,"comment_status":"open","ping_status":"closed","template":"","meta":{"om_disable_all_campaigns":false,"_monsterinsights_skip_tracking":false,"_monsterinsights_sitenote_active":false,"_monsterinsights_sitenote_note":"","_monsterinsights_sitenote_category":0},"product_brand":[],"product_cat":[128,97,68],"product_tag":[],"class_list":{"0":"post-6893","1":"product","2":"type-product","3":"status-publish","4":"has-post-thumbnail","6":"product_cat-cbd","7":"product_cat-coffrets","8":"product_cat-cosmetiques","10":"first","11":"instock","12":"shipping-taxable","13":"purchasable","14":"product-type-simple","15":"add-to-wishlist-before_add_to_cart"},"_links":{"self":[{"href":"https:\/\/www.cbdohmax.fr\/index.php?rest_route=\/wp\/v2\/product\/6893","targetHints":{"allow":["GET"]}}],"collection":[{"href":"https:\/\/www.cbdohmax.fr\/index.php?rest_route=\/wp\/v2\/product"}],"about":[{"href":"https:\/\/www.cbdohmax.fr\/index.php?rest_route=\/wp\/v2\/types\/product"}],"replies":[{"embeddable":true,"href":"https:\/\/www.cbdohmax.fr\/index.php?rest_route=%2Fwp%2Fv2%2Fcomments&post=6893"}],"wp:featuredmedia":[{"embeddable":true,"href":"https:\/\/www.cbdohmax.fr\/index.php?rest_route=\/wp\/v2\/media\/6894"}],"wp:attachment":[{"href":"https:\/\/www.cbdohmax.fr\/index.php?rest_route=%2Fwp%2Fv2%2Fmedia&parent=6893"}],"wp:term":[{"taxonomy":"product_brand","embeddable":true,"href":"https:\/\/www.cbdohmax.fr\/index.php?rest_route=%2Fwp%2Fv2%2Fproduct_brand&post=6893"},{"taxonomy":"product_cat","embeddable":true,"href":"https:\/\/www.cbdohmax.fr\/index.php?rest_route=%2Fwp%2Fv2%2Fproduct_cat&post=6893"},{"taxonomy":"product_tag","embeddable":true,"href":"https:\/\/www.cbdohmax.fr\/index.php?rest_route=%2Fwp%2Fv2%2Fproduct_tag&post=6893"}],"curies":[{"name":"wp","href":"https:\/\/api.w.org\/{rel}","templated":true}]}}