{"id":6897,"date":"2026-03-01T21:29:06","date_gmt":"2026-03-01T20:29:06","guid":{"rendered":"https:\/\/www.cbdohmax.fr\/?post_type=product&#038;p=6897"},"modified":"2026-03-01T21:36:46","modified_gmt":"2026-03-01T20:36:46","slug":"gel-douche-reparateur-au-cbd","status":"publish","type":"product","link":"https:\/\/www.cbdohmax.fr\/?product=gel-douche-reparateur-au-cbd","title":{"rendered":"GEL DOUCHE REPARATEUR AU CBD"},"content":{"rendered":"<table>\n<tbody>\n<tr>\n<td width=\"189\">Soulage la fatigue et favorise la relaxation, aide \u00e0 restaurer le film hydrolipidique, r\u00e9tablit l&#8217;\u00e9quilibre hydrique correct.<\/p>\n<p>&nbsp;<\/p>\n<p>\u00c9galement indiqu\u00e9 pour la petite enfance.<\/p>\n<p>&nbsp;<\/p>\n<p>Soulage la fatigue et favorise la relaxation.<\/p>\n<p>&nbsp;<\/p>\n<p>Aide \u00e0 restaurer le film hydrolipidique, \u00e0 r\u00e9tablir l&#8217;\u00e9quilibre hydrique correct. Indiqu\u00e9 \u00e9galement pour la petite enfance.<\/p>\n<p>&nbsp;<\/p>\n<p>Extrait laurate de fleur d&#8217;Avena recutita mis. Teinture ou extrait cinnamique, acide citrique.<\/p>\n<p>&nbsp;<\/p>\n<p>&nbsp;<\/p>\n<p>Id\u00e9al pour une utilisation avec une \u00e9ponge (naturelle si possible), bien rincer \u00e0 l&#8217;eau.<\/p>\n<p>&nbsp;<\/p>\n<p>Id\u00e9al pour une utilisation avec une \u00e9ponge (\u00e9ventuellement naturelle). Bien rincer \u00e0 l&#8217;eau.<\/p>\n<p>&nbsp;<\/p>\n<p>&nbsp;<\/p>\n<p><strong>TEST\u00c9 DERMATOLOGIQUEMENT<\/strong><\/p>\n<p>&nbsp;<\/p>\n<p>&nbsp;<\/p>\n<p><strong>DISTRIBU\u00c9 PAR :<\/strong><\/p>\n<p>&nbsp;<\/p>\n<p><strong>CBD OH MAX<\/strong><\/p>\n<p><strong>28 RUE DES TREILLES<\/strong><\/p>\n<p><strong>62400 BETHUNE<\/strong><\/p>\n<p>&nbsp;<\/p>\n<p><strong>CBD &#8211; 19 MG<\/strong><\/p>\n<p>&nbsp;<\/p>\n<p>&nbsp;<\/p>\n<p><strong>MADE IN ITALIA<\/strong><\/p>\n<p>&nbsp;<\/p>\n<p><strong>250 ml \u00a0\u00a0\u00a0\u00a0\u00a0\u00a0\u00a0\u00a0\u00a0\u00a0\u00a0\u00a0\u00a0\u00a0\u00a0\u00a0\u00a0\u00a0\u00a0\u00a0\u00a0\u00a0\u00a0\u00a0\u00a0\u00a0\u00a0\u00a0\u00a0\u00a0\u00a0\u00a0\u00a0\u00a0\u00a0\u00a08,5 fl Oz<\/strong><\/td>\n<\/tr>\n<\/tbody>\n<\/table>\n","protected":false},"excerpt":{"rendered":"<table>\n<tbody>\n<tr>\n<td width=\"189\"><strong>GEL DOUCHE R\u00c9PARATEUR AU CBD<\/strong><\/p>\n<p><strong>BAIN ET DOUCHE<\/strong><\/p>\n<p>&nbsp;<\/p>\n<p>&nbsp;<\/p>\n<p>\u00c0 BASE DE CRAMBE ABYSSINICA &amp; DE CALENDULA<\/td>\n<\/tr>\n<\/tbody>\n<\/table>\n","protected":false},"featured_media":6898,"comment_status":"open","ping_status":"closed","template":"","meta":{"om_disable_all_campaigns":false,"_monsterinsights_skip_tracking":false,"_monsterinsights_sitenote_active":false,"_monsterinsights_sitenote_note":"","_monsterinsights_sitenote_category":0},"product_brand":[],"product_cat":[128,97,68],"product_tag":[],"class_list":{"0":"post-6897","1":"product","2":"type-product","3":"status-publish","4":"has-post-thumbnail","6":"product_cat-cbd","7":"product_cat-coffrets","8":"product_cat-cosmetiques","10":"first","11":"instock","12":"shipping-taxable","13":"purchasable","14":"product-type-simple","15":"add-to-wishlist-before_add_to_cart"},"_links":{"self":[{"href":"https:\/\/www.cbdohmax.fr\/index.php?rest_route=\/wp\/v2\/product\/6897","targetHints":{"allow":["GET"]}}],"collection":[{"href":"https:\/\/www.cbdohmax.fr\/index.php?rest_route=\/wp\/v2\/product"}],"about":[{"href":"https:\/\/www.cbdohmax.fr\/index.php?rest_route=\/wp\/v2\/types\/product"}],"replies":[{"embeddable":true,"href":"https:\/\/www.cbdohmax.fr\/index.php?rest_route=%2Fwp%2Fv2%2Fcomments&post=6897"}],"wp:featuredmedia":[{"embeddable":true,"href":"https:\/\/www.cbdohmax.fr\/index.php?rest_route=\/wp\/v2\/media\/6898"}],"wp:attachment":[{"href":"https:\/\/www.cbdohmax.fr\/index.php?rest_route=%2Fwp%2Fv2%2Fmedia&parent=6897"}],"wp:term":[{"taxonomy":"product_brand","embeddable":true,"href":"https:\/\/www.cbdohmax.fr\/index.php?rest_route=%2Fwp%2Fv2%2Fproduct_brand&post=6897"},{"taxonomy":"product_cat","embeddable":true,"href":"https:\/\/www.cbdohmax.fr\/index.php?rest_route=%2Fwp%2Fv2%2Fproduct_cat&post=6897"},{"taxonomy":"product_tag","embeddable":true,"href":"https:\/\/www.cbdohmax.fr\/index.php?rest_route=%2Fwp%2Fv2%2Fproduct_tag&post=6897"}],"curies":[{"name":"wp","href":"https:\/\/api.w.org\/{rel}","templated":true}]}}