{"id":6899,"date":"2026-03-01T21:37:19","date_gmt":"2026-03-01T20:37:19","guid":{"rendered":"https:\/\/www.cbdohmax.fr\/?post_type=product&#038;p=6899"},"modified":"2026-03-01T21:43:58","modified_gmt":"2026-03-01T20:43:58","slug":"shampooing-au-cbd","status":"publish","type":"product","link":"https:\/\/www.cbdohmax.fr\/?product=shampooing-au-cbd","title":{"rendered":"SHAMPOOING AU CBD"},"content":{"rendered":"<table>\n<tbody>\n<tr>\n<td width=\"189\">Des cheveux plus sains, plus forts et plus vitaux gr\u00e2ce \u00e0 l&#8217;extrait de chanvre et au CBD.<\/p>\n<p>Renforce et r\u00e9pare en augmentant l&#8217;\u00e9lasticit\u00e9 et l&#8217;\u00e9paisseur.<\/p>\n<p>&nbsp;<\/p>\n<p>Appliquer sur les cheveux jusqu&#8217;\u00e0 obtenir une mousse homog\u00e8ne.<\/p>\n<p>Laisser agir quelques secondes, puis rincer soigneusement \u00e0 l&#8217;eau.<\/p>\n<p>&nbsp;<\/p>\n<p>&nbsp;<\/p>\n<p><strong>TEST\u00c9 DERMATOLOGIQUEMENT<\/strong><\/p>\n<p>&nbsp;<\/p>\n<p>&nbsp;<\/p>\n<p><strong>DISTRIBU\u00c9 PAR :<\/strong><\/p>\n<p>&nbsp;<\/p>\n<p><strong>CBD OH MAX<\/strong><\/p>\n<p><strong>28 RUE DES TREILLES<\/strong><\/p>\n<p><strong>62400 BETHUNE<\/strong><\/p>\n<p>&nbsp;<\/p>\n<p>&nbsp;<\/p>\n<p><strong>CBD &#8211; 21 MG<\/strong><\/p>\n<p>&nbsp;<\/p>\n<p>&nbsp;<\/p>\n<p><strong>MADE IN ITALIA<\/strong><\/p>\n<p>&nbsp;<\/p>\n<p><strong>200 ml \u00a0\u00a0\u00a0\u00a0\u00a0\u00a0\u00a0\u00a0\u00a0\u00a0\u00a0\u00a0\u00a0\u00a0\u00a0\u00a0\u00a0\u00a0\u00a0\u00a0\u00a0\u00a0\u00a0\u00a0\u00a0\u00a0\u00a0\u00a0\u00a0\u00a0\u00a0\u00a0\u00a0\u00a0\u00a06,8 fl Oz<\/strong><\/td>\n<\/tr>\n<\/tbody>\n<\/table>\n","protected":false},"excerpt":{"rendered":"<p>&nbsp;<\/p>\n<table>\n<tbody>\n<tr>\n<td width=\"189\"><strong>SHAMPOOING AU CBD<\/strong><\/p>\n<p>&nbsp;<\/p>\n<p><strong>RECHARGE ET RESTRUCTURATION<\/strong><\/p>\n<p><strong>\u00a0<\/strong><\/p>\n<p><strong>\u00a0<\/strong><\/p>\n<p><strong>\u00c0 L&#8217;HUILE DE CANNABIS BIOLOGIQUE, \u00c0 L&#8217;ALOE VERA ET AUX PROT\u00c9INES DE BL\u00c9<\/strong><strong>\u00a0<\/strong><\/td>\n<\/tr>\n<\/tbody>\n<\/table>\n<p>&nbsp;<\/p>\n","protected":false},"featured_media":6900,"comment_status":"open","ping_status":"closed","template":"","meta":{"om_disable_all_campaigns":false,"_monsterinsights_skip_tracking":false,"_monsterinsights_sitenote_active":false,"_monsterinsights_sitenote_note":"","_monsterinsights_sitenote_category":0},"product_brand":[],"product_cat":[128,97,68],"product_tag":[],"class_list":{"0":"post-6899","1":"product","2":"type-product","3":"status-publish","4":"has-post-thumbnail","6":"product_cat-cbd","7":"product_cat-coffrets","8":"product_cat-cosmetiques","10":"first","11":"instock","12":"shipping-taxable","13":"purchasable","14":"product-type-simple","15":"add-to-wishlist-before_add_to_cart"},"_links":{"self":[{"href":"https:\/\/www.cbdohmax.fr\/index.php?rest_route=\/wp\/v2\/product\/6899","targetHints":{"allow":["GET"]}}],"collection":[{"href":"https:\/\/www.cbdohmax.fr\/index.php?rest_route=\/wp\/v2\/product"}],"about":[{"href":"https:\/\/www.cbdohmax.fr\/index.php?rest_route=\/wp\/v2\/types\/product"}],"replies":[{"embeddable":true,"href":"https:\/\/www.cbdohmax.fr\/index.php?rest_route=%2Fwp%2Fv2%2Fcomments&post=6899"}],"wp:featuredmedia":[{"embeddable":true,"href":"https:\/\/www.cbdohmax.fr\/index.php?rest_route=\/wp\/v2\/media\/6900"}],"wp:attachment":[{"href":"https:\/\/www.cbdohmax.fr\/index.php?rest_route=%2Fwp%2Fv2%2Fmedia&parent=6899"}],"wp:term":[{"taxonomy":"product_brand","embeddable":true,"href":"https:\/\/www.cbdohmax.fr\/index.php?rest_route=%2Fwp%2Fv2%2Fproduct_brand&post=6899"},{"taxonomy":"product_cat","embeddable":true,"href":"https:\/\/www.cbdohmax.fr\/index.php?rest_route=%2Fwp%2Fv2%2Fproduct_cat&post=6899"},{"taxonomy":"product_tag","embeddable":true,"href":"https:\/\/www.cbdohmax.fr\/index.php?rest_route=%2Fwp%2Fv2%2Fproduct_tag&post=6899"}],"curies":[{"name":"wp","href":"https:\/\/api.w.org\/{rel}","templated":true}]}}