{"id":7068,"date":"2026-04-06T18:56:41","date_gmt":"2026-04-06T16:56:41","guid":{"rendered":"https:\/\/www.cbdohmax.fr\/?post_type=product&#038;p=7068"},"modified":"2026-04-06T19:31:08","modified_gmt":"2026-04-06T17:31:08","slug":"frozen-amnesia-small-buds","status":"publish","type":"product","link":"https:\/\/www.cbdohmax.fr\/?product=frozen-amnesia-small-buds","title":{"rendered":"FROZEN AMN\u00c9SIA SMALL BUDS"},"content":{"rendered":"<div dir=\"ltr\">\n<h3 class=\"x_p3\" data-ogsc=\"rgb(0, 0, 0)\"><strong><span class=\"x_s2\" data-ogsc=\"\" data-olk-copy-source=\"MessageBody\">\ud83c\udf3f<\/span><span class=\"x_s3\" data-ogsc=\"\"> Origine de l\u2019Amn\u00e9sia<\/span><\/strong><\/h3>\n<p class=\"x_p3\" data-ogsc=\"rgb(0, 0, 0)\"><span class=\"x_s2\" data-ogsc=\"\">La\u00a0<\/span><span class=\"x_s3\" data-ogsc=\"\">Amn\u00e9sia<\/span><span class=\"x_s2\" data-ogsc=\"\">\u00a0est issue d\u2019un m\u00e9lange de <strong>g\u00e9n\u00e9tiques sativa<\/strong> venant d\u2019Asie, Jama\u00efque et Afghanistan.<\/span><\/p>\n<p class=\"x_p3\" data-ogsc=\"rgb(0, 0, 0)\"><span class=\"x_s2\" data-ogsc=\"\">Elle a \u00e9t\u00e9\u00a0<\/span><strong><span class=\"x_s3\" data-ogsc=\"\">d\u00e9velopp\u00e9e et popularis\u00e9e \u00e0\u00a0<span class=\"x_s4\" data-ogsc=\"\">Amsterdam<\/span><\/span><\/strong><span class=\"x_s2\" data-ogsc=\"\">\u00a0dans les ann\u00e9es 90\u20132000.<\/span><\/p>\n<p class=\"x_p3\" data-ogsc=\"rgb(0, 0, 0)\"><span class=\"x_s2\" data-ogsc=\"\">\ud83d\udc49 Connue pour son go\u00fbt citronn\u00e9 et ses effets \u00e9nergisants, elle est aujourd\u2019hui\u00a0<\/span><span class=\"x_s3\" data-ogsc=\"\">l\u2019une des vari\u00e9t\u00e9s les plus populaires en Europe<\/span><span class=\"x_s2\" data-ogsc=\"\">.<\/span><\/p>\n<p>&nbsp;<\/p>\n<p>&nbsp;<\/p>\n<h3 class=\"x_p3\" data-ogsc=\"rgb(0, 0, 0)\"><strong><span class=\"x_s2\" data-ogsc=\"\">\ud83d\udc8e<\/span><span class=\"x_s3\" data-ogsc=\"\">\u00a0Aspect visuel<\/span><\/strong><\/h3>\n<p class=\"x_p3\" data-ogsc=\"rgb(0, 0, 0)\"><span class=\"x_s2\" data-ogsc=\"\">Des petites t\u00eates qui n\u2019ont rien \u00e0 envier aux grosses \ud83d\udc47<\/span><\/p>\n<p class=\"x_p3\" data-ogsc=\"rgb(0, 0, 0)\"><span class=\"x_s2\" data-ogsc=\"\">\ud83d\udc49 Buds\u00a0<\/span><span class=\"x_s3\" data-ogsc=\"\">compacts et bien form\u00e9s<\/span><\/p>\n<p class=\"x_p3\" data-ogsc=\"rgb(0, 0, 0)\"><span class=\"x_s2\" data-ogsc=\"\">\ud83d\udc49 Couleur : vert clair lumineux<\/span><\/p>\n<p class=\"x_p3\" data-ogsc=\"rgb(0, 0, 0)\"><span class=\"x_s2\" data-ogsc=\"\">\ud83d\udc49 Pistils : orange dor\u00e9 bien visibles<\/span><\/p>\n<p class=\"x_p3\" data-ogsc=\"rgb(0, 0, 0)\"><span class=\"x_s2\" data-ogsc=\"\">\ud83d\udc49 Trichomes :\u00a0<\/span><span class=\"x_s3\" data-ogsc=\"\">tr\u00e8s pr\u00e9sents<\/span><span class=\"x_s2\" data-ogsc=\"\">, effet givr\u00e9 renforc\u00e9 \u2744\ufe0f<\/span><\/p>\n<p class=\"x_p3\" data-ogsc=\"rgb(0, 0, 0)\"><span class=\"x_s2\" data-ogsc=\"\">\ud83d\udca5 Le proc\u00e9d\u00e9 Frozen donne un aspect\u00a0<\/span><span class=\"x_s3\" data-ogsc=\"\">plus frais et plus brillant<\/span><\/p>\n<p>&nbsp;<\/p>\n<p>&nbsp;<\/p>\n<h3 class=\"x_p3\" data-ogsc=\"rgb(0, 0, 0)\"><strong><span class=\"x_s2\" data-ogsc=\"\">\ud83d\udc43<\/span><span class=\"x_s3\" data-ogsc=\"\">\u00a0Ar\u00f4mes<\/span><\/strong><\/h3>\n<p class=\"x_p3\" data-ogsc=\"rgb(0, 0, 0)\"><span class=\"x_s2\" data-ogsc=\"\">Profil aromatique\u00a0<\/span><span class=\"x_s3\" data-ogsc=\"\">tr\u00e8s intense et explosif<\/span><span class=\"x_s2\" data-ogsc=\"\">\u00a0:<\/span><\/p>\n<p class=\"x_p4\" data-ogsc=\"rgb(0, 0, 0)\"><span class=\"x_s2\" data-ogsc=\"\">\ud83c\udf4b Dominante citronn\u00e9e typique Amn\u00e9sia<\/span><\/p>\n<p class=\"x_p4\" data-ogsc=\"rgb(0, 0, 0)\"><span class=\"x_s2\" data-ogsc=\"\">\ud83c\udf3f Notes herbac\u00e9es fra\u00eeches<\/span><\/p>\n<p class=\"x_p4\" data-ogsc=\"rgb(0, 0, 0)\"><span class=\"x_s2\" data-ogsc=\"\">\ud83c\udf32 L\u00e9g\u00e8re touche bois\u00e9e<\/span><\/p>\n<p class=\"x_p4\" data-ogsc=\"rgb(0, 0, 0)\"><span class=\"x_s2\" data-ogsc=\"\">\ud83d\udc49 Une odeur\u00a0<\/span><span class=\"x_s3\" data-ogsc=\"\">tranchante et tr\u00e8s marqu\u00e9e<\/span><span class=\"x_s2\" data-ogsc=\"\">, qui sort du lot<\/span><\/p>\n<p>&nbsp;<\/p>\n<p>&nbsp;<\/p>\n<h3 class=\"x_p3\" data-ogsc=\"rgb(0, 0, 0)\"><strong><span class=\"x_s2\" data-ogsc=\"\">\ud83d\udc45<\/span><span class=\"x_s3\" data-ogsc=\"\">\u00a0Saveurs<\/span><\/strong><\/h3>\n<p class=\"x_p3\" data-ogsc=\"rgb(0, 0, 0)\"><span class=\"x_s2\" data-ogsc=\"\">Une vraie signature en bouche :<\/span><\/p>\n<p class=\"x_p4\" data-ogsc=\"rgb(0, 0, 0)\"><span class=\"x_s2\" data-ogsc=\"\">\u2022 Attaque citronn\u00e9e vive \ud83c\udf4b<\/span><\/p>\n<p class=\"x_p4\" data-ogsc=\"rgb(0, 0, 0)\"><span class=\"x_s2\" data-ogsc=\"\">\u2022 Sensation fra\u00eeche (presque menthol\u00e9e) \u2744\ufe0f<\/span><\/p>\n<p class=\"x_p4\" data-ogsc=\"rgb(0, 0, 0)\"><span class=\"x_s2\" data-ogsc=\"\">\u2022 Finale l\u00e9g\u00e8rement \u00e9pic\u00e9e<\/span><\/p>\n<p class=\"x_p4\" data-ogsc=\"rgb(0, 0, 0)\"><span class=\"x_s2\" data-ogsc=\"\">\ud83d\udca8 Une vari\u00e9t\u00e9 tr\u00e8s appr\u00e9ci\u00e9e pour son c\u00f4t\u00e9\u00a0<\/span><span class=\"x_s3\" data-ogsc=\"\">frais et percutant<\/span><\/p>\n<p>&nbsp;<\/p>\n<h3><\/h3>\n<h3 class=\"x_p3\" data-ogsc=\"rgb(0, 0, 0)\"><strong><span class=\"x_s2\" data-ogsc=\"\">\u26a1<\/span><span class=\"x_s3\" data-ogsc=\"\">\u00a0Effets<\/span><\/strong><\/h3>\n<p class=\"x_p3\" data-ogsc=\"rgb(0, 0, 0)\"><span class=\"x_s2\" data-ogsc=\"\">Une Amn\u00e9sia revisit\u00e9e pour le bien-\u00eatre \ud83d\udc47<\/span><\/p>\n<p class=\"x_p4\" data-ogsc=\"rgb(0, 0, 0)\"><span class=\"x_s2\" data-ogsc=\"\">\ud83d\ude0c Relaxation l\u00e9g\u00e8re \u00e0 mod\u00e9r\u00e9e<\/span><\/p>\n<p class=\"x_p4\" data-ogsc=\"rgb(0, 0, 0)\"><span class=\"x_s2\" data-ogsc=\"\">\ud83e\udde0 Sensation de clart\u00e9 mentale<\/span><\/p>\n<p class=\"x_p4\" data-ogsc=\"rgb(0, 0, 0)\"><span class=\"x_s2\" data-ogsc=\"\">\u26a1 Effet plus \u201c\u00e9nergisant\u201d que les vari\u00e9t\u00e9s lourdes<\/span><\/p>\n<p class=\"x_p4\" data-ogsc=\"rgb(0, 0, 0)\"><span class=\"x_s2\" data-ogsc=\"\">\ud83d\udc49 Id\u00e9ale en journ\u00e9e ou en d\u00e9but de soir\u00e9e<\/span><\/p>\n<p>&nbsp;<\/p>\n<p>&nbsp;<\/p>\n<h3 class=\"x_p3\" data-ogsc=\"rgb(0, 0, 0)\"><strong><span class=\"x_s2\" data-ogsc=\"\">\u2744\ufe0f<\/span><span class=\"x_s3\" data-ogsc=\"\">\u00a0Proc\u00e9d\u00e9 Frozen (s\u00e9lection premium)<\/span><\/strong><\/h3>\n<p class=\"x_p3\" data-ogsc=\"rgb(0, 0, 0)\"><span class=\"x_s2\" data-ogsc=\"\">Une m\u00e9thode de s\u00e9chage innovante \ud83d\udc47<\/span><\/p>\n<p class=\"x_p3\" data-ogsc=\"rgb(0, 0, 0)\"><span class=\"x_s2\" data-ogsc=\"\">\ud83d\udc49 Au lieu d\u2019un s\u00e9chage classique :<\/span><\/p>\n<p class=\"x_p4\" data-ogsc=\"rgb(0, 0, 0)\"><span class=\"x_s2\" data-ogsc=\"\">Suspendue en chambre noire pendant minimum 2 semaines<\/span><\/p>\n<p class=\"x_p4\" data-ogsc=\"rgb(0, 0, 0)\"><span class=\"x_s2\" data-ogsc=\"\">\ud83d\udc49 M\u00e9thode Frozen :<\/span><\/p>\n<p class=\"x_p4\" data-ogsc=\"rgb(0, 0, 0)\"><span class=\"x_s2\" data-ogsc=\"\">\u2705 Mise en <\/span><span class=\"x_s3\" data-ogsc=\"\">chambre froide pendant environ 1 mois et demi<\/span><\/p>\n<p class=\"x_p4\" data-ogsc=\"rgb(0, 0, 0)\"><span class=\"x_s2\" data-ogsc=\"\">\ud83d\udc8e R\u00e9sultats :<\/span><\/p>\n<p class=\"x_p4\" data-ogsc=\"rgb(0, 0, 0)\"><span class=\"x_s2\" data-ogsc=\"\">\u2022 Ar\u00f4mes\u00a0<\/span><span class=\"x_s3\" data-ogsc=\"\">mieux conserv\u00e9s et plus puissants<\/span><\/p>\n<p class=\"x_p4\" data-ogsc=\"rgb(0, 0, 0)\"><span class=\"x_s2\" data-ogsc=\"\">\u2022 Sensation de\u00a0<\/span><span class=\"x_s3\" data-ogsc=\"\">fra\u00eecheur unique<\/span><\/p>\n<p class=\"x_p4\" data-ogsc=\"rgb(0, 0, 0)\"><span class=\"x_s2\" data-ogsc=\"\">\u2022 Meilleure pr\u00e9servation des terp\u00e8nes<\/span><\/p>\n<p class=\"x_p4\" data-ogsc=\"rgb(0, 0, 0)\"><span class=\"x_s2\" data-ogsc=\"\">\u2022 Texture plus agr\u00e9able<\/span><\/p>\n<p>&nbsp;<\/p>\n<p>&nbsp;<\/p>\n<h3 class=\"x_p3\" data-ogsc=\"rgb(0, 0, 0)\"><strong><span class=\"x_s2\" data-ogsc=\"\">\ud83d\udce6<\/span><span class=\"x_s3\" data-ogsc=\"\">\u00a0Format Small Buds : malin et rentable<\/span><\/strong><\/h3>\n<p class=\"x_p4\" data-ogsc=\"rgb(0, 0, 0)\"><span class=\"x_s2\" data-ogsc=\"\">\ud83d\udcb0 Prix plus accessible<\/span><\/p>\n<p class=\"x_p4\" data-ogsc=\"rgb(0, 0, 0)\"><span class=\"x_s2\" data-ogsc=\"\">\ud83c\udf3f M\u00eame qualit\u00e9 aromatique<\/span><\/p>\n<p class=\"x_p4\" data-ogsc=\"rgb(0, 0, 0)\"><span class=\"x_s2\" data-ogsc=\"\">\ud83d\udd25 Id\u00e9al pour consommation r\u00e9guli\u00e8re<\/span><\/p>\n<p class=\"x_p4\" data-ogsc=\"rgb(0, 0, 0)\"><span class=\"x_s2\" data-ogsc=\"\">\ud83d\udc49 Parfait pour les clients qui veulent\u00a0<\/span><span class=\"x_s3\" data-ogsc=\"\">du go\u00fbt sans exploser le budget<\/span><\/p>\n<p>&nbsp;<\/p>\n<p>&nbsp;<\/p>\n<h3 class=\"x_p3\" data-ogsc=\"rgb(0, 0, 0)\"><strong><span class=\"x_s2\" data-ogsc=\"\">\ud83d\udcca<\/span><span class=\"x_s3\" data-ogsc=\"\">\u00a0Caract\u00e9ristiques<\/span><\/strong><\/h3>\n<p class=\"x_p4\" data-ogsc=\"rgb(0, 0, 0)\"><span class=\"x_s2\" data-ogsc=\"\">\u2022 CBD : 12%<\/span><\/p>\n<p class=\"x_p4\" data-ogsc=\"rgb(0, 0, 0)\"><span class=\"x_s2\" data-ogsc=\"\">\u2022 THC :\u00a0<\/span><span class=\"x_s3\" data-ogsc=\"\">&lt; 0,3%<\/span><span class=\"x_s2\" data-ogsc=\"\">\u00a0conforme l\u00e9gislation<\/span><\/p>\n<p class=\"x_p4\" data-ogsc=\"rgb(0, 0, 0)\"><span class=\"x_s2\" data-ogsc=\"\">\u2022 Type : Amn\u00e9sia<\/span><\/p>\n<p class=\"x_p4\" data-ogsc=\"rgb(0, 0, 0)\"><span class=\"x_s2\" data-ogsc=\"\">\u2022 Proc\u00e9d\u00e9 :\u00a0<\/span><span class=\"x_s3\" data-ogsc=\"\">Frozen (chambre froide)<\/span><\/p>\n<p class=\"x_p4\" data-ogsc=\"rgb(0, 0, 0)\"><span class=\"x_s2\" data-ogsc=\"\">\u2022 Format : Small Buds<\/span><\/p>\n<p>&nbsp;<\/p>\n<p>&nbsp;<\/p>\n<h3 class=\"x_p3\" data-ogsc=\"rgb(0, 0, 0)\"><strong><span class=\"x_s2\" data-ogsc=\"\">\ud83d\udc9a<\/span><span class=\"x_s3\" data-ogsc=\"\"> Pourquoi choisir cette Frozen Amn\u00e9sia ?<\/span><\/strong><\/h3>\n<p class=\"x_p3\" data-ogsc=\"rgb(0, 0, 0)\"><span class=\"x_s2\" data-ogsc=\"\">\u2714\ufe0f Saveur citronn\u00e9e ultra intense<\/span><\/p>\n<p class=\"x_p3\" data-ogsc=\"rgb(0, 0, 0)\"><span class=\"x_s2\" data-ogsc=\"\">\u2714\ufe0f Effet frais unique gr\u00e2ce au Frozen<\/span><\/p>\n<p class=\"x_p3\" data-ogsc=\"rgb(0, 0, 0)\"><span class=\"x_s2\" data-ogsc=\"\">\u2714\ufe0f Vari\u00e9t\u00e9 tr\u00e8s appr\u00e9ci\u00e9e des connaisseurs<\/span><\/p>\n<p class=\"x_p3\" data-ogsc=\"rgb(0, 0, 0)\"><span class=\"x_s2\" data-ogsc=\"\">\u2714\ufe0f Excellent rapport qualit\u00e9\/prix<\/span><\/p>\n<p class=\"x_p3\" data-ogsc=\"rgb(0, 0, 0)\"><span class=\"x_s2\" data-ogsc=\"\">\u2714\ufe0f Id\u00e9ale pour la journ\u00e9e<\/span><\/p>\n<\/div>\n<div dir=\"ltr\">\n<p>Les adeptes du bien-\u00eatre naturel trouveront dans cette fleur CBD une source fiable de relaxation sans les effets psychoactifs associ\u00e9s au THC.<\/p>\n<p>&nbsp;<\/p>\n<p>De plus, sa culture biologique assure une conformit\u00e9 totale avec les normes europ\u00e9ennes strictes, renfor\u00e7ant la confiance des consommateurs en qu\u00eate de produits purs et efficaces.<\/p>\n<p>Pour ceux qui cherchent \u00e0 explorer les options de CBD de haute qualit\u00e9, cette vari\u00e9t\u00e9 se pr\u00e9sente comme une solution incontournable.<\/p>\n<\/div>\n<div dir=\"ltr\"><\/div>\n<p><a href=\"https:\/\/www.facebook.com\/profile.php?id=61579757663366\" target=\"_blank\" rel=\"noopener\">CBD OH MAX<\/a>\u00a0vous propose plusieurs m\u00e9thodes de consommations pour les fleurs et r\u00e9sines de CBD.<\/p>\n<p>Rappel : Les fleurs et r\u00e9sines ne doivent en aucun cas \u00eatre fum\u00e9es. Risque important des pertes de terp\u00e8nes ainsi qu\u2019une perte de qualit\u00e9 du produit par cette effet de combustion (exemple : flamme d\u2019un briquet)<\/p>\n<p>Vous pourrez donc choisir entre les diff\u00e9rents modes de consommation cit\u00e9s ci-dessous.<\/p>\n<p>&nbsp;<\/p>\n<p><a href=\"https:\/\/www.cbdohmax.fr\/?product_cat=thes-infusions-cbd\"><strong>En infusion :<\/strong><\/a><\/p>\n<p>Pour cela rien de plus simple !<br \/>\nIl vous suffit de vous pr\u00e9parer de l\u2019eau chaude, comme une tisane classique et y ajouter les fleurs de CBD (infus\u00e9 4 \u00e0 7 minutes) puis rajouter un corps gras comme du lait, de la cr\u00e8me, du beurre ou m\u00eame de l\u2019huile v\u00e9g\u00e9tale.<\/p>\n<p>En effet, n\u2019oublions pas que le CBD est une mol\u00e9cule lipophile et a de ce fait besoin d\u2019un corps gras pour lib\u00e9rer tous ses bienfaits.<\/p>\n<p>L\u2019effet ressenti est : sur la dur\u00e9e.<\/p>\n<p>&nbsp;<\/p>\n<p><a href=\"https:\/\/www.cbdohmax.fr\/?product_cat=vape-cbd\"><strong>En vaporisation :<\/strong><\/a><\/p>\n<p>Si vous n\u2019\u00eates pas un adepte des infusions aux CBD, il existe une autre m\u00e9thode, la vaporisation.<\/p>\n<p>Une autre solution pour b\u00e9n\u00e9ficier plus rapidement des effets de vos fleurs ou r\u00e9sines .<\/p>\n<p>Gr\u00e2ce \u00e0 ce vaporisateur, vous ne perdez pas de terp\u00e8nes ni la qualit\u00e9 des ar\u00f4mes.<\/p>\n<p>Un go\u00fbt exceptionnel.<\/p>\n<p>C\u00f4t\u00e9 effets, la vaporisation permet de r\u00e9v\u00e9ler beaucoup plus rapidement (voire instantan\u00e9ment) les bienfaits des diff\u00e9rents cannabino\u00efdes composants les fleurs ou r\u00e9sines.<\/p>\n<p>Il vous est conseill\u00e9 de r\u00e9gler votre vaporisateur \u00e0 180\u00b0C pour une fleur et jusqu\u2019\u00e0 210\u00b0C pour une r\u00e9sine.<\/p>\n<p>&nbsp;<\/p>\n<p>&nbsp;<\/p>\n<p><em>Des prix variables et d\u00e9gressifs \ud83d\udc4d<\/em><\/p>\n<p>&nbsp;<\/p>\n<p>Toutes les fleurs sont issues d\u2019une agriculture naturelle et respectent les normes en vigueur des pays membres de l\u2019Union Europ\u00e9enne. THC&lt;0,3%<\/p>\n<p>&nbsp;<\/p>\n<p><strong>Stockage Appropri\u00e9<\/strong><\/p>\n<p>Pour pr\u00e9server la fra\u00eecheur et la qualit\u00e9 de la fleur de CBD, conservez l\u00e0 dans un endroit frais, sombre et sec, de pr\u00e9f\u00e9rence dans un r\u00e9cipient herm\u00e9tique. \u00c9vitez l&#8217;exposition \u00e0 la lumi\u00e8re directe du soleil et \u00e0 l&#8217;humidit\u00e9 excessive.<\/p>\n","protected":false},"excerpt":{"rendered":"<div dir=\"ltr\">\n<h3 class=\"x_p3\" data-ogsc=\"rgb(0, 0, 0)\"><strong><span class=\"x_s2\" data-ogsc=\"\" data-olk-copy-source=\"MessageBody\">\u2744\ufe0f\ud83c\udf3f<\/span><span class=\"x_s3\" data-ogsc=\"\"> Frozen Amn\u00e9sia \u2013 Small Buds<\/span><\/strong><\/h3>\n<h4 class=\"x_p3\" data-ogsc=\"rgb(0, 0, 0)\"><strong><span class=\"x_s2\" data-ogsc=\"\">\ud83d\udd25 Une revisite ultra moderne de la c\u00e9l\u00e8bre Amn\u00e9sia, avec un proc\u00e9d\u00e9 <\/span><span class=\"x_s3\" data-ogsc=\"\">Frozen<\/span><span class=\"x_s2\" data-ogsc=\"\">\u00a0qui booste les ar\u00f4mes et la fra\u00eecheur.<\/span><\/strong><\/h4>\n<p>&nbsp;<\/p>\n<p class=\"x_p3\" data-ogsc=\"rgb(0, 0, 0)\"><span class=\"x_s2\" data-ogsc=\"\">\ud83d\udc49 Le tout en\u00a0<\/span><span class=\"x_s3\" data-ogsc=\"\">small buds<\/span><span class=\"x_s2\" data-ogsc=\"\">, parfait pour allier qualit\u00e9 et prix attractif.<\/span><\/p>\n<\/div>\n","protected":false},"featured_media":7078,"comment_status":"open","ping_status":"closed","template":"","meta":{"om_disable_all_campaigns":false,"_monsterinsights_skip_tracking":false,"_monsterinsights_sitenote_active":false,"_monsterinsights_sitenote_note":"","_monsterinsights_sitenote_category":0},"product_brand":[],"product_cat":[128,17,73,92],"product_tag":[],"class_list":{"0":"post-7068","1":"product","2":"type-product","3":"status-publish","4":"has-post-thumbnail","6":"product_cat-cbd","7":"product_cat-fleurs-cbd","8":"product_cat-fleurs-interieures","9":"product_cat-small-buds","11":"first","12":"instock","13":"sale","14":"shipping-taxable","15":"purchasable","16":"product-type-variable","17":"has-default-attributes","18":"add-to-wishlist-before_add_to_cart"},"_links":{"self":[{"href":"https:\/\/www.cbdohmax.fr\/index.php?rest_route=\/wp\/v2\/product\/7068","targetHints":{"allow":["GET"]}}],"collection":[{"href":"https:\/\/www.cbdohmax.fr\/index.php?rest_route=\/wp\/v2\/product"}],"about":[{"href":"https:\/\/www.cbdohmax.fr\/index.php?rest_route=\/wp\/v2\/types\/product"}],"replies":[{"embeddable":true,"href":"https:\/\/www.cbdohmax.fr\/index.php?rest_route=%2Fwp%2Fv2%2Fcomments&post=7068"}],"wp:featuredmedia":[{"embeddable":true,"href":"https:\/\/www.cbdohmax.fr\/index.php?rest_route=\/wp\/v2\/media\/7078"}],"wp:attachment":[{"href":"https:\/\/www.cbdohmax.fr\/index.php?rest_route=%2Fwp%2Fv2%2Fmedia&parent=7068"}],"wp:term":[{"taxonomy":"product_brand","embeddable":true,"href":"https:\/\/www.cbdohmax.fr\/index.php?rest_route=%2Fwp%2Fv2%2Fproduct_brand&post=7068"},{"taxonomy":"product_cat","embeddable":true,"href":"https:\/\/www.cbdohmax.fr\/index.php?rest_route=%2Fwp%2Fv2%2Fproduct_cat&post=7068"},{"taxonomy":"product_tag","embeddable":true,"href":"https:\/\/www.cbdohmax.fr\/index.php?rest_route=%2Fwp%2Fv2%2Fproduct_tag&post=7068"}],"curies":[{"name":"wp","href":"https:\/\/api.w.org\/{rel}","templated":true}]}}